{"id":8620,"date":"2023-03-07T12:45:41","date_gmt":"2023-03-07T11:45:41","guid":{"rendered":"https:\/\/www.kindermann.de\/wp\/?post_type=product&#038;p=4923"},"modified":"2023-09-18T16:55:55","modified_gmt":"2023-09-18T14:55:55","slug":"kindermann-eshare-usb-c-dongle","status":"publish","type":"product","link":"https:\/\/www.kindermann.de\/company\/product\/kindermann-eshare-usb-c-dongle\/","title":{"rendered":"Eshare USB-C Dongle"},"content":{"rendered":"\n<p>Auch am USB-C Anschluss funktioniert der Dongle wie ein externer Monitor, also per Plug &amp; Play.<\/p>\n\n\n\n<p>\u00dcber die USB-C Schnittstelle wird er auch mit Strom versorgt. An einem kompatiblen Ger\u00e4t steht zus\u00e4tzlich die Touchback Funktion zur Verf\u00fcgung, d. h. der Rechner oder ein Tablet kann \u00fcber den Touchscreen ferngesteuert werden.<\/p>\n","protected":false},"excerpt":{"rendered":"<p>Auch am USB-C Anschluss funktioniert der Dongle wie ein externer Monitor, also per Plug &amp; Play. \u00dcber die USB-C Schnittstelle &#8230;<\/p>\n","protected":false},"featured_media":8907,"parent":0,"menu_order":77,"template":"","product_category":[31],"class_list":["post-8620","product","type-product","status-publish","has-post-thumbnail","hentry","product_category-eshare-dongles"],"acf":[],"yoast_head":"<!-- This site is optimized with the Yoast SEO plugin v26.8 - https:\/\/yoast.com\/product\/yoast-seo-wordpress\/ -->\n<title>Eshare USB-C Dongle - Kindermann GmbH<\/title>\n<meta name=\"robots\" content=\"index, follow, max-snippet:-1, max-image-preview:large, max-video-preview:-1\" \/>\n<link rel=\"canonical\" href=\"https:\/\/www.kindermann.de\/company\/product\/kindermann-eshare-usb-c-dongle\/\" \/>\n<meta property=\"og:locale\" content=\"de_DE\" \/>\n<meta property=\"og:type\" content=\"article\" \/>\n<meta property=\"og:title\" content=\"Eshare USB-C Dongle - Kindermann GmbH\" \/>\n<meta property=\"og:description\" content=\"Auch am USB-C Anschluss funktioniert der Dongle wie ein externer Monitor, also per Plug &amp; Play. \u00dcber die USB-C Schnittstelle ...\" \/>\n<meta property=\"og:url\" content=\"https:\/\/www.kindermann.de\/company\/product\/kindermann-eshare-usb-c-dongle\/\" \/>\n<meta property=\"og:site_name\" content=\"Kindermann GmbH\" \/>\n<meta property=\"article:publisher\" content=\"https:\/\/www.facebook.com\/KindermannGmbH\/\" \/>\n<meta property=\"article:modified_time\" content=\"2023-09-18T14:55:55+00:00\" \/>\n<meta property=\"og:image\" content=\"https:\/\/www.kindermann.de\/company\/wp-content\/uploads\/2023\/08\/EShare-USB-C-Dongle.png\" \/>\n\t<meta property=\"og:image:width\" content=\"637\" \/>\n\t<meta property=\"og:image:height\" content=\"379\" \/>\n\t<meta property=\"og:image:type\" content=\"image\/png\" \/>\n<meta name=\"twitter:card\" content=\"summary_large_image\" \/>\n<meta name=\"twitter:label1\" content=\"Gesch\u00e4tzte Lesezeit\" \/>\n\t<meta name=\"twitter:data1\" content=\"1\u00a0Minute\" \/>\n<script type=\"application\/ld+json\" class=\"yoast-schema-graph\">{\"@context\":\"https:\/\/schema.org\",\"@graph\":[{\"@type\":\"WebPage\",\"@id\":\"https:\/\/www.kindermann.de\/company\/product\/kindermann-eshare-usb-c-dongle\/\",\"url\":\"https:\/\/www.kindermann.de\/company\/product\/kindermann-eshare-usb-c-dongle\/\",\"name\":\"Eshare USB-C Dongle - Kindermann GmbH\",\"isPartOf\":{\"@id\":\"https:\/\/www.kindermann.de\/company\/#website\"},\"primaryImageOfPage\":{\"@id\":\"https:\/\/www.kindermann.de\/company\/product\/kindermann-eshare-usb-c-dongle\/#primaryimage\"},\"image\":{\"@id\":\"https:\/\/www.kindermann.de\/company\/product\/kindermann-eshare-usb-c-dongle\/#primaryimage\"},\"thumbnailUrl\":\"https:\/\/www.kindermann.de\/company\/wp-content\/uploads\/2023\/08\/EShare-USB-C-Dongle.png\",\"datePublished\":\"2023-03-07T11:45:41+00:00\",\"dateModified\":\"2023-09-18T14:55:55+00:00\",\"breadcrumb\":{\"@id\":\"https:\/\/www.kindermann.de\/company\/product\/kindermann-eshare-usb-c-dongle\/#breadcrumb\"},\"inLanguage\":\"de\",\"potentialAction\":[{\"@type\":\"ReadAction\",\"target\":[\"https:\/\/www.kindermann.de\/company\/product\/kindermann-eshare-usb-c-dongle\/\"]}]},{\"@type\":\"ImageObject\",\"inLanguage\":\"de\",\"@id\":\"https:\/\/www.kindermann.de\/company\/product\/kindermann-eshare-usb-c-dongle\/#primaryimage\",\"url\":\"https:\/\/www.kindermann.de\/company\/wp-content\/uploads\/2023\/08\/EShare-USB-C-Dongle.png\",\"contentUrl\":\"https:\/\/www.kindermann.de\/company\/wp-content\/uploads\/2023\/08\/EShare-USB-C-Dongle.png\",\"width\":637,\"height\":379},{\"@type\":\"BreadcrumbList\",\"@id\":\"https:\/\/www.kindermann.de\/company\/product\/kindermann-eshare-usb-c-dongle\/#breadcrumb\",\"itemListElement\":[{\"@type\":\"ListItem\",\"position\":1,\"name\":\"Startseite\",\"item\":\"https:\/\/www.kindermann.de\/company\/\"},{\"@type\":\"ListItem\",\"position\":2,\"name\":\"Produkt\",\"item\":\"https:\/\/www.kindermann.de\/company\/product\/\"},{\"@type\":\"ListItem\",\"position\":3,\"name\":\"Eshare USB-C Dongle\"}]},{\"@type\":\"WebSite\",\"@id\":\"https:\/\/www.kindermann.de\/company\/#website\",\"url\":\"https:\/\/www.kindermann.de\/company\/\",\"name\":\"Kindermann GmbH\",\"description\":\"\",\"publisher\":{\"@id\":\"https:\/\/www.kindermann.de\/company\/#organization\"},\"potentialAction\":[{\"@type\":\"SearchAction\",\"target\":{\"@type\":\"EntryPoint\",\"urlTemplate\":\"https:\/\/www.kindermann.de\/company\/?s={search_term_string}\"},\"query-input\":{\"@type\":\"PropertyValueSpecification\",\"valueRequired\":true,\"valueName\":\"search_term_string\"}}],\"inLanguage\":\"de\"},{\"@type\":\"Organization\",\"@id\":\"https:\/\/www.kindermann.de\/company\/#organization\",\"name\":\"Kindermann GmbH\",\"url\":\"https:\/\/www.kindermann.de\/company\/\",\"logo\":{\"@type\":\"ImageObject\",\"inLanguage\":\"de\",\"@id\":\"https:\/\/www.kindermann.de\/company\/#\/schema\/logo\/image\/\",\"url\":\"https:\/\/www.kindermann.de\/company\/wp-content\/uploads\/2022\/10\/Kindermann_Logo_300_100.png\",\"contentUrl\":\"https:\/\/www.kindermann.de\/company\/wp-content\/uploads\/2022\/10\/Kindermann_Logo_300_100.png\",\"width\":300,\"height\":100,\"caption\":\"Kindermann GmbH\"},\"image\":{\"@id\":\"https:\/\/www.kindermann.de\/company\/#\/schema\/logo\/image\/\"},\"sameAs\":[\"https:\/\/www.facebook.com\/KindermannGmbH\/\",\"https:\/\/www.xing.com\/pages\/kindermanngmbh\",\"https:\/\/www.linkedin.com\/company\/kindermann-gmbh\"]}]}<\/script>\n<!-- \/ Yoast SEO plugin. -->","yoast_head_json":{"title":"Eshare USB-C Dongle - Kindermann GmbH","robots":{"index":"index","follow":"follow","max-snippet":"max-snippet:-1","max-image-preview":"max-image-preview:large","max-video-preview":"max-video-preview:-1"},"canonical":"https:\/\/www.kindermann.de\/company\/product\/kindermann-eshare-usb-c-dongle\/","og_locale":"de_DE","og_type":"article","og_title":"Eshare USB-C Dongle - Kindermann GmbH","og_description":"Auch am USB-C Anschluss funktioniert der Dongle wie ein externer Monitor, also per Plug &amp; Play. \u00dcber die USB-C Schnittstelle ...","og_url":"https:\/\/www.kindermann.de\/company\/product\/kindermann-eshare-usb-c-dongle\/","og_site_name":"Kindermann GmbH","article_publisher":"https:\/\/www.facebook.com\/KindermannGmbH\/","article_modified_time":"2023-09-18T14:55:55+00:00","og_image":[{"width":637,"height":379,"url":"https:\/\/www.kindermann.de\/company\/wp-content\/uploads\/2023\/08\/EShare-USB-C-Dongle.png","type":"image\/png"}],"twitter_card":"summary_large_image","twitter_misc":{"Gesch\u00e4tzte Lesezeit":"1\u00a0Minute"},"schema":{"@context":"https:\/\/schema.org","@graph":[{"@type":"WebPage","@id":"https:\/\/www.kindermann.de\/company\/product\/kindermann-eshare-usb-c-dongle\/","url":"https:\/\/www.kindermann.de\/company\/product\/kindermann-eshare-usb-c-dongle\/","name":"Eshare USB-C Dongle - Kindermann GmbH","isPartOf":{"@id":"https:\/\/www.kindermann.de\/company\/#website"},"primaryImageOfPage":{"@id":"https:\/\/www.kindermann.de\/company\/product\/kindermann-eshare-usb-c-dongle\/#primaryimage"},"image":{"@id":"https:\/\/www.kindermann.de\/company\/product\/kindermann-eshare-usb-c-dongle\/#primaryimage"},"thumbnailUrl":"https:\/\/www.kindermann.de\/company\/wp-content\/uploads\/2023\/08\/EShare-USB-C-Dongle.png","datePublished":"2023-03-07T11:45:41+00:00","dateModified":"2023-09-18T14:55:55+00:00","breadcrumb":{"@id":"https:\/\/www.kindermann.de\/company\/product\/kindermann-eshare-usb-c-dongle\/#breadcrumb"},"inLanguage":"de","potentialAction":[{"@type":"ReadAction","target":["https:\/\/www.kindermann.de\/company\/product\/kindermann-eshare-usb-c-dongle\/"]}]},{"@type":"ImageObject","inLanguage":"de","@id":"https:\/\/www.kindermann.de\/company\/product\/kindermann-eshare-usb-c-dongle\/#primaryimage","url":"https:\/\/www.kindermann.de\/company\/wp-content\/uploads\/2023\/08\/EShare-USB-C-Dongle.png","contentUrl":"https:\/\/www.kindermann.de\/company\/wp-content\/uploads\/2023\/08\/EShare-USB-C-Dongle.png","width":637,"height":379},{"@type":"BreadcrumbList","@id":"https:\/\/www.kindermann.de\/company\/product\/kindermann-eshare-usb-c-dongle\/#breadcrumb","itemListElement":[{"@type":"ListItem","position":1,"name":"Startseite","item":"https:\/\/www.kindermann.de\/company\/"},{"@type":"ListItem","position":2,"name":"Produkt","item":"https:\/\/www.kindermann.de\/company\/product\/"},{"@type":"ListItem","position":3,"name":"Eshare USB-C Dongle"}]},{"@type":"WebSite","@id":"https:\/\/www.kindermann.de\/company\/#website","url":"https:\/\/www.kindermann.de\/company\/","name":"Kindermann GmbH","description":"","publisher":{"@id":"https:\/\/www.kindermann.de\/company\/#organization"},"potentialAction":[{"@type":"SearchAction","target":{"@type":"EntryPoint","urlTemplate":"https:\/\/www.kindermann.de\/company\/?s={search_term_string}"},"query-input":{"@type":"PropertyValueSpecification","valueRequired":true,"valueName":"search_term_string"}}],"inLanguage":"de"},{"@type":"Organization","@id":"https:\/\/www.kindermann.de\/company\/#organization","name":"Kindermann GmbH","url":"https:\/\/www.kindermann.de\/company\/","logo":{"@type":"ImageObject","inLanguage":"de","@id":"https:\/\/www.kindermann.de\/company\/#\/schema\/logo\/image\/","url":"https:\/\/www.kindermann.de\/company\/wp-content\/uploads\/2022\/10\/Kindermann_Logo_300_100.png","contentUrl":"https:\/\/www.kindermann.de\/company\/wp-content\/uploads\/2022\/10\/Kindermann_Logo_300_100.png","width":300,"height":100,"caption":"Kindermann GmbH"},"image":{"@id":"https:\/\/www.kindermann.de\/company\/#\/schema\/logo\/image\/"},"sameAs":["https:\/\/www.facebook.com\/KindermannGmbH\/","https:\/\/www.xing.com\/pages\/kindermanngmbh","https:\/\/www.linkedin.com\/company\/kindermann-gmbh"]}]}},"_links":{"self":[{"href":"https:\/\/www.kindermann.de\/company\/wp-json\/wp\/v2\/product\/8620","targetHints":{"allow":["GET"]}}],"collection":[{"href":"https:\/\/www.kindermann.de\/company\/wp-json\/wp\/v2\/product"}],"about":[{"href":"https:\/\/www.kindermann.de\/company\/wp-json\/wp\/v2\/types\/product"}],"wp:featuredmedia":[{"embeddable":true,"href":"https:\/\/www.kindermann.de\/company\/wp-json\/wp\/v2\/media\/8907"}],"wp:attachment":[{"href":"https:\/\/www.kindermann.de\/company\/wp-json\/wp\/v2\/media?parent=8620"}],"wp:term":[{"taxonomy":"product_category","embeddable":true,"href":"https:\/\/www.kindermann.de\/company\/wp-json\/wp\/v2\/product_category?post=8620"}],"curies":[{"name":"wp","href":"https:\/\/api.w.org\/{rel}","templated":true}]}}