{"id":8699,"date":"2023-08-02T10:08:21","date_gmt":"2023-08-02T08:08:21","guid":{"rendered":"https:\/\/www.kindermann.de\/wp\/?page_id=8699"},"modified":"2024-10-17T12:03:16","modified_gmt":"2024-10-17T10:03:16","slug":"zubehoer","status":"publish","type":"page","link":"https:\/\/www.kindermann.de\/company\/kindermann-highlights\/touchdisplays\/zubehoer\/","title":{"rendered":"Zubeh\u00f6r"},"content":{"rendered":"<div class=\"sticky_on_header\">\n\t<div class=\"container\">\n\t\t<div class=\"subnav\">\n\t\t\t<h4>\n\t\t\t\tTouchdisplays\t\t\t<\/h4>\n\t\t\t<ul class=\"filter_list\">\n\n\t\t\t\t\n\t\t\t\t\n\t\t\t\t\t\t\t\t\n\t\t\t\t<li id=\"menu-item-9018\" class=\"menu-item menu-item-type-post_type menu-item-object-page menu-item-has-children menu-item-9018\"><a href=\"https:\/\/www.kindermann.de\/company\/kindermann-highlights\/touchdisplays\/\">Produkte<\/a>\n<ul class=\"sub-menu\">\n\t<li id=\"menu-item-15638\" class=\"menu-item menu-item-type-post_type menu-item-object-product menu-item-15638\"><a href=\"https:\/\/www.kindermann.de\/company\/product\/td-12xx\/\">TD-12xx<\/a><\/li>\n\t<li id=\"menu-item-8704\" class=\"menu-item menu-item-type-post_type menu-item-object-product menu-item-8704\"><a href=\"https:\/\/www.kindermann.de\/company\/product\/td-30xx\/\">TD-30105<\/a><\/li>\n\t<li id=\"menu-item-13559\" class=\"menu-item menu-item-type-post_type menu-item-object-product menu-item-13559\"><a href=\"https:\/\/www.kindermann.de\/company\/product\/td-40xx\/\">TD-40xx<\/a><\/li>\n<\/ul>\n<\/li>\n<li id=\"menu-item-16224\" class=\"menu-item menu-item-type-post_type menu-item-object-page menu-item-16224\"><a target=\"_blank\" href=\"https:\/\/www.kindermann.de\/company\/soti-mobicontrol-in-bildungseinrichtungen\/\">SOTI MobiControl<\/a><\/li>\n<li id=\"menu-item-9019\" class=\"menu-item menu-item-type-post_type menu-item-object-page menu-item-9019\"><a href=\"https:\/\/www.kindermann.de\/company\/kindermann-highlights\/touchdisplays\/zubehoer\/\">Zubeh\u00f6r<\/a><\/li>\n<li id=\"menu-item-9032\" class=\"menu-item menu-item-type-post_type menu-item-object-page menu-item-9032\"><a href=\"https:\/\/www.kindermann.de\/company\/kindermann-highlights\/touchdisplays\/bildung\/\">Bildung<\/a><\/li>\n<li id=\"menu-item-9031\" class=\"menu-item menu-item-type-post_type menu-item-object-page menu-item-9031\"><a href=\"https:\/\/www.kindermann.de\/company\/kindermann-highlights\/touchdisplays\/business\/\">Business<\/a><\/li>\n<li id=\"menu-item-9030\" class=\"menu-item menu-item-type-post_type menu-item-object-page menu-item-9030\"><a href=\"https:\/\/www.kindermann.de\/company\/kindermann-highlights\/touchdisplays\/downloads-support\/\">Downloads &amp; Support<\/a><\/li>\n\t\t\t<\/ul>\n\t\t<\/div>\n\t<\/div>\n<\/div>\n\n\n\n<div class=\"product_accessories  \">\n\t<div class=\"row\">\n\t\t<div class=\"col-md-6\">\n\t\t\t<h1>Touchdisplay Zubeh\u00f6r<\/h1>\n\t\t\t<p>\u00dcber nachfolgendes Dropdown-Men\u00fc bekommen Sie f\u00fcr Ihr Touchdisplay das passende Zubeh\u00f6r angezeigt.<\/p>\n\t\t\t\n\t\t\t<div class=\"product_accessories_filter\">\n\t\t\t\t<form action=\"\" method=\"get\">\n\t\t\t\t\t<select name=\"parent_product\">\n\t\t\t\t\t\t\t\t\t\t\t\t\t\t\t\t\t\t\t\t\t\t\t\t\t\t\t\t\t\t\t\t\t<option value=\"8625\" >TD-1055\u00b2<\/option>\n\t\t\t\t\t\t\t\t\t\t\t\t\t\t\t\t\t\t\t\t\t\t\t\t\t\t\t<option value=\"5278\" >TD-1065\u00b2<\/option>\n\t\t\t\t\t\t\t\t\t\t\t\t\t\t\t\t\t\t\t\t\t\t\t\t\t\t\t<option value=\"8626\" >TD-1075\u00b2<\/option>\n\t\t\t\t\t\t\t\t\t\t\t\t\t\t\t\t\t\t\t\t\t\t\t\t\t\t\t<option value=\"8627\" >TD-1086\u00b2<\/option>\n\t\t\t\t\t\t\t\t\t\t\t\t\t\t\t\t\t\t\t\t\t\t\t\t\t\t\t\t\t\t\t\t\t\t\t\t\t\t\t\t<option value=\"8617\" >TD-1155<\/option>\n\t\t\t\t\t\t\t\t\t\t\t\t\t\t\t\t\t\t\t\t\t\t\t\t\t\t\t<option value=\"5317\" >TD-1165<\/option>\n\t\t\t\t\t\t\t\t\t\t\t\t\t\t\t\t\t\t\t\t\t\t\t\t\t\t\t<option value=\"8634\" >TD-1175<\/option>\n\t\t\t\t\t\t\t\t\t\t\t\t\t\t\t\t\t\t\t\t\t\t\t\t\t\t\t<option value=\"8635\" >TD-1186<\/option>\n\t\t\t\t\t\t\t\t\t\t\t\t\t\t\t\t\t\t\t\t\t\t\t\t\t\t\t\t\t\t\t\t\t\t\t\t\t\t\t\t<option value=\"12226\" >TD-1155\u00b2<\/option>\n\t\t\t\t\t\t\t\t\t\t\t\t\t\t\t\t\t\t\t\t\t\t\t\t\t\t\t<option value=\"12228\" >TD-1165\u00b2<\/option>\n\t\t\t\t\t\t\t\t\t\t\t\t\t\t\t\t\t\t\t\t\t\t\t\t\t\t\t<option value=\"12230\" >TD-1175\u00b2<\/option>\n\t\t\t\t\t\t\t\t\t\t\t\t\t\t\t\t\t\t\t\t\t\t\t\t\t\t\t<option value=\"12232\" >TD-1186\u00b2<\/option>\n\t\t\t\t\t\t\t\t\t\t\t\t\t\t\t\t\t\t\t\t\t\t\t\t\t\t\t\t\t\t\t\t\t\t\t\t\t\t\t\t<option value=\"14793\" >TD-1255<\/option>\n\t\t\t\t\t\t\t\t\t\t\t\t\t\t\t\t\t\t\t\t\t\t\t\t\t\t\t<option value=\"14802\" >TD-1265<\/option>\n\t\t\t\t\t\t\t\t\t\t\t\t\t\t\t\t\t\t\t\t\t\t\t\t\t\t\t<option value=\"14805\" >TD-1275<\/option>\n\t\t\t\t\t\t\t\t\t\t\t\t\t\t\t\t\t\t\t\t\t\t\t\t\t\t\t<option value=\"14806\" >TD-1286<\/option>\n\t\t\t\t\t\t\t\t\t\t\t\t\t\t\t\t\t\t\t\t\t\t\t\t\t\t\t<option value=\"14807\" >TD-1298<\/option>\n\t\t\t\t\t\t\t\t\t\t\t\t\t\t\t\t\t\t\t\t\t\t\t\t\t\t\t\t\t\t\t\t\t\t\t\t\t\t\t\t<option value=\"5336\" >TD-2065<\/option>\n\t\t\t\t\t\t\t\t\t\t\t\t\t\t\t\t\t\t\t\t\t\t\t\t\t\t\t<option value=\"5337\" >TD-2075<\/option>\n\t\t\t\t\t\t\t\t\t\t\t\t\t\t\t\t\t\t\t\t\t\t\t\t\t\t\t<option value=\"8636\" >TD-2086<\/option>\n\t\t\t\t\t\t\t\t\t\t\t\t\t\t\t\t\t\t\t\t\t\t\t\t\t\t\t\t\t\t\t\t\t\t\t\t\t\t\t\t<option value=\"8624\" >TD-30105<\/option>\n\t\t\t\t\t\t\t\t\t\t\t\t\t\t\t\t\t\t\t\t\t\t\t\t\t\t\t\t\t\t\t\t\t\t\t\t\t\t\t\t<option value=\"13137\" >TD-4065<\/option>\n\t\t\t\t\t\t\t\t\t\t\t\t\t\t\t\t\t\t\t\t\t\t\t\t\t\t\t<option value=\"13173\" >TD-4075<\/option>\n\t\t\t\t\t\t\t\t\t\t\t\t\t\t\t\t\t\t\t\t\t\t\t\t\t\t\t<option value=\"13174\" >TD-4086<\/option>\n\t\t\t\t\t\t\t\t\t\t\t\t\t\t\t\t\t\t<\/select>\n\t\t\t\t<\/form>\n\t\t\t<\/div>\n\t\t<\/div>\n\t\t<div class=\"col-md-6\">\n\t\t\t<div class=\"small_teaser small_teaser_spark_right\">\n\t\t\t\t<div class=\"small_teaser_text\">\n\t\t\t\t\t<h3>Sie haben Fragen zu unseren Touchdisplays?<\/h3>\n<p>Kontaktieren Sie jetzt unseren <b><a href=\"mailto:verkauf@kindermann.de?subject=Informationen \u00fcber die Kindermann Touchdisplays\">Vertrieb<\/a><\/b> oder nutzen Sie unsere Service-Hotline <b><a href=\"tel:+4993039840100\">+49 (0) 93 03 \/ 98 40-100<\/a><\/b><\/p>\n\t\t\t\t<\/div>\n\t\t\t\t\t\t\t<\/div>\n\t\t<\/div>\n\t<\/div>\n\t<div class=\"product_accessories_content\">\n\t\t<div class=\"container\">\n\t\t\t\t\t\t\t<div class=\"product_accessories_no_content\">\n\t\t\t\t\t<center><h3>F\u00fcr passendes Zubeh\u00f6r kontaktieren Sie gerne unseren <a href=\"mailto:verkauf@kindermann.de?subject=Informationen \u00fcber Zubeh\u00f6r f\u00fcr Kindermann Touchdisplays\">Vertrieb<\/a> oder nutzen Sie unsere Service-Hotline <a href=\"tel:+4993039840100\">+49 (0) 93 03 \/ 98 40-100<\/a>!<\/h3><\/center>\n\t\t\t\t<\/div>\n\t\t\t\t\t<\/div>\n\t<\/div>\n<\/div>\n\n\n\n<p><\/p>\n","protected":false},"excerpt":{"rendered":"","protected":false},"author":2,"featured_media":0,"parent":8693,"menu_order":0,"comment_status":"closed","ping_status":"closed","template":"","meta":{"_acf_changed":false,"footnotes":""},"class_list":["post-8699","page","type-page","status-publish","format-standard","hentry"],"acf":[],"yoast_head":"<!-- This site is optimized with the Yoast SEO plugin v26.8 - https:\/\/yoast.com\/product\/yoast-seo-wordpress\/ -->\n<title>Zubeh\u00f6r - Kindermann GmbH<\/title>\n<meta name=\"robots\" content=\"index, follow, max-snippet:-1, max-image-preview:large, max-video-preview:-1\" \/>\n<link rel=\"canonical\" href=\"https:\/\/www.kindermann.de\/company\/kindermann-highlights\/touchdisplays\/zubehoer\/\" \/>\n<meta property=\"og:locale\" content=\"de_DE\" \/>\n<meta property=\"og:type\" content=\"article\" \/>\n<meta property=\"og:title\" content=\"Zubeh\u00f6r - Kindermann GmbH\" \/>\n<meta property=\"og:url\" content=\"https:\/\/www.kindermann.de\/company\/kindermann-highlights\/touchdisplays\/zubehoer\/\" \/>\n<meta property=\"og:site_name\" content=\"Kindermann GmbH\" \/>\n<meta property=\"article:publisher\" content=\"https:\/\/www.facebook.com\/KindermannGmbH\/\" \/>\n<meta property=\"article:modified_time\" content=\"2024-10-17T10:03:16+00:00\" \/>\n<meta name=\"twitter:card\" content=\"summary_large_image\" \/>\n<script type=\"application\/ld+json\" class=\"yoast-schema-graph\">{\"@context\":\"https:\/\/schema.org\",\"@graph\":[{\"@type\":\"WebPage\",\"@id\":\"https:\/\/www.kindermann.de\/company\/kindermann-highlights\/touchdisplays\/zubehoer\/\",\"url\":\"https:\/\/www.kindermann.de\/company\/kindermann-highlights\/touchdisplays\/zubehoer\/\",\"name\":\"Zubeh\u00f6r - Kindermann GmbH\",\"isPartOf\":{\"@id\":\"https:\/\/www.kindermann.de\/company\/#website\"},\"datePublished\":\"2023-08-02T08:08:21+00:00\",\"dateModified\":\"2024-10-17T10:03:16+00:00\",\"breadcrumb\":{\"@id\":\"https:\/\/www.kindermann.de\/company\/kindermann-highlights\/touchdisplays\/zubehoer\/#breadcrumb\"},\"inLanguage\":\"de\",\"potentialAction\":[{\"@type\":\"ReadAction\",\"target\":[\"https:\/\/www.kindermann.de\/company\/kindermann-highlights\/touchdisplays\/zubehoer\/\"]}]},{\"@type\":\"BreadcrumbList\",\"@id\":\"https:\/\/www.kindermann.de\/company\/kindermann-highlights\/touchdisplays\/zubehoer\/#breadcrumb\",\"itemListElement\":[{\"@type\":\"ListItem\",\"position\":1,\"name\":\"Startseite\",\"item\":\"https:\/\/www.kindermann.de\/company\/\"},{\"@type\":\"ListItem\",\"position\":2,\"name\":\"Kindermann-Highlights\",\"item\":\"https:\/\/www.kindermann.de\/company\/kindermann-highlights\/\"},{\"@type\":\"ListItem\",\"position\":3,\"name\":\"Touchdisplays\",\"item\":\"https:\/\/www.kindermann.de\/company\/kindermann-highlights\/touchdisplays\/\"},{\"@type\":\"ListItem\",\"position\":4,\"name\":\"Zubeh\u00f6r\"}]},{\"@type\":\"WebSite\",\"@id\":\"https:\/\/www.kindermann.de\/company\/#website\",\"url\":\"https:\/\/www.kindermann.de\/company\/\",\"name\":\"Kindermann GmbH\",\"description\":\"\",\"publisher\":{\"@id\":\"https:\/\/www.kindermann.de\/company\/#organization\"},\"potentialAction\":[{\"@type\":\"SearchAction\",\"target\":{\"@type\":\"EntryPoint\",\"urlTemplate\":\"https:\/\/www.kindermann.de\/company\/?s={search_term_string}\"},\"query-input\":{\"@type\":\"PropertyValueSpecification\",\"valueRequired\":true,\"valueName\":\"search_term_string\"}}],\"inLanguage\":\"de\"},{\"@type\":\"Organization\",\"@id\":\"https:\/\/www.kindermann.de\/company\/#organization\",\"name\":\"Kindermann GmbH\",\"url\":\"https:\/\/www.kindermann.de\/company\/\",\"logo\":{\"@type\":\"ImageObject\",\"inLanguage\":\"de\",\"@id\":\"https:\/\/www.kindermann.de\/company\/#\/schema\/logo\/image\/\",\"url\":\"https:\/\/www.kindermann.de\/company\/wp-content\/uploads\/2022\/10\/Kindermann_Logo_300_100.png\",\"contentUrl\":\"https:\/\/www.kindermann.de\/company\/wp-content\/uploads\/2022\/10\/Kindermann_Logo_300_100.png\",\"width\":300,\"height\":100,\"caption\":\"Kindermann GmbH\"},\"image\":{\"@id\":\"https:\/\/www.kindermann.de\/company\/#\/schema\/logo\/image\/\"},\"sameAs\":[\"https:\/\/www.facebook.com\/KindermannGmbH\/\",\"https:\/\/www.xing.com\/pages\/kindermanngmbh\",\"https:\/\/www.linkedin.com\/company\/kindermann-gmbh\"]}]}<\/script>\n<!-- \/ Yoast SEO plugin. -->","yoast_head_json":{"title":"Zubeh\u00f6r - Kindermann GmbH","robots":{"index":"index","follow":"follow","max-snippet":"max-snippet:-1","max-image-preview":"max-image-preview:large","max-video-preview":"max-video-preview:-1"},"canonical":"https:\/\/www.kindermann.de\/company\/kindermann-highlights\/touchdisplays\/zubehoer\/","og_locale":"de_DE","og_type":"article","og_title":"Zubeh\u00f6r - Kindermann GmbH","og_url":"https:\/\/www.kindermann.de\/company\/kindermann-highlights\/touchdisplays\/zubehoer\/","og_site_name":"Kindermann GmbH","article_publisher":"https:\/\/www.facebook.com\/KindermannGmbH\/","article_modified_time":"2024-10-17T10:03:16+00:00","twitter_card":"summary_large_image","schema":{"@context":"https:\/\/schema.org","@graph":[{"@type":"WebPage","@id":"https:\/\/www.kindermann.de\/company\/kindermann-highlights\/touchdisplays\/zubehoer\/","url":"https:\/\/www.kindermann.de\/company\/kindermann-highlights\/touchdisplays\/zubehoer\/","name":"Zubeh\u00f6r - Kindermann GmbH","isPartOf":{"@id":"https:\/\/www.kindermann.de\/company\/#website"},"datePublished":"2023-08-02T08:08:21+00:00","dateModified":"2024-10-17T10:03:16+00:00","breadcrumb":{"@id":"https:\/\/www.kindermann.de\/company\/kindermann-highlights\/touchdisplays\/zubehoer\/#breadcrumb"},"inLanguage":"de","potentialAction":[{"@type":"ReadAction","target":["https:\/\/www.kindermann.de\/company\/kindermann-highlights\/touchdisplays\/zubehoer\/"]}]},{"@type":"BreadcrumbList","@id":"https:\/\/www.kindermann.de\/company\/kindermann-highlights\/touchdisplays\/zubehoer\/#breadcrumb","itemListElement":[{"@type":"ListItem","position":1,"name":"Startseite","item":"https:\/\/www.kindermann.de\/company\/"},{"@type":"ListItem","position":2,"name":"Kindermann-Highlights","item":"https:\/\/www.kindermann.de\/company\/kindermann-highlights\/"},{"@type":"ListItem","position":3,"name":"Touchdisplays","item":"https:\/\/www.kindermann.de\/company\/kindermann-highlights\/touchdisplays\/"},{"@type":"ListItem","position":4,"name":"Zubeh\u00f6r"}]},{"@type":"WebSite","@id":"https:\/\/www.kindermann.de\/company\/#website","url":"https:\/\/www.kindermann.de\/company\/","name":"Kindermann GmbH","description":"","publisher":{"@id":"https:\/\/www.kindermann.de\/company\/#organization"},"potentialAction":[{"@type":"SearchAction","target":{"@type":"EntryPoint","urlTemplate":"https:\/\/www.kindermann.de\/company\/?s={search_term_string}"},"query-input":{"@type":"PropertyValueSpecification","valueRequired":true,"valueName":"search_term_string"}}],"inLanguage":"de"},{"@type":"Organization","@id":"https:\/\/www.kindermann.de\/company\/#organization","name":"Kindermann GmbH","url":"https:\/\/www.kindermann.de\/company\/","logo":{"@type":"ImageObject","inLanguage":"de","@id":"https:\/\/www.kindermann.de\/company\/#\/schema\/logo\/image\/","url":"https:\/\/www.kindermann.de\/company\/wp-content\/uploads\/2022\/10\/Kindermann_Logo_300_100.png","contentUrl":"https:\/\/www.kindermann.de\/company\/wp-content\/uploads\/2022\/10\/Kindermann_Logo_300_100.png","width":300,"height":100,"caption":"Kindermann GmbH"},"image":{"@id":"https:\/\/www.kindermann.de\/company\/#\/schema\/logo\/image\/"},"sameAs":["https:\/\/www.facebook.com\/KindermannGmbH\/","https:\/\/www.xing.com\/pages\/kindermanngmbh","https:\/\/www.linkedin.com\/company\/kindermann-gmbh"]}]}},"_links":{"self":[{"href":"https:\/\/www.kindermann.de\/company\/wp-json\/wp\/v2\/pages\/8699","targetHints":{"allow":["GET"]}}],"collection":[{"href":"https:\/\/www.kindermann.de\/company\/wp-json\/wp\/v2\/pages"}],"about":[{"href":"https:\/\/www.kindermann.de\/company\/wp-json\/wp\/v2\/types\/page"}],"author":[{"embeddable":true,"href":"https:\/\/www.kindermann.de\/company\/wp-json\/wp\/v2\/users\/2"}],"replies":[{"embeddable":true,"href":"https:\/\/www.kindermann.de\/company\/wp-json\/wp\/v2\/comments?post=8699"}],"version-history":[{"count":28,"href":"https:\/\/www.kindermann.de\/company\/wp-json\/wp\/v2\/pages\/8699\/revisions"}],"predecessor-version":[{"id":13185,"href":"https:\/\/www.kindermann.de\/company\/wp-json\/wp\/v2\/pages\/8699\/revisions\/13185"}],"up":[{"embeddable":true,"href":"https:\/\/www.kindermann.de\/company\/wp-json\/wp\/v2\/pages\/8693"}],"wp:attachment":[{"href":"https:\/\/www.kindermann.de\/company\/wp-json\/wp\/v2\/media?parent=8699"}],"curies":[{"name":"wp","href":"https:\/\/api.w.org\/{rel}","templated":true}]}}