{"id":7862,"date":"2023-06-29T12:22:28","date_gmt":"2023-06-29T10:22:28","guid":{"rendered":"https:\/\/www.kindermann.de\/wp\/?page_id=7862"},"modified":"2023-07-03T11:47:56","modified_gmt":"2023-07-03T09:47:56","slug":"einwilligungserklaerung-anmeldung","status":"publish","type":"page","link":"https:\/\/www.kindermann.de\/company\/einwilligungserklaerung-anmeldung\/","title":{"rendered":"Einwilligungserkl\u00e4rung Anmeldung"},"content":{"rendered":"<div class=\"text_group text_group_ box_ box_\" id=\"  \">\n\t<div class=\"text_group_content \">\n\t\t\n\n<h1 class=\"wp-block-heading\"><strong>Datenschutzerkl\u00e4rung f\u00fcr Veranstaltungen der Kindermann GmbH<\/strong><\/h1>\n\n\n\n<p><strong>1.\u00a0Einf\u00fchrung<\/strong><br>Diese Datenschutzerkl\u00e4rung beschreibt die Prozesse, die Kindermann bei der Teilnahme an einer Veranstaltung verwendet, insbesondere hinsichtlich des Schutzes der personenbezogenen Daten der Personen, welche bei der Vorbereitung, Durchf\u00fchrung und Nachbearbeitung der Veranstaltung verarbeitet und gespeichert werden.<br><\/p>\n\n\n\n<p><strong>2. Warum ben\u00f6tigen wir Ihre Informationen?<\/strong><br>Folgende personenbezogenen Daten werden f\u00fcr die Durchf\u00fchrung der Veranstaltung wie folgt verarbeitet und verwendet:<\/p>\n\n\n\n<ul class=\"wp-block-list\">\n<li>Ihre Kontaktdaten zur Anmeldung an der Veranstaltung<\/li>\n\n\n\n<li>sofern mit einer \u00dcbernachtung verbunden, Ihre An- und Abreisedaten, eventuelle Vorlieben und ggf. Zahlungsinformationen<\/li>\n\n\n\n<li>sofern ein Catering besteht eventuell Daten \u00fcber Unvertr\u00e4glichkeiten und\/oder Allergien sowie Essenswahlen, soweit erforderlich &nbsp;<\/li>\n\n\n\n<li>eventuell Daten \u00fcber Behinderungen und andere k\u00f6rperliche Einschr\u00e4nkungen, um die Teilnahme so angenehm wie m\u00f6glich zu gestalten und eventuelle notwendige Ma\u00dfnahmen zu organisieren<\/li>\n<\/ul>\n\n\n\n<p>Wenn Sie personenbezogene Daten anderer Personen beif\u00fcgen, zum Beispiel von Ihrem Ehegatten oder Ihrer Begleitperson, willigen Sie ein, dass es in Ihrer Verantwortung liegt, das Einverst\u00e4ndnis dieser dritten Personen gem\u00e4\u00df des jeweils anwendbaren Rechts einzuholen.<\/p>\n\n\n\n<p>Die Angabe pers\u00f6nlicher Informationen ist freiwillig. Bitte beachten Sie jedoch, dass Ihre Teilnahme ggf. nicht m\u00f6glich ist, wenn Sie nur unvollst\u00e4ndige oder gar keine Informationen bereitstellen.<\/p>\n\n\n\n<p>Die zu Ihrer Einladung oder Anmeldung zu der Veranstaltung erforderlichen Daten werden unserer zentralen Datenbank f\u00fcr das Customer-Relationship-Management entnommen oder aber, sofern Sie noch in keiner Kundenbeziehung zu Kindermann stehen, von Ihnen selbst bereitgestellt.<\/p>\n\n\n\n<p>Alle weiteren zur Durchf\u00fchrung der Veranstaltung ggf. erforderlichen Daten werden durch Sie selbst bereitgestellt, wenn Sie sich f\u00fcr die Teilnahme an der Veranstaltung entscheiden.<\/p>\n\n\n\n<p><\/p>\n\n\n\n<p><strong>3.\u00a0Wer kann Ihre Daten einsehen?<\/strong><br>Ihre pers\u00f6nlichen Daten k\u00f6nnen zur Durchf\u00fchrung der Veranstaltung von den folgenden Personen\/Teams eingesehen werden:<\/p>\n\n\n\n<ul class=\"wp-block-list\">\n<li>Kindermann Mitarbeiter, die mit der Organisation und der Durchf\u00fchrung der Veranstaltung vertraut sind. Soweit es f\u00fcr den genannten Zweck&nbsp;<strong>erforderlich ist, findet eine Zusammenarbeit mit weiteren Unternehmen des Kindermann Netzwerks statt.<\/strong><\/li>\n\n\n\n<li>Hotel, Vortragende, Fahrdienste, Caterer und weitere Dritte, die f\u00fcr die Durchf\u00fchrung der Veranstaltung ben\u00f6tigt werden.<\/li>\n\n\n\n<li>Interne und externe IT-Dienstleister, die im Rahmen der technischen Unterst\u00fctzung f\u00fcr die Organisation und der Durchf\u00fchrung der Veranstaltung herangezogen werden.<\/li>\n<\/ul>\n\n\n\n<p><\/p>\n\n\n\n<p><strong>4.\u00a0Datenspeicherung<\/strong><br>Die Regelungen und\/oder Prozesse f\u00fcr die Speicherung von pers\u00f6nlichen Daten sind wie folgt:<\/p>\n\n\n\n<ul class=\"wp-block-list\">\n<li>Daten werden nur im Rahmen der Durchf\u00fchrung der Veranstaltung erhoben und nicht l\u00e4nger als ein Jahr gespeichert, nachdem die Veranstaltung beendet ist, sofern wir nicht gesetzlich zur weiteren Aufbewahrung der Daten verpflichtet sind.<\/li>\n\n\n\n<li>Nach dem Ablauf der Frist zur Speicherung der Daten (anhand der jeweils geltenden Regelungen und\/oder Prozessen) werden Ihre personenbezogenen Daten gel\u00f6scht.<\/li>\n<\/ul>\n\n\n\n<p><\/p>\n\n\n\n<p><strong>5. Sicherheit<\/strong><br>Kindermann ist bem\u00fcht, den Schutz Ihrer pers\u00f6nlichen Daten sicherzustellen. Um unbefugten Zugriff zu verhindern, hat Kindermann entsprechende technische und organisatorische Ma\u00dfnahmen implementiert, welche die Sicherheit Ihrer personenbezogenen Daten gew\u00e4hrleisten.<\/p>\n\n\n\n<p>Alle Kindermann Mitarbeiter und etwaige Dritte, die Kindermann f\u00fcr die Verarbeitung Ihrer pers\u00f6nlichen Daten beauftragt, sind verpflichtet, Ihre Daten streng vertraulich zu behandeln.<\/p>\n\n\n\n<p><\/p>\n\n\n\n<p><strong>6. Kontrolle \u00fcber Ihre pers\u00f6nlichen Daten<\/strong><br>Kindermann wird Ihre personenbezogenen Daten nicht an Dritte weitergeben (au\u00dfer an diejenigen, die in Abschnitt 3 oben erw\u00e4hnt sind), sofern Sie uns hierzu nicht Ihre Einwilligung geben oder wir durch Gesetz zur Weitergabe verpflichtet sind.<\/p>\n\n\n\n<p>Wenn Sie eine Best\u00e4tigung w\u00fcnschen, ob oder inwieweit Ihre pers\u00f6nlichen Daten f\u00fcr die Veranstaltung verarbeitet werden, kontaktieren Sie bitte den Kindermann Datenschutzbeauftragten.<\/p>\n\n\n\n<p><\/p>\n\n\n\n<p><strong>7. Berichtigung, L\u00f6schung oder Beschr\u00e4nkung des Zugriffs<\/strong><br>Kindermann bietet Ihnen die M\u00f6glichkeit sicherzustellen, dass Ihre pers\u00f6nlichen Daten korrekt und aktuell sind. Sofern Sie eine Berichtigung, L\u00f6schung oder Beschr\u00e4nkung des Zugriffs w\u00fcnschen oder Ihre Einwilligung zur Erhebung oder Verarbeitung Ihrer pers\u00f6nlichen Daten widerrufen wollen, kontaktieren Sie bitte den Kindermann Datenschutzbeauftragten.<\/p>\n\n\n\n<p><\/p>\n\n\n\n<p><strong>8. Aufnahmen auf der Veranstaltung<\/strong><br>Regelm\u00e4\u00dfig werden unsere Veranstaltungen von Fotografen oder Filmteams begleitet, die Bilder oder Videoaufnahmen (\u201eAufnahmen\u201c) von der Veranstaltung anfertigen. Die Anfertigung und Ver\u00f6ffentlichung der Veranstaltungsaufnahmen erfolgt aufgrund des berechtigten Interesses des Verantwortlichen an einer bebilderten Berichterstattung, sofern nicht die Interessen oder Grundrechte und Grundfreiheiten der betroffenen Person, die den Schutz personenbezogener Daten erfordern, \u00fcberwiegen (Art. 6 Abs. 1 S. 1 lit. f DSGVO). Die Aufnahmen werden zum Zweck der \u00d6ffentlichkeitsarbeit angefertigt und auf unserer Website, unseren Social-Media-Kan\u00e4len (unter anderem LinkedIn und Xing) oder auf der Veranstaltungswebsite ver\u00f6ffentlicht. Die oben angef\u00fchrte Speicherdauer kommt diesfalls nicht zur Anwendung.<\/p>\n\n\n\n<p><\/p>\n\n\n\n<p><strong>9. Informationen an das zentrale CRM-System<\/strong><br>Die Information \u00fcber Ihre Teilnahme wird in unserem zentralen CRM-System gespeichert. Diese Speicherung erfolgt aufgrund des berechtigten Interesses des Verantwortlichen an einer transparenten F\u00fchrung der Veranstaltungshistorie, sofern nicht die Interessen oder Grundrechte und Grundfreiheiten der betroffenen Person, die den Schutz personenbezogener Daten erfordern, \u00fcberwiegen (Art. 6 Abs. 1 S. 1 lit. f DS-GVO).<\/p>\n\n\n\n<p><\/p>\n\n\n\n<p><strong>10. Beschwerden<\/strong><br>Sofern Sie einen Datenschutzversto\u00df durch Kindermann bef\u00fcrchten, k\u00f6nnen Sie\u00a0den Kindermann Datenschutzbeauftragten kontaktieren.\u00a0<\/p>\n\n\n\n<p><strong>Dieter Hocke&nbsp;<\/strong><br>Telefon: +49 (0) 9303 9840-0 oder&nbsp;<br>E-Mail:&nbsp;<a href=\"mailto:datenschutz@kindermann.de\">datenschutz@kindermann.de<\/a><\/p>\n\n\n\n<p>Sollten Sie der Datenverarbeitung nicht zustimmen oder sie widerrufen, k\u00f6nnen wir Sie bei der weiteren Organisation der Veranstaltung nicht weiter ber\u00fccksichtigen. Eine Teilnahme an der Veranstaltung ist dann nicht m\u00f6glich.<\/p>\n\n\n\t<\/div>\n<\/div>\n","protected":false},"excerpt":{"rendered":"","protected":false},"author":3,"featured_media":0,"parent":0,"menu_order":0,"comment_status":"closed","ping_status":"closed","template":"","meta":{"_acf_changed":false,"footnotes":""},"class_list":["post-7862","page","type-page","status-publish","format-standard","hentry"],"acf":[],"yoast_head":"<!-- This site is optimized with the Yoast SEO plugin v26.8 - https:\/\/yoast.com\/product\/yoast-seo-wordpress\/ -->\n<title>Einwilligungserkl\u00e4rung Anmeldung - Kindermann GmbH<\/title>\n<meta name=\"robots\" content=\"index, follow, max-snippet:-1, max-image-preview:large, max-video-preview:-1\" \/>\n<link rel=\"canonical\" href=\"https:\/\/www.kindermann.de\/company\/einwilligungserklaerung-anmeldung\/\" \/>\n<meta property=\"og:locale\" content=\"de_DE\" \/>\n<meta property=\"og:type\" content=\"article\" \/>\n<meta property=\"og:title\" content=\"Einwilligungserkl\u00e4rung Anmeldung - Kindermann GmbH\" \/>\n<meta property=\"og:url\" content=\"https:\/\/www.kindermann.de\/company\/einwilligungserklaerung-anmeldung\/\" \/>\n<meta property=\"og:site_name\" content=\"Kindermann GmbH\" \/>\n<meta property=\"article:publisher\" content=\"https:\/\/www.facebook.com\/KindermannGmbH\/\" \/>\n<meta property=\"article:modified_time\" content=\"2023-07-03T09:47:56+00:00\" \/>\n<meta name=\"twitter:card\" content=\"summary_large_image\" \/>\n<meta name=\"twitter:label1\" content=\"Gesch\u00e4tzte Lesezeit\" \/>\n\t<meta name=\"twitter:data1\" content=\"5\u00a0Minuten\" \/>\n<script type=\"application\/ld+json\" class=\"yoast-schema-graph\">{\"@context\":\"https:\/\/schema.org\",\"@graph\":[{\"@type\":\"WebPage\",\"@id\":\"https:\/\/www.kindermann.de\/company\/einwilligungserklaerung-anmeldung\/\",\"url\":\"https:\/\/www.kindermann.de\/company\/einwilligungserklaerung-anmeldung\/\",\"name\":\"Einwilligungserkl\u00e4rung Anmeldung - Kindermann GmbH\",\"isPartOf\":{\"@id\":\"https:\/\/www.kindermann.de\/company\/#website\"},\"datePublished\":\"2023-06-29T10:22:28+00:00\",\"dateModified\":\"2023-07-03T09:47:56+00:00\",\"breadcrumb\":{\"@id\":\"https:\/\/www.kindermann.de\/company\/einwilligungserklaerung-anmeldung\/#breadcrumb\"},\"inLanguage\":\"de\",\"potentialAction\":[{\"@type\":\"ReadAction\",\"target\":[\"https:\/\/www.kindermann.de\/company\/einwilligungserklaerung-anmeldung\/\"]}]},{\"@type\":\"BreadcrumbList\",\"@id\":\"https:\/\/www.kindermann.de\/company\/einwilligungserklaerung-anmeldung\/#breadcrumb\",\"itemListElement\":[{\"@type\":\"ListItem\",\"position\":1,\"name\":\"Startseite\",\"item\":\"https:\/\/www.kindermann.de\/company\/\"},{\"@type\":\"ListItem\",\"position\":2,\"name\":\"Einwilligungserkl\u00e4rung Anmeldung\"}]},{\"@type\":\"WebSite\",\"@id\":\"https:\/\/www.kindermann.de\/company\/#website\",\"url\":\"https:\/\/www.kindermann.de\/company\/\",\"name\":\"Kindermann GmbH\",\"description\":\"\",\"publisher\":{\"@id\":\"https:\/\/www.kindermann.de\/company\/#organization\"},\"potentialAction\":[{\"@type\":\"SearchAction\",\"target\":{\"@type\":\"EntryPoint\",\"urlTemplate\":\"https:\/\/www.kindermann.de\/company\/?s={search_term_string}\"},\"query-input\":{\"@type\":\"PropertyValueSpecification\",\"valueRequired\":true,\"valueName\":\"search_term_string\"}}],\"inLanguage\":\"de\"},{\"@type\":\"Organization\",\"@id\":\"https:\/\/www.kindermann.de\/company\/#organization\",\"name\":\"Kindermann GmbH\",\"url\":\"https:\/\/www.kindermann.de\/company\/\",\"logo\":{\"@type\":\"ImageObject\",\"inLanguage\":\"de\",\"@id\":\"https:\/\/www.kindermann.de\/company\/#\/schema\/logo\/image\/\",\"url\":\"https:\/\/www.kindermann.de\/company\/wp-content\/uploads\/2022\/10\/Kindermann_Logo_300_100.png\",\"contentUrl\":\"https:\/\/www.kindermann.de\/company\/wp-content\/uploads\/2022\/10\/Kindermann_Logo_300_100.png\",\"width\":300,\"height\":100,\"caption\":\"Kindermann GmbH\"},\"image\":{\"@id\":\"https:\/\/www.kindermann.de\/company\/#\/schema\/logo\/image\/\"},\"sameAs\":[\"https:\/\/www.facebook.com\/KindermannGmbH\/\",\"https:\/\/www.xing.com\/pages\/kindermanngmbh\",\"https:\/\/www.linkedin.com\/company\/kindermann-gmbh\"]}]}<\/script>\n<!-- \/ Yoast SEO plugin. -->","yoast_head_json":{"title":"Einwilligungserkl\u00e4rung Anmeldung - Kindermann GmbH","robots":{"index":"index","follow":"follow","max-snippet":"max-snippet:-1","max-image-preview":"max-image-preview:large","max-video-preview":"max-video-preview:-1"},"canonical":"https:\/\/www.kindermann.de\/company\/einwilligungserklaerung-anmeldung\/","og_locale":"de_DE","og_type":"article","og_title":"Einwilligungserkl\u00e4rung Anmeldung - Kindermann GmbH","og_url":"https:\/\/www.kindermann.de\/company\/einwilligungserklaerung-anmeldung\/","og_site_name":"Kindermann GmbH","article_publisher":"https:\/\/www.facebook.com\/KindermannGmbH\/","article_modified_time":"2023-07-03T09:47:56+00:00","twitter_card":"summary_large_image","twitter_misc":{"Gesch\u00e4tzte Lesezeit":"5\u00a0Minuten"},"schema":{"@context":"https:\/\/schema.org","@graph":[{"@type":"WebPage","@id":"https:\/\/www.kindermann.de\/company\/einwilligungserklaerung-anmeldung\/","url":"https:\/\/www.kindermann.de\/company\/einwilligungserklaerung-anmeldung\/","name":"Einwilligungserkl\u00e4rung Anmeldung - Kindermann GmbH","isPartOf":{"@id":"https:\/\/www.kindermann.de\/company\/#website"},"datePublished":"2023-06-29T10:22:28+00:00","dateModified":"2023-07-03T09:47:56+00:00","breadcrumb":{"@id":"https:\/\/www.kindermann.de\/company\/einwilligungserklaerung-anmeldung\/#breadcrumb"},"inLanguage":"de","potentialAction":[{"@type":"ReadAction","target":["https:\/\/www.kindermann.de\/company\/einwilligungserklaerung-anmeldung\/"]}]},{"@type":"BreadcrumbList","@id":"https:\/\/www.kindermann.de\/company\/einwilligungserklaerung-anmeldung\/#breadcrumb","itemListElement":[{"@type":"ListItem","position":1,"name":"Startseite","item":"https:\/\/www.kindermann.de\/company\/"},{"@type":"ListItem","position":2,"name":"Einwilligungserkl\u00e4rung Anmeldung"}]},{"@type":"WebSite","@id":"https:\/\/www.kindermann.de\/company\/#website","url":"https:\/\/www.kindermann.de\/company\/","name":"Kindermann GmbH","description":"","publisher":{"@id":"https:\/\/www.kindermann.de\/company\/#organization"},"potentialAction":[{"@type":"SearchAction","target":{"@type":"EntryPoint","urlTemplate":"https:\/\/www.kindermann.de\/company\/?s={search_term_string}"},"query-input":{"@type":"PropertyValueSpecification","valueRequired":true,"valueName":"search_term_string"}}],"inLanguage":"de"},{"@type":"Organization","@id":"https:\/\/www.kindermann.de\/company\/#organization","name":"Kindermann GmbH","url":"https:\/\/www.kindermann.de\/company\/","logo":{"@type":"ImageObject","inLanguage":"de","@id":"https:\/\/www.kindermann.de\/company\/#\/schema\/logo\/image\/","url":"https:\/\/www.kindermann.de\/company\/wp-content\/uploads\/2022\/10\/Kindermann_Logo_300_100.png","contentUrl":"https:\/\/www.kindermann.de\/company\/wp-content\/uploads\/2022\/10\/Kindermann_Logo_300_100.png","width":300,"height":100,"caption":"Kindermann GmbH"},"image":{"@id":"https:\/\/www.kindermann.de\/company\/#\/schema\/logo\/image\/"},"sameAs":["https:\/\/www.facebook.com\/KindermannGmbH\/","https:\/\/www.xing.com\/pages\/kindermanngmbh","https:\/\/www.linkedin.com\/company\/kindermann-gmbh"]}]}},"_links":{"self":[{"href":"https:\/\/www.kindermann.de\/company\/wp-json\/wp\/v2\/pages\/7862","targetHints":{"allow":["GET"]}}],"collection":[{"href":"https:\/\/www.kindermann.de\/company\/wp-json\/wp\/v2\/pages"}],"about":[{"href":"https:\/\/www.kindermann.de\/company\/wp-json\/wp\/v2\/types\/page"}],"author":[{"embeddable":true,"href":"https:\/\/www.kindermann.de\/company\/wp-json\/wp\/v2\/users\/3"}],"replies":[{"embeddable":true,"href":"https:\/\/www.kindermann.de\/company\/wp-json\/wp\/v2\/comments?post=7862"}],"version-history":[{"count":3,"href":"https:\/\/www.kindermann.de\/company\/wp-json\/wp\/v2\/pages\/7862\/revisions"}],"predecessor-version":[{"id":7943,"href":"https:\/\/www.kindermann.de\/company\/wp-json\/wp\/v2\/pages\/7862\/revisions\/7943"}],"wp:attachment":[{"href":"https:\/\/www.kindermann.de\/company\/wp-json\/wp\/v2\/media?parent=7862"}],"curies":[{"name":"wp","href":"https:\/\/api.w.org\/{rel}","templated":true}]}}