{"id":7079,"date":"2023-05-08T17:39:28","date_gmt":"2023-05-08T15:39:28","guid":{"rendered":"https:\/\/www.kindermann.de\/wp\/?page_id=7079"},"modified":"2024-03-05T14:10:07","modified_gmt":"2024-03-05T13:10:07","slug":"why-kindermann-magalog","status":"publish","type":"page","link":"https:\/\/www.kindermann.de\/company\/why-kindermann-magalog\/","title":{"rendered":"Why \u2013 Kindermann Magalog"},"content":{"rendered":"<div class=\"main_slider_block  \">\n\t\t<div class=\"main_teaser main_teaser_default  main_teaser_slider_78cdc963f3b255d834642f227cd4314d\" data-class=\"main_teaser_slider_78cdc963f3b255d834642f227cd4314d\" data-duration=\"15\">\n\t\t\t\t\t<div class=\"main_slide main_slide_static\">\n\t\t\t\t\t\t\t\t<div class=\"main_slide_gallery main_slide_gallery_29a01b236c9cdf698e42a3559e57248b\" data-class=\"main_slide_gallery_29a01b236c9cdf698e42a3559e57248b\">\n\t\t\t\t<div class=\"main_slide_gallery_slide\"><img decoding=\"async\" width=\"2560\" height=\"986\" src=\"https:\/\/www.kindermann.de\/company\/wp-content\/uploads\/2024\/02\/MAGALOGZeichenflaeche-1.png\" class=\"attachment-full size-full\" alt=\"\" data-desc=\"\" ><\/div>\t\t\t\t<\/div>\n\t\t\t\t<div class=\"main_slide_text_outer main_slide_text_outer_spark_1_l\">\n\t\t\t\t\t<div class=\"main_slide_text main_slide_text_spark_1_l main_slide_text_white main_slide_text_lines_show\">\n\t\t\t\t\t\t<div class=\"main_slide_text_angle_h\"><\/div>\n\t\t\t\t\t\t<div class=\"main_slide_text_angle_v\"><\/div>\n\t\t\t\t\t\t<div class=\"main_slide_text_inner\">\n\t\t\t\t\t\t\t\n\t\t\t\t\t\t\t<h1><strong><span style=\"color: #e80029\"><span style=\"color: #000000\">\u2026 Antworten <span>gibt&#8217;s<\/span> hier!<\/span> <\/span><\/strong><strong><br >\n<\/strong><\/h1>\n<p><b>Im Why Magalog<\/b> \u2013 der Mischung aus Magazin und Katalog, mit Antworten auf Zukunftsfragen rund um Conferencing, Collaboration und Connectivity!<\/p>\n\t\t\t\t\t\t\t\t\t\t\t\t\t\t\n\t\t\t\t\t\t\t\t\t\t\t\t\t<\/div>\n\t\t\t\t\t<\/div>\n\t\t\t\t<\/div>\n\t\t\t<\/div>\n\t\t\t<\/div>\n<\/div>\n\n\n<div class=\"sticky_on_header\">\n\t<div class=\"container\">\n\t\t<div class=\"subnav\">\n\t\t\t<h4>\n\t\t\t\tAusgabe\t\t\t<\/h4>\n\t\t\t<ul class=\"filter_list\">\n\n\t\t\t\t\t\t\t\t\t\t\t\t\t\t<li><a href=\"#2024\" target=\"\">01 | 2024<\/a><\/li>\n\t\t\t\t\t\t\t\t\t\t<li><a href=\"#2023\" target=\"\">01 | 2023<\/a><\/li>\n\t\t\t\t\t\t\t\t\t\n\t\t\t\t\n\t\t\t\t\t\t\t\t\n\t\t\t\t\t\t\t<\/ul>\n\t\t<\/div>\n\t<\/div>\n<\/div>\n\n\n\n<div style=\"height:100px\" aria-hidden=\"true\" class=\"wp-block-spacer\"><\/div>\n\n\n\n<div style=\"height:40px\" aria-hidden=\"true\" class=\"wp-block-spacer\"><\/div>\n\n\n<div class=\"text_group text_group_ box_ box_\" id=\"  \">\n\t<div class=\"text_group_content \">\n\t\t\n\n<div class=\"wp-block-columns is-layout-flex wp-container-core-columns-is-layout-9d6595d7 wp-block-columns-is-layout-flex\">\n<div class=\"wp-block-column is-layout-flow wp-block-column-is-layout-flow\">\n<p class=\"has-small-font-size\" id=\"2024\"><strong>ISSUE 01 | 2024<\/strong><\/p>\n\n\n\n<h2 class=\"wp-block-heading\"><strong>Why \u2013 Togetherness<\/strong><\/h2>\n\n\n\n<p><strong>Gemeinsam sind wir st\u00e4rker!<\/strong><\/p>\n\n\n\n<p>Zusammenarbeit und Zusammenhalt sind entscheidend f\u00fcr den langfristigen Erfolg. Doch wie gestalten wir dieses Miteinander produktiv und welche Rolle spielt dabei die Technologie?<\/p>\n\n\n\n<div class=\"wp-block-getwid-images-slider has-arrows-none has-dots-none has-images-center has-cropped-images\"><div class=\"wp-block-getwid-images-slider__wrapper\" data-effect=\"fade\" data-slides-show=\"1\" data-slides-show-laptop=\"1\" data-slides-show-tablet=\"1\" data-slides-show-mobile=\"1\" data-slides-scroll=\"1\" data-autoplay=\"true\" data-autoplay-speed=\"6000\" data-infinite=\"true\" data-animation-speed=\"800\" data-center-mode=\"false\" data-variable-width=\"false\" data-arrows=\"none\" data-dots=\"none\" data-spacing=\"none\"><div class=\"wp-block-getwid-images-slider__item\"><figure><img decoding=\"async\" width=\"5000\" height=\"3750\" src=\"https:\/\/www.kindermann.de\/company\/wp-content\/uploads\/2024\/02\/PAges.png\" data-id=\"11527\" data-link=\"https:\/\/www.kindermann.de\/company\/why-kindermann-magalog\/pages\/\" data-original-link=\"https:\/\/www.kindermann.de\/company\/wp-content\/uploads\/2024\/02\/PAges.png\" class=\"wp-block-getwid-images-slider__image wp-image-11527\"><\/figure><\/div><div class=\"wp-block-getwid-images-slider__item\"><figure><img decoding=\"async\" width=\"2500\" height=\"1875\" src=\"https:\/\/www.kindermann.de\/company\/wp-content\/uploads\/2024\/02\/Mockup3.png\" data-id=\"11528\" data-link=\"https:\/\/www.kindermann.de\/company\/why-kindermann-magalog\/mockup3\/\" data-original-link=\"https:\/\/www.kindermann.de\/company\/wp-content\/uploads\/2024\/02\/Mockup3.png\" class=\"wp-block-getwid-images-slider__image wp-image-11528\"><\/figure><\/div><div class=\"wp-block-getwid-images-slider__item\"><figure><img decoding=\"async\" width=\"2500\" height=\"1875\" src=\"https:\/\/www.kindermann.de\/company\/wp-content\/uploads\/2024\/02\/Mockup_4.png\" data-id=\"11529\" data-link=\"https:\/\/www.kindermann.de\/company\/why-kindermann-magalog\/mockup_4\/\" data-original-link=\"https:\/\/www.kindermann.de\/company\/wp-content\/uploads\/2024\/02\/Mockup_4.png\" class=\"wp-block-getwid-images-slider__image wp-image-11529\"><\/figure><\/div><\/div><\/div>\n<\/div>\n\n\n\n<div class=\"wp-block-column is-layout-flow wp-block-column-is-layout-flow\" style=\"flex-basis:10%\"><\/div>\n\n\n\n<div class=\"wp-block-column is-layout-flow wp-block-column-is-layout-flow\">\n<figure class=\"wp-block-image size-large is-resized\"><img decoding=\"async\" width=\"722\" height=\"1024\" src=\"https:\/\/www.kindermann.de\/company\/wp-content\/uploads\/2024\/02\/WHY_01_2024_Cover_2-722x1024.png\" alt=\"\" class=\"wp-image-11526\" style=\"width:361px;height:512px\"><\/figure>\n\n\n\n<p class=\"has-small-font-size\"><strong>Why \u2013 Togetherness<br>Ausgabe 01 | 2024 <br>78 Seiten<\/strong><\/p>\n<\/div>\n<\/div>\n\n\n\t<\/div>\n<\/div>\n\n\n\n<div style=\"height:60px\" aria-hidden=\"true\" class=\"wp-block-spacer\"><\/div>\n\n\n<div class=\"text_group text_group_ box_ box_\" id=\"  \">\n\t<div class=\"text_group_content \">\n\t\t\n\n<div class=\"wp-block-columns is-layout-flex wp-container-core-columns-is-layout-9d6595d7 wp-block-columns-is-layout-flex\">\n<div class=\"wp-block-column is-layout-flow wp-block-column-is-layout-flow\">\n<p class=\"has-small-font-size\" id=\"2023\"><strong>ISSUE 01 | 2023<\/strong><\/p>\n\n\n\n<h2 class=\"wp-block-heading\"><strong>Why \u2013 Transformation<\/strong><\/h2>\n\n\n\n<p><strong>Was pr\u00e4gt uns in der Zukunft?<\/strong><\/p>\n\n\n\n<p>Was sind eigentlich die starken&nbsp;Einflussfaktoren unserer Gesellschaft? Welche Mega- oder Mikrotrends pr\u00e4gen unsere Lebens-,Arbeits- und Lernwelten des 21. Jahrhunderts?<\/p>\n\n\n\n<div class=\"wp-block-getwid-images-slider has-arrows-none has-dots-none has-images-center has-cropped-images\"><div class=\"wp-block-getwid-images-slider__wrapper\" data-effect=\"fade\" data-slides-show=\"1\" data-slides-show-laptop=\"1\" data-slides-show-tablet=\"1\" data-slides-show-mobile=\"1\" data-slides-scroll=\"1\" data-autoplay=\"true\" data-autoplay-speed=\"6000\" data-infinite=\"true\" data-animation-speed=\"800\" data-center-mode=\"false\" data-variable-width=\"false\" data-arrows=\"none\" data-dots=\"none\" data-spacing=\"none\"><div class=\"wp-block-getwid-images-slider__item\"><figure><img decoding=\"async\" width=\"2560\" height=\"1920\" src=\"https:\/\/d3hvixh5dzowk7.cloudfront.net\/company\/wp-content\/uploads\/2023\/05\/MAGA_LOG_Mockup_3-scaled.jpg\" alt=\"\" data-id=\"7104\" data-link=\"https:\/\/www.kindermann.de\/company\/?attachment_id=7104\" data-original-link=\"https:\/\/d3hvixh5dzowk7.cloudfront.net\/company\/wp-content\/uploads\/2023\/05\/MAGA_LOG_Mockup_3-scaled.jpg\" class=\"wp-block-getwid-images-slider__image wp-image-7104\"><\/figure><\/div><div class=\"wp-block-getwid-images-slider__item\"><figure><img decoding=\"async\" width=\"2560\" height=\"1920\" src=\"https:\/\/d3hvixh5dzowk7.cloudfront.net\/company\/wp-content\/uploads\/2023\/05\/MAGA_LOG_Mockup_2-scaled.jpg\" alt=\"\" data-id=\"7103\" data-link=\"https:\/\/www.kindermann.de\/company\/?attachment_id=7103\" data-original-link=\"https:\/\/d3hvixh5dzowk7.cloudfront.net\/company\/wp-content\/uploads\/2023\/05\/MAGA_LOG_Mockup_2-scaled.jpg\" class=\"wp-block-getwid-images-slider__image wp-image-7103\"><\/figure><\/div><div class=\"wp-block-getwid-images-slider__item\"><figure><img decoding=\"async\" width=\"2560\" height=\"1920\" src=\"https:\/\/d3hvixh5dzowk7.cloudfront.net\/company\/wp-content\/uploads\/2023\/05\/MAGA_LOG_Mockup_1-scaled.jpg\" alt=\"\" data-id=\"7102\" data-link=\"https:\/\/www.kindermann.de\/company\/?attachment_id=7102\" data-original-link=\"https:\/\/d3hvixh5dzowk7.cloudfront.net\/company\/wp-content\/uploads\/2023\/05\/MAGA_LOG_Mockup_1-scaled.jpg\" class=\"wp-block-getwid-images-slider__image wp-image-7102\"><\/figure><\/div><\/div><\/div>\n<\/div>\n\n\n\n<div class=\"wp-block-column is-layout-flow wp-block-column-is-layout-flow\" style=\"flex-basis:10%\"><\/div>\n\n\n\n<div class=\"wp-block-column is-layout-flow wp-block-column-is-layout-flow\">\n<figure class=\"wp-block-image size-large is-resized\"><img decoding=\"async\" width=\"722\" height=\"1024\" src=\"https:\/\/www.kindermann.de\/company\/wp-content\/uploads\/2023\/05\/WHY_01_2023_Cover_2-722x1024.png\" alt=\"\" class=\"wp-image-7125\" style=\"width:361px;height:512px\"><\/figure>\n\n\n\n<p class=\"has-small-font-size\"><strong>Why \u2013 Transform<br>Ausgabe 01 | 2023 <br>66 Seiten<\/strong><\/p>\n<\/div>\n<\/div>\n\n\n\t<\/div>\n<\/div>\n\n\n<div class=\"text_group text_group_ box_ box_\" id=\"  \">\n\t<div class=\"text_group_content intro_text\">\n\t\t\n\n<p><strong>Sie sind an der neuesten Ausgabe interessiert? Dann melden Sie sich jetzt an. <strong>Im Anschluss an die Anmeldung wird Ihnen hier ein Downloadlink angezeigt.<\/strong><\/strong><\/p>\n\n\n\n<hr class=\"wp-block-separator has-alpha-channel-opacity\">\n\n\n<div class=\"wpforms-container wpforms-container-full wpforms-block wpforms-block-e9339a58-a7bd-4701-9309-b3079c5e81a4\" id=\"wpforms-7152\"><form id=\"wpforms-form-7152\" class=\"wpforms-validate wpforms-form wpforms-ajax-form\" data-formid=\"7152\" method=\"post\" enctype=\"multipart\/form-data\" action=\"\/company\/wp-json\/company\/v2\/pages\/7079\" data-token=\"76f90426500e1a3a1f0130458d7035d4\" data-token-time=\"1776200252\"><noscript class=\"wpforms-error-noscript\">Bitte aktiviere JavaScript in deinem Browser, um dieses Formular fertigzustellen.<\/noscript><div class=\"wpforms-field-container\"><div id=\"wpforms-7152-field_11-container\" class=\"wpforms-field wpforms-field-select wpforms-field-select-style-classic\" data-field-id=\"11\"><label class=\"wpforms-field-label\" for=\"wpforms-7152-field_11\">Anrede <span class=\"wpforms-required-label\">*<\/span><\/label><select id=\"wpforms-7152-field_11\" class=\"wpforms-field-small wpforms-field-required\" name=\"wpforms[fields][11]\" required=\"required\"><option value=\"\" class=\"placeholder\" disabled  selected='selected'>Bitte w\u00e4hlen<\/option><option value=\"Herr\"  class=\"choice-1 depth-1\"  >Herr<\/option><option value=\"Frau\"  class=\"choice-2 depth-1\"  >Frau<\/option><option value=\"Divers\"  class=\"choice-3 depth-1\"  >Divers<\/option><\/select><\/div><div id=\"wpforms-7152-field_0-container\" class=\"wpforms-field wpforms-field-name\" data-field-id=\"0\"><label class=\"wpforms-field-label\">Name <span class=\"wpforms-required-label\">*<\/span><\/label><div class=\"wpforms-field-row wpforms-field-large\"><div class=\"wpforms-field-row-block wpforms-first wpforms-one-half\"><input type=\"text\" id=\"wpforms-7152-field_0\" class=\"wpforms-field-name-first wpforms-field-required\" name=\"wpforms[fields][0][first]\" required><label for=\"wpforms-7152-field_0\" class=\"wpforms-field-sublabel after\">Vorname<\/label><\/div><div class=\"wpforms-field-row-block wpforms-one-half\"><input type=\"text\" id=\"wpforms-7152-field_0-last\" class=\"wpforms-field-name-last wpforms-field-required\" name=\"wpforms[fields][0][last]\" required><label for=\"wpforms-7152-field_0-last\" class=\"wpforms-field-sublabel after\">Nachname<\/label><\/div><\/div><\/div><div id=\"wpforms-7152-field_55-container\" class=\"wpforms-field wpforms-field-text\" data-field-id=\"55\"><label class=\"wpforms-field-label\" for=\"wpforms-7152-field_55\">Firma <span class=\"wpforms-required-label\">*<\/span><\/label><input type=\"text\" id=\"wpforms-7152-field_55\" class=\"wpforms-field-large wpforms-field-required\" name=\"wpforms[fields][55]\" required><\/div><div id=\"wpforms-7152-field_20-container\" class=\"wpforms-field wpforms-field-email\" data-field-id=\"20\"><label class=\"wpforms-field-label\" for=\"wpforms-7152-field_20\">E-Mail-Adresse <span class=\"wpforms-required-label\">*<\/span><\/label><input type=\"email\" id=\"wpforms-7152-field_20\" class=\"wpforms-field-large wpforms-field-required\" name=\"wpforms[fields][20]\" spellcheck=\"false\" required><\/div><div id=\"wpforms-7152-field_3-container\" class=\"wpforms-field wpforms-field-checkbox\" data-field-id=\"3\"><label class=\"wpforms-field-label\">Einverst\u00e4ndniserkl\u00e4rung <span class=\"wpforms-required-label\">*<\/span><\/label><ul id=\"wpforms-7152-field_3\" class=\"wpforms-field-required\"><li class=\"choice-1 depth-1\"><input type=\"checkbox\" id=\"wpforms-7152-field_3_1\" name=\"wpforms[fields][3][]\" value=\"Ich bin damit einverstanden, dass diese Daten zum angegebenen Zweck gespeichert werden.\" required ><label class=\"wpforms-field-label-inline\" for=\"wpforms-7152-field_3_1\">Ich bin damit einverstanden, dass diese Daten zum angegebenen Zweck gespeichert werden.<\/label><\/li><\/ul><div class=\"wpforms-field-description wpforms-disclaimer-description\">Sie k\u00f6nnen jederzeit ohne Angabe von Gr\u00fcnden von Ihrem <b>Widerspruchsrecht<\/b> Gebrauch machen und die erteilte erteilte Einverst\u00e4ndniserkl\u00e4rung mit Wirkung f\u00fcr die Zukunft ab\u00e4ndern oder g\u00e4nzlich widerrufen. <b>Bitte lesen Sie auch hierzu unsere <a href=\"https:\/\/www.kindermann.de\/company\/datenschutz\/\" target=\"_blank\">Datenschutzerkl\u00e4rung<\/a>.<\/b><\/div><\/div><\/div><!-- .wpforms-field-container --><div class=\"wpforms-recaptcha-container wpforms-is-hcaptcha\" ><div class=\"h-captcha\" data-sitekey=\"ee430cde-505e-4836-afaf-53460f13a475\"><\/div><input type=\"text\" name=\"g-recaptcha-hidden\" class=\"wpforms-recaptcha-hidden\" style=\"position:absolute!important;clip:rect(0,0,0,0)!important;height:1px!important;width:1px!important;border:0!important;overflow:hidden!important;padding:0!important;margin:0!important;\" data-rule-hcaptcha=\"1\"><\/div><div class=\"wpforms-submit-container\" ><input type=\"hidden\" name=\"wpforms[id]\" value=\"7152\"><input type=\"hidden\" name=\"page_title\" value=\"\"><input type=\"hidden\" name=\"page_url\" value=\"https:\/\/www.kindermann.de\/company\/wp-json\/company\/v2\/pages\/7079\"><input type=\"hidden\" name=\"url_referer\" value=\"\"><button type=\"submit\" name=\"wpforms[submit]\" id=\"wpforms-submit-7152\" class=\"wpforms-submit\" data-alt-text=\"Senden...\" data-submit-text=\"Abschicken\" aria-live=\"assertive\" value=\"wpforms-submit\">Abschicken<\/button><img decoding=\"async\" src=\"https:\/\/www.kindermann.de\/company\/wp-content\/plugins\/wpforms\/assets\/images\/submit-spin.svg\" class=\"wpforms-submit-spinner\" style=\"display: none;\" width=\"26\" height=\"26\" alt=\"Wird geladen\"><\/div><\/form><\/div>  <!-- .wpforms-container -->\n\n\t<\/div>\n<\/div>\n\n\n\n<div style=\"height:134px\" aria-hidden=\"true\" class=\"wp-block-spacer\"><\/div>\n\n\n\n<div style=\"height:100px\" aria-hidden=\"true\" class=\"wp-block-spacer\"><\/div>\n\n\n\n<div class=\"contact box_spark_1 box_style_4\">\n\t<div class=\"container\">\n\t\t<div class=\"contact_content\">\n\t\t\t\t\t\t<div class=\"contact_text\">\n\t\t\t\t<div class=\"h2\"><strong>Noch Fragen?<\/strong><\/div>\n\n\t\t\t\t<h3>Marketing<\/h3>\n\t\t\t\t<!-- wp:paragraph -->\n<p>Tel.: +49 (0) 93 03 \/ 98 40 &#8211; 472<br>Fax: +49 (0) 93 03 \/ 98 40 &#8211; 101<br><a href=\"mailto:marketing@kindermann.de\" data-type=\"mailto\" data-id=\"mailto:d.hoffmann@kindermann.de\">marketing@kindermann.de<\/a><\/p>\n<!-- \/wp:paragraph -->\t\t\t<\/div>\n\t\t<\/div>\n\t\t\t<\/div>\n<\/div>\n","protected":false},"excerpt":{"rendered":"","protected":false},"author":3,"featured_media":0,"parent":0,"menu_order":0,"comment_status":"closed","ping_status":"closed","template":"","meta":{"_acf_changed":false,"footnotes":""},"class_list":["post-7079","page","type-page","status-publish","format-standard","hentry"],"acf":[],"yoast_head":"<!-- This site is optimized with the Yoast SEO plugin v26.8 - https:\/\/yoast.com\/product\/yoast-seo-wordpress\/ -->\n<title>Why \u2013 Kindermann Magalog - Kindermann GmbH<\/title>\n<meta name=\"description\" content=\"Alles wichtige \u00fcber Events und Messetermine in einem \u00dcberblick.\" \/>\n<meta name=\"robots\" content=\"index, follow, max-snippet:-1, max-image-preview:large, max-video-preview:-1\" \/>\n<link rel=\"canonical\" href=\"https:\/\/www.kindermann.de\/company\/why-kindermann-magalog\/\" \/>\n<meta property=\"og:locale\" content=\"de_DE\" \/>\n<meta property=\"og:type\" content=\"article\" \/>\n<meta property=\"og:title\" content=\"Why \u2013 Kindermann Magalog - Kindermann GmbH\" \/>\n<meta property=\"og:description\" content=\"Alles wichtige \u00fcber Events und Messetermine in einem \u00dcberblick.\" \/>\n<meta property=\"og:url\" content=\"https:\/\/www.kindermann.de\/company\/why-kindermann-magalog\/\" \/>\n<meta property=\"og:site_name\" content=\"Kindermann GmbH\" \/>\n<meta property=\"article:publisher\" content=\"https:\/\/www.facebook.com\/KindermannGmbH\/\" \/>\n<meta property=\"article:modified_time\" content=\"2024-03-05T13:10:07+00:00\" \/>\n<meta property=\"og:image\" content=\"https:\/\/www.kindermann.de\/company\/wp-content\/uploads\/2024\/02\/PAges.png\" \/>\n<meta name=\"twitter:card\" content=\"summary_large_image\" \/>\n<meta name=\"twitter:label1\" content=\"Gesch\u00e4tzte Lesezeit\" \/>\n\t<meta name=\"twitter:data1\" content=\"3\u00a0Minuten\" \/>\n<script type=\"application\/ld+json\" class=\"yoast-schema-graph\">{\"@context\":\"https:\/\/schema.org\",\"@graph\":[{\"@type\":\"WebPage\",\"@id\":\"https:\/\/www.kindermann.de\/company\/why-kindermann-magalog\/\",\"url\":\"https:\/\/www.kindermann.de\/company\/why-kindermann-magalog\/\",\"name\":\"Why \u2013 Kindermann Magalog - Kindermann GmbH\",\"isPartOf\":{\"@id\":\"https:\/\/www.kindermann.de\/company\/#website\"},\"primaryImageOfPage\":{\"@id\":\"https:\/\/www.kindermann.de\/company\/why-kindermann-magalog\/#primaryimage\"},\"image\":{\"@id\":\"https:\/\/www.kindermann.de\/company\/why-kindermann-magalog\/#primaryimage\"},\"thumbnailUrl\":\"https:\/\/www.kindermann.de\/company\/wp-content\/uploads\/2024\/02\/PAges.png\",\"datePublished\":\"2023-05-08T15:39:28+00:00\",\"dateModified\":\"2024-03-05T13:10:07+00:00\",\"description\":\"Alles wichtige \u00fcber Events und Messetermine in einem \u00dcberblick.\",\"breadcrumb\":{\"@id\":\"https:\/\/www.kindermann.de\/company\/why-kindermann-magalog\/#breadcrumb\"},\"inLanguage\":\"de\",\"potentialAction\":[{\"@type\":\"ReadAction\",\"target\":[\"https:\/\/www.kindermann.de\/company\/why-kindermann-magalog\/\"]}]},{\"@type\":\"ImageObject\",\"inLanguage\":\"de\",\"@id\":\"https:\/\/www.kindermann.de\/company\/why-kindermann-magalog\/#primaryimage\",\"url\":\"https:\/\/www.kindermann.de\/company\/wp-content\/uploads\/2024\/02\/PAges.png\",\"contentUrl\":\"https:\/\/www.kindermann.de\/company\/wp-content\/uploads\/2024\/02\/PAges.png\",\"width\":5000,\"height\":3750},{\"@type\":\"BreadcrumbList\",\"@id\":\"https:\/\/www.kindermann.de\/company\/why-kindermann-magalog\/#breadcrumb\",\"itemListElement\":[{\"@type\":\"ListItem\",\"position\":1,\"name\":\"Startseite\",\"item\":\"https:\/\/www.kindermann.de\/company\/\"},{\"@type\":\"ListItem\",\"position\":2,\"name\":\"Why \u2013 Kindermann Magalog\"}]},{\"@type\":\"WebSite\",\"@id\":\"https:\/\/www.kindermann.de\/company\/#website\",\"url\":\"https:\/\/www.kindermann.de\/company\/\",\"name\":\"Kindermann GmbH\",\"description\":\"\",\"publisher\":{\"@id\":\"https:\/\/www.kindermann.de\/company\/#organization\"},\"potentialAction\":[{\"@type\":\"SearchAction\",\"target\":{\"@type\":\"EntryPoint\",\"urlTemplate\":\"https:\/\/www.kindermann.de\/company\/?s={search_term_string}\"},\"query-input\":{\"@type\":\"PropertyValueSpecification\",\"valueRequired\":true,\"valueName\":\"search_term_string\"}}],\"inLanguage\":\"de\"},{\"@type\":\"Organization\",\"@id\":\"https:\/\/www.kindermann.de\/company\/#organization\",\"name\":\"Kindermann GmbH\",\"url\":\"https:\/\/www.kindermann.de\/company\/\",\"logo\":{\"@type\":\"ImageObject\",\"inLanguage\":\"de\",\"@id\":\"https:\/\/www.kindermann.de\/company\/#\/schema\/logo\/image\/\",\"url\":\"https:\/\/www.kindermann.de\/company\/wp-content\/uploads\/2022\/10\/Kindermann_Logo_300_100.png\",\"contentUrl\":\"https:\/\/www.kindermann.de\/company\/wp-content\/uploads\/2022\/10\/Kindermann_Logo_300_100.png\",\"width\":300,\"height\":100,\"caption\":\"Kindermann GmbH\"},\"image\":{\"@id\":\"https:\/\/www.kindermann.de\/company\/#\/schema\/logo\/image\/\"},\"sameAs\":[\"https:\/\/www.facebook.com\/KindermannGmbH\/\",\"https:\/\/www.xing.com\/pages\/kindermanngmbh\",\"https:\/\/www.linkedin.com\/company\/kindermann-gmbh\"]}]}<\/script>\n<!-- \/ Yoast SEO plugin. -->","yoast_head_json":{"title":"Why \u2013 Kindermann Magalog - Kindermann GmbH","description":"Alles wichtige \u00fcber Events und Messetermine in einem \u00dcberblick.","robots":{"index":"index","follow":"follow","max-snippet":"max-snippet:-1","max-image-preview":"max-image-preview:large","max-video-preview":"max-video-preview:-1"},"canonical":"https:\/\/www.kindermann.de\/company\/why-kindermann-magalog\/","og_locale":"de_DE","og_type":"article","og_title":"Why \u2013 Kindermann Magalog - Kindermann GmbH","og_description":"Alles wichtige \u00fcber Events und Messetermine in einem \u00dcberblick.","og_url":"https:\/\/www.kindermann.de\/company\/why-kindermann-magalog\/","og_site_name":"Kindermann GmbH","article_publisher":"https:\/\/www.facebook.com\/KindermannGmbH\/","article_modified_time":"2024-03-05T13:10:07+00:00","og_image":[{"url":"https:\/\/www.kindermann.de\/company\/wp-content\/uploads\/2024\/02\/PAges.png","type":"","width":"","height":""}],"twitter_card":"summary_large_image","twitter_misc":{"Gesch\u00e4tzte Lesezeit":"3\u00a0Minuten"},"schema":{"@context":"https:\/\/schema.org","@graph":[{"@type":"WebPage","@id":"https:\/\/www.kindermann.de\/company\/why-kindermann-magalog\/","url":"https:\/\/www.kindermann.de\/company\/why-kindermann-magalog\/","name":"Why \u2013 Kindermann Magalog - Kindermann GmbH","isPartOf":{"@id":"https:\/\/www.kindermann.de\/company\/#website"},"primaryImageOfPage":{"@id":"https:\/\/www.kindermann.de\/company\/why-kindermann-magalog\/#primaryimage"},"image":{"@id":"https:\/\/www.kindermann.de\/company\/why-kindermann-magalog\/#primaryimage"},"thumbnailUrl":"https:\/\/www.kindermann.de\/company\/wp-content\/uploads\/2024\/02\/PAges.png","datePublished":"2023-05-08T15:39:28+00:00","dateModified":"2024-03-05T13:10:07+00:00","description":"Alles wichtige \u00fcber Events und Messetermine in einem \u00dcberblick.","breadcrumb":{"@id":"https:\/\/www.kindermann.de\/company\/why-kindermann-magalog\/#breadcrumb"},"inLanguage":"de","potentialAction":[{"@type":"ReadAction","target":["https:\/\/www.kindermann.de\/company\/why-kindermann-magalog\/"]}]},{"@type":"ImageObject","inLanguage":"de","@id":"https:\/\/www.kindermann.de\/company\/why-kindermann-magalog\/#primaryimage","url":"https:\/\/www.kindermann.de\/company\/wp-content\/uploads\/2024\/02\/PAges.png","contentUrl":"https:\/\/www.kindermann.de\/company\/wp-content\/uploads\/2024\/02\/PAges.png","width":5000,"height":3750},{"@type":"BreadcrumbList","@id":"https:\/\/www.kindermann.de\/company\/why-kindermann-magalog\/#breadcrumb","itemListElement":[{"@type":"ListItem","position":1,"name":"Startseite","item":"https:\/\/www.kindermann.de\/company\/"},{"@type":"ListItem","position":2,"name":"Why \u2013 Kindermann Magalog"}]},{"@type":"WebSite","@id":"https:\/\/www.kindermann.de\/company\/#website","url":"https:\/\/www.kindermann.de\/company\/","name":"Kindermann GmbH","description":"","publisher":{"@id":"https:\/\/www.kindermann.de\/company\/#organization"},"potentialAction":[{"@type":"SearchAction","target":{"@type":"EntryPoint","urlTemplate":"https:\/\/www.kindermann.de\/company\/?s={search_term_string}"},"query-input":{"@type":"PropertyValueSpecification","valueRequired":true,"valueName":"search_term_string"}}],"inLanguage":"de"},{"@type":"Organization","@id":"https:\/\/www.kindermann.de\/company\/#organization","name":"Kindermann GmbH","url":"https:\/\/www.kindermann.de\/company\/","logo":{"@type":"ImageObject","inLanguage":"de","@id":"https:\/\/www.kindermann.de\/company\/#\/schema\/logo\/image\/","url":"https:\/\/www.kindermann.de\/company\/wp-content\/uploads\/2022\/10\/Kindermann_Logo_300_100.png","contentUrl":"https:\/\/www.kindermann.de\/company\/wp-content\/uploads\/2022\/10\/Kindermann_Logo_300_100.png","width":300,"height":100,"caption":"Kindermann GmbH"},"image":{"@id":"https:\/\/www.kindermann.de\/company\/#\/schema\/logo\/image\/"},"sameAs":["https:\/\/www.facebook.com\/KindermannGmbH\/","https:\/\/www.xing.com\/pages\/kindermanngmbh","https:\/\/www.linkedin.com\/company\/kindermann-gmbh"]}]}},"_links":{"self":[{"href":"https:\/\/www.kindermann.de\/company\/wp-json\/wp\/v2\/pages\/7079","targetHints":{"allow":["GET"]}}],"collection":[{"href":"https:\/\/www.kindermann.de\/company\/wp-json\/wp\/v2\/pages"}],"about":[{"href":"https:\/\/www.kindermann.de\/company\/wp-json\/wp\/v2\/types\/page"}],"author":[{"embeddable":true,"href":"https:\/\/www.kindermann.de\/company\/wp-json\/wp\/v2\/users\/3"}],"replies":[{"embeddable":true,"href":"https:\/\/www.kindermann.de\/company\/wp-json\/wp\/v2\/comments?post=7079"}],"version-history":[{"count":73,"href":"https:\/\/www.kindermann.de\/company\/wp-json\/wp\/v2\/pages\/7079\/revisions"}],"predecessor-version":[{"id":11721,"href":"https:\/\/www.kindermann.de\/company\/wp-json\/wp\/v2\/pages\/7079\/revisions\/11721"}],"wp:attachment":[{"href":"https:\/\/www.kindermann.de\/company\/wp-json\/wp\/v2\/media?parent=7079"}],"curies":[{"name":"wp","href":"https:\/\/api.w.org\/{rel}","templated":true}]}}