{"id":6881,"date":"2023-04-03T15:41:12","date_gmt":"2023-04-03T13:41:12","guid":{"rendered":"https:\/\/www.kindermann.de\/wp\/?page_id=6881"},"modified":"2026-04-16T15:21:54","modified_gmt":"2026-04-16T13:21:54","slug":"veranstaltungen-events-messetermine","status":"publish","type":"page","link":"https:\/\/www.kindermann.de\/company\/news-uebersicht\/veranstaltungen-events-messetermine\/","title":{"rendered":"Veranstaltungen"},"content":{"rendered":"<div class=\"main_slider_block  \">\n\t\t<div class=\"main_teaser main_teaser_default  main_teaser_slider_ac13eb4015fea1d643ba107b2b162e02\" data-class=\"main_teaser_slider_ac13eb4015fea1d643ba107b2b162e02\" data-duration=\"15\">\n\t\t\t\t\t<div class=\"main_slide main_slide_static\">\n\t\t\t\t\t\t\t\t<div class=\"main_slide_gallery main_slide_gallery_a07dce17165153fec9d6a96238426a6b\" data-class=\"main_slide_gallery_a07dce17165153fec9d6a96238426a6b\">\n\t\t\t\t<div class=\"main_slide_gallery_slide\"><img decoding=\"async\" width=\"2560\" height=\"985\" src=\"https:\/\/www.kindermann.de\/company\/wp-content\/uploads\/2024\/03\/Kindermann_ISE2024-Messestand.jpg\" class=\"attachment-full size-full\" alt=\"\" data-desc=\"\" ><\/div>\t\t\t\t<\/div>\n\t\t\t\t<div class=\"main_slide_text_outer main_slide_text_outer_spark_1_l\">\n\t\t\t\t\t<div class=\"main_slide_text main_slide_text_spark_1_l main_slide_text_white main_slide_text_lines_show\">\n\t\t\t\t\t\t<div class=\"main_slide_text_angle_h\"><\/div>\n\t\t\t\t\t\t<div class=\"main_slide_text_angle_v\"><\/div>\n\t\t\t\t\t\t<div class=\"main_slide_text_inner\">\n\t\t\t\t\t\t\t\n\t\t\t\t\t\t\t<h1 style=\"font-weight: 400\"><strong><span style=\"color: #e80029\">Veranstaltungen, Events und<\/span><br >\n<\/strong><span style=\"color: #000000\">Messetermine<\/span><\/h1>\n\t\t\t\t\t\t\t\t\t\t\t\t\t\t\n\t\t\t\t\t\t\t\t\t\t\t\t\t<\/div>\n\t\t\t\t\t<\/div>\n\t\t\t\t<\/div>\n\t\t\t<\/div>\n\t\t\t<\/div>\n<\/div>\n\n\n\n\n\n\n\n<div style=\"height:100px\" aria-hidden=\"true\" class=\"wp-block-spacer\"><\/div>\n\n\n\n<h2 class=\"wp-block-heading\"><strong>Roadmap 2026<\/strong><\/h2>\n\n\n\n<div style=\"height:40px\" aria-hidden=\"true\" class=\"wp-block-spacer\"><\/div>\n\n\n<div class=\"text_group text_group_narrow box_ box_\" id=\"  \">\n\t<div class=\"text_group_content \">\n\t\t\n\n<div class=\"wp-block-getwid-content-timeline is-animated\" data-animation=\"slideInSides\" data-filling=\"true\"><div class=\"wp-block-getwid-content-timeline__line\"><div class=\"wp-block-getwid-content-timeline__bar has-background has-primary-background-color\"><\/div><\/div><div class=\"wp-block-getwid-content-timeline__wrapper\">\n<div class=\"wp-block-getwid-content-timeline-item\"><div class=\"wp-block-getwid-content-timeline-item__wrapper\"><div class=\"wp-block-getwid-content-timeline-item__card\"><div class=\"wp-block-getwid-content-timeline-item__card-wrapper\"><div class=\"wp-block-getwid-content-timeline-item__content-wrapper\"><div class=\"wp-block-getwid-content-timeline-item__mobile-meta\"><p class=\"wp-block-getwid-content-timeline-item__meta-content\"><strong>Dienstag, 5. Mai &#8211; Donnerstag, 7. Mai<\/strong><\/p><\/div>\n<p class=\"has-primary-color has-text-color has-link-color wp-elements-26994e26b9f22cc1c2de44793d74ff07\"><strong>Messe<\/strong><\/p>\n\n\n\n<figure class=\"wp-block-image size-full\"><img decoding=\"async\" width=\"1413\" height=\"859\" src=\"https:\/\/www.kindermann.de\/company\/wp-content\/uploads\/2026\/04\/LT_26_Logo-Datum-Ort-Nr1_GELBER-RAND_de_1500x1100px_RGB.jpg\" alt=\"\" class=\"wp-image-17415\"><\/figure>\n\n\n\n<div style=\"height:4px\" aria-hidden=\"true\" class=\"wp-block-spacer\"><\/div>\n\n\n\n<h2 class=\"wp-block-heading\">WIR SIND WIEDER DABEI<\/h2>\n\n\n\n<p><strong>Auch in diesem Jahr sind wir wieder mit einem eigenen Stand auf der LEARNTEC 2026 in Karlsruhe vertreten.<\/strong><\/p>\n\n\n\n<p>Gemeinsam mit <strong>Sony<\/strong> pr\u00e4sentieren wir unsere neuesten Touchdisplays und Signalmanagement-L\u00f6sungen. <\/p>\n\n\n\n<p>Besuchen Sie uns in <a href=\"https:\/\/www.learntec.de\/de\/talque\/aussteller\/?talque=sponsor-grid&amp;vendorId=qvYa5M4RpEG6aQrEK2zF\" target=\"_blank\" rel=\"noreferrer noopener\"><strong>Halle 2, Stand J22<\/strong> <\/a>und erleben Sie innovative L\u00f6sungen f\u00fcr moderne Lernumgebungen live. Wir freuen uns auf Ihren Besuch!<\/p>\n\n\n\n<p>Sie haben noch kein Ticket?<br>\u00dcber uns erhalten Sie kostenfreien Zutritt.<br>Ticket-Code: <strong>M9zAB<\/strong><\/p>\n\n\n\n<div class=\"wp-block-buttons is-layout-flex wp-block-buttons-is-layout-flex\">\n<div class=\"wp-block-button\"><a class=\"wp-block-button__link wp-element-button\" href=\"https:\/\/www.messe-ticket.de\/KMK\/LEARNTEC\/Register\/M9zAB\" target=\"_blank\" rel=\"noreferrer noopener\">hier Ticket sichern<\/a><\/div>\n<\/div>\n<\/div><\/div><\/div><div class=\"wp-block-getwid-content-timeline-item__point\"><div class=\"wp-block-getwid-content-timeline-item__point-content\"><\/div><\/div><div class=\"wp-block-getwid-content-timeline-item__meta\"><p class=\"wp-block-getwid-content-timeline-item__meta-content\"><strong>Dienstag, 5. Mai &#8211; Donnerstag, 7. Mai<\/strong><\/p><\/div><\/div><\/div>\n\n\n\n<div class=\"wp-block-getwid-content-timeline-item\"><div class=\"wp-block-getwid-content-timeline-item__wrapper\"><div class=\"wp-block-getwid-content-timeline-item__card\"><div class=\"wp-block-getwid-content-timeline-item__card-wrapper\"><div class=\"wp-block-getwid-content-timeline-item__content-wrapper\"><div class=\"wp-block-getwid-content-timeline-item__mobile-meta\"><p class=\"wp-block-getwid-content-timeline-item__meta-content\"><strong>Donnerstag, 25. Juni<\/strong><\/p><\/div>\n<p class=\"has-primary-color has-text-color has-link-color wp-elements-113ef79cb1b2ae83ff95b99d95c60771\"><strong>Xperience Day<\/strong><\/p>\n\n\n\n<figure class=\"wp-block-image size-full\"><img decoding=\"async\" width=\"747\" height=\"591\" src=\"https:\/\/www.kindermann.de\/company\/wp-content\/uploads\/2026\/04\/165_CELEB-747x1024-1.jpg\" alt=\"\" class=\"wp-image-17416\"><\/figure>\n\n\n\n<div style=\"height:4px\" aria-hidden=\"true\" class=\"wp-block-spacer\"><\/div>\n\n\n\n<h2 class=\"wp-block-heading\">WIR LADEN EIN<\/h2>\n\n\n\n<h3 class=\"wp-block-heading\"><strong>165 Jahre. Ein Zuhause. Ein Tag, der alles \u00f6ffnet.<\/strong><\/h3>\n\n\n\n<p><strong>Anl\u00e4sslich unseres 165. Geburtstags holen wir euch so nah wie m\u00f6glich zu uns \u2013 ein echtes Haus-und-Garten-Fest unter Freunden. Locker in der Atmosph\u00e4re, stark im Inhalt, vollgepackt mit echten Insights.<\/strong><\/p>\n\n\n\n<p>Wir \u00f6ffnen bewusst R\u00e4ume, die sonst verschlossen bleiben, und widmen unseren Standort f\u00fcr diesen Tag komplett um: Fertigung mit Industriecharme, unser Lager, die Pr\u00e4sentationsr\u00e4ume, unser gro\u00dfer Garten. Ihr bekommt Einblicke hinter die Kulissen \u2013 dorthin, wo Produkte entstehen und Ideen Form annehmen. Zus\u00e4tzlich finden Keynotes mitten im Geschehen statt, und abends rundet eine entspannte Abendveranstaltung den Tag ab.<\/p>\n\n\n\n<p>Bleibt gespannt. Es wird ehrlich. Es wird besonders.<br>Und es wird ziemlich cool.<\/p>\n\n\n\n<div class=\"wp-block-buttons is-layout-flex wp-block-buttons-is-layout-flex\">\n<div class=\"wp-block-button\"><a class=\"wp-block-button__link wp-element-button\" href=\"https:\/\/www.kindermann.de\/company\/xperience\/\" target=\"_blank\" rel=\"noreferrer noopener\">zur Anmeldung<\/a><\/div>\n<\/div>\n<\/div><\/div><\/div><div class=\"wp-block-getwid-content-timeline-item__point\"><div class=\"wp-block-getwid-content-timeline-item__point-content\"><\/div><\/div><div class=\"wp-block-getwid-content-timeline-item__meta\"><p class=\"wp-block-getwid-content-timeline-item__meta-content\"><strong>Donnerstag, 25. Juni<\/strong><\/p><\/div><\/div><\/div>\n<\/div><\/div>\n\n\n\t<\/div>\n<\/div>\n\n\n\n\n\n<hr class=\"wp-block-separator has-alpha-channel-opacity\">\n\n\n\n<div style=\"height:68px\" aria-hidden=\"true\" class=\"wp-block-spacer\"><\/div>\n\n\n\n<h2 class=\"wp-block-heading\"><strong>Seminar-Archiv<\/strong><\/h2>\n\n\n\n<p>St\u00f6bern Sie nach Herzenslaune in unserem Archiv und Informieren Sie sich unter anderem zu Themen wie Signage, Signalmanagement, Displays, UC-Produkte, Installation, Projektoren, KLICK&amp;SHOW, Audio\u2026<\/p>\n\n\n\n<div class=\"wp-block-buttons is-content-justification-center is-layout-flex wp-container-core-buttons-is-layout-16018d1d wp-block-buttons-is-layout-flex\">\n<div class=\"wp-block-button\"><a class=\"wp-block-button__link has-text-align-center wp-element-button\" href=\"https:\/\/www.kindermann.de\/seminar-archiv\">Zum Seminar-Archiv<\/a><\/div>\n<\/div>\n\n\n\n<div style=\"height:32px\" aria-hidden=\"true\" class=\"wp-block-spacer\"><\/div>\n\n\n\n<hr class=\"wp-block-separator has-alpha-channel-opacity\">\n\n\n\n<div style=\"height:48px\" aria-hidden=\"true\" class=\"wp-block-spacer\"><\/div>\n\n\n\n<h2 class=\"wp-block-heading\"><strong>Zum Online-Seminar-Angebot unserer Partner<\/strong><\/h2>\n\n\n\n<p>Mit den&nbsp;Online-Seminaren&nbsp;unserer Kindermann-Partner haben Sie die M\u00f6glichkeit fundiertes Wissen zu ausgew\u00e4hlten Themen zu erwerben \u2013 und das&nbsp;schnell &amp; flexibel!<\/p>\n\n\n\n<ul class=\"wp-block-list\">\n<li><a href=\"https:\/\/www.bigmarker.com\/communities\/boseGlobalEDU\/conferences\" target=\"_blank\" rel=\"noreferrer noopener\"><strong>BOSE-Online-Seminar\u00fcbersicht&nbsp;<\/strong><\/a><\/li>\n<\/ul>\n\n\n\n<p>Bleiben Sie immer auf dem Laufenden&nbsp;und registrieren Sie sich f\u00fcr unseren Newsletter.<\/p>\n\n\n\n<div class=\"wp-block-buttons is-content-justification-center is-layout-flex wp-container-core-buttons-is-layout-16018d1d wp-block-buttons-is-layout-flex\">\n<div class=\"wp-block-button\"><a class=\"wp-block-button__link wp-element-button\" href=\"https:\/\/www.kindermann.de\/company\/news-uebersicht\/newsletter-anmeldung\/\">Newsletter-Anmeldung<\/a><\/div>\n<\/div>\n\n\n\n<div style=\"height:100px\" aria-hidden=\"true\" class=\"wp-block-spacer\"><\/div>\n\n\n\n<style type=\"text\/css\">\n.countdown-period {\ndisplay: none !important;\n}\n.countdown-section {\nflex: 1 !important;\npadding-bottom: 0 !important;\n}\n\n.countdown-labels {\ngap: 0 !important;\n}\n.countdown-labels>.wp-block-column {\nflex-basis: 25% !important;\n}\n\n.wp-block-getwid-countdown,\n.countdown-labels {\npadding: 0 40px;\n}\n<\/style>\n\n\n\n<div class=\"contact box_spark_1 box_style_4\">\n\t<div class=\"container\">\n\t\t<div class=\"contact_content\">\n\t\t\t\t\t\t<div class=\"contact_text\">\n\t\t\t\t<div class=\"h2\"><strong>Noch Fragen?<\/strong><\/div>\n\n\t\t\t\t<h3>Marketing<\/h3>\n\t\t\t\t<!-- wp:paragraph -->\n<p>Tel.: +49 (0) 93 03 \/ 98 40 &#8211; 472<br>Fax: +49 (0) 93 03 \/ 98 40 &#8211; 101<br><a href=\"mailto:marketing@kindermann.de\" data-type=\"mailto\" data-id=\"mailto:d.hoffmann@kindermann.de\">marketing@kindermann.de<\/a><\/p>\n<!-- \/wp:paragraph -->\t\t\t<\/div>\n\t\t<\/div>\n\t\t\t<\/div>\n<\/div>\n","protected":false},"excerpt":{"rendered":"<p>Roadmap 2026 Seminar-Archiv St\u00f6bern Sie nach Herzenslaune in unserem Archiv und Informieren Sie sich unter anderem zu Themen wie Signage, &#8230;<\/p>\n","protected":false},"author":3,"featured_media":0,"parent":2457,"menu_order":5,"comment_status":"closed","ping_status":"closed","template":"","meta":{"_acf_changed":false,"footnotes":""},"class_list":["post-6881","page","type-page","status-publish","format-standard","hentry"],"acf":[],"yoast_head":"<!-- This site is optimized with the Yoast SEO plugin v27.4 - https:\/\/yoast.com\/product\/yoast-seo-wordpress\/ -->\n<title>Veranstaltungen - Kindermann GmbH<\/title>\n<meta name=\"description\" content=\"Alles wichtige \u00fcber Events und Messetermine in einem \u00dcberblick.\" \/>\n<meta name=\"robots\" content=\"index, follow, max-snippet:-1, max-image-preview:large, max-video-preview:-1\" \/>\n<link rel=\"canonical\" href=\"https:\/\/www.kindermann.de\/company\/news-uebersicht\/veranstaltungen-events-messetermine\/\" \/>\n<meta property=\"og:locale\" content=\"de_DE\" \/>\n<meta property=\"og:type\" content=\"article\" \/>\n<meta property=\"og:title\" content=\"Veranstaltungen - Kindermann GmbH\" \/>\n<meta property=\"og:description\" content=\"Alles wichtige \u00fcber Events und Messetermine in einem \u00dcberblick.\" \/>\n<meta property=\"og:url\" content=\"https:\/\/www.kindermann.de\/company\/news-uebersicht\/veranstaltungen-events-messetermine\/\" \/>\n<meta property=\"og:site_name\" content=\"Kindermann GmbH\" \/>\n<meta property=\"article:publisher\" content=\"https:\/\/www.facebook.com\/KindermannGmbH\/\" \/>\n<meta property=\"article:modified_time\" content=\"2026-04-16T13:21:54+00:00\" \/>\n<meta property=\"og:image\" content=\"https:\/\/www.kindermann.de\/company\/wp-content\/uploads\/2026\/04\/LT_26_Logo-Datum-Ort-Nr1_GELBER-RAND_de_1500x1100px_RGB.jpg\" \/>\n<meta name=\"twitter:card\" content=\"summary_large_image\" \/>\n<meta name=\"twitter:label1\" content=\"Gesch\u00e4tzte Lesezeit\" \/>\n\t<meta name=\"twitter:data1\" content=\"3\u00a0Minuten\" \/>\n<script type=\"application\/ld+json\" class=\"yoast-schema-graph\">{\"@context\":\"https:\\\/\\\/schema.org\",\"@graph\":[{\"@type\":\"WebPage\",\"@id\":\"https:\\\/\\\/www.kindermann.de\\\/company\\\/news-uebersicht\\\/veranstaltungen-events-messetermine\\\/\",\"url\":\"https:\\\/\\\/www.kindermann.de\\\/company\\\/news-uebersicht\\\/veranstaltungen-events-messetermine\\\/\",\"name\":\"Veranstaltungen - Kindermann GmbH\",\"isPartOf\":{\"@id\":\"https:\\\/\\\/www.kindermann.de\\\/company\\\/#website\"},\"primaryImageOfPage\":{\"@id\":\"https:\\\/\\\/www.kindermann.de\\\/company\\\/news-uebersicht\\\/veranstaltungen-events-messetermine\\\/#primaryimage\"},\"image\":{\"@id\":\"https:\\\/\\\/www.kindermann.de\\\/company\\\/news-uebersicht\\\/veranstaltungen-events-messetermine\\\/#primaryimage\"},\"thumbnailUrl\":\"https:\\\/\\\/www.kindermann.de\\\/company\\\/wp-content\\\/uploads\\\/2026\\\/04\\\/LT_26_Logo-Datum-Ort-Nr1_GELBER-RAND_de_1500x1100px_RGB.jpg\",\"datePublished\":\"2023-04-03T13:41:12+00:00\",\"dateModified\":\"2026-04-16T13:21:54+00:00\",\"description\":\"Alles wichtige \u00fcber Events und Messetermine in einem \u00dcberblick.\",\"breadcrumb\":{\"@id\":\"https:\\\/\\\/www.kindermann.de\\\/company\\\/news-uebersicht\\\/veranstaltungen-events-messetermine\\\/#breadcrumb\"},\"inLanguage\":\"de\",\"potentialAction\":[{\"@type\":\"ReadAction\",\"target\":[\"https:\\\/\\\/www.kindermann.de\\\/company\\\/news-uebersicht\\\/veranstaltungen-events-messetermine\\\/\"]}]},{\"@type\":\"ImageObject\",\"inLanguage\":\"de\",\"@id\":\"https:\\\/\\\/www.kindermann.de\\\/company\\\/news-uebersicht\\\/veranstaltungen-events-messetermine\\\/#primaryimage\",\"url\":\"https:\\\/\\\/www.kindermann.de\\\/company\\\/wp-content\\\/uploads\\\/2026\\\/04\\\/LT_26_Logo-Datum-Ort-Nr1_GELBER-RAND_de_1500x1100px_RGB.jpg\",\"contentUrl\":\"https:\\\/\\\/www.kindermann.de\\\/company\\\/wp-content\\\/uploads\\\/2026\\\/04\\\/LT_26_Logo-Datum-Ort-Nr1_GELBER-RAND_de_1500x1100px_RGB.jpg\",\"width\":1413,\"height\":859},{\"@type\":\"BreadcrumbList\",\"@id\":\"https:\\\/\\\/www.kindermann.de\\\/company\\\/news-uebersicht\\\/veranstaltungen-events-messetermine\\\/#breadcrumb\",\"itemListElement\":[{\"@type\":\"ListItem\",\"position\":1,\"name\":\"Startseite\",\"item\":\"https:\\\/\\\/www.kindermann.de\\\/company\\\/\"},{\"@type\":\"ListItem\",\"position\":2,\"name\":\"News\",\"item\":\"https:\\\/\\\/www.kindermann.de\\\/company\\\/?page_id=2457\"},{\"@type\":\"ListItem\",\"position\":3,\"name\":\"Veranstaltungen\"}]},{\"@type\":\"WebSite\",\"@id\":\"https:\\\/\\\/www.kindermann.de\\\/company\\\/#website\",\"url\":\"https:\\\/\\\/www.kindermann.de\\\/company\\\/\",\"name\":\"Kindermann GmbH\",\"description\":\"\",\"publisher\":{\"@id\":\"https:\\\/\\\/www.kindermann.de\\\/company\\\/#organization\"},\"potentialAction\":[{\"@type\":\"SearchAction\",\"target\":{\"@type\":\"EntryPoint\",\"urlTemplate\":\"https:\\\/\\\/www.kindermann.de\\\/company\\\/?s={search_term_string}\"},\"query-input\":{\"@type\":\"PropertyValueSpecification\",\"valueRequired\":true,\"valueName\":\"search_term_string\"}}],\"inLanguage\":\"de\"},{\"@type\":\"Organization\",\"@id\":\"https:\\\/\\\/www.kindermann.de\\\/company\\\/#organization\",\"name\":\"Kindermann GmbH\",\"url\":\"https:\\\/\\\/www.kindermann.de\\\/company\\\/\",\"logo\":{\"@type\":\"ImageObject\",\"inLanguage\":\"de\",\"@id\":\"https:\\\/\\\/www.kindermann.de\\\/company\\\/#\\\/schema\\\/logo\\\/image\\\/\",\"url\":\"https:\\\/\\\/www.kindermann.de\\\/company\\\/wp-content\\\/uploads\\\/2022\\\/10\\\/Kindermann_Logo_300_100.png\",\"contentUrl\":\"https:\\\/\\\/www.kindermann.de\\\/company\\\/wp-content\\\/uploads\\\/2022\\\/10\\\/Kindermann_Logo_300_100.png\",\"width\":300,\"height\":100,\"caption\":\"Kindermann GmbH\"},\"image\":{\"@id\":\"https:\\\/\\\/www.kindermann.de\\\/company\\\/#\\\/schema\\\/logo\\\/image\\\/\"},\"sameAs\":[\"https:\\\/\\\/www.facebook.com\\\/KindermannGmbH\\\/\",\"https:\\\/\\\/www.xing.com\\\/pages\\\/kindermanngmbh\",\"https:\\\/\\\/www.linkedin.com\\\/company\\\/kindermann-gmbh\"]}]}<\/script>\n<!-- \/ Yoast SEO plugin. -->","yoast_head_json":{"title":"Veranstaltungen - Kindermann GmbH","description":"Alles wichtige \u00fcber Events und Messetermine in einem \u00dcberblick.","robots":{"index":"index","follow":"follow","max-snippet":"max-snippet:-1","max-image-preview":"max-image-preview:large","max-video-preview":"max-video-preview:-1"},"canonical":"https:\/\/www.kindermann.de\/company\/news-uebersicht\/veranstaltungen-events-messetermine\/","og_locale":"de_DE","og_type":"article","og_title":"Veranstaltungen - Kindermann GmbH","og_description":"Alles wichtige \u00fcber Events und Messetermine in einem \u00dcberblick.","og_url":"https:\/\/www.kindermann.de\/company\/news-uebersicht\/veranstaltungen-events-messetermine\/","og_site_name":"Kindermann GmbH","article_publisher":"https:\/\/www.facebook.com\/KindermannGmbH\/","article_modified_time":"2026-04-16T13:21:54+00:00","og_image":[{"url":"https:\/\/www.kindermann.de\/company\/wp-content\/uploads\/2026\/04\/LT_26_Logo-Datum-Ort-Nr1_GELBER-RAND_de_1500x1100px_RGB.jpg","type":"","width":"","height":""}],"twitter_card":"summary_large_image","twitter_misc":{"Gesch\u00e4tzte Lesezeit":"3\u00a0Minuten"},"schema":{"@context":"https:\/\/schema.org","@graph":[{"@type":"WebPage","@id":"https:\/\/www.kindermann.de\/company\/news-uebersicht\/veranstaltungen-events-messetermine\/","url":"https:\/\/www.kindermann.de\/company\/news-uebersicht\/veranstaltungen-events-messetermine\/","name":"Veranstaltungen - Kindermann GmbH","isPartOf":{"@id":"https:\/\/www.kindermann.de\/company\/#website"},"primaryImageOfPage":{"@id":"https:\/\/www.kindermann.de\/company\/news-uebersicht\/veranstaltungen-events-messetermine\/#primaryimage"},"image":{"@id":"https:\/\/www.kindermann.de\/company\/news-uebersicht\/veranstaltungen-events-messetermine\/#primaryimage"},"thumbnailUrl":"https:\/\/www.kindermann.de\/company\/wp-content\/uploads\/2026\/04\/LT_26_Logo-Datum-Ort-Nr1_GELBER-RAND_de_1500x1100px_RGB.jpg","datePublished":"2023-04-03T13:41:12+00:00","dateModified":"2026-04-16T13:21:54+00:00","description":"Alles wichtige \u00fcber Events und Messetermine in einem \u00dcberblick.","breadcrumb":{"@id":"https:\/\/www.kindermann.de\/company\/news-uebersicht\/veranstaltungen-events-messetermine\/#breadcrumb"},"inLanguage":"de","potentialAction":[{"@type":"ReadAction","target":["https:\/\/www.kindermann.de\/company\/news-uebersicht\/veranstaltungen-events-messetermine\/"]}]},{"@type":"ImageObject","inLanguage":"de","@id":"https:\/\/www.kindermann.de\/company\/news-uebersicht\/veranstaltungen-events-messetermine\/#primaryimage","url":"https:\/\/www.kindermann.de\/company\/wp-content\/uploads\/2026\/04\/LT_26_Logo-Datum-Ort-Nr1_GELBER-RAND_de_1500x1100px_RGB.jpg","contentUrl":"https:\/\/www.kindermann.de\/company\/wp-content\/uploads\/2026\/04\/LT_26_Logo-Datum-Ort-Nr1_GELBER-RAND_de_1500x1100px_RGB.jpg","width":1413,"height":859},{"@type":"BreadcrumbList","@id":"https:\/\/www.kindermann.de\/company\/news-uebersicht\/veranstaltungen-events-messetermine\/#breadcrumb","itemListElement":[{"@type":"ListItem","position":1,"name":"Startseite","item":"https:\/\/www.kindermann.de\/company\/"},{"@type":"ListItem","position":2,"name":"News","item":"https:\/\/www.kindermann.de\/company\/?page_id=2457"},{"@type":"ListItem","position":3,"name":"Veranstaltungen"}]},{"@type":"WebSite","@id":"https:\/\/www.kindermann.de\/company\/#website","url":"https:\/\/www.kindermann.de\/company\/","name":"Kindermann GmbH","description":"","publisher":{"@id":"https:\/\/www.kindermann.de\/company\/#organization"},"potentialAction":[{"@type":"SearchAction","target":{"@type":"EntryPoint","urlTemplate":"https:\/\/www.kindermann.de\/company\/?s={search_term_string}"},"query-input":{"@type":"PropertyValueSpecification","valueRequired":true,"valueName":"search_term_string"}}],"inLanguage":"de"},{"@type":"Organization","@id":"https:\/\/www.kindermann.de\/company\/#organization","name":"Kindermann GmbH","url":"https:\/\/www.kindermann.de\/company\/","logo":{"@type":"ImageObject","inLanguage":"de","@id":"https:\/\/www.kindermann.de\/company\/#\/schema\/logo\/image\/","url":"https:\/\/www.kindermann.de\/company\/wp-content\/uploads\/2022\/10\/Kindermann_Logo_300_100.png","contentUrl":"https:\/\/www.kindermann.de\/company\/wp-content\/uploads\/2022\/10\/Kindermann_Logo_300_100.png","width":300,"height":100,"caption":"Kindermann GmbH"},"image":{"@id":"https:\/\/www.kindermann.de\/company\/#\/schema\/logo\/image\/"},"sameAs":["https:\/\/www.facebook.com\/KindermannGmbH\/","https:\/\/www.xing.com\/pages\/kindermanngmbh","https:\/\/www.linkedin.com\/company\/kindermann-gmbh"]}]}},"_links":{"self":[{"href":"https:\/\/www.kindermann.de\/company\/wp-json\/wp\/v2\/pages\/6881","targetHints":{"allow":["GET"]}}],"collection":[{"href":"https:\/\/www.kindermann.de\/company\/wp-json\/wp\/v2\/pages"}],"about":[{"href":"https:\/\/www.kindermann.de\/company\/wp-json\/wp\/v2\/types\/page"}],"author":[{"embeddable":true,"href":"https:\/\/www.kindermann.de\/company\/wp-json\/wp\/v2\/users\/3"}],"replies":[{"embeddable":true,"href":"https:\/\/www.kindermann.de\/company\/wp-json\/wp\/v2\/comments?post=6881"}],"version-history":[{"count":162,"href":"https:\/\/www.kindermann.de\/company\/wp-json\/wp\/v2\/pages\/6881\/revisions"}],"predecessor-version":[{"id":17529,"href":"https:\/\/www.kindermann.de\/company\/wp-json\/wp\/v2\/pages\/6881\/revisions\/17529"}],"up":[{"embeddable":true,"href":"https:\/\/www.kindermann.de\/company\/wp-json\/wp\/v2\/pages\/2457"}],"wp:attachment":[{"href":"https:\/\/www.kindermann.de\/company\/wp-json\/wp\/v2\/media?parent=6881"}],"curies":[{"name":"wp","href":"https:\/\/api.w.org\/{rel}","templated":true}]}}