{"id":6791,"date":"2023-03-28T15:40:34","date_gmt":"2023-03-28T13:40:34","guid":{"rendered":"https:\/\/www.kindermann.de\/wp\/?page_id=6791"},"modified":"2023-03-28T15:47:28","modified_gmt":"2023-03-28T13:47:28","slug":"404-2","status":"publish","type":"page","link":"https:\/\/www.kindermann.de\/company\/404-2\/","title":{"rendered":"OOOPS!"},"content":{"rendered":"<div class=\"text_group text_group_ box_ box_\" id=\"  \">\n\t<div class=\"text_group_content \">\n\t\t\n<div class=\"wp-block-image\">\n<figure class=\"aligncenter size-large\"><img decoding=\"async\" width=\"1024\" height=\"828\" src=\"https:\/\/www.kindermann.de\/company\/wp-content\/uploads\/2023\/03\/404_KIN-1024x828.png\" alt=\"\" class=\"wp-image-6806\"><\/figure>\n<\/div>\n\n\t<\/div>\n<\/div>\n\n\n\n<h2 class=\"has-text-align-center wp-block-heading\"><strong>Page not found!<\/strong><\/h2>\n\n\n\n<p class=\"has-text-align-center\">Die von Ihnen aufgerufene Seite ist aktuell \u00fcberlastet.<br>Leider handelt es sich um einen Aprilscherz, aber w\u00e4re es nicht sch\u00f6n, wenn wir uns alle Tag f\u00fcr Tag f\u00fcr mehr Nachhaltigkeit einsetzen w\u00fcrden.<br><strong><a href=\"https:\/\/www.kindermann.de\/company\/sweet-times\/\" rel=\"nofollow\">Zur\u00fcck zum Beitrag<\/a><\/strong><\/p>\n\n\n\n<div style=\"height:100px\" aria-hidden=\"true\" class=\"wp-block-spacer\"><\/div>\n","protected":false},"excerpt":{"rendered":"<p>Page not found! Die von Ihnen aufgerufene Seite ist aktuell \u00fcberlastet.Leider handelt es sich um einen Aprilscherz, aber w\u00e4re es &#8230;<\/p>\n","protected":false},"author":3,"featured_media":0,"parent":0,"menu_order":0,"comment_status":"closed","ping_status":"closed","template":"","meta":{"_acf_changed":false,"footnotes":""},"class_list":["post-6791","page","type-page","status-publish","format-standard","hentry"],"acf":[],"yoast_head":"<!-- This site is optimized with the Yoast SEO plugin v26.8 - https:\/\/yoast.com\/product\/yoast-seo-wordpress\/ -->\n<title>OOOPS! - Kindermann GmbH<\/title>\n<meta name=\"robots\" content=\"index, follow, max-snippet:-1, max-image-preview:large, max-video-preview:-1\" \/>\n<link rel=\"canonical\" href=\"https:\/\/www.kindermann.de\/company\/404-2\/\" \/>\n<meta property=\"og:locale\" content=\"de_DE\" \/>\n<meta property=\"og:type\" content=\"article\" \/>\n<meta property=\"og:title\" content=\"OOOPS! - Kindermann GmbH\" \/>\n<meta property=\"og:description\" content=\"Page not found! Die von Ihnen aufgerufene Seite ist aktuell \u00fcberlastet.Leider handelt es sich um einen Aprilscherz, aber w\u00e4re es ...\" \/>\n<meta property=\"og:url\" content=\"https:\/\/www.kindermann.de\/company\/404-2\/\" \/>\n<meta property=\"og:site_name\" content=\"Kindermann GmbH\" \/>\n<meta property=\"article:publisher\" content=\"https:\/\/www.facebook.com\/KindermannGmbH\/\" \/>\n<meta property=\"article:modified_time\" content=\"2023-03-28T13:47:28+00:00\" \/>\n<meta property=\"og:image\" content=\"https:\/\/www.kindermann.de\/wp\/wp-content\/uploads\/2023\/03\/404_KIN-1024x828.png\" \/>\n<meta name=\"twitter:card\" content=\"summary_large_image\" \/>\n<meta name=\"twitter:label1\" content=\"Gesch\u00e4tzte Lesezeit\" \/>\n\t<meta name=\"twitter:data1\" content=\"1\u00a0Minute\" \/>\n<script type=\"application\/ld+json\" class=\"yoast-schema-graph\">{\"@context\":\"https:\/\/schema.org\",\"@graph\":[{\"@type\":\"WebPage\",\"@id\":\"https:\/\/www.kindermann.de\/company\/404-2\/\",\"url\":\"https:\/\/www.kindermann.de\/company\/404-2\/\",\"name\":\"OOOPS! - Kindermann GmbH\",\"isPartOf\":{\"@id\":\"https:\/\/www.kindermann.de\/company\/#website\"},\"primaryImageOfPage\":{\"@id\":\"https:\/\/www.kindermann.de\/company\/404-2\/#primaryimage\"},\"image\":{\"@id\":\"https:\/\/www.kindermann.de\/company\/404-2\/#primaryimage\"},\"thumbnailUrl\":\"https:\/\/www.kindermann.de\/wp\/wp-content\/uploads\/2023\/03\/404_KIN-1024x828.png\",\"datePublished\":\"2023-03-28T13:40:34+00:00\",\"dateModified\":\"2023-03-28T13:47:28+00:00\",\"breadcrumb\":{\"@id\":\"https:\/\/www.kindermann.de\/company\/404-2\/#breadcrumb\"},\"inLanguage\":\"de\",\"potentialAction\":[{\"@type\":\"ReadAction\",\"target\":[\"https:\/\/www.kindermann.de\/company\/404-2\/\"]}]},{\"@type\":\"ImageObject\",\"inLanguage\":\"de\",\"@id\":\"https:\/\/www.kindermann.de\/company\/404-2\/#primaryimage\",\"url\":\"https:\/\/www.kindermann.de\/wp\/wp-content\/uploads\/2023\/03\/404_KIN-1024x828.png\",\"contentUrl\":\"https:\/\/www.kindermann.de\/wp\/wp-content\/uploads\/2023\/03\/404_KIN-1024x828.png\"},{\"@type\":\"BreadcrumbList\",\"@id\":\"https:\/\/www.kindermann.de\/company\/404-2\/#breadcrumb\",\"itemListElement\":[{\"@type\":\"ListItem\",\"position\":1,\"name\":\"Startseite\",\"item\":\"https:\/\/www.kindermann.de\/company\/\"},{\"@type\":\"ListItem\",\"position\":2,\"name\":\"OOOPS!\"}]},{\"@type\":\"WebSite\",\"@id\":\"https:\/\/www.kindermann.de\/company\/#website\",\"url\":\"https:\/\/www.kindermann.de\/company\/\",\"name\":\"Kindermann GmbH\",\"description\":\"\",\"publisher\":{\"@id\":\"https:\/\/www.kindermann.de\/company\/#organization\"},\"potentialAction\":[{\"@type\":\"SearchAction\",\"target\":{\"@type\":\"EntryPoint\",\"urlTemplate\":\"https:\/\/www.kindermann.de\/company\/?s={search_term_string}\"},\"query-input\":{\"@type\":\"PropertyValueSpecification\",\"valueRequired\":true,\"valueName\":\"search_term_string\"}}],\"inLanguage\":\"de\"},{\"@type\":\"Organization\",\"@id\":\"https:\/\/www.kindermann.de\/company\/#organization\",\"name\":\"Kindermann GmbH\",\"url\":\"https:\/\/www.kindermann.de\/company\/\",\"logo\":{\"@type\":\"ImageObject\",\"inLanguage\":\"de\",\"@id\":\"https:\/\/www.kindermann.de\/company\/#\/schema\/logo\/image\/\",\"url\":\"https:\/\/www.kindermann.de\/company\/wp-content\/uploads\/2022\/10\/Kindermann_Logo_300_100.png\",\"contentUrl\":\"https:\/\/www.kindermann.de\/company\/wp-content\/uploads\/2022\/10\/Kindermann_Logo_300_100.png\",\"width\":300,\"height\":100,\"caption\":\"Kindermann GmbH\"},\"image\":{\"@id\":\"https:\/\/www.kindermann.de\/company\/#\/schema\/logo\/image\/\"},\"sameAs\":[\"https:\/\/www.facebook.com\/KindermannGmbH\/\",\"https:\/\/www.xing.com\/pages\/kindermanngmbh\",\"https:\/\/www.linkedin.com\/company\/kindermann-gmbh\"]}]}<\/script>\n<!-- \/ Yoast SEO plugin. -->","yoast_head_json":{"title":"OOOPS! - Kindermann GmbH","robots":{"index":"index","follow":"follow","max-snippet":"max-snippet:-1","max-image-preview":"max-image-preview:large","max-video-preview":"max-video-preview:-1"},"canonical":"https:\/\/www.kindermann.de\/company\/404-2\/","og_locale":"de_DE","og_type":"article","og_title":"OOOPS! - Kindermann GmbH","og_description":"Page not found! Die von Ihnen aufgerufene Seite ist aktuell \u00fcberlastet.Leider handelt es sich um einen Aprilscherz, aber w\u00e4re es ...","og_url":"https:\/\/www.kindermann.de\/company\/404-2\/","og_site_name":"Kindermann GmbH","article_publisher":"https:\/\/www.facebook.com\/KindermannGmbH\/","article_modified_time":"2023-03-28T13:47:28+00:00","og_image":[{"url":"https:\/\/www.kindermann.de\/wp\/wp-content\/uploads\/2023\/03\/404_KIN-1024x828.png","type":"","width":"","height":""}],"twitter_card":"summary_large_image","twitter_misc":{"Gesch\u00e4tzte Lesezeit":"1\u00a0Minute"},"schema":{"@context":"https:\/\/schema.org","@graph":[{"@type":"WebPage","@id":"https:\/\/www.kindermann.de\/company\/404-2\/","url":"https:\/\/www.kindermann.de\/company\/404-2\/","name":"OOOPS! - Kindermann GmbH","isPartOf":{"@id":"https:\/\/www.kindermann.de\/company\/#website"},"primaryImageOfPage":{"@id":"https:\/\/www.kindermann.de\/company\/404-2\/#primaryimage"},"image":{"@id":"https:\/\/www.kindermann.de\/company\/404-2\/#primaryimage"},"thumbnailUrl":"https:\/\/www.kindermann.de\/wp\/wp-content\/uploads\/2023\/03\/404_KIN-1024x828.png","datePublished":"2023-03-28T13:40:34+00:00","dateModified":"2023-03-28T13:47:28+00:00","breadcrumb":{"@id":"https:\/\/www.kindermann.de\/company\/404-2\/#breadcrumb"},"inLanguage":"de","potentialAction":[{"@type":"ReadAction","target":["https:\/\/www.kindermann.de\/company\/404-2\/"]}]},{"@type":"ImageObject","inLanguage":"de","@id":"https:\/\/www.kindermann.de\/company\/404-2\/#primaryimage","url":"https:\/\/www.kindermann.de\/wp\/wp-content\/uploads\/2023\/03\/404_KIN-1024x828.png","contentUrl":"https:\/\/www.kindermann.de\/wp\/wp-content\/uploads\/2023\/03\/404_KIN-1024x828.png"},{"@type":"BreadcrumbList","@id":"https:\/\/www.kindermann.de\/company\/404-2\/#breadcrumb","itemListElement":[{"@type":"ListItem","position":1,"name":"Startseite","item":"https:\/\/www.kindermann.de\/company\/"},{"@type":"ListItem","position":2,"name":"OOOPS!"}]},{"@type":"WebSite","@id":"https:\/\/www.kindermann.de\/company\/#website","url":"https:\/\/www.kindermann.de\/company\/","name":"Kindermann GmbH","description":"","publisher":{"@id":"https:\/\/www.kindermann.de\/company\/#organization"},"potentialAction":[{"@type":"SearchAction","target":{"@type":"EntryPoint","urlTemplate":"https:\/\/www.kindermann.de\/company\/?s={search_term_string}"},"query-input":{"@type":"PropertyValueSpecification","valueRequired":true,"valueName":"search_term_string"}}],"inLanguage":"de"},{"@type":"Organization","@id":"https:\/\/www.kindermann.de\/company\/#organization","name":"Kindermann GmbH","url":"https:\/\/www.kindermann.de\/company\/","logo":{"@type":"ImageObject","inLanguage":"de","@id":"https:\/\/www.kindermann.de\/company\/#\/schema\/logo\/image\/","url":"https:\/\/www.kindermann.de\/company\/wp-content\/uploads\/2022\/10\/Kindermann_Logo_300_100.png","contentUrl":"https:\/\/www.kindermann.de\/company\/wp-content\/uploads\/2022\/10\/Kindermann_Logo_300_100.png","width":300,"height":100,"caption":"Kindermann GmbH"},"image":{"@id":"https:\/\/www.kindermann.de\/company\/#\/schema\/logo\/image\/"},"sameAs":["https:\/\/www.facebook.com\/KindermannGmbH\/","https:\/\/www.xing.com\/pages\/kindermanngmbh","https:\/\/www.linkedin.com\/company\/kindermann-gmbh"]}]}},"_links":{"self":[{"href":"https:\/\/www.kindermann.de\/company\/wp-json\/wp\/v2\/pages\/6791","targetHints":{"allow":["GET"]}}],"collection":[{"href":"https:\/\/www.kindermann.de\/company\/wp-json\/wp\/v2\/pages"}],"about":[{"href":"https:\/\/www.kindermann.de\/company\/wp-json\/wp\/v2\/types\/page"}],"author":[{"embeddable":true,"href":"https:\/\/www.kindermann.de\/company\/wp-json\/wp\/v2\/users\/3"}],"replies":[{"embeddable":true,"href":"https:\/\/www.kindermann.de\/company\/wp-json\/wp\/v2\/comments?post=6791"}],"version-history":[{"count":5,"href":"https:\/\/www.kindermann.de\/company\/wp-json\/wp\/v2\/pages\/6791\/revisions"}],"predecessor-version":[{"id":6822,"href":"https:\/\/www.kindermann.de\/company\/wp-json\/wp\/v2\/pages\/6791\/revisions\/6822"}],"wp:attachment":[{"href":"https:\/\/www.kindermann.de\/company\/wp-json\/wp\/v2\/media?parent=6791"}],"curies":[{"name":"wp","href":"https:\/\/api.w.org\/{rel}","templated":true}]}}