{"id":600,"date":"2022-09-08T15:46:16","date_gmt":"2022-09-08T13:46:16","guid":{"rendered":"https:\/\/www.kindermann.de\/wp\/?page_id=600"},"modified":"2022-12-20T15:43:56","modified_gmt":"2022-12-20T14:43:56","slug":"fertigungspartner","status":"publish","type":"page","link":"https:\/\/www.kindermann.de\/company\/unternehmen\/fertigungspartner\/","title":{"rendered":"Fertigungspartner"},"content":{"rendered":"<div class=\"sticky_on_header\">\n\t<div class=\"container\">\n\t\t<div class=\"subnav\">\n\t\t\t<h4>\n\t\t\t\tUnternehmen\t\t\t<\/h4>\n\t\t\t<ul class=\"filter_list\">\n\n\t\t\t\t\n\t\t\t\t\n\t\t\t\t\t\t\t\t\t\t\t\t\t\t<li class=\"\"><a href=\"https:\/\/www.kindermann.de\/company\/unternehmen\/standort\/\">Standort<\/a><\/li>\n\t\t\t\t\t\t\t\t\t\t<li class=\"\"><a href=\"https:\/\/www.kindermann.de\/company\/unternehmen\/karriere\/\">Karriere<\/a><\/li>\n\t\t\t\t\t\t\t\t\t\t<li class=\"\"><a href=\"https:\/\/www.kindermann.de\/company\/unternehmen\/ansprechpartner\/\">Ansprechpartner<\/a><\/li>\n\t\t\t\t\t\t\t\t\t\t<li class=\"active\"><a href=\"https:\/\/www.kindermann.de\/company\/unternehmen\/fertigungspartner\/\">Fertigungspartner<\/a><\/li>\n\t\t\t\t\t\t\t\t\t\t<li class=\"\"><a href=\"https:\/\/www.kindermann.de\/company\/unternehmen\/zertifizierungen\/\">Zertifizierungen<\/a><\/li>\n\t\t\t\t\t\t\t\t\t\t\t\t\t\n\t\t\t\t\t\t\t<\/ul>\n\t\t<\/div>\n\t<\/div>\n<\/div>\n\n\n<div class=\"main_slider_block  \">\n\t\t<div class=\"main_teaser main_teaser_default  main_teaser_slider_2a7e348abe19ce6d414f1b89d2c2ff11\" data-class=\"main_teaser_slider_2a7e348abe19ce6d414f1b89d2c2ff11\" data-duration=\"8\">\n\t\t\t\t\t<div class=\"main_slide main_slide_static\">\n\t\t\t\t\t\t\t\t<div class=\"main_slide_gallery main_slide_gallery_ddd8ce9a834e5c5e13037a652c0e0a70\" data-class=\"main_slide_gallery_ddd8ce9a834e5c5e13037a652c0e0a70\">\n\t\t\t\t<div class=\"main_slide_gallery_slide\"><img decoding=\"async\" width=\"2500\" height=\"869\" src=\"https:\/\/www.kindermann.de\/company\/wp-content\/uploads\/2022\/09\/lack.jpg\" class=\"attachment-full size-full\" alt=\"\" data-desc=\"\" ><\/div>\t\t\t\t<\/div>\n\t\t\t\t<div class=\"main_slide_text_outer main_slide_text_outer_spark_1_l\">\n\t\t\t\t\t<div class=\"main_slide_text main_slide_text_spark_1_l main_slide_text_ main_slide_text_lines_show\">\n\t\t\t\t\t\t<div class=\"main_slide_text_angle_h\"><\/div>\n\t\t\t\t\t\t<div class=\"main_slide_text_angle_v\"><\/div>\n\t\t\t\t\t\t<div class=\"main_slide_text_inner\">\n\t\t\t\t\t\t\t\n\t\t\t\t\t\t\t<h1><strong>Kindermann \u2013<\/strong><br >\neine starke Fertigung<\/h1>\n\t\t\t\t\t\t\t\t\t\t\t\t\t\t\n\t\t\t\t\t\t\t\t\t\t\t\t\t<\/div>\n\t\t\t\t\t<\/div>\n\t\t\t\t<\/div>\n\t\t\t<\/div>\n\t\t\t<\/div>\n<\/div>\n\n\n\n<div style=\"height:60px\" aria-hidden=\"true\" class=\"wp-block-spacer\"><\/div>\n\n\n\n<h3 class=\"wp-block-heading\"><strong>\u2026 die Entwicklung und Produktion in Deutschland<\/strong><\/h3>\n\n\n\n<p class=\"has-medium-font-size\">Dank der hauseignen Entwicklungsabteilung entstehen L\u00f6sungen, die sich von der Masse abheben. Ein Hauptaugenmerk liegt dabei stets auf einer einfachen und schnellen Installation sowie intuitiven Nutzung. Dar\u00fcber hinaus steht auch der Designaspekt im Fokus. Die Produkte von Kindermann stehen f\u00fcr Wertigkeit und f\u00fcgen sich nahtlos in jedes Ambiente ein.&nbsp;<\/p>\n\n\n<div class=\"text_group text_group_ box_ box_\" id=\"  \">\n\t<div class=\"text_group_content \">\n\t\t\n\n<p><\/p>\n\n\n\n<p>Am Firmenstandort in Eibelstadt bei W\u00fcrzburg fertigt Kindermann eine gro\u00dfe Bandbreite an medientechnischen Produkten wie Tischanschlussfelder, Display-\/Projektoren-Halterungen, Deckenlifte und Medienm\u00f6bel. Die Produktion bietet auch die Flexibilit\u00e4t auf Sonderw\u00fcnsche zu reagieren und Kleinserien anzubieten.<\/p>\n\n\n\n<p>Die Fertigungsst\u00e4tte mit \u00fcber 5.000 qm ist mit modernstem Equipment ausgestattet. So wird h\u00f6chste Pr\u00e4zision bis ins Detail gew\u00e4hrleistet. Gerade auf dem internationalen Markt hat \u201eMade in Germany\u201c nach wie vor einen hohen Stellenwert.<\/p>\n\n\n\n<p>Die Bereiche Entwicklung, Herstellung, Vertrieb und Service sind ISO 9001:2015 zertifiziert.<\/p>\n\n\n\n<p>Fordern Sie uns! Nehmen Sie Kontakt mit uns auf.<br>Ihr Ansprechpartner ist&nbsp;<strong>Martin M\u00fcller<\/strong>.<\/p>\n\n\n\n<div style=\"height:46px\" aria-hidden=\"true\" class=\"wp-block-spacer\"><\/div>\n\n\n\t<\/div>\n<\/div>\n\n\n\t<div class=\"grid_gallery grid_gallery_12  mylightbox_group grid_gallery_left  \">\n\t\t\t\t\t<div class=\"grid_gallery_item grid_gallery_item_1\">\n\t\t\t\t<img decoding=\"async\" width=\"1800\" height=\"1200\" src=\"https:\/\/www.kindermann.de\/company\/wp-content\/uploads\/2022\/10\/DSC06203.jpg\" class=\"open_mylightbox grid_gallery_img\" alt=\"\" data-desc=\"\" >\t\t\t<\/div>\n\t\t\t\t\t<div class=\"grid_gallery_item grid_gallery_item_2\">\n\t\t\t\t<img decoding=\"async\" width=\"1800\" height=\"1200\" src=\"https:\/\/www.kindermann.de\/company\/wp-content\/uploads\/2022\/10\/DSC06180.jpg\" class=\"open_mylightbox grid_gallery_img\" alt=\"\" data-desc=\"\" >\t\t\t<\/div>\n\t\t\t\t\t<div class=\"grid_gallery_item grid_gallery_item_3\">\n\t\t\t\t<img decoding=\"async\" width=\"1752\" height=\"1168\" src=\"https:\/\/www.kindermann.de\/company\/wp-content\/uploads\/2022\/10\/DSC06136.jpg\" class=\"open_mylightbox grid_gallery_img\" alt=\"\" data-desc=\"\" >\t\t\t<\/div>\n\t\t\t\t\t<div class=\"grid_gallery_item grid_gallery_item_4\">\n\t\t\t\t<img decoding=\"async\" width=\"1800\" height=\"1200\" src=\"https:\/\/www.kindermann.de\/company\/wp-content\/uploads\/2022\/10\/DSC06088.jpg\" class=\"open_mylightbox grid_gallery_img\" alt=\"\" data-desc=\"\" >\t\t\t<\/div>\n\t\t\t\t\t<div class=\"grid_gallery_item grid_gallery_item_5\">\n\t\t\t\t<img decoding=\"async\" width=\"1800\" height=\"1200\" src=\"https:\/\/www.kindermann.de\/company\/wp-content\/uploads\/2022\/10\/DSC06015.jpg\" class=\"open_mylightbox grid_gallery_img\" alt=\"\" data-desc=\"\" >\t\t\t<\/div>\n\t\t\t\t\t<div class=\"grid_gallery_item grid_gallery_item_6\">\n\t\t\t\t<img decoding=\"async\" width=\"1800\" height=\"1200\" src=\"https:\/\/www.kindermann.de\/company\/wp-content\/uploads\/2022\/10\/DSC06011.jpg\" class=\"open_mylightbox grid_gallery_img\" alt=\"\" data-desc=\"\" >\t\t\t<\/div>\n\t\t\t\t\t<div class=\"grid_gallery_item grid_gallery_item_1\">\n\t\t\t\t<img decoding=\"async\" width=\"1800\" height=\"1200\" src=\"https:\/\/www.kindermann.de\/company\/wp-content\/uploads\/2022\/10\/DSC05984.jpg\" class=\"open_mylightbox grid_gallery_img\" alt=\"\" data-desc=\"\" >\t\t\t<\/div>\n\t\t\t\t\t<div class=\"grid_gallery_item grid_gallery_item_2\">\n\t\t\t\t<img decoding=\"async\" width=\"1800\" height=\"1200\" src=\"https:\/\/www.kindermann.de\/company\/wp-content\/uploads\/2022\/10\/DSC05968.jpg\" class=\"open_mylightbox grid_gallery_img\" alt=\"\" data-desc=\"\" >\t\t\t<\/div>\n\t\t\t\t\t<div class=\"grid_gallery_item grid_gallery_item_3\">\n\t\t\t\t<img decoding=\"async\" width=\"1800\" height=\"1200\" src=\"https:\/\/www.kindermann.de\/company\/wp-content\/uploads\/2022\/10\/DSC05859.jpg\" class=\"open_mylightbox grid_gallery_img\" alt=\"\" data-desc=\"\" >\t\t\t<\/div>\n\t\t\t\t\t<div class=\"grid_gallery_item grid_gallery_item_4\">\n\t\t\t\t<img decoding=\"async\" width=\"1800\" height=\"1200\" src=\"https:\/\/www.kindermann.de\/company\/wp-content\/uploads\/2022\/10\/DSC05929.jpg\" class=\"open_mylightbox grid_gallery_img\" alt=\"\" data-desc=\"\" >\t\t\t<\/div>\n\t\t\t\t\t<div class=\"grid_gallery_item grid_gallery_item_5\">\n\t\t\t\t<img decoding=\"async\" width=\"1800\" height=\"1200\" src=\"https:\/\/www.kindermann.de\/company\/wp-content\/uploads\/2022\/10\/DSC05952.jpg\" class=\"open_mylightbox grid_gallery_img\" alt=\"\" data-desc=\"\" >\t\t\t<\/div>\n\t\t\t\t\t<div class=\"grid_gallery_item grid_gallery_item_6\">\n\t\t\t\t<img decoding=\"async\" width=\"1800\" height=\"1200\" src=\"https:\/\/www.kindermann.de\/company\/wp-content\/uploads\/2022\/10\/DSC05951.jpg\" class=\"open_mylightbox grid_gallery_img\" alt=\"\" data-desc=\"\" >\t\t\t<\/div>\n\t\t\t\t\t<\/div>\n\n\n\n<div style=\"height:100px\" aria-hidden=\"true\" class=\"wp-block-spacer\"><\/div>\n\n\n\n<div class=\"contact box_spark_1 box_style_4\">\n\t<div class=\"container\">\n\t\t<div class=\"contact_content\">\n\t\t\t\t\t\t<div class=\"contact_text\">\n\t\t\t\t<div class=\"h2\"><strong>Noch Fragen?<\/strong><\/div>\n\n\t\t\t\t<h3>Martin M\u00fcller<\/h3>\n\t\t\t\t<!-- wp:paragraph -->\n<p><strong>Leiter Fertigung und Logistik<\/strong><br>Tel.: +49 (0) 93 03 \/ 9840 &#8211; 310<br><a href=\"mailto:m.mueller@kindermann.de\">m.mueller@kindermann.de<\/a><\/p>\n<!-- \/wp:paragraph -->\t\t\t<\/div>\n\t\t<\/div>\n\t\t\t<\/div>\n<\/div>\n","protected":false},"excerpt":{"rendered":"<p>\u2026 die Entwicklung und Produktion in Deutschland Dank der hauseignen Entwicklungsabteilung entstehen L\u00f6sungen, die sich von der Masse abheben. Ein &#8230;<\/p>\n","protected":false},"author":3,"featured_media":0,"parent":620,"menu_order":50,"comment_status":"closed","ping_status":"closed","template":"","meta":{"_acf_changed":false,"footnotes":""},"class_list":["post-600","page","type-page","status-publish","format-standard","hentry"],"acf":[],"yoast_head":"<!-- This site is optimized with the Yoast SEO plugin v27.4 - https:\/\/yoast.com\/product\/yoast-seo-wordpress\/ -->\n<title>Fertigungspartner - Kindermann GmbH<\/title>\n<meta name=\"description\" content=\"Entwicklung und Produktion in Deutschland. Dank der hauseignen Entwicklungsabteilung entstehen L\u00f6sungen, die sich von der Masse abheben.\" \/>\n<meta name=\"robots\" content=\"index, follow, max-snippet:-1, max-image-preview:large, max-video-preview:-1\" \/>\n<link rel=\"canonical\" href=\"https:\/\/www.kindermann.de\/company\/unternehmen\/fertigungspartner\/\" \/>\n<meta property=\"og:locale\" content=\"de_DE\" \/>\n<meta property=\"og:type\" content=\"article\" \/>\n<meta property=\"og:title\" content=\"Fertigungspartner - Kindermann GmbH\" \/>\n<meta property=\"og:description\" content=\"Entwicklung und Produktion in Deutschland. Dank der hauseignen Entwicklungsabteilung entstehen L\u00f6sungen, die sich von der Masse abheben.\" \/>\n<meta property=\"og:url\" content=\"https:\/\/www.kindermann.de\/company\/unternehmen\/fertigungspartner\/\" \/>\n<meta property=\"og:site_name\" content=\"Kindermann GmbH\" \/>\n<meta property=\"article:publisher\" content=\"https:\/\/www.facebook.com\/KindermannGmbH\/\" \/>\n<meta property=\"article:modified_time\" content=\"2022-12-20T14:43:56+00:00\" \/>\n<meta name=\"twitter:card\" content=\"summary_large_image\" \/>\n<meta name=\"twitter:label1\" content=\"Gesch\u00e4tzte Lesezeit\" \/>\n\t<meta name=\"twitter:data1\" content=\"1\u00a0Minute\" \/>\n<script type=\"application\/ld+json\" class=\"yoast-schema-graph\">{\"@context\":\"https:\\\/\\\/schema.org\",\"@graph\":[{\"@type\":\"WebPage\",\"@id\":\"https:\\\/\\\/www.kindermann.de\\\/company\\\/unternehmen\\\/fertigungspartner\\\/\",\"url\":\"https:\\\/\\\/www.kindermann.de\\\/company\\\/unternehmen\\\/fertigungspartner\\\/\",\"name\":\"Fertigungspartner - Kindermann GmbH\",\"isPartOf\":{\"@id\":\"https:\\\/\\\/www.kindermann.de\\\/company\\\/#website\"},\"datePublished\":\"2022-09-08T13:46:16+00:00\",\"dateModified\":\"2022-12-20T14:43:56+00:00\",\"description\":\"Entwicklung und Produktion in Deutschland. Dank der hauseignen Entwicklungsabteilung entstehen L\u00f6sungen, die sich von der Masse abheben.\",\"breadcrumb\":{\"@id\":\"https:\\\/\\\/www.kindermann.de\\\/company\\\/unternehmen\\\/fertigungspartner\\\/#breadcrumb\"},\"inLanguage\":\"de\",\"potentialAction\":[{\"@type\":\"ReadAction\",\"target\":[\"https:\\\/\\\/www.kindermann.de\\\/company\\\/unternehmen\\\/fertigungspartner\\\/\"]}]},{\"@type\":\"BreadcrumbList\",\"@id\":\"https:\\\/\\\/www.kindermann.de\\\/company\\\/unternehmen\\\/fertigungspartner\\\/#breadcrumb\",\"itemListElement\":[{\"@type\":\"ListItem\",\"position\":1,\"name\":\"Startseite\",\"item\":\"https:\\\/\\\/www.kindermann.de\\\/company\\\/\"},{\"@type\":\"ListItem\",\"position\":2,\"name\":\"Unternehmen\",\"item\":\"https:\\\/\\\/www.kindermann.de\\\/company\\\/unternehmen\\\/\"},{\"@type\":\"ListItem\",\"position\":3,\"name\":\"Fertigungspartner\"}]},{\"@type\":\"WebSite\",\"@id\":\"https:\\\/\\\/www.kindermann.de\\\/company\\\/#website\",\"url\":\"https:\\\/\\\/www.kindermann.de\\\/company\\\/\",\"name\":\"Kindermann GmbH\",\"description\":\"\",\"publisher\":{\"@id\":\"https:\\\/\\\/www.kindermann.de\\\/company\\\/#organization\"},\"potentialAction\":[{\"@type\":\"SearchAction\",\"target\":{\"@type\":\"EntryPoint\",\"urlTemplate\":\"https:\\\/\\\/www.kindermann.de\\\/company\\\/?s={search_term_string}\"},\"query-input\":{\"@type\":\"PropertyValueSpecification\",\"valueRequired\":true,\"valueName\":\"search_term_string\"}}],\"inLanguage\":\"de\"},{\"@type\":\"Organization\",\"@id\":\"https:\\\/\\\/www.kindermann.de\\\/company\\\/#organization\",\"name\":\"Kindermann GmbH\",\"url\":\"https:\\\/\\\/www.kindermann.de\\\/company\\\/\",\"logo\":{\"@type\":\"ImageObject\",\"inLanguage\":\"de\",\"@id\":\"https:\\\/\\\/www.kindermann.de\\\/company\\\/#\\\/schema\\\/logo\\\/image\\\/\",\"url\":\"https:\\\/\\\/www.kindermann.de\\\/company\\\/wp-content\\\/uploads\\\/2022\\\/10\\\/Kindermann_Logo_300_100.png\",\"contentUrl\":\"https:\\\/\\\/www.kindermann.de\\\/company\\\/wp-content\\\/uploads\\\/2022\\\/10\\\/Kindermann_Logo_300_100.png\",\"width\":300,\"height\":100,\"caption\":\"Kindermann GmbH\"},\"image\":{\"@id\":\"https:\\\/\\\/www.kindermann.de\\\/company\\\/#\\\/schema\\\/logo\\\/image\\\/\"},\"sameAs\":[\"https:\\\/\\\/www.facebook.com\\\/KindermannGmbH\\\/\",\"https:\\\/\\\/www.xing.com\\\/pages\\\/kindermanngmbh\",\"https:\\\/\\\/www.linkedin.com\\\/company\\\/kindermann-gmbh\"]}]}<\/script>\n<!-- \/ Yoast SEO plugin. -->","yoast_head_json":{"title":"Fertigungspartner - Kindermann GmbH","description":"Entwicklung und Produktion in Deutschland. Dank der hauseignen Entwicklungsabteilung entstehen L\u00f6sungen, die sich von der Masse abheben.","robots":{"index":"index","follow":"follow","max-snippet":"max-snippet:-1","max-image-preview":"max-image-preview:large","max-video-preview":"max-video-preview:-1"},"canonical":"https:\/\/www.kindermann.de\/company\/unternehmen\/fertigungspartner\/","og_locale":"de_DE","og_type":"article","og_title":"Fertigungspartner - Kindermann GmbH","og_description":"Entwicklung und Produktion in Deutschland. Dank der hauseignen Entwicklungsabteilung entstehen L\u00f6sungen, die sich von der Masse abheben.","og_url":"https:\/\/www.kindermann.de\/company\/unternehmen\/fertigungspartner\/","og_site_name":"Kindermann GmbH","article_publisher":"https:\/\/www.facebook.com\/KindermannGmbH\/","article_modified_time":"2022-12-20T14:43:56+00:00","twitter_card":"summary_large_image","twitter_misc":{"Gesch\u00e4tzte Lesezeit":"1\u00a0Minute"},"schema":{"@context":"https:\/\/schema.org","@graph":[{"@type":"WebPage","@id":"https:\/\/www.kindermann.de\/company\/unternehmen\/fertigungspartner\/","url":"https:\/\/www.kindermann.de\/company\/unternehmen\/fertigungspartner\/","name":"Fertigungspartner - Kindermann GmbH","isPartOf":{"@id":"https:\/\/www.kindermann.de\/company\/#website"},"datePublished":"2022-09-08T13:46:16+00:00","dateModified":"2022-12-20T14:43:56+00:00","description":"Entwicklung und Produktion in Deutschland. Dank der hauseignen Entwicklungsabteilung entstehen L\u00f6sungen, die sich von der Masse abheben.","breadcrumb":{"@id":"https:\/\/www.kindermann.de\/company\/unternehmen\/fertigungspartner\/#breadcrumb"},"inLanguage":"de","potentialAction":[{"@type":"ReadAction","target":["https:\/\/www.kindermann.de\/company\/unternehmen\/fertigungspartner\/"]}]},{"@type":"BreadcrumbList","@id":"https:\/\/www.kindermann.de\/company\/unternehmen\/fertigungspartner\/#breadcrumb","itemListElement":[{"@type":"ListItem","position":1,"name":"Startseite","item":"https:\/\/www.kindermann.de\/company\/"},{"@type":"ListItem","position":2,"name":"Unternehmen","item":"https:\/\/www.kindermann.de\/company\/unternehmen\/"},{"@type":"ListItem","position":3,"name":"Fertigungspartner"}]},{"@type":"WebSite","@id":"https:\/\/www.kindermann.de\/company\/#website","url":"https:\/\/www.kindermann.de\/company\/","name":"Kindermann GmbH","description":"","publisher":{"@id":"https:\/\/www.kindermann.de\/company\/#organization"},"potentialAction":[{"@type":"SearchAction","target":{"@type":"EntryPoint","urlTemplate":"https:\/\/www.kindermann.de\/company\/?s={search_term_string}"},"query-input":{"@type":"PropertyValueSpecification","valueRequired":true,"valueName":"search_term_string"}}],"inLanguage":"de"},{"@type":"Organization","@id":"https:\/\/www.kindermann.de\/company\/#organization","name":"Kindermann GmbH","url":"https:\/\/www.kindermann.de\/company\/","logo":{"@type":"ImageObject","inLanguage":"de","@id":"https:\/\/www.kindermann.de\/company\/#\/schema\/logo\/image\/","url":"https:\/\/www.kindermann.de\/company\/wp-content\/uploads\/2022\/10\/Kindermann_Logo_300_100.png","contentUrl":"https:\/\/www.kindermann.de\/company\/wp-content\/uploads\/2022\/10\/Kindermann_Logo_300_100.png","width":300,"height":100,"caption":"Kindermann GmbH"},"image":{"@id":"https:\/\/www.kindermann.de\/company\/#\/schema\/logo\/image\/"},"sameAs":["https:\/\/www.facebook.com\/KindermannGmbH\/","https:\/\/www.xing.com\/pages\/kindermanngmbh","https:\/\/www.linkedin.com\/company\/kindermann-gmbh"]}]}},"_links":{"self":[{"href":"https:\/\/www.kindermann.de\/company\/wp-json\/wp\/v2\/pages\/600","targetHints":{"allow":["GET"]}}],"collection":[{"href":"https:\/\/www.kindermann.de\/company\/wp-json\/wp\/v2\/pages"}],"about":[{"href":"https:\/\/www.kindermann.de\/company\/wp-json\/wp\/v2\/types\/page"}],"author":[{"embeddable":true,"href":"https:\/\/www.kindermann.de\/company\/wp-json\/wp\/v2\/users\/3"}],"replies":[{"embeddable":true,"href":"https:\/\/www.kindermann.de\/company\/wp-json\/wp\/v2\/comments?post=600"}],"version-history":[{"count":24,"href":"https:\/\/www.kindermann.de\/company\/wp-json\/wp\/v2\/pages\/600\/revisions"}],"predecessor-version":[{"id":5240,"href":"https:\/\/www.kindermann.de\/company\/wp-json\/wp\/v2\/pages\/600\/revisions\/5240"}],"up":[{"embeddable":true,"href":"https:\/\/www.kindermann.de\/company\/wp-json\/wp\/v2\/pages\/620"}],"wp:attachment":[{"href":"https:\/\/www.kindermann.de\/company\/wp-json\/wp\/v2\/media?parent=600"}],"curies":[{"name":"wp","href":"https:\/\/api.w.org\/{rel}","templated":true}]}}