{"id":578,"date":"2022-09-08T15:30:35","date_gmt":"2022-09-08T13:30:35","guid":{"rendered":"https:\/\/www.kindermann.de\/wp\/?page_id=578"},"modified":"2024-08-29T14:40:32","modified_gmt":"2024-08-29T12:40:32","slug":"standort","status":"publish","type":"page","link":"https:\/\/www.kindermann.de\/company\/unternehmen\/standort\/","title":{"rendered":"Standort"},"content":{"rendered":"<div class=\"option_teaser_detail\">\n\t<div class=\"option_teaser_detail_inner\">\n\t\t\n\t<\/div>\n<\/div>\n\n<div class=\"sticky_on_header\">\n\t<div class=\"container\">\n\t\t<div class=\"subnav\">\n\t\t\t<h4>\n\t\t\t\tUnternehmen\t\t\t<\/h4>\n\t\t\t<ul class=\"filter_list\">\n\n\t\t\t\t\n\t\t\t\t\n\t\t\t\t\t\t\t\t\t\t\t\t\t\t<li class=\"active\"><a href=\"https:\/\/www.kindermann.de\/company\/unternehmen\/standort\/\">Standort<\/a><\/li>\n\t\t\t\t\t\t\t\t\t\t<li class=\"\"><a href=\"https:\/\/www.kindermann.de\/company\/unternehmen\/karriere\/\">Karriere<\/a><\/li>\n\t\t\t\t\t\t\t\t\t\t<li class=\"\"><a href=\"https:\/\/www.kindermann.de\/company\/unternehmen\/ansprechpartner\/\">Ansprechpartner<\/a><\/li>\n\t\t\t\t\t\t\t\t\t\t<li class=\"\"><a href=\"https:\/\/www.kindermann.de\/company\/unternehmen\/fertigungspartner\/\">Fertigungspartner<\/a><\/li>\n\t\t\t\t\t\t\t\t\t\t<li class=\"\"><a href=\"https:\/\/www.kindermann.de\/company\/unternehmen\/zertifizierungen\/\">Zertifizierungen<\/a><\/li>\n\t\t\t\t\t\t\t\t\t\t\t\t\t\n\t\t\t\t\t\t\t<\/ul>\n\t\t<\/div>\n\t<\/div>\n<\/div>\n\n\n<div class=\"main_slider_block  \">\n\t\t<div class=\"main_teaser main_teaser_default  main_teaser_slider_865d4d515b779728df2e76a3bacc9ff0\" data-class=\"main_teaser_slider_865d4d515b779728df2e76a3bacc9ff0\" data-duration=\"8\">\n\t\t\t\t\t<div class=\"main_slide main_slide_static\">\n\t\t\t\t\t\t\t\t<div class=\"main_slide_gallery main_slide_gallery_cc8b936bad3207880eeb3d2f6374f9a5\" data-class=\"main_slide_gallery_cc8b936bad3207880eeb3d2f6374f9a5\">\n\t\t\t\t<div class=\"main_slide_gallery_slide\"><img decoding=\"async\" width=\"2457\" height=\"1132\" src=\"https:\/\/www.kindermann.de\/company\/wp-content\/uploads\/2024\/08\/Kindermann-Standort.jpg\" class=\"attachment-full size-full\" alt=\"\" data-desc=\"\" ><\/div>\t\t\t\t<\/div>\n\t\t\t\t<div class=\"main_slide_text_outer main_slide_text_outer_spark_1_l\">\n\t\t\t\t\t<div class=\"main_slide_text main_slide_text_spark_1_l main_slide_text_white main_slide_text_lines_show\">\n\t\t\t\t\t\t<div class=\"main_slide_text_angle_h\"><\/div>\n\t\t\t\t\t\t<div class=\"main_slide_text_angle_v\"><\/div>\n\t\t\t\t\t\t<div class=\"main_slide_text_inner\">\n\t\t\t\t\t\t\t\n\t\t\t\t\t\t\t<p><strong><span style=\"color: #e80029\">Kindermann<\/span><\/strong><\/p>\n<h1><strong>Unser Standort<\/strong><\/h1>\n\t\t\t\t\t\t\t\t\t\t\t\t\t\t\n\t\t\t\t\t\t\t\t\t\t\t\t\t<\/div>\n\t\t\t\t\t<\/div>\n\t\t\t\t<\/div>\n\t\t\t<\/div>\n\t\t\t<\/div>\n<\/div>\n\n\n\n<div style=\"height:100px\" aria-hidden=\"true\" class=\"wp-block-spacer\"><\/div>\n\n\n\n<p class=\"has-medium-font-size\">Der Firmenstandort in Eibelstadt bei W\u00fcrzburg ist der zentrale Dreh- und Angelpunkt aller Aktivit\u00e4ten. In dem hochmodernen Geb\u00e4udekomplex sind alle Abteilungen beheimatet. Auch Entwicklung, Produktion und Logistik sind hier anzutreffen. Das sorgt f\u00fcr kurze Kommunikationswege und Reaktionszeiten. Dieser lebendige Austausch in ansprechendem Ambiente sorgt dabei stets f\u00fcr eine angenehme Arbeitsatmosph\u00e4re. Hier wird Kindermann Experience mit Leben erf\u00fcllt.<\/p>\n\n\n\n<div style=\"height:100px\" aria-hidden=\"true\" class=\"wp-block-spacer\"><\/div>\n\n\n\n<div class=\"wp-block-columns is-layout-flex wp-container-core-columns-is-layout-9d6595d7 wp-block-columns-is-layout-flex\">\n<div class=\"wp-block-column is-layout-flow wp-block-column-is-layout-flow\">\n<figure class=\"wp-block-image size-large\"><a href=\"https:\/\/goo.gl\/maps\/JdVZ68ffgyeeWCZT6\" target=\"_blank\" rel=\"noreferrer noopener\"><img decoding=\"async\" width=\"1024\" height=\"522\" src=\"https:\/\/www.kindermann.de\/company\/wp-content\/uploads\/2022\/09\/Kindermann_Map_quer_big-1024x522.jpg\" alt=\"\" class=\"wp-image-3459\"><\/a><\/figure>\n<\/div>\n\n\n\n<div class=\"wp-block-column is-layout-flow wp-block-column-is-layout-flow\" style=\"flex-basis:50px\"><\/div>\n\n\n\n<div class=\"wp-block-column is-vertically-aligned-center is-layout-flow wp-block-column-is-layout-flow\">\n<h3 class=\"wp-block-heading\"><strong>Anschrift<\/strong><\/h3>\n\n\n\n<p><strong>Kindermann GmbH<\/strong><br>Mainparkring 3<br>D-97246 Eibelstadt<br><br>Telefon: +49 (0) 9303 9840 &#8211; 0&nbsp;<br>Telefax: +49 (0) 9303 9840 &#8211; 101&nbsp;<br>E-Mail: <a rel=\"noreferrer noopener\" href=\"mailto:info@kindermann.de\" target=\"_blank\">info@kindermann.de<\/a><\/p>\n\n\n\n<div class=\"wp-block-buttons is-layout-flex wp-block-buttons-is-layout-flex\">\n<div class=\"wp-block-button\"><a class=\"wp-block-button__link has-white-color has-primary-background-color has-text-color has-background wp-element-button\" href=\"https:\/\/goo.gl\/maps\/JdVZ68ffgyeeWCZT6\" target=\"_blank\" rel=\"noreferrer noopener\">Anfahrt planen<\/a><\/div>\n<\/div>\n<\/div>\n<\/div>\n\n\n\n<div style=\"height:100px\" aria-hidden=\"true\" class=\"wp-block-spacer\"><\/div>\n","protected":false},"excerpt":{"rendered":"<p>Der Firmenstandort in Eibelstadt bei W\u00fcrzburg ist der zentrale Dreh- und Angelpunkt aller Aktivit\u00e4ten. In dem hochmodernen Geb\u00e4udekomplex sind alle &#8230;<\/p>\n","protected":false},"author":3,"featured_media":0,"parent":620,"menu_order":35,"comment_status":"closed","ping_status":"closed","template":"","meta":{"_acf_changed":false,"footnotes":""},"class_list":["post-578","page","type-page","status-publish","format-standard","hentry"],"acf":[],"yoast_head":"<!-- This site is optimized with the Yoast SEO plugin v27.4 - https:\/\/yoast.com\/product\/yoast-seo-wordpress\/ -->\n<title>Standort - Kindermann GmbH<\/title>\n<meta name=\"description\" content=\"Der Firmenstandort in Eibelstadt bei W\u00fcrzburg ist der zentrale Dreh- und Angelpunkt aller Aktivit\u00e4ten.\" \/>\n<meta name=\"robots\" content=\"index, follow, max-snippet:-1, max-image-preview:large, max-video-preview:-1\" \/>\n<link rel=\"canonical\" href=\"https:\/\/www.kindermann.de\/company\/unternehmen\/standort\/\" \/>\n<meta property=\"og:locale\" content=\"de_DE\" \/>\n<meta property=\"og:type\" content=\"article\" \/>\n<meta property=\"og:title\" content=\"Standort - Kindermann GmbH\" \/>\n<meta property=\"og:description\" content=\"Der Firmenstandort in Eibelstadt bei W\u00fcrzburg ist der zentrale Dreh- und Angelpunkt aller Aktivit\u00e4ten.\" \/>\n<meta property=\"og:url\" content=\"https:\/\/www.kindermann.de\/company\/unternehmen\/standort\/\" \/>\n<meta property=\"og:site_name\" content=\"Kindermann GmbH\" \/>\n<meta property=\"article:publisher\" content=\"https:\/\/www.facebook.com\/KindermannGmbH\/\" \/>\n<meta property=\"article:modified_time\" content=\"2024-08-29T12:40:32+00:00\" \/>\n<meta property=\"og:image\" content=\"https:\/\/www.kindermann.de\/wp\/wp-content\/uploads\/2022\/09\/Kindermann_Map_quer_big-1024x522.jpg\" \/>\n<meta name=\"twitter:card\" content=\"summary_large_image\" \/>\n<meta name=\"twitter:label1\" content=\"Gesch\u00e4tzte Lesezeit\" \/>\n\t<meta name=\"twitter:data1\" content=\"1\u00a0Minute\" \/>\n<script type=\"application\/ld+json\" class=\"yoast-schema-graph\">{\"@context\":\"https:\\\/\\\/schema.org\",\"@graph\":[{\"@type\":\"WebPage\",\"@id\":\"https:\\\/\\\/www.kindermann.de\\\/company\\\/unternehmen\\\/standort\\\/\",\"url\":\"https:\\\/\\\/www.kindermann.de\\\/company\\\/unternehmen\\\/standort\\\/\",\"name\":\"Standort - Kindermann GmbH\",\"isPartOf\":{\"@id\":\"https:\\\/\\\/www.kindermann.de\\\/company\\\/#website\"},\"primaryImageOfPage\":{\"@id\":\"https:\\\/\\\/www.kindermann.de\\\/company\\\/unternehmen\\\/standort\\\/#primaryimage\"},\"image\":{\"@id\":\"https:\\\/\\\/www.kindermann.de\\\/company\\\/unternehmen\\\/standort\\\/#primaryimage\"},\"thumbnailUrl\":\"https:\\\/\\\/www.kindermann.de\\\/wp\\\/wp-content\\\/uploads\\\/2022\\\/09\\\/Kindermann_Map_quer_big-1024x522.jpg\",\"datePublished\":\"2022-09-08T13:30:35+00:00\",\"dateModified\":\"2024-08-29T12:40:32+00:00\",\"description\":\"Der Firmenstandort in Eibelstadt bei W\u00fcrzburg ist der zentrale Dreh- und Angelpunkt aller Aktivit\u00e4ten.\",\"breadcrumb\":{\"@id\":\"https:\\\/\\\/www.kindermann.de\\\/company\\\/unternehmen\\\/standort\\\/#breadcrumb\"},\"inLanguage\":\"de\",\"potentialAction\":[{\"@type\":\"ReadAction\",\"target\":[\"https:\\\/\\\/www.kindermann.de\\\/company\\\/unternehmen\\\/standort\\\/\"]}]},{\"@type\":\"ImageObject\",\"inLanguage\":\"de\",\"@id\":\"https:\\\/\\\/www.kindermann.de\\\/company\\\/unternehmen\\\/standort\\\/#primaryimage\",\"url\":\"https:\\\/\\\/www.kindermann.de\\\/wp\\\/wp-content\\\/uploads\\\/2022\\\/09\\\/Kindermann_Map_quer_big-1024x522.jpg\",\"contentUrl\":\"https:\\\/\\\/www.kindermann.de\\\/wp\\\/wp-content\\\/uploads\\\/2022\\\/09\\\/Kindermann_Map_quer_big-1024x522.jpg\"},{\"@type\":\"BreadcrumbList\",\"@id\":\"https:\\\/\\\/www.kindermann.de\\\/company\\\/unternehmen\\\/standort\\\/#breadcrumb\",\"itemListElement\":[{\"@type\":\"ListItem\",\"position\":1,\"name\":\"Startseite\",\"item\":\"https:\\\/\\\/www.kindermann.de\\\/company\\\/\"},{\"@type\":\"ListItem\",\"position\":2,\"name\":\"Unternehmen\",\"item\":\"https:\\\/\\\/www.kindermann.de\\\/company\\\/unternehmen\\\/\"},{\"@type\":\"ListItem\",\"position\":3,\"name\":\"Standort\"}]},{\"@type\":\"WebSite\",\"@id\":\"https:\\\/\\\/www.kindermann.de\\\/company\\\/#website\",\"url\":\"https:\\\/\\\/www.kindermann.de\\\/company\\\/\",\"name\":\"Kindermann GmbH\",\"description\":\"\",\"publisher\":{\"@id\":\"https:\\\/\\\/www.kindermann.de\\\/company\\\/#organization\"},\"potentialAction\":[{\"@type\":\"SearchAction\",\"target\":{\"@type\":\"EntryPoint\",\"urlTemplate\":\"https:\\\/\\\/www.kindermann.de\\\/company\\\/?s={search_term_string}\"},\"query-input\":{\"@type\":\"PropertyValueSpecification\",\"valueRequired\":true,\"valueName\":\"search_term_string\"}}],\"inLanguage\":\"de\"},{\"@type\":\"Organization\",\"@id\":\"https:\\\/\\\/www.kindermann.de\\\/company\\\/#organization\",\"name\":\"Kindermann GmbH\",\"url\":\"https:\\\/\\\/www.kindermann.de\\\/company\\\/\",\"logo\":{\"@type\":\"ImageObject\",\"inLanguage\":\"de\",\"@id\":\"https:\\\/\\\/www.kindermann.de\\\/company\\\/#\\\/schema\\\/logo\\\/image\\\/\",\"url\":\"https:\\\/\\\/www.kindermann.de\\\/company\\\/wp-content\\\/uploads\\\/2022\\\/10\\\/Kindermann_Logo_300_100.png\",\"contentUrl\":\"https:\\\/\\\/www.kindermann.de\\\/company\\\/wp-content\\\/uploads\\\/2022\\\/10\\\/Kindermann_Logo_300_100.png\",\"width\":300,\"height\":100,\"caption\":\"Kindermann GmbH\"},\"image\":{\"@id\":\"https:\\\/\\\/www.kindermann.de\\\/company\\\/#\\\/schema\\\/logo\\\/image\\\/\"},\"sameAs\":[\"https:\\\/\\\/www.facebook.com\\\/KindermannGmbH\\\/\",\"https:\\\/\\\/www.xing.com\\\/pages\\\/kindermanngmbh\",\"https:\\\/\\\/www.linkedin.com\\\/company\\\/kindermann-gmbh\"]}]}<\/script>\n<!-- \/ Yoast SEO plugin. -->","yoast_head_json":{"title":"Standort - Kindermann GmbH","description":"Der Firmenstandort in Eibelstadt bei W\u00fcrzburg ist der zentrale Dreh- und Angelpunkt aller Aktivit\u00e4ten.","robots":{"index":"index","follow":"follow","max-snippet":"max-snippet:-1","max-image-preview":"max-image-preview:large","max-video-preview":"max-video-preview:-1"},"canonical":"https:\/\/www.kindermann.de\/company\/unternehmen\/standort\/","og_locale":"de_DE","og_type":"article","og_title":"Standort - Kindermann GmbH","og_description":"Der Firmenstandort in Eibelstadt bei W\u00fcrzburg ist der zentrale Dreh- und Angelpunkt aller Aktivit\u00e4ten.","og_url":"https:\/\/www.kindermann.de\/company\/unternehmen\/standort\/","og_site_name":"Kindermann GmbH","article_publisher":"https:\/\/www.facebook.com\/KindermannGmbH\/","article_modified_time":"2024-08-29T12:40:32+00:00","og_image":[{"url":"https:\/\/www.kindermann.de\/wp\/wp-content\/uploads\/2022\/09\/Kindermann_Map_quer_big-1024x522.jpg","type":"","width":"","height":""}],"twitter_card":"summary_large_image","twitter_misc":{"Gesch\u00e4tzte Lesezeit":"1\u00a0Minute"},"schema":{"@context":"https:\/\/schema.org","@graph":[{"@type":"WebPage","@id":"https:\/\/www.kindermann.de\/company\/unternehmen\/standort\/","url":"https:\/\/www.kindermann.de\/company\/unternehmen\/standort\/","name":"Standort - Kindermann GmbH","isPartOf":{"@id":"https:\/\/www.kindermann.de\/company\/#website"},"primaryImageOfPage":{"@id":"https:\/\/www.kindermann.de\/company\/unternehmen\/standort\/#primaryimage"},"image":{"@id":"https:\/\/www.kindermann.de\/company\/unternehmen\/standort\/#primaryimage"},"thumbnailUrl":"https:\/\/www.kindermann.de\/wp\/wp-content\/uploads\/2022\/09\/Kindermann_Map_quer_big-1024x522.jpg","datePublished":"2022-09-08T13:30:35+00:00","dateModified":"2024-08-29T12:40:32+00:00","description":"Der Firmenstandort in Eibelstadt bei W\u00fcrzburg ist der zentrale Dreh- und Angelpunkt aller Aktivit\u00e4ten.","breadcrumb":{"@id":"https:\/\/www.kindermann.de\/company\/unternehmen\/standort\/#breadcrumb"},"inLanguage":"de","potentialAction":[{"@type":"ReadAction","target":["https:\/\/www.kindermann.de\/company\/unternehmen\/standort\/"]}]},{"@type":"ImageObject","inLanguage":"de","@id":"https:\/\/www.kindermann.de\/company\/unternehmen\/standort\/#primaryimage","url":"https:\/\/www.kindermann.de\/wp\/wp-content\/uploads\/2022\/09\/Kindermann_Map_quer_big-1024x522.jpg","contentUrl":"https:\/\/www.kindermann.de\/wp\/wp-content\/uploads\/2022\/09\/Kindermann_Map_quer_big-1024x522.jpg"},{"@type":"BreadcrumbList","@id":"https:\/\/www.kindermann.de\/company\/unternehmen\/standort\/#breadcrumb","itemListElement":[{"@type":"ListItem","position":1,"name":"Startseite","item":"https:\/\/www.kindermann.de\/company\/"},{"@type":"ListItem","position":2,"name":"Unternehmen","item":"https:\/\/www.kindermann.de\/company\/unternehmen\/"},{"@type":"ListItem","position":3,"name":"Standort"}]},{"@type":"WebSite","@id":"https:\/\/www.kindermann.de\/company\/#website","url":"https:\/\/www.kindermann.de\/company\/","name":"Kindermann GmbH","description":"","publisher":{"@id":"https:\/\/www.kindermann.de\/company\/#organization"},"potentialAction":[{"@type":"SearchAction","target":{"@type":"EntryPoint","urlTemplate":"https:\/\/www.kindermann.de\/company\/?s={search_term_string}"},"query-input":{"@type":"PropertyValueSpecification","valueRequired":true,"valueName":"search_term_string"}}],"inLanguage":"de"},{"@type":"Organization","@id":"https:\/\/www.kindermann.de\/company\/#organization","name":"Kindermann GmbH","url":"https:\/\/www.kindermann.de\/company\/","logo":{"@type":"ImageObject","inLanguage":"de","@id":"https:\/\/www.kindermann.de\/company\/#\/schema\/logo\/image\/","url":"https:\/\/www.kindermann.de\/company\/wp-content\/uploads\/2022\/10\/Kindermann_Logo_300_100.png","contentUrl":"https:\/\/www.kindermann.de\/company\/wp-content\/uploads\/2022\/10\/Kindermann_Logo_300_100.png","width":300,"height":100,"caption":"Kindermann GmbH"},"image":{"@id":"https:\/\/www.kindermann.de\/company\/#\/schema\/logo\/image\/"},"sameAs":["https:\/\/www.facebook.com\/KindermannGmbH\/","https:\/\/www.xing.com\/pages\/kindermanngmbh","https:\/\/www.linkedin.com\/company\/kindermann-gmbh"]}]}},"_links":{"self":[{"href":"https:\/\/www.kindermann.de\/company\/wp-json\/wp\/v2\/pages\/578","targetHints":{"allow":["GET"]}}],"collection":[{"href":"https:\/\/www.kindermann.de\/company\/wp-json\/wp\/v2\/pages"}],"about":[{"href":"https:\/\/www.kindermann.de\/company\/wp-json\/wp\/v2\/types\/page"}],"author":[{"embeddable":true,"href":"https:\/\/www.kindermann.de\/company\/wp-json\/wp\/v2\/users\/3"}],"replies":[{"embeddable":true,"href":"https:\/\/www.kindermann.de\/company\/wp-json\/wp\/v2\/comments?post=578"}],"version-history":[{"count":32,"href":"https:\/\/www.kindermann.de\/company\/wp-json\/wp\/v2\/pages\/578\/revisions"}],"predecessor-version":[{"id":13048,"href":"https:\/\/www.kindermann.de\/company\/wp-json\/wp\/v2\/pages\/578\/revisions\/13048"}],"up":[{"embeddable":true,"href":"https:\/\/www.kindermann.de\/company\/wp-json\/wp\/v2\/pages\/620"}],"wp:attachment":[{"href":"https:\/\/www.kindermann.de\/company\/wp-json\/wp\/v2\/media?parent=578"}],"curies":[{"name":"wp","href":"https:\/\/api.w.org\/{rel}","templated":true}]}}