{"id":554,"date":"2022-09-08T14:15:34","date_gmt":"2022-09-08T12:15:34","guid":{"rendered":"https:\/\/www.kindermann.de\/wp\/?page_id=554"},"modified":"2026-02-05T14:01:37","modified_gmt":"2026-02-05T13:01:37","slug":"agb","status":"publish","type":"page","link":"https:\/\/www.kindermann.de\/company\/agb\/","title":{"rendered":"Allgemeine Gesch\u00e4ftsbedingungen"},"content":{"rendered":"\n<p><\/p>\n\n\n<div class=\"text_group text_group_ box_ box_\" id=\"  \">\n\t<div class=\"text_group_content \">\n\t\t\n\n<h1 class=\"wp-block-heading\">Allgemeine Gesch\u00e4ftsbedingungen&nbsp;f\u00fcr Lieferungen und Leistungen<\/h1>\n\n\n\n<h3 class=\"wp-block-heading\">I. Geltungsbereich<\/h3>\n\n\n\n<ol class=\"wp-block-list\">\n<li>Soweit keine abweichende Einzelvereinbarung getroffen wird, unterliegen unsere Angebote, Verk\u00e4ufe, Reparaturen und sonstigen Leistungen gegen\u00fcber Unternehmern (\u201eBesteller\u201c) den nachstehenden Bedingungen.<\/li>\n\n\n\n<li>Abweichende Gesch\u00e4ftsbedingungen des Bestellers finden keine Anwendung, auch wenn wir ihrer Geltung im Einzelfall nicht gesondert widersprechen. Weder in der Bezugnahme auf ein Schreiben, das abweichende Gesch\u00e4ftsbedingungen enth\u00e4lt oder auf diese verweist, noch in der Lieferung durch uns liegt ein Einverst\u00e4ndnis zu anderen Bedingungen.<\/li>\n<\/ol>\n\n\n\n<h3 class=\"wp-block-heading\">II. Angebote<\/h3>\n\n\n\n<ol class=\"wp-block-list\">\n<li>Unsere elektronischen Medien, Kataloge, Prospekte, Preislisten und sonstigen Publikationen (zusammen \u201eunsere Publikationen\u201c) informieren lediglich \u00fcber unser Produktsortiment und stellen keine Angebote im Sinne des \u00a7 145 BGB dar. Abbildungen und Ma\u00dfangaben in unseren Publikationen stellen in keinem Fall die Zusicherung einer Eigenschaft dar, auch l\u00e4sst sich aus ihnen nicht eine spezielle Eignung herleiten. \u00c4nderungen behalten wir uns vor.<\/li>\n\n\n\n<li>Angebote sind freibleibend, soweit nicht von unserer Seite eine Bindungsfrist angegeben ist.<\/li>\n\n\n\n<li>An allen von uns zur Verf\u00fcgung gestellten Mustern, Pl\u00e4nen, Abbildungen, Zeichnungen und sonstigen Unterlagen behalten wir uns s\u00e4mtliche Eigentums- und Verwertungsrechte uneingeschr\u00e4nkt vor.<br><\/li>\n<\/ol>\n\n\n\n<h3 class=\"wp-block-heading\">III. Vertragsschluss<\/h3>\n\n\n\n<ol class=\"wp-block-list\">\n<li>Ein Vertrag kommt erst zustande, wenn die Bestellung von uns schriftlich best\u00e4tigt oder die Lieferung ohne gesonderte Best\u00e4tigung ausgef\u00fchrt wurde.<\/li>\n\n\n\n<li>Ein Vertrag, der die Lieferung von Sonderanfertigungen zum Gegenstand hat, kommt abweichend von Ziffer III. 1 erst zustande, wenn die von uns erstellte Ma\u00dfskizze\/Freigabezeichnung bzw. Auftragsbest\u00e4tigung vom Besteller schriftlich best\u00e4tigt ist.<\/li>\n<\/ol>\n\n\n\n<h3 class=\"wp-block-heading\">IV. Preise<\/h3>\n\n\n\n<ol class=\"wp-block-list\">\n<li>Es gelten die am Liefertag g\u00fcltigen Preise zuz\u00fcglich Umsatzsteuer. \u00dcbersteigt der am Liefertag geltende Preis den am Tag der Bestellung g\u00fcltigen Preis jedoch um mehr als 5 %, ist der Besteller berechtigt, vom Vertrag zur\u00fcckzutreten.<\/li>\n\n\n\n<li>Bei Bestellungen unter 300 Euro netto (au\u00dfer Nachlieferungen) wird (zus\u00e4tzlich) ein Mindermengenzuschlag von 10 Euro netto berechnet.<\/li>\n\n\n\n<li>Bei Ersatzteilbestellung unter 50 Euro netto wird (zus\u00e4tzlich) ein Mindermengenzuschlag von 5 Euro berechnet.<\/li>\n\n\n\n<li>Bestellungen, die \u00fcber unseren Webshop get\u00e4tigt werden, sind generell frei von Mindermengenzuschl\u00e4gen.<\/li>\n<\/ol>\n\n\n\n<h3 class=\"wp-block-heading\">V. Lieferung, Gefahr\u00fcbergang, Transport<\/h3>\n\n\n\n<ol class=\"wp-block-list\">\n<li>Die Lieferung unserer Ware erfolgt entsprechend den aktuell g\u00fcltigen Incoterms 2020&nbsp;(International Commercial Terms).&nbsp;<br>Sondervereinbarungen bleiben hiervon ausgenommen.<\/li>\n\n\n\n<li>F\u00fcr Sch\u00e4den, die durch den Verlust oder Besch\u00e4digung der Ware in der Zeit von der \u00dcbernahme zur Bef\u00f6rderung bis zur Ablieferung oder durch \u00dcberschreitung der Lieferfrist entstehen, haften der Spediteur oder der Frachtf\u00fchrer nach den gesetzlichen Vorschriften. Wir empfehlen, in einem Schadensfall eine sofortige Tatbestandsaufnahme zu veranlassen.<\/li>\n<\/ol>\n\n\n\n<h3 class=\"wp-block-heading\">VI. Versandkosten und Transportversicherung<\/h3>\n\n\n\n<ol class=\"wp-block-list\">\n<li>Generell hat der Besteller s\u00e4mtliche mit der Versendung der Waren im Zusammenhang stehende Kosten zu tragen. Die Wahl der Versandart bleibt uns \u00fcberlassen (insbesondere die Wahl des Transportunternehmens, die Wahl des Versandwegs und der Transportverpackung).<\/li>\n\n\n\n<li>Pro Bestellung erheben wir eine Energiepauschaule in H\u00f6he von 5,00 EUR. Diese Pauschale gilt ausschlie\u00dflich f\u00fcr Bestellungen mit Paletten-Versand, nicht f\u00fcr Paketware.<\/li>\n\n\n\n<li>Die Kosten f\u00fcr Verpackung und Versand ab Werk Eibelstadt betragen f\u00fcr Lieferungen im Inland je Standard-Paket bis 31,5 kg und Abmessungen 120 x 60 x 60 cm (L x B x H) pauschal 9,00 Euro zuz\u00fcglich Umsatzsteuer.<\/li>\n\n\n\n<li>Die Versandkosten f\u00fcr Pakete gr\u00f6\u00dfer 120 x 60 x 60 cm (L x B x H) und\/oder 31,5 kg (z.B. Displays bis 86 Zoll) betragen 20,00 EUR pro Paket. Gleiches gilt f\u00fcr Leinw\u00e4nde mit einer Verpackungsabmessung kleiner 4,00 m. Paletten mit einer L\u00e4nge \u00fcber 2,40 m, Sperrg\u00fcter sowie Leinw\u00e4nde mit einer Verpackungsabmessung gr\u00f6\u00dfer 4,00 m, werden mit 70,00 EUR pro Paket veranschlagt. Projektbezogene Lieferkosten werden grunds\u00e4tzlich gesondert kalkuliert \u2013 kontaktieren Sie hierzu gerne unser Vertriebsteam.<\/li>\n\n\n\n<li>Die Kosten, die auf Wunsch des Bestellers f\u00fcr eine Expresslieferung entstehen, hat der Besteller in voller H\u00f6he selbst zu tragen.<\/li>\n\n\n\n<li>Optionale logistische Zusatzdienstleistungen (z.B. eine telefonische Lieferavisierung durch die ausf\u00fchrende Spedition oder Wunschanlieferung zu einem Fixtermin) werden gesondert berechnet. Die entsprechenden Kosten k\u00f6nnen der aktuell g\u00fcltigen Preisliste entnommen werden.<\/li>\n\n\n\n<li>Unsere Lieferung erfolgt grunds\u00e4tzlich ab Werk und versichert. Die Transportversicherung liegt bei 0,3 % des netto Auftragswertes. Sollten Sie Selbstversicherer sein, dann teilen Sie uns dies bitte mit.<\/li>\n\n\n\n<li>Die Angaben in VI. 3. und VI. 4. gelten f\u00fcr den Binnenmarkt. Die Versandkosten f\u00fcr den internationalen Warenverkehr (inkl. EU) werden auf jedem Angebot individuell ausgewiesen.<\/li>\n<\/ol>\n\n\n\n<h3 class=\"wp-block-heading\">VII. Lieferverpflichtung<\/h3>\n\n\n\n<ol class=\"wp-block-list\">\n<li>Die Einhaltung der Lieferfristen setzt die richtige und rechtzeitige Selbstbelieferung durch unsere Lieferanten voraus. Dies gilt aber nur dann, wenn wir die erforderlichen Vorkehrungen zur Beschaffung der von uns gelieferten Waren getroffen und die Vorlieferanten sorgf\u00e4ltig ausgew\u00e4hlt haben. Wir verpflichten uns, den Besteller bei Eintritt von Verz\u00f6gerungen oder Unm\u00f6glichkeit der Lieferung und Leistung unverz\u00fcglich zu verst\u00e4ndigen. Diese Ereignisse berechtigen den Besteller, im Rahmen der gesetzlichen Bestimmungen vom Vertrag zur\u00fcckzutreten.<\/li>\n\n\n\n<li>Auf unser Verlangen ist der Besteller verpflichtet, innerhalb einer angemessenen Frist zu erkl\u00e4ren, ob er wegen Verz\u00f6gerung vom Vertrag zur\u00fccktritt oder auf Lieferung besteht.<\/li>\n<\/ol>\n\n\n\n<h3 class=\"wp-block-heading\">VIII. Zahlungsbedingungen<\/h3>\n\n\n\n<p>Warenrechnungen sind ohne Abzug innerhalb von 30 Tagen nach Rechnungsdatum f\u00e4llig. Reparatur- und Servicerechnungen sind ohne Abzug sofort nach Zugang beim Besteller f\u00e4llig.<\/p>\n\n\n\n<h3 class=\"wp-block-heading\">IX. Eigentumsvorbehalt<\/h3>\n\n\n\n<ol class=\"wp-block-list\">\n<li>Wir behalten uns das Eigentum an allen von uns gelieferten Waren (Vorbehaltsware) bis zur vollst\u00e4ndigen Zahlung des Kaufpreises und aller Forderungen aus unserer Gesch\u00e4ftsverbindung mit dem Besteller vor einschlie\u00dflich der k\u00fcnftig entstehenden Anspr\u00fcche aus sp\u00e4ter abgeschlossenen Vertr\u00e4gen (erweiterter Eigentumsvorbehalt oder Kontokorrentvorbehalt).<\/li>\n\n\n\n<li>Der Besteller ist berechtigt, die gelieferten Waren im gew\u00f6hnlichen Gesch\u00e4ftsverkehr weiter zu verkaufen, zu verbinden, zu vermischen oder zu verarbeiten. Andere Verf\u00fcgungen, insbesondere Verpf\u00e4ndungen oder die Einr\u00e4umung von Sicherungseigentum, sind dem Besteller nicht gestattet. Wird die Vorbehaltsware bei der Weiterver\u00e4u\u00dferung an einen Dritterwerber nicht sofort oder nicht vollst\u00e4ndig bezahlt, verpflichtet sich der Besteller, nur unter verl\u00e4ngertem Eigentumsvorbehalt, das hei\u00dft nur gegen Abtretung des Kaufpreises gegen den Dritterwerber zu ver\u00e4u\u00dfern, und tritt schon jetzt die ihm aus der Weiterver\u00e4u\u00dferung zustehende Forderung mit allen Nebenrechten in H\u00f6he des mit uns vereinbarten Preises der Vorbehaltsware sicherungsweise an uns ab (nachgeschalteter Eigentumsvorbehalt). Die Erm\u00e4chtigung des Bestellers zur Weiterver\u00e4u\u00dferung, Verbindung, Vermischung und Verarbeitung endet, wenn der Besteller seine Zahlungen einstellt, ein Insolvenztatbestand nach der InsO vorliegt oder er uns gegen\u00fcber in Zahlungsverzug geraten ist.<\/li>\n\n\n\n<li>Der Besteller darf keine Vereinbarung mit seinen Kunden und Abnehmern treffen, welche unsere Rechte in irgendeiner Weise ausschlie\u00dft oder beeintr\u00e4chtigt oder die Vorausabtretung nach Abs. 2 vereitelt; die Erm\u00e4chtigung zur Weiterver\u00e4u\u00dferung der Ware gilt daher nicht, wenn zwischen dem Besteller und seinem Kunden bzw. Abnehmer ein Abtretungsverbot vereinbart ist. Der Besteller bleibt zur Einziehung der an uns abgetretenen Forderung erm\u00e4chtigt; wir sind berechtigt, diese Erm\u00e4chtigung jederzeit bei sachlich berechtigtem Interesse, bspw. bei einem Zahlungsverzug oder einer Insolvenz des Bestellers, zu widerrufen, die Sicherungsabtretung offenzulegen und die Forderung einzuziehen. Der Besteller ist auf unser Verlangen verpflichtet, uns alle Ausk\u00fcnfte und Unterlagen vollst\u00e4ndig zu \u00fcbermitteln, die zur Einziehung der abgetre-tenen Forderung erforderlich sind, sowie den Dritterwerber von der Sicherungsabtretung unverz\u00fcglich zu informieren.<\/li>\n\n\n\n<li>Bei Insolvenz, Zahlungsverzug oder bei sonst schuldhaft vertragswidrigem Verhalten des Bestellers sind wir nach R\u00fccktrittserkl\u00e4rung zur Zur\u00fccknahme aller Vorbehaltswaren berechtigt. Der Besteller ist ohne R\u00fcckbehalt zur Herausgabe verpflichtet; er tr\u00e4gt die erforderlichen Kosten der Zur\u00fccknahme und des Transports der Vorbehaltsware. Wir sind bei R\u00fccktritt berechtigt, die Vorbehaltsware durch freih\u00e4ndigen Verkauf zu verwerten und den Verwertungserl\u00f6s nach Abzug der uns entstandenen, angemessenen Kosten der Verwertung auf die Forderungen zu verrechnen, welche der Besteller aus der Warenlieferung und Gesch\u00e4ftsbeziehung schuldet. Von allen Zugriffen Dritter, Pf\u00e4ndungen, Ver\u00e4nderungen, Verschlechterungen oder dem Untergang der Vorbehaltsware hat uns der Besteller unaufgefordert und unverz\u00fcglich zu unterrichten.<\/li>\n\n\n\n<li>Die Bearbeitung und Verarbeitung der Vorbehaltsware erfolgen f\u00fcr uns als Hersteller, ohne uns jedoch zu verpflichten. Wir erwerben Miteigentum an der neuen oder einheitlichen Sache, wenn die Vorbehaltsware verarbeitet oder untrennbar verbunden wird und zwar in dem Verh\u00e4ltnis des Nettorechnungsbetrages unserer Vorbehaltsware zu den Nettorechnungsbetr\u00e4gen, ersatzweise den Verkehrswerten, der anderen verarbeiteten oder verbundenen Gegenst\u00e4nde. Der Kunde verwahrt das (Mit-)Eigentum unentgeltlich f\u00fcr uns; er ist auf unser Verlangen verpflichtet, alle erforderlichen Ausk\u00fcnfte und Belege zu \u00fcbermitteln, die zur Wahrung unserer (Mit-)Eigentumsrechte erforderlich sind.<\/li>\n\n\n\n<li>\u00dcbersteigt der Wert der uns nach den vorstehenden Bestimmungen zustehenden Sicherheiten unsere Forderungen um mehr als 10 %, sind wir auf Verlangen des Bestellers zur Freigabe von Sicherheiten nach unserer Wahl verpflichtet.<\/li>\n<\/ol>\n\n\n\n<h3 class=\"wp-block-heading\">X. M\u00e4ngelanspr\u00fcche<\/h3>\n\n\n\n<ol class=\"wp-block-list\">\n<li>Im Falle von Sach- und \/ oder Rechtsm\u00e4ngeln ist unsere Haftung auf das Recht zur Nacherf\u00fcllung beschr\u00e4nkt. Schl\u00e4gt die Nacherf\u00fcllung fehl oder ist sie f\u00fcr uns unzumutbar, kann der Besteller unbeschadet etwaiger Schadensersatzanspr\u00fcche nach Ma\u00dfgabe der Ziffer XI. die Verg\u00fctung mindern oder vom Vertrag zur\u00fccktreten.<\/li>\n\n\n\n<li>Der Besteller ist verpflichtet, offensichtliche Sachm\u00e4ngel unverz\u00fcglich nach Empfang der Ware anzuzeigen. Die Anzeige eines solchen Mangels muss sp\u00e4testens 7 Tage nach Empfang der Ware an uns versandt werden. Zeigt sich sp\u00e4ter ein Mangel, so muss die Anzeige unverz\u00fcglich nach der Entdeckung erfolgen. Unterl\u00e4sst der Besteller eine solche Anzeige, gilt unsere Leistung als genehmigt. Gleichzeitig mit der M\u00e4ngelanzeige ist der beanstandete Artikel bei uns zur R\u00fcckholung anzumelden (RMA-Verfahren).<\/li>\n\n\n\n<li>Erfolgte die M\u00e4ngelr\u00fcge zu Unrecht, sind wir berechtigt, die bei uns entstandenen Aufwendungen vom Besteller ersetzt zu verlangen, wenn der Besteller erkannt oder fahrl\u00e4ssig nicht erkannt hat, dass ein Mangel nicht vorliegt und die Ursache f\u00fcr die von ihm beanstandete Erscheinung in seinem eigenen Verantwortungsbereich liegt.<\/li>\n\n\n\n<li>Keine M\u00e4ngelanspr\u00fcche bestehen bei nur unerheblicher Abweichung von der vereinbarten Beschaffenheit, bei nur unerheblicher Beeintr\u00e4chtigung der Brauchbarkeit und bei nat\u00fcrlicher Abnutzung. M\u00e4ngelanspr\u00fcche bestehen ferner nicht, soweit Sch\u00e4den nach Gefahr\u00fcbergang auf fehlerhafter oder nachl\u00e4ssiger Behandlung durch den Besteller oder einen Dritten (insbesondere auf fehlerhaftem Einbau sowie mangelnder Wartung und \/ oder Inspektion) beruhen. Nimmt der Besteller oder ein Dritter unsachgem\u00e4\u00df \u00c4nderungen oder Instandsetzungsarbeiten vor, so bestehen f\u00fcr diese und die daraus resultierenden Folgen ebenfalls keine M\u00e4ngelanspr\u00fcche.<\/li>\n\n\n\n<li>M\u00e4ngelanspr\u00fcche verj\u00e4hren innerhalb eines Jahres nach Gefahr\u00fcbergang.<\/li>\n\n\n\n<li>F\u00fcr Schadensersatzanspr\u00fcche des Bestellers (einschlie\u00dflich Folgesch\u00e4den und immaterielle Sch\u00e4den) in Folge von Schlecht- oder Nichtleistung haften wir ausschlie\u00dflich nach Ma\u00dfgabe der Ziffer XI.<\/li>\n<\/ol>\n\n\n\n<h3 class=\"wp-block-heading\">XI. Haftung<\/h3>\n\n\n\n<ol class=\"wp-block-list\">\n<li>In F\u00e4llen vors\u00e4tzlicher Pflichtverletzung haften wir nach den gesetzlichen Bestimmungen.<\/li>\n\n\n\n<li>In F\u00e4llen grob fahrl\u00e4ssiger Pflichtverletzung ist unsere Schadensersatzhaftung auf den vorhersehbaren, typischerweise eintretenden Schaden begrenzt.<\/li>\n\n\n\n<li>Im Falle der schuldhaften Verletzung einer wesentlichen Vertragspflicht (etwa solcher, die der Vertrag nach seinem Inhalt und Zweck gerade uns auferlegen will oder deren Erf\u00fcllung die ordnungsgem\u00e4\u00dfe Durchf\u00fchrung des Vertrages \u00fcberhaupt erst erm\u00f6glicht und auf deren Einhaltung der Besteller regelm\u00e4\u00dfig vertraut und vertrauen darf) haften wir nach den gesetzlichen Bestimmungen; in diesem Fall ist die Schadensersatzhaftung jedoch auf den vorhersehbaren, typischerweise eintretenden Schaden begrenzt, soweit wir keinen Vorsatz zu vertreten haben.<\/li>\n\n\n\n<li>Unsere Haftung wegen schuldhafter Verletzung des Lebens, des K\u00f6rpers oder der Gesundheit bleibt unber\u00fchrt; dies gilt auch f\u00fcr die zwingende Haftung aus dem Produkthaftungsgesetz.<\/li>\n\n\n\n<li>Soweit nicht in Ziffern XI. 1. bis 4. abweichend geregelt, ist unsere Haftung ausgeschlossen.<\/li>\n\n\n\n<li>S\u00e4mtliche Schadensersatzanspr\u00fcche des Bestellers verj\u00e4hren innerhalb eines Jahres ab Anspruchsentstehung und Informationen an uns durch den Besteller. Ausgenommen hiervon sind Schadensersatzanspr\u00fcche des Bestellers, soweit wir gem\u00e4\u00df Ziffern XI. 1. bis 4. unbeschr\u00e4nkt haften; diese verj\u00e4hren nach den gesetzlichen Regelungen.<\/li>\n<\/ol>\n\n\n\n<h3 class=\"wp-block-heading\">XII. Entsorgung<\/h3>\n\n\n\n<p>Unsere Preise schlie\u00dfen die R\u00fccknahme und Entsorgung von Altger\u00e4ten (im Sinne des \u00a7 3 ElektroG) anderer Nutzer als privater Haushalte nicht ein. Der Besteller wird solche Altger\u00e4te nach seiner Wahl im Einklang mit den gesetzlichen Vorschriften auf eigene Kosten entsorgen oder diese Verpflichtung einem Dritten auferlegen. Der Besteller stellt uns von der dem Hersteller obliegenden Verpflichtung zur R\u00fccknahme und Entsorgung gem\u00e4\u00df \u00a7 10 Abs. 2 ElektroG sowie von diesbez\u00fcglichen Anspr\u00fcchen Dritter frei.<\/p>\n\n\n\n<h3 class=\"wp-block-heading\">XIII. R\u00fccknahme mangelfreier Waren<\/h3>\n\n\n\n<p>Werden mangelfreie Waren nach vorheriger Anmeldung und Zustimmung durch Kindermann (RMA-Verfahren) vom Besteller zur\u00fcckgesandt, berechnen wir, soweit nicht im Einzelfall etwas anderes vereinbart wird, eine Bearbeitungsgeb\u00fchr in H\u00f6he von 10 % des Nettowarenwertes, mindestens jedoch 25 Euro und die geltende Umsatzsteuer pro Artikel.<\/p>\n\n\n\n<p>Eine Gutschrift des Nettowarenwertes \u2013 abz\u00fcglich der Bearbeitungsgeb\u00fchr \u2013 erfolgt nur, wenn es sich bei der zur\u00fcckgesandten Ware nicht um Sonderanfertigungen handelt und sich die Ware in einwandfreiem Zustand befindet. Software wird nur unbenutzt und versiegelt zur\u00fcckgenommen.<\/p>\n\n\n\n<p>Die RMA-Nummer ist in jedem Fall von au\u00dfen sichtbar auf dem Umkarton sowie dem Lieferschein zu vermerken. Die Verweigerung der Annahme behalten wir uns ansonsten vor.<\/p>\n\n\n\n<h3 class=\"wp-block-heading\">XIV. Erf\u00fcllungsort und Gerichtsstand<\/h3>\n\n\n\n<p>Erf\u00fcllungsort f\u00fcr Lieferungen und Zahlungen ist Eibelstadt. Gerichtsstand ist W\u00fcrzburg. F\u00fcr alle vertraglichen Beziehungen gilt ausschlie\u00dflich deutsches materielles Recht unter Ausschluss des \u00dcbereinkommens der Vereinten Nationen \u00fcber Vertr\u00e4ge \u00fcber den internationalen Warenkauf (CISG).<\/p>\n\n\n\n<h3 class=\"wp-block-heading\">XV. \u00dcbersetzungen<\/h3>\n\n\n\n<p>Die \u00dcbersetzung dieser AGB in Fremdsprachen ist nur zum besseren Verst\u00e4ndnis f\u00fcr unsere Kunden. Rechtsverbindlich ist allein die deutsche Fassung.<\/p>\n\n\n\n<h3 class=\"wp-block-heading\">XVI. Sonstiges<\/h3>\n\n\n\n<p>Die Unwirksamkeit einzelner Bestimmungen ber\u00fchrt die Verbindlichkeit dieser AGB im \u00fcbrigen nicht.<\/p>\n\n\n\n<p><em>Stand: 01.02.2025<\/em><\/p>\n\n\n\t<\/div>\n<\/div>\n","protected":false},"excerpt":{"rendered":"","protected":false},"author":3,"featured_media":0,"parent":0,"menu_order":21,"comment_status":"closed","ping_status":"closed","template":"","meta":{"_acf_changed":false,"footnotes":""},"class_list":["post-554","page","type-page","status-publish","format-standard","hentry"],"acf":[],"yoast_head":"<!-- This site is optimized with the Yoast SEO plugin v27.4 - https:\/\/yoast.com\/product\/yoast-seo-wordpress\/ -->\n<title>Allgemeine Gesch\u00e4ftsbedingungen - Kindermann GmbH<\/title>\n<meta name=\"description\" content=\"Hier finden Sie unsere allgemeinen Gesch\u00e4ftsbedinungen.\" \/>\n<meta name=\"robots\" content=\"index, follow, max-snippet:-1, max-image-preview:large, max-video-preview:-1\" \/>\n<link rel=\"canonical\" href=\"https:\/\/www.kindermann.de\/company\/agb\/\" \/>\n<meta property=\"og:locale\" content=\"de_DE\" \/>\n<meta property=\"og:type\" content=\"article\" \/>\n<meta property=\"og:title\" content=\"Allgemeine Gesch\u00e4ftsbedingungen - Kindermann GmbH\" \/>\n<meta property=\"og:description\" content=\"Hier finden Sie unsere allgemeinen Gesch\u00e4ftsbedinungen.\" \/>\n<meta property=\"og:url\" content=\"https:\/\/www.kindermann.de\/company\/agb\/\" \/>\n<meta property=\"og:site_name\" content=\"Kindermann GmbH\" \/>\n<meta property=\"article:publisher\" content=\"https:\/\/www.facebook.com\/KindermannGmbH\/\" \/>\n<meta property=\"article:modified_time\" content=\"2026-02-05T13:01:37+00:00\" \/>\n<meta name=\"twitter:card\" content=\"summary_large_image\" \/>\n<meta name=\"twitter:label1\" content=\"Gesch\u00e4tzte Lesezeit\" \/>\n\t<meta name=\"twitter:data1\" content=\"11\u00a0Minuten\" \/>\n<script type=\"application\/ld+json\" class=\"yoast-schema-graph\">{\"@context\":\"https:\\\/\\\/schema.org\",\"@graph\":[{\"@type\":\"WebPage\",\"@id\":\"https:\\\/\\\/www.kindermann.de\\\/company\\\/agb\\\/\",\"url\":\"https:\\\/\\\/www.kindermann.de\\\/company\\\/agb\\\/\",\"name\":\"Allgemeine Gesch\u00e4ftsbedingungen - Kindermann GmbH\",\"isPartOf\":{\"@id\":\"https:\\\/\\\/www.kindermann.de\\\/company\\\/#website\"},\"datePublished\":\"2022-09-08T12:15:34+00:00\",\"dateModified\":\"2026-02-05T13:01:37+00:00\",\"description\":\"Hier finden Sie unsere allgemeinen Gesch\u00e4ftsbedinungen.\",\"breadcrumb\":{\"@id\":\"https:\\\/\\\/www.kindermann.de\\\/company\\\/agb\\\/#breadcrumb\"},\"inLanguage\":\"de\",\"potentialAction\":[{\"@type\":\"ReadAction\",\"target\":[\"https:\\\/\\\/www.kindermann.de\\\/company\\\/agb\\\/\"]}]},{\"@type\":\"BreadcrumbList\",\"@id\":\"https:\\\/\\\/www.kindermann.de\\\/company\\\/agb\\\/#breadcrumb\",\"itemListElement\":[{\"@type\":\"ListItem\",\"position\":1,\"name\":\"Startseite\",\"item\":\"https:\\\/\\\/www.kindermann.de\\\/company\\\/\"},{\"@type\":\"ListItem\",\"position\":2,\"name\":\"Allgemeine Gesch\u00e4ftsbedingungen\"}]},{\"@type\":\"WebSite\",\"@id\":\"https:\\\/\\\/www.kindermann.de\\\/company\\\/#website\",\"url\":\"https:\\\/\\\/www.kindermann.de\\\/company\\\/\",\"name\":\"Kindermann GmbH\",\"description\":\"\",\"publisher\":{\"@id\":\"https:\\\/\\\/www.kindermann.de\\\/company\\\/#organization\"},\"potentialAction\":[{\"@type\":\"SearchAction\",\"target\":{\"@type\":\"EntryPoint\",\"urlTemplate\":\"https:\\\/\\\/www.kindermann.de\\\/company\\\/?s={search_term_string}\"},\"query-input\":{\"@type\":\"PropertyValueSpecification\",\"valueRequired\":true,\"valueName\":\"search_term_string\"}}],\"inLanguage\":\"de\"},{\"@type\":\"Organization\",\"@id\":\"https:\\\/\\\/www.kindermann.de\\\/company\\\/#organization\",\"name\":\"Kindermann GmbH\",\"url\":\"https:\\\/\\\/www.kindermann.de\\\/company\\\/\",\"logo\":{\"@type\":\"ImageObject\",\"inLanguage\":\"de\",\"@id\":\"https:\\\/\\\/www.kindermann.de\\\/company\\\/#\\\/schema\\\/logo\\\/image\\\/\",\"url\":\"https:\\\/\\\/www.kindermann.de\\\/company\\\/wp-content\\\/uploads\\\/2022\\\/10\\\/Kindermann_Logo_300_100.png\",\"contentUrl\":\"https:\\\/\\\/www.kindermann.de\\\/company\\\/wp-content\\\/uploads\\\/2022\\\/10\\\/Kindermann_Logo_300_100.png\",\"width\":300,\"height\":100,\"caption\":\"Kindermann GmbH\"},\"image\":{\"@id\":\"https:\\\/\\\/www.kindermann.de\\\/company\\\/#\\\/schema\\\/logo\\\/image\\\/\"},\"sameAs\":[\"https:\\\/\\\/www.facebook.com\\\/KindermannGmbH\\\/\",\"https:\\\/\\\/www.xing.com\\\/pages\\\/kindermanngmbh\",\"https:\\\/\\\/www.linkedin.com\\\/company\\\/kindermann-gmbh\"]}]}<\/script>\n<!-- \/ Yoast SEO plugin. -->","yoast_head_json":{"title":"Allgemeine Gesch\u00e4ftsbedingungen - Kindermann GmbH","description":"Hier finden Sie unsere allgemeinen Gesch\u00e4ftsbedinungen.","robots":{"index":"index","follow":"follow","max-snippet":"max-snippet:-1","max-image-preview":"max-image-preview:large","max-video-preview":"max-video-preview:-1"},"canonical":"https:\/\/www.kindermann.de\/company\/agb\/","og_locale":"de_DE","og_type":"article","og_title":"Allgemeine Gesch\u00e4ftsbedingungen - Kindermann GmbH","og_description":"Hier finden Sie unsere allgemeinen Gesch\u00e4ftsbedinungen.","og_url":"https:\/\/www.kindermann.de\/company\/agb\/","og_site_name":"Kindermann GmbH","article_publisher":"https:\/\/www.facebook.com\/KindermannGmbH\/","article_modified_time":"2026-02-05T13:01:37+00:00","twitter_card":"summary_large_image","twitter_misc":{"Gesch\u00e4tzte Lesezeit":"11\u00a0Minuten"},"schema":{"@context":"https:\/\/schema.org","@graph":[{"@type":"WebPage","@id":"https:\/\/www.kindermann.de\/company\/agb\/","url":"https:\/\/www.kindermann.de\/company\/agb\/","name":"Allgemeine Gesch\u00e4ftsbedingungen - Kindermann GmbH","isPartOf":{"@id":"https:\/\/www.kindermann.de\/company\/#website"},"datePublished":"2022-09-08T12:15:34+00:00","dateModified":"2026-02-05T13:01:37+00:00","description":"Hier finden Sie unsere allgemeinen Gesch\u00e4ftsbedinungen.","breadcrumb":{"@id":"https:\/\/www.kindermann.de\/company\/agb\/#breadcrumb"},"inLanguage":"de","potentialAction":[{"@type":"ReadAction","target":["https:\/\/www.kindermann.de\/company\/agb\/"]}]},{"@type":"BreadcrumbList","@id":"https:\/\/www.kindermann.de\/company\/agb\/#breadcrumb","itemListElement":[{"@type":"ListItem","position":1,"name":"Startseite","item":"https:\/\/www.kindermann.de\/company\/"},{"@type":"ListItem","position":2,"name":"Allgemeine Gesch\u00e4ftsbedingungen"}]},{"@type":"WebSite","@id":"https:\/\/www.kindermann.de\/company\/#website","url":"https:\/\/www.kindermann.de\/company\/","name":"Kindermann GmbH","description":"","publisher":{"@id":"https:\/\/www.kindermann.de\/company\/#organization"},"potentialAction":[{"@type":"SearchAction","target":{"@type":"EntryPoint","urlTemplate":"https:\/\/www.kindermann.de\/company\/?s={search_term_string}"},"query-input":{"@type":"PropertyValueSpecification","valueRequired":true,"valueName":"search_term_string"}}],"inLanguage":"de"},{"@type":"Organization","@id":"https:\/\/www.kindermann.de\/company\/#organization","name":"Kindermann GmbH","url":"https:\/\/www.kindermann.de\/company\/","logo":{"@type":"ImageObject","inLanguage":"de","@id":"https:\/\/www.kindermann.de\/company\/#\/schema\/logo\/image\/","url":"https:\/\/www.kindermann.de\/company\/wp-content\/uploads\/2022\/10\/Kindermann_Logo_300_100.png","contentUrl":"https:\/\/www.kindermann.de\/company\/wp-content\/uploads\/2022\/10\/Kindermann_Logo_300_100.png","width":300,"height":100,"caption":"Kindermann GmbH"},"image":{"@id":"https:\/\/www.kindermann.de\/company\/#\/schema\/logo\/image\/"},"sameAs":["https:\/\/www.facebook.com\/KindermannGmbH\/","https:\/\/www.xing.com\/pages\/kindermanngmbh","https:\/\/www.linkedin.com\/company\/kindermann-gmbh"]}]}},"_links":{"self":[{"href":"https:\/\/www.kindermann.de\/company\/wp-json\/wp\/v2\/pages\/554","targetHints":{"allow":["GET"]}}],"collection":[{"href":"https:\/\/www.kindermann.de\/company\/wp-json\/wp\/v2\/pages"}],"about":[{"href":"https:\/\/www.kindermann.de\/company\/wp-json\/wp\/v2\/types\/page"}],"author":[{"embeddable":true,"href":"https:\/\/www.kindermann.de\/company\/wp-json\/wp\/v2\/users\/3"}],"replies":[{"embeddable":true,"href":"https:\/\/www.kindermann.de\/company\/wp-json\/wp\/v2\/comments?post=554"}],"version-history":[{"count":21,"href":"https:\/\/www.kindermann.de\/company\/wp-json\/wp\/v2\/pages\/554\/revisions"}],"predecessor-version":[{"id":16618,"href":"https:\/\/www.kindermann.de\/company\/wp-json\/wp\/v2\/pages\/554\/revisions\/16618"}],"wp:attachment":[{"href":"https:\/\/www.kindermann.de\/company\/wp-json\/wp\/v2\/media?parent=554"}],"curies":[{"name":"wp","href":"https:\/\/api.w.org\/{rel}","templated":true}]}}