{"id":3887,"date":"2022-09-30T13:30:52","date_gmt":"2022-09-30T11:30:52","guid":{"rendered":"https:\/\/www.kindermann.de\/wp\/?page_id=3887"},"modified":"2025-07-30T08:38:56","modified_gmt":"2025-07-30T06:38:56","slug":"distributions-highlights","status":"publish","type":"page","link":"https:\/\/www.kindermann.de\/company\/distributions-highlights\/","title":{"rendered":"Distributions-Highlights"},"content":{"rendered":"<div class=\"main_slider_block  \">\n\t\t<div class=\"main_teaser main_teaser_default  main_teaser_slider_da0a77b965740e1bc9fab60d17fbd9c0\" data-class=\"main_teaser_slider_da0a77b965740e1bc9fab60d17fbd9c0\" data-duration=\"15\">\n\t\t\t\t\t<div class=\"main_slide main_slide_static\">\n\t\t\t\t\t\t\t\t<div class=\"main_slide_gallery main_slide_gallery_165d74adf8dedc732d10e04f1a83fe40\" data-class=\"main_slide_gallery_165d74adf8dedc732d10e04f1a83fe40\">\n\t\t\t\t<div class=\"main_slide_gallery_slide\"><img decoding=\"async\" width=\"2560\" height=\"985\" src=\"https:\/\/www.kindermann.de\/company\/wp-content\/uploads\/2022\/09\/LG-scaled.jpg\" class=\"open_mylightbox\" alt=\"\" data-desc=\"\" ><\/div><div class=\"main_slide_gallery_slide\"><img decoding=\"async\" width=\"2560\" height=\"1025\" src=\"https:\/\/www.kindermann.de\/company\/wp-content\/uploads\/2023\/03\/maxhub-teaser-2023_V2-scaled.jpg\" class=\"open_mylightbox\" alt=\"\" data-desc=\"\" ><\/div><div class=\"main_slide_gallery_slide\"><img decoding=\"async\" width=\"1962\" height=\"756\" src=\"https:\/\/www.kindermann.de\/company\/wp-content\/uploads\/2022\/09\/bose.jpg\" class=\"open_mylightbox\" alt=\"\" data-desc=\"\" ><\/div><div class=\"main_slide_gallery_slide\"><img decoding=\"async\" width=\"1200\" height=\"462\" src=\"https:\/\/www.kindermann.de\/company\/wp-content\/uploads\/2022\/09\/newline.jpg\" class=\"open_mylightbox\" alt=\"\" data-desc=\"\" ><\/div><div class=\"main_slide_gallery_slide\"><img decoding=\"async\" width=\"2560\" height=\"985\" src=\"https:\/\/www.kindermann.de\/company\/wp-content\/uploads\/2022\/09\/optoma-1-scaled.jpg\" class=\"open_mylightbox\" alt=\"\" data-desc=\"\" ><\/div>\t\t\t\t<\/div>\n\t\t\t\t<div class=\"main_slide_text_outer main_slide_text_outer_spark_1_l\">\n\t\t\t\t\t<div class=\"main_slide_text main_slide_text_spark_1_l main_slide_text_ main_slide_text_lines_show\">\n\t\t\t\t\t\t<div class=\"main_slide_text_angle_h\"><\/div>\n\t\t\t\t\t\t<div class=\"main_slide_text_angle_v\"><\/div>\n\t\t\t\t\t\t<div class=\"main_slide_text_inner\">\n\t\t\t\t\t\t\t\n\t<div class=\"distribution-badge\">\n\t\t<strong>Verf\u00fcgbarkeit<\/strong>\n\t\t\t\t<span data-toggle=\"tooltip\" data-title=\"Deutschland\">DEU<\/span>\n\t\t<span data-toggle=\"tooltip\" data-title=\"\u00d6sterreich\">AUT<\/span>\n\t<\/div>\n\t\t\t\t\t\t\t<h1 style=\"font-weight: 400\"><strong><span style=\"color: #e80029\">Starke Marken<\/span><br >\n<\/strong><span style=\"color: #000000\">in der Distribution<\/span><\/h1>\n\t\t\t\t\t\t\t\t\t\t\t\t\t\t\n\t\t\t\t\t\t\t\t\t\t\t\t\t<\/div>\n\t\t\t\t\t<\/div>\n\t\t\t\t<\/div>\n\t\t\t<\/div>\n\t\t\t<\/div>\n<\/div>\n\n\n<div class=\"text_group text_group_ box_ box_\" id=\"  \">\n\t<div class=\"text_group_content \">\n\t\t\n\n<p class=\"has-medium-font-size\">In der Distribution setzen wir auf starke, innovative Partner, die unser Portfolio perfekt erg\u00e4nzen. Damit bieten wir eine gro\u00dfe Bandbreite an Alternativen. So k\u00f6nnen unsere H\u00e4ndler mit One-Stop-Shopping die unterschiedlichsten Anspr\u00fcche ihrer Kunden bedienen. Als Komplettanbieter haben wir die M\u00f6glichkeit aus einzelnen Produkten Gesamtl\u00f6sungen zu konzipieren, die perfekt aufeinander abgestimmt sind.&nbsp;<\/p>\n\n\n\t<\/div>\n<\/div>\n\n\n\n<p><\/p>\n\n\n\n<div class=\"wp-block-columns is-layout-flex wp-container-core-columns-is-layout-9d6595d7 wp-block-columns-is-layout-flex\">\n<div class=\"wp-block-column is-layout-flow wp-block-column-is-layout-flow\" style=\"flex-basis:33.33%\"><div class=\"image_teaser image_teaser_fixed_height  \" style=\"height: 350px; \">\n\t\n\t\t<a href=\"https:\/\/www.kindermann.de\/company\/highlights-distribution\/bose-videobar\/\" target=\"\">\t\t<div class=\"video_teaser_text image_teaser_text\">\n\t\t\t<p><strong><span style=\"color: #e80029\">Kindermann proudly presents<\/span><\/strong><\/p>\n<h2><strong><span style=\"color: #ffffff\">BOSE VIDEOBAR VB1 und VB-S<\/span> <\/strong><\/h2>\n\t\t<\/div>\n\n\t\t<img decoding=\"async\" width=\"1962\" height=\"756\" src=\"https:\/\/www.kindermann.de\/company\/wp-content\/uploads\/2022\/09\/bose.jpg\" class=\"attachment-full size-full\" alt=\"\" data-desc=\"\" >\t<div class=\"teaser_link_arrow\"><span class=\"arrow arrow-right\"><\/span><\/div><\/a><\/div>\n<\/div>\n\n\n\n<div class=\"wp-block-column is-layout-flow wp-block-column-is-layout-flow\" style=\"flex-basis:66.66%\"><div class=\"image_teaser image_teaser_fixed_height  \" style=\"height: 350px; \">\n\t\n\t\t<a href=\"https:\/\/www.kindermann.de\/company\/highlights-distribution\/lg-probeam\/\" target=\"\">\t\t<div class=\"video_teaser_text image_teaser_text\">\n\t\t\t<p><strong><span style=\"color: #e80029\">Kindermann proudly presents<\/span><\/strong><\/p>\n<h2><strong><span style=\"color: #ffffff\">LG \u2013 Enlighten the future!<\/span> <\/strong><\/h2>\n\t\t<\/div>\n\n\t\t<img decoding=\"async\" width=\"2560\" height=\"985\" src=\"https:\/\/www.kindermann.de\/company\/wp-content\/uploads\/2022\/09\/LG-scaled.jpg\" class=\"attachment-full size-full\" alt=\"\" data-desc=\"\" >\t<div class=\"teaser_link_arrow\"><span class=\"arrow arrow-right\"><\/span><\/div><\/a><\/div>\n<\/div>\n<\/div>\n\n\n\n<div style=\"height:60px\" aria-hidden=\"true\" class=\"wp-block-spacer\"><\/div>\n\n\n\n<div class=\"wp-block-columns is-layout-flex wp-container-core-columns-is-layout-9d6595d7 wp-block-columns-is-layout-flex\">\n<div class=\"wp-block-column is-layout-flow wp-block-column-is-layout-flow\"><div class=\"image_teaser image_teaser_fixed_height  \" style=\"height: 350px; \">\n\t\n\t\t<a href=\"https:\/\/www.kindermann.de\/company\/distributions-highlights\/maxhub-ucc-produkte\/\" target=\"\">\t\t<div class=\"video_teaser_text image_teaser_text\">\n\t\t\t<p><strong><span style=\"color: #e80029\">Kindermann proudly presents<\/span><\/strong><\/p>\n<h2><strong><span style=\"color: #000000\">MAXHUB \u2013 Conferencing<\/span> <\/strong><\/h2>\n\t\t<\/div>\n\n\t\t<img decoding=\"async\" width=\"2560\" height=\"1025\" src=\"https:\/\/www.kindermann.de\/company\/wp-content\/uploads\/2023\/03\/maxhub-teaser-2023_V2-scaled.jpg\" class=\"attachment-full size-full\" alt=\"\" data-desc=\"\" >\t<div class=\"teaser_link_arrow\"><span class=\"arrow arrow-right\"><\/span><\/div><\/a><\/div>\n<\/div>\n\n\n\n<div class=\"wp-block-column is-layout-flow wp-block-column-is-layout-flow\"><div class=\"image_teaser image_teaser_fixed_height  \" style=\"height: 350px; \">\n\t\n\t\t<a href=\"https:\/\/www.kindermann.de\/company\/highlights-distribution\/optoma-visuell-beeindruckend\/\" target=\"\">\t\t<div class=\"video_teaser_text image_teaser_text\">\n\t\t\t<p><strong><span style=\"color: #e80029\">Kindermann proudly presents<\/span><\/strong><\/p>\n<h2><strong><span style=\"color: #ffffff\">Optoma \u2013 visuell beeindruckend und vernetzt<\/span> <\/strong><\/h2>\n\t\t<\/div>\n\n\t\t<img decoding=\"async\" width=\"2560\" height=\"985\" src=\"https:\/\/www.kindermann.de\/company\/wp-content\/uploads\/2022\/09\/Buehne-scaled.jpg\" class=\"attachment-full size-full\" alt=\"\" data-desc=\"\" >\t<div class=\"teaser_link_arrow\"><span class=\"arrow arrow-right\"><\/span><\/div><\/a><\/div>\n<\/div>\n<\/div>\n\n\n\n<div style=\"height:60px\" aria-hidden=\"true\" class=\"wp-block-spacer\"><\/div>\n\n\n\n<div class=\"wp-block-columns is-layout-flex wp-container-core-columns-is-layout-9d6595d7 wp-block-columns-is-layout-flex\">\n<div class=\"wp-block-column is-layout-flow wp-block-column-is-layout-flow\" style=\"flex-basis:66.66%\"><div class=\"image_teaser image_teaser_fixed_height  \" style=\"height: 350px; \">\n\t\n\t\t<a href=\"https:\/\/www.kindermann.de\/company\/philips-highlights\/\" target=\"\">\t\t<div class=\"video_teaser_text image_teaser_text\">\n\t\t\t<p><strong><span style=\"color: #e80029\">Kindermann proudly presents<\/span><\/strong><\/p>\n<h2><strong><span style=\"color: #000000\">Philips<\/span><\/strong><\/h2>\n\t\t<\/div>\n\n\t\t<img decoding=\"async\" width=\"2400\" height=\"923\" src=\"https:\/\/www.kindermann.de\/company\/wp-content\/uploads\/2024\/12\/LED6000-Retail.jpg\" class=\"attachment-full size-full\" alt=\"\" data-desc=\"\" >\t<div class=\"teaser_link_arrow\"><span class=\"arrow arrow-right\"><\/span><\/div><\/a><\/div>\n<\/div>\n\n\n\n<div class=\"wp-block-column is-layout-flow wp-block-column-is-layout-flow\" style=\"flex-basis:33.33%\"><\/div>\n<\/div>\n\n\n\n<div style=\"height:110px\" aria-hidden=\"true\" class=\"wp-block-spacer\"><\/div>\n\n\n<h2 style=\"text-align: center;\"><span style=\"color: #e80029;\">Starke Marken<\/span><br >in der Distribution<\/h2>\n\n\t\t\n\t\t<div class=\"logo_slider \">\n\t\t<div class=\"logo_slider_inner\">\n\t\t\t\t\t\t\t<div class=\"logo_slider_item\">\n\t\t\t\t\t\t\t\t\t\t\t<a class=\"logo_slider_logo\" href=\"\/Produkte\/Alle-Kategorien\/?manufacturer=b88ecee5d57e4a44a4c3c9339eafa197\">\n\t\t\t\t\t\t\t<img decoding=\"async\" src=\"https:\/\/www.kindermann.de\/media\/16\/15\/d7\/1759747400\/thumbnail_Yamaha---Logo---black.png\" >\n\t\t\t\t\t\t<\/a>\n\t\t\t\t\t\t\t\t\t<\/div>\n\t\t\t\t\t\t\t<div class=\"logo_slider_item\">\n\t\t\t\t\t\t\t\t\t\t\t<a class=\"logo_slider_logo\" href=\"\/Produkte\/Alle-Kategorien\/?manufacturer=fd8a0b78ed1647618a7b9553b569c21e\">\n\t\t\t\t\t\t\t<img decoding=\"async\" src=\"https:\/\/www.kindermann.de\/media\/7c\/76\/9a\/1694595362\/vaddio@20x.png.png\" >\n\t\t\t\t\t\t<\/a>\n\t\t\t\t\t\t\t\t\t<\/div>\n\t\t\t\t\t\t\t<div class=\"logo_slider_item\">\n\t\t\t\t\t\t\t\t\t\t\t<a class=\"logo_slider_logo\" href=\"\/Produkte\/Alle-Kategorien\/?manufacturer=d9e206516777406394b5d14b8eb6e249\">\n\t\t\t\t\t\t\t<img decoding=\"async\" src=\"https:\/\/www.kindermann.de\/media\/6c\/22\/8d\/1694594458\/Philips@20x.png.png\" >\n\t\t\t\t\t\t<\/a>\n\t\t\t\t\t\t\t\t\t<\/div>\n\t\t\t\t\t\t\t<div class=\"logo_slider_item\">\n\t\t\t\t\t\t\t\t\t\t\t<a class=\"logo_slider_logo\" href=\"\/Produkte\/Alle-Kategorien\/?manufacturer=d9da311a80574f42b62eeaf425e0d61d\">\n\t\t\t\t\t\t\t<img decoding=\"async\" src=\"https:\/\/www.kindermann.de\/media\/43\/05\/37\/1694594469\/sony@20x.png.png\" >\n\t\t\t\t\t\t<\/a>\n\t\t\t\t\t\t\t\t\t<\/div>\n\t\t\t\t\t\t\t<div class=\"logo_slider_item\">\n\t\t\t\t\t\t\t\t\t\t\t<a class=\"logo_slider_logo\" href=\"\/Produkte\/Alle-Kategorien\/?manufacturer=92bded6690f54f9da9425cde121433a5\">\n\t\t\t\t\t\t\t<img decoding=\"async\" src=\"https:\/\/www.kindermann.de\/media\/c5\/5f\/f2\/1759747363\/soti-mobicontrol-coloured-horizontal.svg\" >\n\t\t\t\t\t\t<\/a>\n\t\t\t\t\t\t\t\t\t<\/div>\n\t\t\t\t\t\t\t<div class=\"logo_slider_item\">\n\t\t\t\t\t\t\t\t\t\t\t<a class=\"logo_slider_logo\" href=\"\/Produkte\/Alle-Kategorien\/?manufacturer=fe072a41b1ca4f84bc73fccb75824267\">\n\t\t\t\t\t\t\t<img decoding=\"async\" src=\"https:\/\/www.kindermann.de\/media\/b1\/d3\/2b\/1694595397\/map@20x.png.png\" >\n\t\t\t\t\t\t<\/a>\n\t\t\t\t\t\t\t\t\t<\/div>\n\t\t\t\t\t\t\t<div class=\"logo_slider_item\">\n\t\t\t\t\t\t\t\t\t\t\t<a class=\"logo_slider_logo\" href=\"\/Produkte\/Alle-Kategorien\/?manufacturer=cc23a39dc61e4025bb5ae8630093c0b4\">\n\t\t\t\t\t\t\t<img decoding=\"async\" src=\"https:\/\/www.kindermann.de\/media\/8c\/a9\/2a\/1759747161\/Da-Lite Logo-Color.png\" >\n\t\t\t\t\t\t<\/a>\n\t\t\t\t\t\t\t\t\t<\/div>\n\t\t\t\t\t\t\t<div class=\"logo_slider_item\">\n\t\t\t\t\t\t\t\t\t\t\t<a class=\"logo_slider_logo\" href=\"\/Produkte\/Alle-Kategorien\/?manufacturer=05784b5f4b3d47c7a7e98818a4f83d1a\">\n\t\t\t\t\t\t\t<img decoding=\"async\" src=\"https:\/\/www.kindermann.de\/media\/dc\/7f\/10\/1694594545\/Kramer@20x_1.png.png\" >\n\t\t\t\t\t\t<\/a>\n\t\t\t\t\t\t\t\t\t<\/div>\n\t\t\t\t\t\t\t<div class=\"logo_slider_item\">\n\t\t\t\t\t\t\t\t\t\t\t<a class=\"logo_slider_logo\" href=\"\/Produkte\/Alle-Kategorien\/?manufacturer=a156f459e31f4f48a04909596a5e0258\">\n\t\t\t\t\t\t\t<img decoding=\"async\" src=\"https:\/\/www.kindermann.de\/media\/70\/5c\/11\/1694594448\/Optoma@20x.png.png\" >\n\t\t\t\t\t\t<\/a>\n\t\t\t\t\t\t\t\t\t<\/div>\n\t\t\t\t\t\t\t<div class=\"logo_slider_item\">\n\t\t\t\t\t\t\t\t\t\t\t<a class=\"logo_slider_logo\" href=\"\/Produkte\/Alle-Kategorien\/?manufacturer=ceca3661dc5f4077b8b736e4a6343948\">\n\t\t\t\t\t\t\t<img decoding=\"async\" src=\"https:\/\/www.kindermann.de\/media\/a1\/85\/39\/1685537238\/ecler@20x.png.png\" >\n\t\t\t\t\t\t<\/a>\n\t\t\t\t\t\t\t\t\t<\/div>\n\t\t\t\t\t\t\t<div class=\"logo_slider_item\">\n\t\t\t\t\t\t\t\t\t\t\t<a class=\"logo_slider_logo\" href=\"\/Produkte\/Alle-Kategorien\/?manufacturer=e096148750524094a3bb4b12beb324b4\">\n\t\t\t\t\t\t\t<img decoding=\"async\" src=\"https:\/\/www.kindermann.de\/media\/aa\/1c\/12\/1685536585\/chief@20x.png.png\" >\n\t\t\t\t\t\t<\/a>\n\t\t\t\t\t\t\t\t\t<\/div>\n\t\t\t\t\t\t\t<div class=\"logo_slider_item\">\n\t\t\t\t\t\t\t\t\t\t\t<a class=\"logo_slider_logo\" href=\"\/Produkte\/Alle-Kategorien\/?manufacturer=767b9979db1b40dbbb151475059eb7a8\">\n\t\t\t\t\t\t\t<img decoding=\"async\" src=\"https:\/\/www.kindermann.de\/media\/01\/98\/5e\/1759747236\/LGE_Electronics_Logo_Mono_Black_RGB.png\" >\n\t\t\t\t\t\t<\/a>\n\t\t\t\t\t\t\t\t\t<\/div>\n\t\t\t\t\t\t\t<div class=\"logo_slider_item\">\n\t\t\t\t\t\t\t\t\t\t\t<a class=\"logo_slider_logo\" href=\"\/Produkte\/Alle-Kategorien\/?manufacturer=5f0e02820dea485992c72f19c95d6cfa\">\n\t\t\t\t\t\t\t<img decoding=\"async\" src=\"https:\/\/www.kindermann.de\/media\/1d\/5f\/35\/1694594475\/Vogels@20x.png.png\" >\n\t\t\t\t\t\t<\/a>\n\t\t\t\t\t\t\t\t\t<\/div>\n\t\t\t\t\t\t\t<div class=\"logo_slider_item\">\n\t\t\t\t\t\t\t\t\t\t\t<a class=\"logo_slider_logo\" href=\"\/Produkte\/Alle-Kategorien\/?manufacturer=afe51a9e9e084f788b7e54cfa717d344\">\n\t\t\t\t\t\t\t<img decoding=\"async\" src=\"https:\/\/www.kindermann.de\/media\/8f\/c2\/e7\/1694594480\/newline@20x.png.png\" >\n\t\t\t\t\t\t<\/a>\n\t\t\t\t\t\t\t\t\t<\/div>\n\t\t\t\t\t\t\t<div class=\"logo_slider_item\">\n\t\t\t\t\t\t\t\t\t\t\t<a class=\"logo_slider_logo\" href=\"\/Produkte\/Alle-Kategorien\/?manufacturer=2788644dc8bc4275910526072cd10f0d\">\n\t\t\t\t\t\t\t<img decoding=\"async\" src=\"https:\/\/www.kindermann.de\/media\/71\/50\/12\/1694594463\/panasonic@20x.png.png\" >\n\t\t\t\t\t\t<\/a>\n\t\t\t\t\t\t\t\t\t<\/div>\n\t\t\t\t\t\t\t<div class=\"logo_slider_item\">\n\t\t\t\t\t\t\t\t\t\t\t<a class=\"logo_slider_logo\" href=\"\/Produkte\/Alle-Kategorien\/?manufacturer=5c36fcd83e7640ada4633007f2641241\">\n\t\t\t\t\t\t\t<img decoding=\"async\" src=\"https:\/\/www.kindermann.de\/media\/96\/86\/a1\/1685537246\/bose@20x.png.png\" >\n\t\t\t\t\t\t<\/a>\n\t\t\t\t\t\t\t\t\t<\/div>\n\t\t\t\t\t\t\t<div class=\"logo_slider_item\">\n\t\t\t\t\t\t\t\t\t\t\t<a class=\"logo_slider_logo\" href=\"\/Produkte\/Alle-Kategorien\/?manufacturer=ea369ec88bd5432b981b17de61fc04db\">\n\t\t\t\t\t\t\t<img decoding=\"async\" src=\"https:\/\/www.kindermann.de\/media\/6e\/31\/ae\/1759747280\/maxhub@20x.png\" >\n\t\t\t\t\t\t<\/a>\n\t\t\t\t\t\t\t\t\t<\/div>\n\t\t\t\t\t\t\t<div class=\"logo_slider_item\">\n\t\t\t\t\t\t\t\t\t\t\t<a class=\"logo_slider_logo\" href=\"\/Produkte\/Alle-Kategorien\/?manufacturer=03d2bc7444db43f7ba16a452bcf9f100\">\n\t\t\t\t\t\t\t<img decoding=\"async\" src=\"https:\/\/www.kindermann.de\/media\/50\/1e\/34\/1761044461\/Kindermann_1.svg\" >\n\t\t\t\t\t\t<\/a>\n\t\t\t\t\t\t\t\t\t<\/div>\n\t\t\t\t\t\t\t<div class=\"logo_slider_item\">\n\t\t\t\t\t\t\t\t\t\t\t<a class=\"logo_slider_logo\" href=\"\/Produkte\/Alle-Kategorien\/?manufacturer=062ced518abf4a0c8f8277bee04c5650\">\n\t\t\t\t\t\t\t<img decoding=\"async\" src=\"https:\/\/www.kindermann.de\/media\/5b\/b5\/04\/1685536717\/mipro@20x.png.png\" >\n\t\t\t\t\t\t<\/a>\n\t\t\t\t\t\t\t\t\t<\/div>\n\t\t\t\t\t<\/div>\n\t<\/div>\n\t\n\n\n<div style=\"height:60px\" aria-hidden=\"true\" class=\"wp-block-spacer\"><\/div>\n","protected":false},"excerpt":{"rendered":"<p>Starke Markenin der Distribution<\/p>\n","protected":false},"author":3,"featured_media":0,"parent":0,"menu_order":0,"comment_status":"closed","ping_status":"closed","template":"","meta":{"_acf_changed":false,"footnotes":""},"class_list":["post-3887","page","type-page","status-publish","format-standard","hentry"],"acf":[],"yoast_head":"<!-- This site is optimized with the Yoast SEO plugin v27.4 - https:\/\/yoast.com\/product\/yoast-seo-wordpress\/ -->\n<title>Distributions-Highlights - Kindermann GmbH<\/title>\n<meta name=\"description\" content=\"In der Distribution setzen wir auf starke, innovative Partner, die unser Portfolio perfekt erg\u00e4nzen. Mehr erfahren\" \/>\n<meta name=\"robots\" content=\"index, follow, max-snippet:-1, max-image-preview:large, max-video-preview:-1\" \/>\n<link rel=\"canonical\" href=\"https:\/\/www.kindermann.de\/company\/distributions-highlights\/\" \/>\n<meta property=\"og:locale\" content=\"de_DE\" \/>\n<meta property=\"og:type\" content=\"article\" \/>\n<meta property=\"og:title\" content=\"Distributions-Highlights - Kindermann GmbH\" \/>\n<meta property=\"og:description\" content=\"In der Distribution setzen wir auf starke, innovative Partner, die unser Portfolio perfekt erg\u00e4nzen. Mehr erfahren\" \/>\n<meta property=\"og:url\" content=\"https:\/\/www.kindermann.de\/company\/distributions-highlights\/\" \/>\n<meta property=\"og:site_name\" content=\"Kindermann GmbH\" \/>\n<meta property=\"article:publisher\" content=\"https:\/\/www.facebook.com\/KindermannGmbH\/\" \/>\n<meta property=\"article:modified_time\" content=\"2025-07-30T06:38:56+00:00\" \/>\n<meta name=\"twitter:card\" content=\"summary_large_image\" \/>\n<script type=\"application\/ld+json\" class=\"yoast-schema-graph\">{\"@context\":\"https:\\\/\\\/schema.org\",\"@graph\":[{\"@type\":\"WebPage\",\"@id\":\"https:\\\/\\\/www.kindermann.de\\\/company\\\/distributions-highlights\\\/\",\"url\":\"https:\\\/\\\/www.kindermann.de\\\/company\\\/distributions-highlights\\\/\",\"name\":\"Distributions-Highlights - Kindermann GmbH\",\"isPartOf\":{\"@id\":\"https:\\\/\\\/www.kindermann.de\\\/company\\\/#website\"},\"datePublished\":\"2022-09-30T11:30:52+00:00\",\"dateModified\":\"2025-07-30T06:38:56+00:00\",\"description\":\"In der Distribution setzen wir auf starke, innovative Partner, die unser Portfolio perfekt erg\u00e4nzen. Mehr erfahren\",\"breadcrumb\":{\"@id\":\"https:\\\/\\\/www.kindermann.de\\\/company\\\/distributions-highlights\\\/#breadcrumb\"},\"inLanguage\":\"de\",\"potentialAction\":[{\"@type\":\"ReadAction\",\"target\":[\"https:\\\/\\\/www.kindermann.de\\\/company\\\/distributions-highlights\\\/\"]}]},{\"@type\":\"BreadcrumbList\",\"@id\":\"https:\\\/\\\/www.kindermann.de\\\/company\\\/distributions-highlights\\\/#breadcrumb\",\"itemListElement\":[{\"@type\":\"ListItem\",\"position\":1,\"name\":\"Startseite\",\"item\":\"https:\\\/\\\/www.kindermann.de\\\/company\\\/\"},{\"@type\":\"ListItem\",\"position\":2,\"name\":\"Distributions-Highlights\"}]},{\"@type\":\"WebSite\",\"@id\":\"https:\\\/\\\/www.kindermann.de\\\/company\\\/#website\",\"url\":\"https:\\\/\\\/www.kindermann.de\\\/company\\\/\",\"name\":\"Kindermann GmbH\",\"description\":\"\",\"publisher\":{\"@id\":\"https:\\\/\\\/www.kindermann.de\\\/company\\\/#organization\"},\"potentialAction\":[{\"@type\":\"SearchAction\",\"target\":{\"@type\":\"EntryPoint\",\"urlTemplate\":\"https:\\\/\\\/www.kindermann.de\\\/company\\\/?s={search_term_string}\"},\"query-input\":{\"@type\":\"PropertyValueSpecification\",\"valueRequired\":true,\"valueName\":\"search_term_string\"}}],\"inLanguage\":\"de\"},{\"@type\":\"Organization\",\"@id\":\"https:\\\/\\\/www.kindermann.de\\\/company\\\/#organization\",\"name\":\"Kindermann GmbH\",\"url\":\"https:\\\/\\\/www.kindermann.de\\\/company\\\/\",\"logo\":{\"@type\":\"ImageObject\",\"inLanguage\":\"de\",\"@id\":\"https:\\\/\\\/www.kindermann.de\\\/company\\\/#\\\/schema\\\/logo\\\/image\\\/\",\"url\":\"https:\\\/\\\/www.kindermann.de\\\/company\\\/wp-content\\\/uploads\\\/2022\\\/10\\\/Kindermann_Logo_300_100.png\",\"contentUrl\":\"https:\\\/\\\/www.kindermann.de\\\/company\\\/wp-content\\\/uploads\\\/2022\\\/10\\\/Kindermann_Logo_300_100.png\",\"width\":300,\"height\":100,\"caption\":\"Kindermann GmbH\"},\"image\":{\"@id\":\"https:\\\/\\\/www.kindermann.de\\\/company\\\/#\\\/schema\\\/logo\\\/image\\\/\"},\"sameAs\":[\"https:\\\/\\\/www.facebook.com\\\/KindermannGmbH\\\/\",\"https:\\\/\\\/www.xing.com\\\/pages\\\/kindermanngmbh\",\"https:\\\/\\\/www.linkedin.com\\\/company\\\/kindermann-gmbh\"]}]}<\/script>\n<!-- \/ Yoast SEO plugin. -->","yoast_head_json":{"title":"Distributions-Highlights - Kindermann GmbH","description":"In der Distribution setzen wir auf starke, innovative Partner, die unser Portfolio perfekt erg\u00e4nzen. Mehr erfahren","robots":{"index":"index","follow":"follow","max-snippet":"max-snippet:-1","max-image-preview":"max-image-preview:large","max-video-preview":"max-video-preview:-1"},"canonical":"https:\/\/www.kindermann.de\/company\/distributions-highlights\/","og_locale":"de_DE","og_type":"article","og_title":"Distributions-Highlights - Kindermann GmbH","og_description":"In der Distribution setzen wir auf starke, innovative Partner, die unser Portfolio perfekt erg\u00e4nzen. Mehr erfahren","og_url":"https:\/\/www.kindermann.de\/company\/distributions-highlights\/","og_site_name":"Kindermann GmbH","article_publisher":"https:\/\/www.facebook.com\/KindermannGmbH\/","article_modified_time":"2025-07-30T06:38:56+00:00","twitter_card":"summary_large_image","schema":{"@context":"https:\/\/schema.org","@graph":[{"@type":"WebPage","@id":"https:\/\/www.kindermann.de\/company\/distributions-highlights\/","url":"https:\/\/www.kindermann.de\/company\/distributions-highlights\/","name":"Distributions-Highlights - Kindermann GmbH","isPartOf":{"@id":"https:\/\/www.kindermann.de\/company\/#website"},"datePublished":"2022-09-30T11:30:52+00:00","dateModified":"2025-07-30T06:38:56+00:00","description":"In der Distribution setzen wir auf starke, innovative Partner, die unser Portfolio perfekt erg\u00e4nzen. Mehr erfahren","breadcrumb":{"@id":"https:\/\/www.kindermann.de\/company\/distributions-highlights\/#breadcrumb"},"inLanguage":"de","potentialAction":[{"@type":"ReadAction","target":["https:\/\/www.kindermann.de\/company\/distributions-highlights\/"]}]},{"@type":"BreadcrumbList","@id":"https:\/\/www.kindermann.de\/company\/distributions-highlights\/#breadcrumb","itemListElement":[{"@type":"ListItem","position":1,"name":"Startseite","item":"https:\/\/www.kindermann.de\/company\/"},{"@type":"ListItem","position":2,"name":"Distributions-Highlights"}]},{"@type":"WebSite","@id":"https:\/\/www.kindermann.de\/company\/#website","url":"https:\/\/www.kindermann.de\/company\/","name":"Kindermann GmbH","description":"","publisher":{"@id":"https:\/\/www.kindermann.de\/company\/#organization"},"potentialAction":[{"@type":"SearchAction","target":{"@type":"EntryPoint","urlTemplate":"https:\/\/www.kindermann.de\/company\/?s={search_term_string}"},"query-input":{"@type":"PropertyValueSpecification","valueRequired":true,"valueName":"search_term_string"}}],"inLanguage":"de"},{"@type":"Organization","@id":"https:\/\/www.kindermann.de\/company\/#organization","name":"Kindermann GmbH","url":"https:\/\/www.kindermann.de\/company\/","logo":{"@type":"ImageObject","inLanguage":"de","@id":"https:\/\/www.kindermann.de\/company\/#\/schema\/logo\/image\/","url":"https:\/\/www.kindermann.de\/company\/wp-content\/uploads\/2022\/10\/Kindermann_Logo_300_100.png","contentUrl":"https:\/\/www.kindermann.de\/company\/wp-content\/uploads\/2022\/10\/Kindermann_Logo_300_100.png","width":300,"height":100,"caption":"Kindermann GmbH"},"image":{"@id":"https:\/\/www.kindermann.de\/company\/#\/schema\/logo\/image\/"},"sameAs":["https:\/\/www.facebook.com\/KindermannGmbH\/","https:\/\/www.xing.com\/pages\/kindermanngmbh","https:\/\/www.linkedin.com\/company\/kindermann-gmbh"]}]}},"_links":{"self":[{"href":"https:\/\/www.kindermann.de\/company\/wp-json\/wp\/v2\/pages\/3887","targetHints":{"allow":["GET"]}}],"collection":[{"href":"https:\/\/www.kindermann.de\/company\/wp-json\/wp\/v2\/pages"}],"about":[{"href":"https:\/\/www.kindermann.de\/company\/wp-json\/wp\/v2\/types\/page"}],"author":[{"embeddable":true,"href":"https:\/\/www.kindermann.de\/company\/wp-json\/wp\/v2\/users\/3"}],"replies":[{"embeddable":true,"href":"https:\/\/www.kindermann.de\/company\/wp-json\/wp\/v2\/comments?post=3887"}],"version-history":[{"count":51,"href":"https:\/\/www.kindermann.de\/company\/wp-json\/wp\/v2\/pages\/3887\/revisions"}],"predecessor-version":[{"id":14618,"href":"https:\/\/www.kindermann.de\/company\/wp-json\/wp\/v2\/pages\/3887\/revisions\/14618"}],"wp:attachment":[{"href":"https:\/\/www.kindermann.de\/company\/wp-json\/wp\/v2\/media?parent=3887"}],"curies":[{"name":"wp","href":"https:\/\/api.w.org\/{rel}","templated":true}]}}