{"id":316,"date":"2022-09-07T13:17:39","date_gmt":"2022-09-07T11:17:39","guid":{"rendered":"https:\/\/www.kindermann.de\/wp\/?page_id=316"},"modified":"2022-09-14T12:01:33","modified_gmt":"2022-09-14T10:01:33","slug":"referenzen","status":"publish","type":"page","link":"https:\/\/www.kindermann.de\/company\/referenzen\/","title":{"rendered":"Referenzen"},"content":{"rendered":"<div class=\"page_overview  \">\n\t<div class=\"main_teaser  \">\n\t<a name=\"article_2024\"><\/a>\n\t<div class=\"main_slide main_slide_static\">\n\t\t<img decoding=\"async\" width=\"1600\" height=\"875\" src=\"https:\/\/www.kindermann.de\/company\/wp-content\/uploads\/2024\/11\/DSC_5438_Prev.png\" class=\"km-wp-reference-image wp-post-image\" alt=\"\" data-desc=\"\" >\t\t<div class=\"main_slide_text_outer main_slide_text_outer_spark_1_l\">\n\t\t\t<div class=\"main_slide_text main_slide_text_spark_1_l\">\n\t\t\t\t<div class=\"main_slide_text_angle_h\"><\/div>\n\t\t\t\t<div class=\"main_slide_text_angle_v\"><\/div>\n\t\t\t\t<div class=\"main_slide_text_inner\">\n\t\t\t\t\t\t\t\t\t\t\t\t\t\t\t<a href=\"https:\/\/www.kindermann.de\/company\/reference\/digimok\/\"><h1><strong>DigiMoK<\/strong><\/h1><\/a>\n\t\t\t\t\t<p>Seit Januar tourt das Digitale Mobile Klassenzimmer, kurz DigiMoK, durch Sachsen. Es ist ein Angebot an\u00a0alle weiterf\u00fchrenden Schulen,\u00a0um die Potenziale des Einsatzes von digitalen Medien und K\u00fcnstlicher\u00a0Intelligenz in der schulischen Bildung direkt vor Ort zu erleben. <\/p>\n\t\t\t\t\t<a class=\"read_more\" href=\"https:\/\/www.kindermann.de\/company\/reference\/digimok\/\">Artikel lesen<\/a>\n\t\t\t\t\t\t\t\t\t<\/div>\n\t\t\t<\/div>\n\t\t<\/div>\n\t<\/div>\n<\/div><article class=\"article_single_teaser article_single_teaser_reference article_single_teaser_left \">\n\t<a name=\"article_2024\"><\/a>\n\t<a href=\"https:\/\/www.kindermann.de\/company\/reference\/hohenlohe-gymnasium-oehringen\/\"><img decoding=\"async\" width=\"1700\" height=\"930\" src=\"https:\/\/www.kindermann.de\/company\/wp-content\/uploads\/2024\/10\/DSC_5501_1.png\" class=\"attachment-full size-full wp-post-image\" alt=\"\" data-desc=\"\" ><\/a>\n\t<div class=\"article_single_teaser_text\">\n\t\t\t\t<h3><a href=\"https:\/\/www.kindermann.de\/company\/reference\/hohenlohe-gymnasium-oehringen\/\">Hohenlohe-Gymnasium \u00d6hringen<\/a><\/h3>\n\t\t<p>Im April dieses Jahres wurden die Pforten des Neubaus ge\u00f6ffnet und die Sch\u00fcler kamen aus dem Staunen nicht mehr heraus. Die moderne Architektur, die lichtdurchfluteten R\u00e4ume und die innovative Ausstattung machen das Lernen zwar nicht leichter, aber angenehmer. Alle Klassenzimmer sind mit Kindermann Touchdisplays ausgestattet, was den Unterricht interaktiv und lebendig macht.<\/p>\n\t\t<a class=\"read_more\" href=\"https:\/\/www.kindermann.de\/company\/reference\/hohenlohe-gymnasium-oehringen\/\">Artikel lesen<\/a>\n\t<\/div>\n<\/article><article class=\"article_single_teaser article_single_teaser_reference article_single_teaser_right \">\n\t<a name=\"article_2022\"><\/a>\n\t<a href=\"https:\/\/www.kindermann.de\/company\/reference\/airport-duesseldorf\/\"><img decoding=\"async\" width=\"2560\" height=\"985\" src=\"https:\/\/www.kindermann.de\/company\/wp-content\/uploads\/2022\/09\/DSC_5342-2-scaled.jpg\" class=\"attachment-full size-full wp-post-image\" alt=\"\" data-desc=\"\" ><\/a>\n\t<div class=\"article_single_teaser_text\">\n\t\t\t\t<h3><a href=\"https:\/\/www.kindermann.de\/company\/reference\/airport-duesseldorf\/\">Airport D\u00fcsseldorf<\/a><\/h3>\n\t\t<p>Es verf\u00fcgt \u00fcber zehn repr\u00e4sentative Konferenz- und Tagungsr\u00e4ume mit Blick auf das Vorfeld des Airports, die flexibel in der Gr\u00f6\u00dfe und mit modernster Konferenztechnik ausgestattet sind.<\/p>\n\t\t<a class=\"read_more\" href=\"https:\/\/www.kindermann.de\/company\/reference\/airport-duesseldorf\/\">Artikel lesen<\/a>\n\t<\/div>\n<\/article><article class=\"article_small article_small_reference \">\n\t<a name=\"article_2022\"><\/a>\n\t<a href=\"https:\/\/www.kindermann.de\/company\/reference\/sparkasse-westerwald-sieg\/\"><img decoding=\"async\" width=\"1024\" height=\"550\" src=\"https:\/\/www.kindermann.de\/company\/wp-content\/uploads\/2022\/09\/csm_9S7A6979_afef05113c_1-1024x550.jpg\" class=\"attachment-large size-large wp-post-image\" alt=\"\" data-desc=\"\" ><\/a>\n\t\t<h3><a href=\"https:\/\/www.kindermann.de\/company\/reference\/sparkasse-westerwald-sieg\/\">Sparkasse Westerwald-Sieg<\/a><\/h3>\n\t<p>Die Sparkasse Westerwald-Sieg z\u00e4hlt durch die Fusion der beiden Kreissparkassen Altenkirchen und Westerwald im Juni 2015 zu einer der gr\u00f6\u00dferen Sparkassen in Rheinland-Pfalz.<\/p>\n\t<a class=\"read_more\" href=\"https:\/\/www.kindermann.de\/company\/reference\/sparkasse-westerwald-sieg\/\">Artikel lesen<\/a>\n<\/article><article class=\"article_small article_small_reference \">\n\t<a name=\"article_2022\"><\/a>\n\t<a href=\"https:\/\/www.kindermann.de\/company\/reference\/franziska-schwarz-hoersaal\/\"><img decoding=\"async\" width=\"1024\" height=\"410\" src=\"https:\/\/www.kindermann.de\/company\/wp-content\/uploads\/2022\/09\/2017_SLK_Kliniken-01_hero-1024x410.jpg\" class=\"attachment-large size-large wp-post-image\" alt=\"\" data-desc=\"\" ><\/a>\n\t\t<h3><a href=\"https:\/\/www.kindermann.de\/company\/reference\/franziska-schwarz-hoersaal\/\">Franziska Schwarz-H\u00f6rsaal<\/a><\/h3>\n\t<p>Das Klinikum am Gesundbrunnen in Heilbronn ist die gr\u00f6\u00dfte Einrichtung innerhalb der SLK-Kliniken. Um sich zukunftsorientiert auf die strukturellen Ver\u00e4nderungen im Gesundheitswesen einzustellen, wurden einige Neubauten beschlossen und realisiert.<\/p>\n\t<a class=\"read_more\" href=\"https:\/\/www.kindermann.de\/company\/reference\/franziska-schwarz-hoersaal\/\">Artikel lesen<\/a>\n<\/article><article class=\"article_small article_small_reference \">\n\t<a name=\"article_2022\"><\/a>\n\t<a href=\"https:\/\/www.kindermann.de\/company\/reference\/greuther-fuerth\/\"><img decoding=\"async\" width=\"1024\" height=\"394\" src=\"https:\/\/www.kindermann.de\/company\/wp-content\/uploads\/2022\/09\/2017-08-17-Greuther-Fuerth-100-8147-1024x394.jpg\" class=\"attachment-large size-large wp-post-image\" alt=\"\" data-desc=\"\" ><\/a>\n\t\t<h3><a href=\"https:\/\/www.kindermann.de\/company\/reference\/greuther-fuerth\/\">GREUTHER F\u00dcRTH<\/a><\/h3>\n\t<p>Wer kennt sie nicht, die geschichtstr\u00e4chtige Spielvereinigung Greuther F\u00fcrth, die mit ihrer ersten Mannschaft in der 2. Fu\u00dfball-Bundesliga verwurzelt ist.<\/p>\n\t<a class=\"read_more\" href=\"https:\/\/www.kindermann.de\/company\/reference\/greuther-fuerth\/\">Artikel lesen<\/a>\n<\/article><article class=\"article_small article_small_reference \">\n\t<a name=\"article_2022\"><\/a>\n\t<a href=\"https:\/\/www.kindermann.de\/company\/reference\/schloesserland-sachsen-in-dresden\/\"><img decoding=\"async\" width=\"1024\" height=\"394\" src=\"https:\/\/www.kindermann.de\/company\/wp-content\/uploads\/2022\/09\/csm_DSC_0186_805d01e9c71-1024x394.jpg\" class=\"attachment-large size-large wp-post-image\" alt=\"\" data-desc=\"\" ><\/a>\n\t\t<h3><a href=\"https:\/\/www.kindermann.de\/company\/reference\/schloesserland-sachsen-in-dresden\/\">Schl\u00f6sserland Sachsen in Dresden<\/a><\/h3>\n\t<p>Das Schl\u00f6sserland Sachsen mit Sitz in Dresden k\u00fcmmert sich um die Staatlichen Schl\u00f6sser, Burgen und G\u00e4rten Sachsens.<\/p>\n\t<a class=\"read_more\" href=\"https:\/\/www.kindermann.de\/company\/reference\/schloesserland-sachsen-in-dresden\/\">Artikel lesen<\/a>\n<\/article>\n<\/div>\n","protected":false},"excerpt":{"rendered":"","protected":false},"author":3,"featured_media":0,"parent":0,"menu_order":22,"comment_status":"closed","ping_status":"closed","template":"","meta":{"_acf_changed":false,"footnotes":""},"class_list":["post-316","page","type-page","status-publish","format-standard","hentry"],"acf":[],"yoast_head":"<!-- This site is optimized with the Yoast SEO plugin v26.8 - https:\/\/yoast.com\/product\/yoast-seo-wordpress\/ -->\n<title>Referenzen - Kindermann GmbH<\/title>\n<meta name=\"robots\" content=\"index, follow, max-snippet:-1, max-image-preview:large, max-video-preview:-1\" \/>\n<link rel=\"canonical\" href=\"https:\/\/www.kindermann.de\/company\/referenzen\/\" \/>\n<meta property=\"og:locale\" content=\"de_DE\" \/>\n<meta property=\"og:type\" content=\"article\" \/>\n<meta property=\"og:title\" content=\"Referenzen - Kindermann GmbH\" \/>\n<meta property=\"og:url\" content=\"https:\/\/www.kindermann.de\/company\/referenzen\/\" \/>\n<meta property=\"og:site_name\" content=\"Kindermann GmbH\" \/>\n<meta property=\"article:publisher\" content=\"https:\/\/www.facebook.com\/KindermannGmbH\/\" \/>\n<meta property=\"article:modified_time\" content=\"2022-09-14T10:01:33+00:00\" \/>\n<meta name=\"twitter:card\" content=\"summary_large_image\" \/>\n<script type=\"application\/ld+json\" class=\"yoast-schema-graph\">{\"@context\":\"https:\/\/schema.org\",\"@graph\":[{\"@type\":\"WebPage\",\"@id\":\"https:\/\/www.kindermann.de\/company\/referenzen\/\",\"url\":\"https:\/\/www.kindermann.de\/company\/referenzen\/\",\"name\":\"Referenzen - Kindermann GmbH\",\"isPartOf\":{\"@id\":\"https:\/\/www.kindermann.de\/company\/#website\"},\"datePublished\":\"2022-09-07T11:17:39+00:00\",\"dateModified\":\"2022-09-14T10:01:33+00:00\",\"breadcrumb\":{\"@id\":\"https:\/\/www.kindermann.de\/company\/referenzen\/#breadcrumb\"},\"inLanguage\":\"de\",\"potentialAction\":[{\"@type\":\"ReadAction\",\"target\":[\"https:\/\/www.kindermann.de\/company\/referenzen\/\"]}]},{\"@type\":\"BreadcrumbList\",\"@id\":\"https:\/\/www.kindermann.de\/company\/referenzen\/#breadcrumb\",\"itemListElement\":[{\"@type\":\"ListItem\",\"position\":1,\"name\":\"Startseite\",\"item\":\"https:\/\/www.kindermann.de\/company\/\"},{\"@type\":\"ListItem\",\"position\":2,\"name\":\"Referenzen\"}]},{\"@type\":\"WebSite\",\"@id\":\"https:\/\/www.kindermann.de\/company\/#website\",\"url\":\"https:\/\/www.kindermann.de\/company\/\",\"name\":\"Kindermann GmbH\",\"description\":\"\",\"publisher\":{\"@id\":\"https:\/\/www.kindermann.de\/company\/#organization\"},\"potentialAction\":[{\"@type\":\"SearchAction\",\"target\":{\"@type\":\"EntryPoint\",\"urlTemplate\":\"https:\/\/www.kindermann.de\/company\/?s={search_term_string}\"},\"query-input\":{\"@type\":\"PropertyValueSpecification\",\"valueRequired\":true,\"valueName\":\"search_term_string\"}}],\"inLanguage\":\"de\"},{\"@type\":\"Organization\",\"@id\":\"https:\/\/www.kindermann.de\/company\/#organization\",\"name\":\"Kindermann GmbH\",\"url\":\"https:\/\/www.kindermann.de\/company\/\",\"logo\":{\"@type\":\"ImageObject\",\"inLanguage\":\"de\",\"@id\":\"https:\/\/www.kindermann.de\/company\/#\/schema\/logo\/image\/\",\"url\":\"https:\/\/www.kindermann.de\/company\/wp-content\/uploads\/2022\/10\/Kindermann_Logo_300_100.png\",\"contentUrl\":\"https:\/\/www.kindermann.de\/company\/wp-content\/uploads\/2022\/10\/Kindermann_Logo_300_100.png\",\"width\":300,\"height\":100,\"caption\":\"Kindermann GmbH\"},\"image\":{\"@id\":\"https:\/\/www.kindermann.de\/company\/#\/schema\/logo\/image\/\"},\"sameAs\":[\"https:\/\/www.facebook.com\/KindermannGmbH\/\",\"https:\/\/www.xing.com\/pages\/kindermanngmbh\",\"https:\/\/www.linkedin.com\/company\/kindermann-gmbh\"]}]}<\/script>\n<!-- \/ Yoast SEO plugin. -->","yoast_head_json":{"title":"Referenzen - Kindermann GmbH","robots":{"index":"index","follow":"follow","max-snippet":"max-snippet:-1","max-image-preview":"max-image-preview:large","max-video-preview":"max-video-preview:-1"},"canonical":"https:\/\/www.kindermann.de\/company\/referenzen\/","og_locale":"de_DE","og_type":"article","og_title":"Referenzen - Kindermann GmbH","og_url":"https:\/\/www.kindermann.de\/company\/referenzen\/","og_site_name":"Kindermann GmbH","article_publisher":"https:\/\/www.facebook.com\/KindermannGmbH\/","article_modified_time":"2022-09-14T10:01:33+00:00","twitter_card":"summary_large_image","schema":{"@context":"https:\/\/schema.org","@graph":[{"@type":"WebPage","@id":"https:\/\/www.kindermann.de\/company\/referenzen\/","url":"https:\/\/www.kindermann.de\/company\/referenzen\/","name":"Referenzen - Kindermann GmbH","isPartOf":{"@id":"https:\/\/www.kindermann.de\/company\/#website"},"datePublished":"2022-09-07T11:17:39+00:00","dateModified":"2022-09-14T10:01:33+00:00","breadcrumb":{"@id":"https:\/\/www.kindermann.de\/company\/referenzen\/#breadcrumb"},"inLanguage":"de","potentialAction":[{"@type":"ReadAction","target":["https:\/\/www.kindermann.de\/company\/referenzen\/"]}]},{"@type":"BreadcrumbList","@id":"https:\/\/www.kindermann.de\/company\/referenzen\/#breadcrumb","itemListElement":[{"@type":"ListItem","position":1,"name":"Startseite","item":"https:\/\/www.kindermann.de\/company\/"},{"@type":"ListItem","position":2,"name":"Referenzen"}]},{"@type":"WebSite","@id":"https:\/\/www.kindermann.de\/company\/#website","url":"https:\/\/www.kindermann.de\/company\/","name":"Kindermann GmbH","description":"","publisher":{"@id":"https:\/\/www.kindermann.de\/company\/#organization"},"potentialAction":[{"@type":"SearchAction","target":{"@type":"EntryPoint","urlTemplate":"https:\/\/www.kindermann.de\/company\/?s={search_term_string}"},"query-input":{"@type":"PropertyValueSpecification","valueRequired":true,"valueName":"search_term_string"}}],"inLanguage":"de"},{"@type":"Organization","@id":"https:\/\/www.kindermann.de\/company\/#organization","name":"Kindermann GmbH","url":"https:\/\/www.kindermann.de\/company\/","logo":{"@type":"ImageObject","inLanguage":"de","@id":"https:\/\/www.kindermann.de\/company\/#\/schema\/logo\/image\/","url":"https:\/\/www.kindermann.de\/company\/wp-content\/uploads\/2022\/10\/Kindermann_Logo_300_100.png","contentUrl":"https:\/\/www.kindermann.de\/company\/wp-content\/uploads\/2022\/10\/Kindermann_Logo_300_100.png","width":300,"height":100,"caption":"Kindermann GmbH"},"image":{"@id":"https:\/\/www.kindermann.de\/company\/#\/schema\/logo\/image\/"},"sameAs":["https:\/\/www.facebook.com\/KindermannGmbH\/","https:\/\/www.xing.com\/pages\/kindermanngmbh","https:\/\/www.linkedin.com\/company\/kindermann-gmbh"]}]}},"_links":{"self":[{"href":"https:\/\/www.kindermann.de\/company\/wp-json\/wp\/v2\/pages\/316","targetHints":{"allow":["GET"]}}],"collection":[{"href":"https:\/\/www.kindermann.de\/company\/wp-json\/wp\/v2\/pages"}],"about":[{"href":"https:\/\/www.kindermann.de\/company\/wp-json\/wp\/v2\/types\/page"}],"author":[{"embeddable":true,"href":"https:\/\/www.kindermann.de\/company\/wp-json\/wp\/v2\/users\/3"}],"replies":[{"embeddable":true,"href":"https:\/\/www.kindermann.de\/company\/wp-json\/wp\/v2\/comments?post=316"}],"version-history":[{"count":6,"href":"https:\/\/www.kindermann.de\/company\/wp-json\/wp\/v2\/pages\/316\/revisions"}],"predecessor-version":[{"id":9003,"href":"https:\/\/www.kindermann.de\/company\/wp-json\/wp\/v2\/pages\/316\/revisions\/9003"}],"wp:attachment":[{"href":"https:\/\/www.kindermann.de\/company\/wp-json\/wp\/v2\/media?parent=316"}],"curies":[{"name":"wp","href":"https:\/\/api.w.org\/{rel}","templated":true}]}}