{"id":2901,"date":"2022-09-28T16:49:43","date_gmt":"2022-09-28T14:49:43","guid":{"rendered":"https:\/\/www.kindermann.de\/wp\/?page_id=2901"},"modified":"2024-11-12T14:15:54","modified_gmt":"2024-11-12T13:15:54","slug":"kontakt","status":"publish","type":"page","link":"https:\/\/www.kindermann.de\/company\/kontakt\/","title":{"rendered":"Kontakt"},"content":{"rendered":"<div class=\"main_slider_block  \">\n\t\t<div class=\"main_teaser main_teaser_default  main_teaser_slider_9cc93011fb9b14c7b01464ade1503fef\" data-class=\"main_teaser_slider_9cc93011fb9b14c7b01464ade1503fef\" data-duration=\"8\">\n\t\t\t\t\t<div class=\"main_slide main_slide_static\">\n\t\t\t\t\t\t\t\t<div class=\"main_slide_gallery main_slide_gallery_50db270c38de872a39a8d9a35dda84f9\" data-class=\"main_slide_gallery_50db270c38de872a39a8d9a35dda84f9\">\n\t\t\t\t<div class=\"main_slide_gallery_slide\"><img decoding=\"async\" width=\"2457\" height=\"1132\" src=\"https:\/\/www.kindermann.de\/company\/wp-content\/uploads\/2024\/08\/Kindermann-Standort.jpg\" class=\"attachment-full size-full\" alt=\"\" data-desc=\"\" ><\/div>\t\t\t\t<\/div>\n\t\t\t\t<div class=\"main_slide_text_outer main_slide_text_outer_spark_1_l\">\n\t\t\t\t\t<div class=\"main_slide_text main_slide_text_spark_1_l main_slide_text_white main_slide_text_lines_show\">\n\t\t\t\t\t\t<div class=\"main_slide_text_angle_h\"><\/div>\n\t\t\t\t\t\t<div class=\"main_slide_text_angle_v\"><\/div>\n\t\t\t\t\t\t<div class=\"main_slide_text_inner\">\n\t\t\t\t\t\t\t\n\t\t\t\t\t\t\t<p><strong><span style=\"color: #e80029\">Kindermann<\/span><\/strong><\/p>\n<h1><strong>Kontakt<\/strong><\/h1>\n\t\t\t\t\t\t\t\t\t\t\t\t\t\t\n\t\t\t\t\t\t\t\t\t\t\t\t\t<\/div>\n\t\t\t\t\t<\/div>\n\t\t\t\t<\/div>\n\t\t\t<\/div>\n\t\t\t<\/div>\n<\/div>\n\n\n\n<div style=\"height:100px\" aria-hidden=\"true\" class=\"wp-block-spacer\"><\/div>\n\n\n<div class=\"text_group text_group_ box_ box_\" id=\"  \">\n\t<div class=\"text_group_content \">\n\t\t\n\n<div class=\"wp-block-columns is-layout-flex wp-container-core-columns-is-layout-9d6595d7 wp-block-columns-is-layout-flex\">\n<div class=\"wp-block-column is-layout-flow wp-block-column-is-layout-flow\" style=\"flex-basis:33.33%\">\n<h2 class=\"wp-block-heading\">Anschrift<\/h2>\n\n\n\n<p>Kindermann GmbH<br>Mainparkring 3<br>D-97246 Eibelstadt<\/p>\n\n\n\n<p>Telefon: +49 (0) 9303 9840 &#8211; 0<br>Telefax: +49 (0) 9303 9840 &#8211; 101<br>E-Mail: <a href=\"mailto:info@kindermann.de\">info@kindermann.de<\/a><\/p>\n\n\n\n<div style=\"height:40px\" aria-hidden=\"true\" class=\"wp-block-spacer\"><\/div>\n\n\n\n<figure class=\"wp-block-image size-large\"><a href=\"https:\/\/goo.gl\/maps\/JdVZ68ffgyeeWCZT6\" target=\"_blank\" rel=\"noreferrer noopener\"><img decoding=\"async\" width=\"691\" height=\"1024\" src=\"https:\/\/www.kindermann.de\/company\/wp-content\/uploads\/2022\/09\/Kindermann_Map_big-691x1024.jpg\" alt=\"\" class=\"wp-image-3269\"><\/a><\/figure>\n\n\n\n<div class=\"wp-block-buttons is-layout-flex wp-block-buttons-is-layout-flex\">\n<div class=\"wp-block-button aligncenter\"><a class=\"wp-block-button__link wp-element-button\" href=\"https:\/\/goo.gl\/maps\/JdVZ68ffgyeeWCZT6\" target=\"_blank\" rel=\"noreferrer noopener\">Anfahrt planen<\/a><\/div>\n<\/div>\n<\/div>\n\n\n\n<div class=\"wp-block-column is-vertically-aligned-top is-layout-flow wp-block-column-is-layout-flow\" style=\"flex-basis:66.66%\">\n<h2 class=\"wp-block-heading\">Kontaktformular<\/h2>\n\n\n\n<p>Sofern Sie das Kontaktformular nutzen, werden Ihre Angaben zum Zwecke der Bearbeitung der Kontakt\u00adaufnahme gespeichert. Eine Weitergabe an Dritte erfolgt nicht. Ein Abgleich mit anderen Dateneingaben auf diesen Seiten erfolgt ebenfalls nicht.<\/p>\n\n\n\n<p>Lesen Sie hierzu unsere&nbsp;<a data-type=\"URL\" data-id=\"https:\/\/www.kindermann.de\/company\/datenschutz\/\" href=\"https:\/\/www.kindermann.de\/company\/datenschutz\/\" target=\"_blank\" rel=\"noreferrer noopener\">Datenschutzerkl\u00e4rung<\/a><\/p>\n\n\n\n<div style=\"height:50px\" aria-hidden=\"true\" class=\"wp-block-spacer\"><\/div>\n\n\n<div class=\"wpforms-container wpforms-container-full wpforms-block wpforms-block-37b7d839-ee98-489f-87cc-712edee81d32\" id=\"wpforms-2905\"><form id=\"wpforms-form-2905\" class=\"wpforms-validate wpforms-form wpforms-ajax-form\" data-formid=\"2905\" method=\"post\" enctype=\"multipart\/form-data\" action=\"\/company\/wp-json\/company\/v2\/pages\/2901\" data-token=\"6a6e55a7c21981f5787de3d542290c87\" data-token-time=\"1775250264\"><noscript class=\"wpforms-error-noscript\">Bitte aktiviere JavaScript in deinem Browser, um dieses Formular fertigzustellen.<\/noscript><div class=\"wpforms-field-container\"><div id=\"wpforms-2905-field_12-container\" class=\"wpforms-field wpforms-field-text\" data-field-id=\"12\"><label class=\"wpforms-field-label\" for=\"wpforms-2905-field_12\">Firma<\/label><input type=\"text\" id=\"wpforms-2905-field_12\" class=\"wpforms-field-large\" name=\"wpforms[fields][12]\" ><\/div><div id=\"wpforms-2905-field_0-container\" class=\"wpforms-field wpforms-field-name\" data-field-id=\"0\"><label class=\"wpforms-field-label\">Name <span class=\"wpforms-required-label\">*<\/span><\/label><div class=\"wpforms-field-row wpforms-field-large\"><div class=\"wpforms-field-row-block wpforms-first wpforms-one-half\"><input type=\"text\" id=\"wpforms-2905-field_0\" class=\"wpforms-field-name-first wpforms-field-required\" name=\"wpforms[fields][0][first]\" required><label for=\"wpforms-2905-field_0\" class=\"wpforms-field-sublabel after\">Vorname<\/label><\/div><div class=\"wpforms-field-row-block wpforms-one-half\"><input type=\"text\" id=\"wpforms-2905-field_0-last\" class=\"wpforms-field-name-last wpforms-field-required\" name=\"wpforms[fields][0][last]\" required><label for=\"wpforms-2905-field_0-last\" class=\"wpforms-field-sublabel after\">Nachname<\/label><\/div><\/div><\/div><div id=\"wpforms-2905-field_16-container\" class=\"wpforms-field wpforms-field-text\" data-field-id=\"16\"><label class=\"wpforms-field-label\" for=\"wpforms-2905-field_16\">Stra\u00dfe <span class=\"wpforms-required-label\">*<\/span><\/label><input type=\"text\" id=\"wpforms-2905-field_16\" class=\"wpforms-field-large wpforms-field-required\" name=\"wpforms[fields][16]\" required><\/div><div id=\"wpforms-2905-field_14-container\" class=\"wpforms-field wpforms-field-text wpforms-one-third wpforms-first\" data-field-id=\"14\"><label class=\"wpforms-field-label\" for=\"wpforms-2905-field_14\">PLZ <span class=\"wpforms-required-label\">*<\/span><\/label><input type=\"text\" id=\"wpforms-2905-field_14\" class=\"wpforms-field-large wpforms-field-required\" name=\"wpforms[fields][14]\" required><\/div><div id=\"wpforms-2905-field_15-container\" class=\"wpforms-field wpforms-field-text wpforms-two-thirds\" data-field-id=\"15\"><label class=\"wpforms-field-label\" for=\"wpforms-2905-field_15\">Ort <span class=\"wpforms-required-label\">*<\/span><\/label><input type=\"text\" id=\"wpforms-2905-field_15\" class=\"wpforms-field-large wpforms-field-required\" name=\"wpforms[fields][15]\" required><\/div><div id=\"wpforms-2905-field_17-container\" class=\"wpforms-field wpforms-field-select wpforms-one-half wpforms-first wpforms-field-select-style-classic\" data-field-id=\"17\"><label class=\"wpforms-field-label\" for=\"wpforms-2905-field_17\">Land <span class=\"wpforms-required-label\">*<\/span><\/label><select id=\"wpforms-2905-field_17\" class=\"wpforms-field-large wpforms-field-required\" name=\"wpforms[fields][17]\" required=\"required\"><option value=\"Deutschland\"  class=\"choice-1 depth-1\"  >Deutschland<\/option><option value=\"\u00d6sterreich\"  class=\"choice-2 depth-1\"  >\u00d6sterreich<\/option><option value=\"Schweiz\"  class=\"choice-3 depth-1\"  >Schweiz<\/option><\/select><\/div><div id=\"wpforms-2905-field_40-container\" class=\"wpforms-field wpforms-field-phone wpforms-one-half\" data-field-id=\"40\"><label class=\"wpforms-field-label\" for=\"wpforms-2905-field_40\">Telefon<\/label><input type=\"tel\" id=\"wpforms-2905-field_40\" class=\"wpforms-field-large wpforms-smart-phone-field\" data-rule-smart-phone-field=\"true\" name=\"wpforms[fields][40]\" aria-label=\"Telefon\" ><\/div><div id=\"wpforms-2905-field_19-container\" class=\"wpforms-field wpforms-field-number\" data-field-id=\"19\"><label class=\"wpforms-field-label\" for=\"wpforms-2905-field_19\">Fax<\/label><input type=\"number\" id=\"wpforms-2905-field_19\" class=\"wpforms-field-large\" name=\"wpforms[fields][19]\" step=\"any\" ><\/div><div id=\"wpforms-2905-field_20-container\" class=\"wpforms-field wpforms-field-email\" data-field-id=\"20\"><label class=\"wpforms-field-label\" for=\"wpforms-2905-field_20\">E-Mail <span class=\"wpforms-required-label\">*<\/span><\/label><input type=\"email\" id=\"wpforms-2905-field_20\" class=\"wpforms-field-large wpforms-field-required\" name=\"wpforms[fields][20]\" spellcheck=\"false\" required><\/div><div id=\"wpforms-2905-field_43-container\" class=\"wpforms-field wpforms-field-text\" data-field-id=\"43\"><label class=\"wpforms-field-label\" for=\"wpforms-2905-field_43\">Website<\/label><input type=\"text\" id=\"wpforms-2905-field_43\" class=\"wpforms-field-medium\" name=\"wpforms[fields][43]\" ><\/div><div id=\"wpforms-2905-field_21-container\" class=\"wpforms-field wpforms-field-textarea\" data-field-id=\"21\"><label class=\"wpforms-field-label\" for=\"wpforms-2905-field_21\">Feedback \/ Anregung<\/label><textarea id=\"wpforms-2905-field_21\" class=\"wpforms-field-medium\" name=\"wpforms[fields][21]\" ><\/textarea><\/div><div id=\"wpforms-2905-field_49-container\" class=\"wpforms-field wpforms-field-checkbox\" data-field-id=\"49\"><label class=\"wpforms-field-label\">Ich w\u00fcnsche Informationen zu:<\/label><ul id=\"wpforms-2905-field_49\"><li class=\"choice-1 depth-1\"><input type=\"checkbox\" id=\"wpforms-2905-field_49_1\" name=\"wpforms[fields][49][]\" value=\"Projektoren, Visualizer\"  ><label class=\"wpforms-field-label-inline\" for=\"wpforms-2905-field_49_1\">Projektoren, Visualizer<\/label><\/li><li class=\"choice-9 depth-1\"><input type=\"checkbox\" id=\"wpforms-2905-field_49_9\" name=\"wpforms[fields][49][]\" value=\"Digital Signage\"  ><label class=\"wpforms-field-label-inline\" for=\"wpforms-2905-field_49_9\">Digital Signage<\/label><\/li><li class=\"choice-8 depth-1\"><input type=\"checkbox\" id=\"wpforms-2905-field_49_8\" name=\"wpforms[fields][49][]\" value=\"Videokommunikation\"  ><label class=\"wpforms-field-label-inline\" for=\"wpforms-2905-field_49_8\">Videokommunikation<\/label><\/li><li class=\"choice-7 depth-1\"><input type=\"checkbox\" id=\"wpforms-2905-field_49_7\" name=\"wpforms[fields][49][]\" value=\"Moderationssysteme\"  ><label class=\"wpforms-field-label-inline\" for=\"wpforms-2905-field_49_7\">Moderationssysteme<\/label><\/li><li class=\"choice-6 depth-1\"><input type=\"checkbox\" id=\"wpforms-2905-field_49_6\" name=\"wpforms[fields][49][]\" value=\"Signalmanagement\"  ><label class=\"wpforms-field-label-inline\" for=\"wpforms-2905-field_49_6\">Signalmanagement<\/label><\/li><li class=\"choice-5 depth-1\"><input type=\"checkbox\" id=\"wpforms-2905-field_49_5\" name=\"wpforms[fields][49][]\" value=\"Audiosysteme\"  ><label class=\"wpforms-field-label-inline\" for=\"wpforms-2905-field_49_5\">Audiosysteme<\/label><\/li><li class=\"choice-2 depth-1\"><input type=\"checkbox\" id=\"wpforms-2905-field_49_2\" name=\"wpforms[fields][49][]\" value=\"Displays\"  ><label class=\"wpforms-field-label-inline\" for=\"wpforms-2905-field_49_2\">Displays<\/label><\/li><li class=\"choice-3 depth-1\"><input type=\"checkbox\" id=\"wpforms-2905-field_49_3\" name=\"wpforms[fields][49][]\" value=\"Interaktive Systeme\"  ><label class=\"wpforms-field-label-inline\" for=\"wpforms-2905-field_49_3\">Interaktive Systeme<\/label><\/li><li class=\"choice-10 depth-1\"><input type=\"checkbox\" id=\"wpforms-2905-field_49_10\" name=\"wpforms[fields][49][]\" value=\"Medienm\u00f6bel\"  ><label class=\"wpforms-field-label-inline\" for=\"wpforms-2905-field_49_10\">Medienm\u00f6bel<\/label><\/li><li class=\"choice-11 depth-1\"><input type=\"checkbox\" id=\"wpforms-2905-field_49_11\" name=\"wpforms[fields][49][]\" value=\"Montagesystem\"  ><label class=\"wpforms-field-label-inline\" for=\"wpforms-2905-field_49_11\">Montagesystem<\/label><\/li><li class=\"choice-12 depth-1\"><input type=\"checkbox\" id=\"wpforms-2905-field_49_12\" name=\"wpforms[fields][49][]\" value=\"Mediensteuerung\"  ><label class=\"wpforms-field-label-inline\" for=\"wpforms-2905-field_49_12\">Mediensteuerung<\/label><\/li><li class=\"choice-13 depth-1\"><input type=\"checkbox\" id=\"wpforms-2905-field_49_13\" name=\"wpforms[fields][49][]\" value=\"Projektionsw\u00e4nde\"  ><label class=\"wpforms-field-label-inline\" for=\"wpforms-2905-field_49_13\">Projektionsw\u00e4nde<\/label><\/li><\/ul><\/div><div id=\"wpforms-2905-field_3-container\" class=\"wpforms-field wpforms-field-checkbox\" data-field-id=\"3\"><label class=\"wpforms-field-label\">Einverst\u00e4ndniserkl\u00e4rung <span class=\"wpforms-required-label\">*<\/span><\/label><ul id=\"wpforms-2905-field_3\" class=\"wpforms-field-required\"><li class=\"choice-1 depth-1\"><input type=\"checkbox\" id=\"wpforms-2905-field_3_1\" name=\"wpforms[fields][3][]\" value=\"Ich bin damit einverstanden, dass diese Daten zum angegebenen Zweck gespeichert werden.\" required ><label class=\"wpforms-field-label-inline\" for=\"wpforms-2905-field_3_1\">Ich bin damit einverstanden, dass diese Daten zum angegebenen Zweck gespeichert werden.<\/label><\/li><li class=\"choice-2 depth-1\"><input type=\"checkbox\" id=\"wpforms-2905-field_3_2\" name=\"wpforms[fields][3][]\" value=\"Ich bin damit einverstanden, dass meine Daten zum Zweck der Angebotserstellung,      an die mit uns kooperierenden Partner \u00fcbermittelt werden.\" required ><label class=\"wpforms-field-label-inline\" for=\"wpforms-2905-field_3_2\">Ich bin damit einverstanden, dass meine Daten zum Zweck der Angebotserstellung,      an die mit uns kooperierenden Partner \u00fcbermittelt werden.<\/label><\/li><\/ul><div class=\"wpforms-field-description wpforms-disclaimer-description\">Sie k\u00f6nnen jederzeit ohne Angabe von Gr\u00fcnden von Ihrem Widerspruchsrecht Gebrauch machen und die erteilte Einverst\u00e4ndniserkl\u00e4rung mit Wirkung f\u00fcr die Zukunft ab\u00e4ndern oder g\u00e4nzlich widerrufen. Bitte lesen Sie auch hierzu unsere <a href=\"https:\/\/www.kindermann.de\/company\/datenschutz\/\" target=\"_blank\">Datenschutzerkl\u00e4rung<\/a>.<\/div><\/div><\/div><!-- .wpforms-field-container --><div class=\"wpforms-recaptcha-container wpforms-is-hcaptcha\" ><div class=\"h-captcha\" data-sitekey=\"ee430cde-505e-4836-afaf-53460f13a475\"><\/div><input type=\"text\" name=\"g-recaptcha-hidden\" class=\"wpforms-recaptcha-hidden\" style=\"position:absolute!important;clip:rect(0,0,0,0)!important;height:1px!important;width:1px!important;border:0!important;overflow:hidden!important;padding:0!important;margin:0!important;\" data-rule-hcaptcha=\"1\"><\/div><div class=\"wpforms-submit-container\" ><input type=\"hidden\" name=\"wpforms[id]\" value=\"2905\"><input type=\"hidden\" name=\"page_title\" value=\"\"><input type=\"hidden\" name=\"page_url\" value=\"https:\/\/www.kindermann.de\/company\/wp-json\/company\/v2\/pages\/2901\"><input type=\"hidden\" name=\"url_referer\" value=\"\"><button type=\"submit\" name=\"wpforms[submit]\" id=\"wpforms-submit-2905\" class=\"wpforms-submit\" data-alt-text=\"Senden...\" data-submit-text=\"Formular \u00fcbermitteln\" aria-live=\"assertive\" value=\"wpforms-submit\">Formular \u00fcbermitteln<\/button><img decoding=\"async\" src=\"https:\/\/www.kindermann.de\/company\/wp-content\/plugins\/wpforms\/assets\/images\/submit-spin.svg\" class=\"wpforms-submit-spinner\" style=\"display: none;\" width=\"26\" height=\"26\" alt=\"Wird geladen\"><\/div><\/form><\/div>  <!-- .wpforms-container --><\/div>\n<\/div>\n\n\n\n<p><\/p>\n\n\n\n<p><\/p>\n\n\n\n<div style=\"height:38px\" aria-hidden=\"true\" class=\"wp-block-spacer\"><\/div>\n\n\n\t<\/div>\n<\/div>\n\n\n<div class=\"main_slider_block  \">\n\t\t<div class=\"main_teaser main_teaser_default  main_teaser_slider_50db270c38de872a39a8d9a35dda84f9\" data-class=\"main_teaser_slider_50db270c38de872a39a8d9a35dda84f9\" data-duration=\"8\">\n\t\t\t<\/div>\n<\/div>\n","protected":false},"excerpt":{"rendered":"","protected":false},"author":4,"featured_media":0,"parent":0,"menu_order":9,"comment_status":"closed","ping_status":"closed","template":"","meta":{"_acf_changed":false,"footnotes":""},"class_list":["post-2901","page","type-page","status-publish","format-standard","hentry"],"acf":[],"yoast_head":"<!-- This site is optimized with the Yoast SEO plugin v26.8 - https:\/\/yoast.com\/product\/yoast-seo-wordpress\/ -->\n<title>Kontakt - Kindermann GmbH<\/title>\n<meta name=\"description\" content=\"Sie brauchen Hilfe oder haben nur eine Frage? Kein Problem! Nutzen Sie unser Formular um Kontakt mit uns aufzunehmen.\" \/>\n<meta name=\"robots\" content=\"index, follow, max-snippet:-1, max-image-preview:large, max-video-preview:-1\" \/>\n<link rel=\"canonical\" href=\"https:\/\/www.kindermann.de\/company\/kontakt\/\" \/>\n<meta property=\"og:locale\" content=\"de_DE\" \/>\n<meta property=\"og:type\" content=\"article\" \/>\n<meta property=\"og:title\" content=\"Kontakt - Kindermann GmbH\" \/>\n<meta property=\"og:description\" content=\"Sie brauchen Hilfe oder haben nur eine Frage? Kein Problem! Nutzen Sie unser Formular um Kontakt mit uns aufzunehmen.\" \/>\n<meta property=\"og:url\" content=\"https:\/\/www.kindermann.de\/company\/kontakt\/\" \/>\n<meta property=\"og:site_name\" content=\"Kindermann GmbH\" \/>\n<meta property=\"article:publisher\" content=\"https:\/\/www.facebook.com\/KindermannGmbH\/\" \/>\n<meta property=\"article:modified_time\" content=\"2024-11-12T13:15:54+00:00\" \/>\n<meta property=\"og:image\" content=\"https:\/\/www.kindermann.de\/wp\/wp-content\/uploads\/2022\/09\/Kindermann_Map_big-691x1024.jpg\" \/>\n<meta name=\"twitter:card\" content=\"summary_large_image\" \/>\n<meta name=\"twitter:label1\" content=\"Gesch\u00e4tzte Lesezeit\" \/>\n\t<meta name=\"twitter:data1\" content=\"1\u00a0Minute\" \/>\n<script type=\"application\/ld+json\" class=\"yoast-schema-graph\">{\"@context\":\"https:\/\/schema.org\",\"@graph\":[{\"@type\":\"WebPage\",\"@id\":\"https:\/\/www.kindermann.de\/company\/kontakt\/\",\"url\":\"https:\/\/www.kindermann.de\/company\/kontakt\/\",\"name\":\"Kontakt - Kindermann GmbH\",\"isPartOf\":{\"@id\":\"https:\/\/www.kindermann.de\/company\/#website\"},\"primaryImageOfPage\":{\"@id\":\"https:\/\/www.kindermann.de\/company\/kontakt\/#primaryimage\"},\"image\":{\"@id\":\"https:\/\/www.kindermann.de\/company\/kontakt\/#primaryimage\"},\"thumbnailUrl\":\"https:\/\/www.kindermann.de\/wp\/wp-content\/uploads\/2022\/09\/Kindermann_Map_big-691x1024.jpg\",\"datePublished\":\"2022-09-28T14:49:43+00:00\",\"dateModified\":\"2024-11-12T13:15:54+00:00\",\"description\":\"Sie brauchen Hilfe oder haben nur eine Frage? Kein Problem! Nutzen Sie unser Formular um Kontakt mit uns aufzunehmen.\",\"breadcrumb\":{\"@id\":\"https:\/\/www.kindermann.de\/company\/kontakt\/#breadcrumb\"},\"inLanguage\":\"de\",\"potentialAction\":[{\"@type\":\"ReadAction\",\"target\":[\"https:\/\/www.kindermann.de\/company\/kontakt\/\"]}]},{\"@type\":\"ImageObject\",\"inLanguage\":\"de\",\"@id\":\"https:\/\/www.kindermann.de\/company\/kontakt\/#primaryimage\",\"url\":\"https:\/\/www.kindermann.de\/wp\/wp-content\/uploads\/2022\/09\/Kindermann_Map_big-691x1024.jpg\",\"contentUrl\":\"https:\/\/www.kindermann.de\/wp\/wp-content\/uploads\/2022\/09\/Kindermann_Map_big-691x1024.jpg\"},{\"@type\":\"BreadcrumbList\",\"@id\":\"https:\/\/www.kindermann.de\/company\/kontakt\/#breadcrumb\",\"itemListElement\":[{\"@type\":\"ListItem\",\"position\":1,\"name\":\"Startseite\",\"item\":\"https:\/\/www.kindermann.de\/company\/\"},{\"@type\":\"ListItem\",\"position\":2,\"name\":\"Kontakt\"}]},{\"@type\":\"WebSite\",\"@id\":\"https:\/\/www.kindermann.de\/company\/#website\",\"url\":\"https:\/\/www.kindermann.de\/company\/\",\"name\":\"Kindermann GmbH\",\"description\":\"\",\"publisher\":{\"@id\":\"https:\/\/www.kindermann.de\/company\/#organization\"},\"potentialAction\":[{\"@type\":\"SearchAction\",\"target\":{\"@type\":\"EntryPoint\",\"urlTemplate\":\"https:\/\/www.kindermann.de\/company\/?s={search_term_string}\"},\"query-input\":{\"@type\":\"PropertyValueSpecification\",\"valueRequired\":true,\"valueName\":\"search_term_string\"}}],\"inLanguage\":\"de\"},{\"@type\":\"Organization\",\"@id\":\"https:\/\/www.kindermann.de\/company\/#organization\",\"name\":\"Kindermann GmbH\",\"url\":\"https:\/\/www.kindermann.de\/company\/\",\"logo\":{\"@type\":\"ImageObject\",\"inLanguage\":\"de\",\"@id\":\"https:\/\/www.kindermann.de\/company\/#\/schema\/logo\/image\/\",\"url\":\"https:\/\/www.kindermann.de\/company\/wp-content\/uploads\/2022\/10\/Kindermann_Logo_300_100.png\",\"contentUrl\":\"https:\/\/www.kindermann.de\/company\/wp-content\/uploads\/2022\/10\/Kindermann_Logo_300_100.png\",\"width\":300,\"height\":100,\"caption\":\"Kindermann GmbH\"},\"image\":{\"@id\":\"https:\/\/www.kindermann.de\/company\/#\/schema\/logo\/image\/\"},\"sameAs\":[\"https:\/\/www.facebook.com\/KindermannGmbH\/\",\"https:\/\/www.xing.com\/pages\/kindermanngmbh\",\"https:\/\/www.linkedin.com\/company\/kindermann-gmbh\"]}]}<\/script>\n<!-- \/ Yoast SEO plugin. -->","yoast_head_json":{"title":"Kontakt - Kindermann GmbH","description":"Sie brauchen Hilfe oder haben nur eine Frage? Kein Problem! Nutzen Sie unser Formular um Kontakt mit uns aufzunehmen.","robots":{"index":"index","follow":"follow","max-snippet":"max-snippet:-1","max-image-preview":"max-image-preview:large","max-video-preview":"max-video-preview:-1"},"canonical":"https:\/\/www.kindermann.de\/company\/kontakt\/","og_locale":"de_DE","og_type":"article","og_title":"Kontakt - Kindermann GmbH","og_description":"Sie brauchen Hilfe oder haben nur eine Frage? Kein Problem! Nutzen Sie unser Formular um Kontakt mit uns aufzunehmen.","og_url":"https:\/\/www.kindermann.de\/company\/kontakt\/","og_site_name":"Kindermann GmbH","article_publisher":"https:\/\/www.facebook.com\/KindermannGmbH\/","article_modified_time":"2024-11-12T13:15:54+00:00","og_image":[{"url":"https:\/\/www.kindermann.de\/wp\/wp-content\/uploads\/2022\/09\/Kindermann_Map_big-691x1024.jpg","type":"","width":"","height":""}],"twitter_card":"summary_large_image","twitter_misc":{"Gesch\u00e4tzte Lesezeit":"1\u00a0Minute"},"schema":{"@context":"https:\/\/schema.org","@graph":[{"@type":"WebPage","@id":"https:\/\/www.kindermann.de\/company\/kontakt\/","url":"https:\/\/www.kindermann.de\/company\/kontakt\/","name":"Kontakt - Kindermann GmbH","isPartOf":{"@id":"https:\/\/www.kindermann.de\/company\/#website"},"primaryImageOfPage":{"@id":"https:\/\/www.kindermann.de\/company\/kontakt\/#primaryimage"},"image":{"@id":"https:\/\/www.kindermann.de\/company\/kontakt\/#primaryimage"},"thumbnailUrl":"https:\/\/www.kindermann.de\/wp\/wp-content\/uploads\/2022\/09\/Kindermann_Map_big-691x1024.jpg","datePublished":"2022-09-28T14:49:43+00:00","dateModified":"2024-11-12T13:15:54+00:00","description":"Sie brauchen Hilfe oder haben nur eine Frage? Kein Problem! Nutzen Sie unser Formular um Kontakt mit uns aufzunehmen.","breadcrumb":{"@id":"https:\/\/www.kindermann.de\/company\/kontakt\/#breadcrumb"},"inLanguage":"de","potentialAction":[{"@type":"ReadAction","target":["https:\/\/www.kindermann.de\/company\/kontakt\/"]}]},{"@type":"ImageObject","inLanguage":"de","@id":"https:\/\/www.kindermann.de\/company\/kontakt\/#primaryimage","url":"https:\/\/www.kindermann.de\/wp\/wp-content\/uploads\/2022\/09\/Kindermann_Map_big-691x1024.jpg","contentUrl":"https:\/\/www.kindermann.de\/wp\/wp-content\/uploads\/2022\/09\/Kindermann_Map_big-691x1024.jpg"},{"@type":"BreadcrumbList","@id":"https:\/\/www.kindermann.de\/company\/kontakt\/#breadcrumb","itemListElement":[{"@type":"ListItem","position":1,"name":"Startseite","item":"https:\/\/www.kindermann.de\/company\/"},{"@type":"ListItem","position":2,"name":"Kontakt"}]},{"@type":"WebSite","@id":"https:\/\/www.kindermann.de\/company\/#website","url":"https:\/\/www.kindermann.de\/company\/","name":"Kindermann GmbH","description":"","publisher":{"@id":"https:\/\/www.kindermann.de\/company\/#organization"},"potentialAction":[{"@type":"SearchAction","target":{"@type":"EntryPoint","urlTemplate":"https:\/\/www.kindermann.de\/company\/?s={search_term_string}"},"query-input":{"@type":"PropertyValueSpecification","valueRequired":true,"valueName":"search_term_string"}}],"inLanguage":"de"},{"@type":"Organization","@id":"https:\/\/www.kindermann.de\/company\/#organization","name":"Kindermann GmbH","url":"https:\/\/www.kindermann.de\/company\/","logo":{"@type":"ImageObject","inLanguage":"de","@id":"https:\/\/www.kindermann.de\/company\/#\/schema\/logo\/image\/","url":"https:\/\/www.kindermann.de\/company\/wp-content\/uploads\/2022\/10\/Kindermann_Logo_300_100.png","contentUrl":"https:\/\/www.kindermann.de\/company\/wp-content\/uploads\/2022\/10\/Kindermann_Logo_300_100.png","width":300,"height":100,"caption":"Kindermann GmbH"},"image":{"@id":"https:\/\/www.kindermann.de\/company\/#\/schema\/logo\/image\/"},"sameAs":["https:\/\/www.facebook.com\/KindermannGmbH\/","https:\/\/www.xing.com\/pages\/kindermanngmbh","https:\/\/www.linkedin.com\/company\/kindermann-gmbh"]}]}},"_links":{"self":[{"href":"https:\/\/www.kindermann.de\/company\/wp-json\/wp\/v2\/pages\/2901","targetHints":{"allow":["GET"]}}],"collection":[{"href":"https:\/\/www.kindermann.de\/company\/wp-json\/wp\/v2\/pages"}],"about":[{"href":"https:\/\/www.kindermann.de\/company\/wp-json\/wp\/v2\/types\/page"}],"author":[{"embeddable":true,"href":"https:\/\/www.kindermann.de\/company\/wp-json\/wp\/v2\/users\/4"}],"replies":[{"embeddable":true,"href":"https:\/\/www.kindermann.de\/company\/wp-json\/wp\/v2\/comments?post=2901"}],"version-history":[{"count":41,"href":"https:\/\/www.kindermann.de\/company\/wp-json\/wp\/v2\/pages\/2901\/revisions"}],"predecessor-version":[{"id":13329,"href":"https:\/\/www.kindermann.de\/company\/wp-json\/wp\/v2\/pages\/2901\/revisions\/13329"}],"wp:attachment":[{"href":"https:\/\/www.kindermann.de\/company\/wp-json\/wp\/v2\/media?parent=2901"}],"curies":[{"name":"wp","href":"https:\/\/api.w.org\/{rel}","templated":true}]}}