{"id":2815,"date":"2022-09-28T14:31:01","date_gmt":"2022-09-28T12:31:01","guid":{"rendered":"https:\/\/www.kindermann.de\/wp\/?page_id=2815"},"modified":"2025-07-18T14:34:03","modified_gmt":"2025-07-18T12:34:03","slug":"medien-services","status":"publish","type":"page","link":"https:\/\/www.kindermann.de\/company\/newsroom\/medien-center\/medien-services\/","title":{"rendered":"Medien-Services"},"content":{"rendered":"\n\n<div class=\"main_slider_block  \">\n\t\t<div class=\"main_teaser main_teaser_default  main_teaser_slider_7505fb2010207434917f27db8f84a3da\" data-class=\"main_teaser_slider_7505fb2010207434917f27db8f84a3da\" data-duration=\"8\">\n\t\t\t\t\t<div class=\"main_slide main_slide_static\">\n\t\t\t\t\t\t\t\t<div class=\"main_slide_gallery main_slide_gallery_4ca425be4e86d649409fdf278e24dc16\" data-class=\"main_slide_gallery_4ca425be4e86d649409fdf278e24dc16\">\n\t\t\t\t<div class=\"main_slide_gallery_slide\"><img decoding=\"async\" width=\"2560\" height=\"1280\" src=\"https:\/\/www.kindermann.de\/company\/wp-content\/uploads\/2022\/10\/medienservices_teaser_2-scaled.jpg\" class=\"attachment-full size-full\" alt=\"\" data-desc=\"\" ><\/div>\t\t\t\t<\/div>\n\t\t\t\t<div class=\"main_slide_text_outer main_slide_text_outer_spark_1_l\">\n\t\t\t\t\t<div class=\"main_slide_text main_slide_text_spark_1_l main_slide_text_white main_slide_text_lines_show\">\n\t\t\t\t\t\t<div class=\"main_slide_text_angle_h\"><\/div>\n\t\t\t\t\t\t<div class=\"main_slide_text_angle_v\"><\/div>\n\t\t\t\t\t\t<div class=\"main_slide_text_inner\">\n\t\t\t\t\t\t\t\n\t\t\t\t\t\t\t<p><strong><span style=\"color: #e80029\">Kindermann<\/span><\/strong><\/p>\n<h1>Medien-Services<\/h1>\n\t\t\t\t\t\t\t\t\t\t\t\t\t\t\n\t\t\t\t\t\t\t\t\t\t\t\t\t<\/div>\n\t\t\t\t\t<\/div>\n\t\t\t\t<\/div>\n\t\t\t<\/div>\n\t\t\t<\/div>\n<\/div>\n\n\n\n<div style=\"height:60px\" aria-hidden=\"true\" class=\"wp-block-spacer\"><\/div>\n\n\n<div class=\"text_group text_group_ box_ box_\" id=\"  \">\n\t<div class=\"text_group_content \">\n\t\t\n\n<h2 class=\"wp-block-heading\">Machen Sie sich und uns sichtbar!&nbsp;<\/h2>\n\n\n\n<p>Wir bieten Ihnen daf\u00fcr die passenden Marketingmaterialien, ob f\u00fcr Ihre Website, Social Media Auftritte oder den direkten Kundenkontakt. Von Kindermann Logos und Style Guide \u00fcber Launch Packages zu Produkten bis hin zu verkaufsunterst\u00fctzenden Materialien wie Brosch\u00fcren steht alles zum Download bereit.<\/p>\n\n\n\t<\/div>\n<\/div>\n\n\n<div class=\"text_group text_group_ box_ box_\" id=\"  \">\n\t<div class=\"text_group_content \">\n\t\t\n\n<h3 class=\"wp-block-heading\"><strong>Farbspektrum<\/strong><\/h3>\n\n\n\n<div class=\"wp-block-columns is-layout-flex wp-container-core-columns-is-layout-9d6595d7 wp-block-columns-is-layout-flex\">\n<div class=\"wp-block-column is-layout-flow wp-block-column-is-layout-flow\" style=\"flex-basis:66.66%\">\n<figure class=\"wp-block-image size-large\"><img decoding=\"async\" width=\"1024\" height=\"674\" src=\"https:\/\/www.kindermann.de\/company\/wp-content\/uploads\/2022\/10\/Farbspektrum-1024x674.png\" alt=\"\" class=\"wp-image-4198\"><\/figure>\n<\/div>\n\n\n\n<div class=\"wp-block-column is-layout-flow wp-block-column-is-layout-flow\" style=\"flex-basis:33.33%\"><\/div>\n<\/div>\n\n\n\t<\/div>\n<\/div>\n\n\n<div class=\"text_group text_group_ box_ box_\" id=\"  \">\n\t<div class=\"text_group_content \">\n\t\t\n\n<h3 class=\"wp-block-heading\"><strong>Farbgewichtung<\/strong><\/h3>\n\n\n\n<div class=\"wp-block-columns is-layout-flex wp-container-core-columns-is-layout-9d6595d7 wp-block-columns-is-layout-flex\">\n<div class=\"wp-block-column is-layout-flow wp-block-column-is-layout-flow\" style=\"flex-basis:66.66%\">\n<figure class=\"wp-block-image size-large\"><img decoding=\"async\" width=\"1024\" height=\"321\" src=\"https:\/\/www.kindermann.de\/company\/wp-content\/uploads\/2022\/10\/Farbgewichtung-1024x321.png\" alt=\"\" class=\"wp-image-4199\"><\/figure>\n<\/div>\n\n\n\n<div class=\"wp-block-column is-layout-flow wp-block-column-is-layout-flow\" style=\"flex-basis:33.33%\"><\/div>\n<\/div>\n\n\n\t<\/div>\n<\/div>\n\n\n\n<div style=\"height:12px\" aria-hidden=\"true\" class=\"wp-block-spacer\"><\/div>\n\n\n<div class=\"text_group text_group_ box_ box_\" id=\"  \">\n\t<div class=\"text_group_content \">\n\t\t\n\n<h3 class=\"wp-block-heading\"><strong>Logo<\/strong><\/h3>\n\n\n\n<figure class=\"wp-block-table\"><table><thead><tr><th class=\"has-text-align-left\" data-align=\"left\">Print_4C<\/th><th class=\"has-text-align-left\" data-align=\"left\">Beschreibung<\/th><th class=\"has-text-align-left\" data-align=\"left\">Dateiformat<\/th><th class=\"has-text-align-left\" data-align=\"left\">Downloadlink<\/th><\/tr><\/thead><tbody><tr><td class=\"has-text-align-left\" data-align=\"left\"><img decoding=\"async\" width=\"150\" height=\"82\" class=\"wp-image-4185\" style=\"width: 150px;\" src=\"https:\/\/www.kindermann.de\/company\/wp-content\/uploads\/2022\/10\/RGB.png\" alt=\"\"><\/td><td class=\"has-text-align-left\" data-align=\"left\">Kindermann Logo<\/td><td class=\"has-text-align-left\" data-align=\"left\">.jpg<\/td><td class=\"has-text-align-left\" data-align=\"left\"><a href=\"https:\/\/www.kindermann.de\/company\/wp-content\/uploads\/2022\/10\/JPG_4C_MAIN.zip\" data-type=\"URL\">Download<\/a><\/td><\/tr><\/tbody><\/table><\/figure>\n\n\n\t<\/div>\n<\/div>\n\n\n<div class=\"text_group text_group_ box_ box_\" id=\"  \">\n\t<div class=\"text_group_content \">\n\t\t\n\n<figure class=\"wp-block-table\"><table><thead><tr><th class=\"has-text-align-left\" data-align=\"left\">WEB_RGB<\/th><th class=\"has-text-align-left\" data-align=\"left\">Beschreibung<\/th><th class=\"has-text-align-left\" data-align=\"left\">Dateiformat<\/th><th class=\"has-text-align-left\" data-align=\"left\">Downloadlink<\/th><\/tr><\/thead><tbody><tr><td class=\"has-text-align-left\" data-align=\"left\"><img decoding=\"async\" width=\"150\" height=\"82\" class=\"wp-image-4185\" style=\"width: 150px;\" src=\"https:\/\/www.kindermann.de\/company\/wp-content\/uploads\/2022\/10\/RGB.png\" alt=\"\"><\/td><td class=\"has-text-align-left\" data-align=\"left\">Kindermann Logo<\/td><td class=\"has-text-align-left\" data-align=\"left\">.png<br>.svg<br>.eps<\/td><td class=\"has-text-align-left\" data-align=\"left\"><a data-type=\"URL\" href=\"https:\/\/www.kindermann.de\/company\/wp-content\/uploads\/2022\/10\/PNG_WEB_RGB_MAIN.zip\">Download<br><\/a><a href=\"https:\/\/www.kindermann.de\/company\/wp-content\/uploads\/2022\/10\/SVG_WEB_RGB_MAIN.zip\">Download<\/a><br><a href=\"https:\/\/www.kindermann.de\/company\/wp-content\/uploads\/2025\/02\/Kindermann_Logo_ohne_Claim_RGB.eps_.zip\">Download<\/a><\/td><\/tr><\/tbody><\/table><\/figure>\n\n\n\n<div style=\"height:46px\" aria-hidden=\"true\" class=\"wp-block-spacer\"><\/div>\n\n\n\n<p class=\"has-medium-font-size\"><strong>Hinweis:<\/strong> Bei der Verwendung unseres Logos bedarf es einer finalen Freigabe durch das Marketing. <\/p>\n\n\n\t<\/div>\n<\/div>\n\n\n\n<div style=\"height:39px\" aria-hidden=\"true\" class=\"wp-block-spacer\"><\/div>\n\n\n\n\n\n\n\n<p><\/p>\n","protected":false},"excerpt":{"rendered":"","protected":false},"author":3,"featured_media":0,"parent":860,"menu_order":43,"comment_status":"closed","ping_status":"closed","template":"","meta":{"_acf_changed":false,"footnotes":""},"class_list":["post-2815","page","type-page","status-publish","format-standard","hentry"],"acf":[],"yoast_head":"<!-- This site is optimized with the Yoast SEO plugin v26.8 - https:\/\/yoast.com\/product\/yoast-seo-wordpress\/ -->\n<title>Medien-Services - Kindermann GmbH<\/title>\n<meta name=\"description\" content=\"Wir bieten die passenden Marketingmaterialien, ob f\u00fcr Ihre Website, Social Media Auftritte oder den direkten Kundenkontakt.\" \/>\n<meta name=\"robots\" content=\"index, follow, max-snippet:-1, max-image-preview:large, max-video-preview:-1\" \/>\n<link rel=\"canonical\" href=\"https:\/\/www.kindermann.de\/company\/newsroom\/medien-center\/medien-services\/\" \/>\n<meta property=\"og:locale\" content=\"de_DE\" \/>\n<meta property=\"og:type\" content=\"article\" \/>\n<meta property=\"og:title\" content=\"Medien-Services - Kindermann GmbH\" \/>\n<meta property=\"og:description\" content=\"Wir bieten die passenden Marketingmaterialien, ob f\u00fcr Ihre Website, Social Media Auftritte oder den direkten Kundenkontakt.\" \/>\n<meta property=\"og:url\" content=\"https:\/\/www.kindermann.de\/company\/newsroom\/medien-center\/medien-services\/\" \/>\n<meta property=\"og:site_name\" content=\"Kindermann GmbH\" \/>\n<meta property=\"article:publisher\" content=\"https:\/\/www.facebook.com\/KindermannGmbH\/\" \/>\n<meta property=\"article:modified_time\" content=\"2025-07-18T12:34:03+00:00\" \/>\n<meta property=\"og:image\" content=\"https:\/\/www.kindermann.de\/wp\/wp-content\/uploads\/2022\/10\/Farbspektrum-1024x674.png\" \/>\n<meta name=\"twitter:card\" content=\"summary_large_image\" \/>\n<meta name=\"twitter:label1\" content=\"Gesch\u00e4tzte Lesezeit\" \/>\n\t<meta name=\"twitter:data1\" content=\"8\u00a0Minuten\" \/>\n<script type=\"application\/ld+json\" class=\"yoast-schema-graph\">{\"@context\":\"https:\/\/schema.org\",\"@graph\":[{\"@type\":\"WebPage\",\"@id\":\"https:\/\/www.kindermann.de\/company\/newsroom\/medien-center\/medien-services\/\",\"url\":\"https:\/\/www.kindermann.de\/company\/newsroom\/medien-center\/medien-services\/\",\"name\":\"Medien-Services - Kindermann GmbH\",\"isPartOf\":{\"@id\":\"https:\/\/www.kindermann.de\/company\/#website\"},\"primaryImageOfPage\":{\"@id\":\"https:\/\/www.kindermann.de\/company\/newsroom\/medien-center\/medien-services\/#primaryimage\"},\"image\":{\"@id\":\"https:\/\/www.kindermann.de\/company\/newsroom\/medien-center\/medien-services\/#primaryimage\"},\"thumbnailUrl\":\"https:\/\/www.kindermann.de\/wp\/wp-content\/uploads\/2022\/10\/Farbspektrum-1024x674.png\",\"datePublished\":\"2022-09-28T12:31:01+00:00\",\"dateModified\":\"2025-07-18T12:34:03+00:00\",\"description\":\"Wir bieten die passenden Marketingmaterialien, ob f\u00fcr Ihre Website, Social Media Auftritte oder den direkten Kundenkontakt.\",\"breadcrumb\":{\"@id\":\"https:\/\/www.kindermann.de\/company\/newsroom\/medien-center\/medien-services\/#breadcrumb\"},\"inLanguage\":\"de\",\"potentialAction\":[{\"@type\":\"ReadAction\",\"target\":[\"https:\/\/www.kindermann.de\/company\/newsroom\/medien-center\/medien-services\/\"]}]},{\"@type\":\"ImageObject\",\"inLanguage\":\"de\",\"@id\":\"https:\/\/www.kindermann.de\/company\/newsroom\/medien-center\/medien-services\/#primaryimage\",\"url\":\"https:\/\/www.kindermann.de\/wp\/wp-content\/uploads\/2022\/10\/Farbspektrum-1024x674.png\",\"contentUrl\":\"https:\/\/www.kindermann.de\/wp\/wp-content\/uploads\/2022\/10\/Farbspektrum-1024x674.png\"},{\"@type\":\"BreadcrumbList\",\"@id\":\"https:\/\/www.kindermann.de\/company\/newsroom\/medien-center\/medien-services\/#breadcrumb\",\"itemListElement\":[{\"@type\":\"ListItem\",\"position\":1,\"name\":\"Startseite\",\"item\":\"https:\/\/www.kindermann.de\/company\/\"},{\"@type\":\"ListItem\",\"position\":2,\"name\":\"Newsroom\",\"item\":\"https:\/\/www.kindermann.de\/company\/newsroom\/\"},{\"@type\":\"ListItem\",\"position\":3,\"name\":\"Medien-Center\",\"item\":\"https:\/\/www.kindermann.de\/company\/newsroom\/medien-center\/\"},{\"@type\":\"ListItem\",\"position\":4,\"name\":\"Medien-Services\"}]},{\"@type\":\"WebSite\",\"@id\":\"https:\/\/www.kindermann.de\/company\/#website\",\"url\":\"https:\/\/www.kindermann.de\/company\/\",\"name\":\"Kindermann GmbH\",\"description\":\"\",\"publisher\":{\"@id\":\"https:\/\/www.kindermann.de\/company\/#organization\"},\"potentialAction\":[{\"@type\":\"SearchAction\",\"target\":{\"@type\":\"EntryPoint\",\"urlTemplate\":\"https:\/\/www.kindermann.de\/company\/?s={search_term_string}\"},\"query-input\":{\"@type\":\"PropertyValueSpecification\",\"valueRequired\":true,\"valueName\":\"search_term_string\"}}],\"inLanguage\":\"de\"},{\"@type\":\"Organization\",\"@id\":\"https:\/\/www.kindermann.de\/company\/#organization\",\"name\":\"Kindermann GmbH\",\"url\":\"https:\/\/www.kindermann.de\/company\/\",\"logo\":{\"@type\":\"ImageObject\",\"inLanguage\":\"de\",\"@id\":\"https:\/\/www.kindermann.de\/company\/#\/schema\/logo\/image\/\",\"url\":\"https:\/\/www.kindermann.de\/company\/wp-content\/uploads\/2022\/10\/Kindermann_Logo_300_100.png\",\"contentUrl\":\"https:\/\/www.kindermann.de\/company\/wp-content\/uploads\/2022\/10\/Kindermann_Logo_300_100.png\",\"width\":300,\"height\":100,\"caption\":\"Kindermann GmbH\"},\"image\":{\"@id\":\"https:\/\/www.kindermann.de\/company\/#\/schema\/logo\/image\/\"},\"sameAs\":[\"https:\/\/www.facebook.com\/KindermannGmbH\/\",\"https:\/\/www.xing.com\/pages\/kindermanngmbh\",\"https:\/\/www.linkedin.com\/company\/kindermann-gmbh\"]}]}<\/script>\n<!-- \/ Yoast SEO plugin. -->","yoast_head_json":{"title":"Medien-Services - Kindermann GmbH","description":"Wir bieten die passenden Marketingmaterialien, ob f\u00fcr Ihre Website, Social Media Auftritte oder den direkten Kundenkontakt.","robots":{"index":"index","follow":"follow","max-snippet":"max-snippet:-1","max-image-preview":"max-image-preview:large","max-video-preview":"max-video-preview:-1"},"canonical":"https:\/\/www.kindermann.de\/company\/newsroom\/medien-center\/medien-services\/","og_locale":"de_DE","og_type":"article","og_title":"Medien-Services - Kindermann GmbH","og_description":"Wir bieten die passenden Marketingmaterialien, ob f\u00fcr Ihre Website, Social Media Auftritte oder den direkten Kundenkontakt.","og_url":"https:\/\/www.kindermann.de\/company\/newsroom\/medien-center\/medien-services\/","og_site_name":"Kindermann GmbH","article_publisher":"https:\/\/www.facebook.com\/KindermannGmbH\/","article_modified_time":"2025-07-18T12:34:03+00:00","og_image":[{"url":"https:\/\/www.kindermann.de\/wp\/wp-content\/uploads\/2022\/10\/Farbspektrum-1024x674.png","type":"","width":"","height":""}],"twitter_card":"summary_large_image","twitter_misc":{"Gesch\u00e4tzte Lesezeit":"8\u00a0Minuten"},"schema":{"@context":"https:\/\/schema.org","@graph":[{"@type":"WebPage","@id":"https:\/\/www.kindermann.de\/company\/newsroom\/medien-center\/medien-services\/","url":"https:\/\/www.kindermann.de\/company\/newsroom\/medien-center\/medien-services\/","name":"Medien-Services - Kindermann GmbH","isPartOf":{"@id":"https:\/\/www.kindermann.de\/company\/#website"},"primaryImageOfPage":{"@id":"https:\/\/www.kindermann.de\/company\/newsroom\/medien-center\/medien-services\/#primaryimage"},"image":{"@id":"https:\/\/www.kindermann.de\/company\/newsroom\/medien-center\/medien-services\/#primaryimage"},"thumbnailUrl":"https:\/\/www.kindermann.de\/wp\/wp-content\/uploads\/2022\/10\/Farbspektrum-1024x674.png","datePublished":"2022-09-28T12:31:01+00:00","dateModified":"2025-07-18T12:34:03+00:00","description":"Wir bieten die passenden Marketingmaterialien, ob f\u00fcr Ihre Website, Social Media Auftritte oder den direkten Kundenkontakt.","breadcrumb":{"@id":"https:\/\/www.kindermann.de\/company\/newsroom\/medien-center\/medien-services\/#breadcrumb"},"inLanguage":"de","potentialAction":[{"@type":"ReadAction","target":["https:\/\/www.kindermann.de\/company\/newsroom\/medien-center\/medien-services\/"]}]},{"@type":"ImageObject","inLanguage":"de","@id":"https:\/\/www.kindermann.de\/company\/newsroom\/medien-center\/medien-services\/#primaryimage","url":"https:\/\/www.kindermann.de\/wp\/wp-content\/uploads\/2022\/10\/Farbspektrum-1024x674.png","contentUrl":"https:\/\/www.kindermann.de\/wp\/wp-content\/uploads\/2022\/10\/Farbspektrum-1024x674.png"},{"@type":"BreadcrumbList","@id":"https:\/\/www.kindermann.de\/company\/newsroom\/medien-center\/medien-services\/#breadcrumb","itemListElement":[{"@type":"ListItem","position":1,"name":"Startseite","item":"https:\/\/www.kindermann.de\/company\/"},{"@type":"ListItem","position":2,"name":"Newsroom","item":"https:\/\/www.kindermann.de\/company\/newsroom\/"},{"@type":"ListItem","position":3,"name":"Medien-Center","item":"https:\/\/www.kindermann.de\/company\/newsroom\/medien-center\/"},{"@type":"ListItem","position":4,"name":"Medien-Services"}]},{"@type":"WebSite","@id":"https:\/\/www.kindermann.de\/company\/#website","url":"https:\/\/www.kindermann.de\/company\/","name":"Kindermann GmbH","description":"","publisher":{"@id":"https:\/\/www.kindermann.de\/company\/#organization"},"potentialAction":[{"@type":"SearchAction","target":{"@type":"EntryPoint","urlTemplate":"https:\/\/www.kindermann.de\/company\/?s={search_term_string}"},"query-input":{"@type":"PropertyValueSpecification","valueRequired":true,"valueName":"search_term_string"}}],"inLanguage":"de"},{"@type":"Organization","@id":"https:\/\/www.kindermann.de\/company\/#organization","name":"Kindermann GmbH","url":"https:\/\/www.kindermann.de\/company\/","logo":{"@type":"ImageObject","inLanguage":"de","@id":"https:\/\/www.kindermann.de\/company\/#\/schema\/logo\/image\/","url":"https:\/\/www.kindermann.de\/company\/wp-content\/uploads\/2022\/10\/Kindermann_Logo_300_100.png","contentUrl":"https:\/\/www.kindermann.de\/company\/wp-content\/uploads\/2022\/10\/Kindermann_Logo_300_100.png","width":300,"height":100,"caption":"Kindermann GmbH"},"image":{"@id":"https:\/\/www.kindermann.de\/company\/#\/schema\/logo\/image\/"},"sameAs":["https:\/\/www.facebook.com\/KindermannGmbH\/","https:\/\/www.xing.com\/pages\/kindermanngmbh","https:\/\/www.linkedin.com\/company\/kindermann-gmbh"]}]}},"_links":{"self":[{"href":"https:\/\/www.kindermann.de\/company\/wp-json\/wp\/v2\/pages\/2815","targetHints":{"allow":["GET"]}}],"collection":[{"href":"https:\/\/www.kindermann.de\/company\/wp-json\/wp\/v2\/pages"}],"about":[{"href":"https:\/\/www.kindermann.de\/company\/wp-json\/wp\/v2\/types\/page"}],"author":[{"embeddable":true,"href":"https:\/\/www.kindermann.de\/company\/wp-json\/wp\/v2\/users\/3"}],"replies":[{"embeddable":true,"href":"https:\/\/www.kindermann.de\/company\/wp-json\/wp\/v2\/comments?post=2815"}],"version-history":[{"count":51,"href":"https:\/\/www.kindermann.de\/company\/wp-json\/wp\/v2\/pages\/2815\/revisions"}],"predecessor-version":[{"id":15150,"href":"https:\/\/www.kindermann.de\/company\/wp-json\/wp\/v2\/pages\/2815\/revisions\/15150"}],"up":[{"embeddable":true,"href":"https:\/\/www.kindermann.de\/company\/wp-json\/wp\/v2\/pages\/860"}],"wp:attachment":[{"href":"https:\/\/www.kindermann.de\/company\/wp-json\/wp\/v2\/media?parent=2815"}],"curies":[{"name":"wp","href":"https:\/\/api.w.org\/{rel}","templated":true}]}}