{"id":2593,"date":"2022-09-28T09:20:31","date_gmt":"2022-09-28T07:20:31","guid":{"rendered":"https:\/\/www.kindermann.de\/wp\/?page_id=2593"},"modified":"2023-02-06T13:01:35","modified_gmt":"2023-02-06T12:01:35","slug":"aktionen","status":"publish","type":"page","link":"https:\/\/www.kindermann.de\/company\/newsroom\/aktionen\/","title":{"rendered":"Aktionen"},"content":{"rendered":"<div class=\"main_slider_block  \">\n\t\t<div class=\"main_teaser main_teaser_default  main_teaser_slider_a3593c4ed0058369eb481520c6203d10\" data-class=\"main_teaser_slider_a3593c4ed0058369eb481520c6203d10\" data-duration=\"8\">\n\t\t\t\t\t<div class=\"main_slide main_slide_static\">\n\t\t\t\t\t\t\t\t<div class=\"main_slide_gallery main_slide_gallery_e4c23f88a92c94c6e5e966c1cd91e0c1\" data-class=\"main_slide_gallery_e4c23f88a92c94c6e5e966c1cd91e0c1\">\n\t\t\t\t<div class=\"main_slide_gallery_slide\"><img decoding=\"async\" width=\"2560\" height=\"986\" src=\"https:\/\/www.kindermann.de\/company\/wp-content\/uploads\/2022\/09\/Actions-scaled.jpg\" class=\"attachment-full size-full\" alt=\"\" data-desc=\"\" ><\/div>\t\t\t\t<\/div>\n\t\t\t\t<div class=\"main_slide_text_outer main_slide_text_outer_spark_1_l\">\n\t\t\t\t\t<div class=\"main_slide_text main_slide_text_spark_1_l main_slide_text_ main_slide_text_lines_show\">\n\t\t\t\t\t\t<div class=\"main_slide_text_angle_h\"><\/div>\n\t\t\t\t\t\t<div class=\"main_slide_text_angle_v\"><\/div>\n\t\t\t\t\t\t<div class=\"main_slide_text_inner\">\n\t\t\t\t\t\t\t\n\t\t\t\t\t\t\t<p><strong><span style=\"color: #e80029\">Kindermann in<\/span><\/strong><\/p>\n<h1><strong>Aktion \u2013<br >\n<\/strong>der ROI\u00a0Booster<\/h1>\n\t\t\t\t\t\t\t\t\t\t\t\t\t\t\n\t\t\t\t\t\t\t\t\t\t\t\t\t<\/div>\n\t\t\t\t\t<\/div>\n\t\t\t\t<\/div>\n\t\t\t<\/div>\n\t\t\t<\/div>\n<\/div>\n\n\n\n<div style=\"height:60px\" aria-hidden=\"true\" class=\"wp-block-spacer\"><\/div>\n\n\n<div class=\"text_group text_group_ box_ box_\" id=\"  \">\n\t<div class=\"text_group_content \">\n\t\t\n\n<p class=\"has-medium-font-size\">Informieren Sie sich \u00fcber unsere regelm\u00e4\u00dfigen Aktionen, die Ihnen attraktive Konditionen oder fantastische Pr\u00e4mien bieten. Schauen Sie vorbei und holen sich Ihren Booster f\u00fcr die Marge!&nbsp;<\/p>\n\n\n\n<p>Noch besser, Sie melden sich zum&nbsp;Newsletter&nbsp;an und verpassen nie mehr unwiderstehliche Angebote.<\/p>\n\n\n\t<\/div>\n<\/div>\n\n\n\n<div class=\"wp-block-buttons is-content-justification-center is-layout-flex wp-container-core-buttons-is-layout-16018d1d wp-block-buttons-is-layout-flex\">\n<div class=\"wp-block-button\"><a class=\"wp-block-button__link wp-element-button\" href=\"https:\/\/www.kindermann.de\/company\/news-uebersicht\/newsletter-anmeldung\/\">zur Newsletter Anmeldung<\/a><\/div>\n<\/div>\n\n\n\n<div class=\"contact box_spark_1 box_style_4\">\n\t<div class=\"container\">\n\t\t<div class=\"contact_content\">\n\t\t\t\t\t\t<div class=\"contact_text\">\n\t\t\t\t<div class=\"h2\"><strong>Noch Fragen?<\/strong><\/div>\n\n\t\t\t\t<h3>Vertrieb<\/h3>\n\t\t\t\t<!-- wp:paragraph -->\n<p id=\"block-d3a79c12-a350-47f5-a61a-6de4fb408b39\">Tel.: +49 (0) 93 03 \/ 9840 \u2013 100<br><a href=\"mailto:verkauf@kindermann.de\">vertrieb@kindermann.de<\/a><\/p>\n<!-- \/wp:paragraph -->\t\t\t<\/div>\n\t\t<\/div>\n\t\t\t<\/div>\n<\/div>\n","protected":false},"excerpt":{"rendered":"","protected":false},"author":3,"featured_media":0,"parent":1808,"menu_order":3,"comment_status":"closed","ping_status":"closed","template":"","meta":{"_acf_changed":false,"footnotes":""},"class_list":["post-2593","page","type-page","status-publish","format-standard","hentry"],"acf":[],"yoast_head":"<!-- This site is optimized with the Yoast SEO plugin v26.8 - https:\/\/yoast.com\/product\/yoast-seo-wordpress\/ -->\n<title>Aktionen - Kindermann GmbH<\/title>\n<meta name=\"description\" content=\"Informieren Sie sich \u00fcber unsere regelm\u00e4\u00dfigen Aktionen, die Ihnen attraktive Konditionen oder fantastische Pr\u00e4mien bieten.\" \/>\n<meta name=\"robots\" content=\"index, follow, max-snippet:-1, max-image-preview:large, max-video-preview:-1\" \/>\n<link rel=\"canonical\" href=\"https:\/\/www.kindermann.de\/company\/newsroom\/aktionen\/\" \/>\n<meta property=\"og:locale\" content=\"de_DE\" \/>\n<meta property=\"og:type\" content=\"article\" \/>\n<meta property=\"og:title\" content=\"Aktionen - Kindermann GmbH\" \/>\n<meta property=\"og:description\" content=\"Informieren Sie sich \u00fcber unsere regelm\u00e4\u00dfigen Aktionen, die Ihnen attraktive Konditionen oder fantastische Pr\u00e4mien bieten.\" \/>\n<meta property=\"og:url\" content=\"https:\/\/www.kindermann.de\/company\/newsroom\/aktionen\/\" \/>\n<meta property=\"og:site_name\" content=\"Kindermann GmbH\" \/>\n<meta property=\"article:publisher\" content=\"https:\/\/www.facebook.com\/KindermannGmbH\/\" \/>\n<meta property=\"article:modified_time\" content=\"2023-02-06T12:01:35+00:00\" \/>\n<meta name=\"twitter:card\" content=\"summary_large_image\" \/>\n<meta name=\"twitter:label1\" content=\"Gesch\u00e4tzte Lesezeit\" \/>\n\t<meta name=\"twitter:data1\" content=\"1\u00a0Minute\" \/>\n<script type=\"application\/ld+json\" class=\"yoast-schema-graph\">{\"@context\":\"https:\/\/schema.org\",\"@graph\":[{\"@type\":\"WebPage\",\"@id\":\"https:\/\/www.kindermann.de\/company\/newsroom\/aktionen\/\",\"url\":\"https:\/\/www.kindermann.de\/company\/newsroom\/aktionen\/\",\"name\":\"Aktionen - Kindermann GmbH\",\"isPartOf\":{\"@id\":\"https:\/\/www.kindermann.de\/company\/#website\"},\"datePublished\":\"2022-09-28T07:20:31+00:00\",\"dateModified\":\"2023-02-06T12:01:35+00:00\",\"description\":\"Informieren Sie sich \u00fcber unsere regelm\u00e4\u00dfigen Aktionen, die Ihnen attraktive Konditionen oder fantastische Pr\u00e4mien bieten.\",\"breadcrumb\":{\"@id\":\"https:\/\/www.kindermann.de\/company\/newsroom\/aktionen\/#breadcrumb\"},\"inLanguage\":\"de\",\"potentialAction\":[{\"@type\":\"ReadAction\",\"target\":[\"https:\/\/www.kindermann.de\/company\/newsroom\/aktionen\/\"]}]},{\"@type\":\"BreadcrumbList\",\"@id\":\"https:\/\/www.kindermann.de\/company\/newsroom\/aktionen\/#breadcrumb\",\"itemListElement\":[{\"@type\":\"ListItem\",\"position\":1,\"name\":\"Startseite\",\"item\":\"https:\/\/www.kindermann.de\/company\/\"},{\"@type\":\"ListItem\",\"position\":2,\"name\":\"Newsroom\",\"item\":\"https:\/\/www.kindermann.de\/company\/newsroom\/\"},{\"@type\":\"ListItem\",\"position\":3,\"name\":\"Aktionen\"}]},{\"@type\":\"WebSite\",\"@id\":\"https:\/\/www.kindermann.de\/company\/#website\",\"url\":\"https:\/\/www.kindermann.de\/company\/\",\"name\":\"Kindermann GmbH\",\"description\":\"\",\"publisher\":{\"@id\":\"https:\/\/www.kindermann.de\/company\/#organization\"},\"potentialAction\":[{\"@type\":\"SearchAction\",\"target\":{\"@type\":\"EntryPoint\",\"urlTemplate\":\"https:\/\/www.kindermann.de\/company\/?s={search_term_string}\"},\"query-input\":{\"@type\":\"PropertyValueSpecification\",\"valueRequired\":true,\"valueName\":\"search_term_string\"}}],\"inLanguage\":\"de\"},{\"@type\":\"Organization\",\"@id\":\"https:\/\/www.kindermann.de\/company\/#organization\",\"name\":\"Kindermann GmbH\",\"url\":\"https:\/\/www.kindermann.de\/company\/\",\"logo\":{\"@type\":\"ImageObject\",\"inLanguage\":\"de\",\"@id\":\"https:\/\/www.kindermann.de\/company\/#\/schema\/logo\/image\/\",\"url\":\"https:\/\/www.kindermann.de\/company\/wp-content\/uploads\/2022\/10\/Kindermann_Logo_300_100.png\",\"contentUrl\":\"https:\/\/www.kindermann.de\/company\/wp-content\/uploads\/2022\/10\/Kindermann_Logo_300_100.png\",\"width\":300,\"height\":100,\"caption\":\"Kindermann GmbH\"},\"image\":{\"@id\":\"https:\/\/www.kindermann.de\/company\/#\/schema\/logo\/image\/\"},\"sameAs\":[\"https:\/\/www.facebook.com\/KindermannGmbH\/\",\"https:\/\/www.xing.com\/pages\/kindermanngmbh\",\"https:\/\/www.linkedin.com\/company\/kindermann-gmbh\"]}]}<\/script>\n<!-- \/ Yoast SEO plugin. -->","yoast_head_json":{"title":"Aktionen - Kindermann GmbH","description":"Informieren Sie sich \u00fcber unsere regelm\u00e4\u00dfigen Aktionen, die Ihnen attraktive Konditionen oder fantastische Pr\u00e4mien bieten.","robots":{"index":"index","follow":"follow","max-snippet":"max-snippet:-1","max-image-preview":"max-image-preview:large","max-video-preview":"max-video-preview:-1"},"canonical":"https:\/\/www.kindermann.de\/company\/newsroom\/aktionen\/","og_locale":"de_DE","og_type":"article","og_title":"Aktionen - Kindermann GmbH","og_description":"Informieren Sie sich \u00fcber unsere regelm\u00e4\u00dfigen Aktionen, die Ihnen attraktive Konditionen oder fantastische Pr\u00e4mien bieten.","og_url":"https:\/\/www.kindermann.de\/company\/newsroom\/aktionen\/","og_site_name":"Kindermann GmbH","article_publisher":"https:\/\/www.facebook.com\/KindermannGmbH\/","article_modified_time":"2023-02-06T12:01:35+00:00","twitter_card":"summary_large_image","twitter_misc":{"Gesch\u00e4tzte Lesezeit":"1\u00a0Minute"},"schema":{"@context":"https:\/\/schema.org","@graph":[{"@type":"WebPage","@id":"https:\/\/www.kindermann.de\/company\/newsroom\/aktionen\/","url":"https:\/\/www.kindermann.de\/company\/newsroom\/aktionen\/","name":"Aktionen - Kindermann GmbH","isPartOf":{"@id":"https:\/\/www.kindermann.de\/company\/#website"},"datePublished":"2022-09-28T07:20:31+00:00","dateModified":"2023-02-06T12:01:35+00:00","description":"Informieren Sie sich \u00fcber unsere regelm\u00e4\u00dfigen Aktionen, die Ihnen attraktive Konditionen oder fantastische Pr\u00e4mien bieten.","breadcrumb":{"@id":"https:\/\/www.kindermann.de\/company\/newsroom\/aktionen\/#breadcrumb"},"inLanguage":"de","potentialAction":[{"@type":"ReadAction","target":["https:\/\/www.kindermann.de\/company\/newsroom\/aktionen\/"]}]},{"@type":"BreadcrumbList","@id":"https:\/\/www.kindermann.de\/company\/newsroom\/aktionen\/#breadcrumb","itemListElement":[{"@type":"ListItem","position":1,"name":"Startseite","item":"https:\/\/www.kindermann.de\/company\/"},{"@type":"ListItem","position":2,"name":"Newsroom","item":"https:\/\/www.kindermann.de\/company\/newsroom\/"},{"@type":"ListItem","position":3,"name":"Aktionen"}]},{"@type":"WebSite","@id":"https:\/\/www.kindermann.de\/company\/#website","url":"https:\/\/www.kindermann.de\/company\/","name":"Kindermann GmbH","description":"","publisher":{"@id":"https:\/\/www.kindermann.de\/company\/#organization"},"potentialAction":[{"@type":"SearchAction","target":{"@type":"EntryPoint","urlTemplate":"https:\/\/www.kindermann.de\/company\/?s={search_term_string}"},"query-input":{"@type":"PropertyValueSpecification","valueRequired":true,"valueName":"search_term_string"}}],"inLanguage":"de"},{"@type":"Organization","@id":"https:\/\/www.kindermann.de\/company\/#organization","name":"Kindermann GmbH","url":"https:\/\/www.kindermann.de\/company\/","logo":{"@type":"ImageObject","inLanguage":"de","@id":"https:\/\/www.kindermann.de\/company\/#\/schema\/logo\/image\/","url":"https:\/\/www.kindermann.de\/company\/wp-content\/uploads\/2022\/10\/Kindermann_Logo_300_100.png","contentUrl":"https:\/\/www.kindermann.de\/company\/wp-content\/uploads\/2022\/10\/Kindermann_Logo_300_100.png","width":300,"height":100,"caption":"Kindermann GmbH"},"image":{"@id":"https:\/\/www.kindermann.de\/company\/#\/schema\/logo\/image\/"},"sameAs":["https:\/\/www.facebook.com\/KindermannGmbH\/","https:\/\/www.xing.com\/pages\/kindermanngmbh","https:\/\/www.linkedin.com\/company\/kindermann-gmbh"]}]}},"_links":{"self":[{"href":"https:\/\/www.kindermann.de\/company\/wp-json\/wp\/v2\/pages\/2593","targetHints":{"allow":["GET"]}}],"collection":[{"href":"https:\/\/www.kindermann.de\/company\/wp-json\/wp\/v2\/pages"}],"about":[{"href":"https:\/\/www.kindermann.de\/company\/wp-json\/wp\/v2\/types\/page"}],"author":[{"embeddable":true,"href":"https:\/\/www.kindermann.de\/company\/wp-json\/wp\/v2\/users\/3"}],"replies":[{"embeddable":true,"href":"https:\/\/www.kindermann.de\/company\/wp-json\/wp\/v2\/comments?post=2593"}],"version-history":[{"count":67,"href":"https:\/\/www.kindermann.de\/company\/wp-json\/wp\/v2\/pages\/2593\/revisions"}],"predecessor-version":[{"id":5507,"href":"https:\/\/www.kindermann.de\/company\/wp-json\/wp\/v2\/pages\/2593\/revisions\/5507"}],"up":[{"embeddable":true,"href":"https:\/\/www.kindermann.de\/company\/wp-json\/wp\/v2\/pages\/1808"}],"wp:attachment":[{"href":"https:\/\/www.kindermann.de\/company\/wp-json\/wp\/v2\/media?parent=2593"}],"curies":[{"name":"wp","href":"https:\/\/api.w.org\/{rel}","templated":true}]}}