{"id":2558,"date":"2022-09-27T17:43:16","date_gmt":"2022-09-27T15:43:16","guid":{"rendered":"https:\/\/www.kindermann.de\/wp\/?page_id=2558"},"modified":"2025-02-07T10:07:17","modified_gmt":"2025-02-07T09:07:17","slug":"online-seminare","status":"publish","type":"page","link":"https:\/\/www.kindermann.de\/company\/news-uebersicht\/online-seminare\/","title":{"rendered":"Online-Seminare"},"content":{"rendered":"<div class=\"main_slider_block  \">\n\t\t<div class=\"main_teaser main_teaser_default  main_teaser_slider_427327bf9b2dba4ae4218349760ee31b\" data-class=\"main_teaser_slider_427327bf9b2dba4ae4218349760ee31b\" data-duration=\"8\">\n\t\t\t\t\t<div class=\"main_slide main_slide_static\">\n\t\t\t\t\t\t\t\t<div class=\"main_slide_gallery main_slide_gallery_983392e102657f30be117d2ca1129782\" data-class=\"main_slide_gallery_983392e102657f30be117d2ca1129782\">\n\t\t\t\t<div class=\"main_slide_gallery_slide\"><img decoding=\"async\" width=\"2560\" height=\"985\" src=\"https:\/\/www.kindermann.de\/company\/wp-content\/uploads\/2022\/09\/seminare-scaled.jpg\" class=\"attachment-full size-full\" alt=\"\" data-desc=\"\" ><\/div>\t\t\t\t<\/div>\n\t\t\t\t<div class=\"main_slide_text_outer main_slide_text_outer_spark_1_l\">\n\t\t\t\t\t<div class=\"main_slide_text main_slide_text_spark_1_l main_slide_text_ main_slide_text_lines_show\">\n\t\t\t\t\t\t<div class=\"main_slide_text_angle_h\"><\/div>\n\t\t\t\t\t\t<div class=\"main_slide_text_angle_v\"><\/div>\n\t\t\t\t\t\t<div class=\"main_slide_text_inner\">\n\t\t\t\t\t\t\t\n\t\t\t\t\t\t\t<h1><strong>Online-<br >\nSeminare<\/strong><\/h1>\n\t\t\t\t\t\t\t\t\t\t\t\t\t\t\n\t\t\t\t\t\t\t\t\t\t\t\t\t<\/div>\n\t\t\t\t\t<\/div>\n\t\t\t\t<\/div>\n\t\t\t<\/div>\n\t\t\t<\/div>\n<\/div>\n\n\n<div class=\"sticky_on_header\">\n\t<div class=\"container\">\n\t\t<div class=\"subnav\">\n\t\t\t<h4>\n\t\t\t\tSeminare\t\t\t<\/h4>\n\t\t\t<ul class=\"filter_list\">\n\n\t\t\t\t\t\t\t\t\t\t\t\t\t\t<li><a href=\"#aktuell\" target=\"\">Aktuelle Termine<\/a><\/li>\n\t\t\t\t\t\t\t\t\t\t<li><a href=\"#Archiv\" target=\"\">Seminar-Archiv<\/a><\/li>\n\t\t\t\t\t\t\t\t\t\t<li><a href=\"#partner\" target=\"\">Seminarangebot unserer Partner<\/a><\/li>\n\t\t\t\t\t\t\t\t\t\n\t\t\t\t\n\t\t\t\t\t\t\t\t\n\t\t\t\t\t\t\t<\/ul>\n\t\t<\/div>\n\t<\/div>\n<\/div>\n\n\n<div class=\"text_group text_group_ box_ box_\" id=\"  \">\n\t<div class=\"text_group_content \">\n\t\t\n\n<p class=\"has-medium-font-size\">Mit unseren&nbsp;Kindermann Online Seminaren&nbsp;haben Sie die M\u00f6glichkeit fundiertes Wissen zu ausgew\u00e4hlten Themen zu erwerben \u2013 und dies&nbsp;schnell, flexibel und kostenfrei!<\/p>\n\n\n\n<p>Kindermann bietet als Hersteller und Distributor nicht nur hochwertige L\u00f6sungen f\u00fcr Ihre gewerblichen audiovisuellen Projekte, sondern sorgt auch f\u00fcr das n\u00f6tige Know-how.<\/p>\n\n\n\n<p>Das Kindermann Online Schulungsangebot wird derzeit stetig f\u00fcr Sie ausgebaut. Von Grundlagenseminaren \u00fcber spezifische Produktschulungen bis hin zu tiefgehenden technischen Themen \u2013 die Kindermann Online Seminare haben f\u00fcr jeden Interessierten das richtige Fortbildungsangebot parat.<\/p>\n\n\n\n<div style=\"height:50px\" aria-hidden=\"true\" class=\"wp-block-spacer\"><\/div>\n\n\n\t<\/div>\n<\/div>\n\n\n\n\n\n\n\n<div style=\"height:50px\" aria-hidden=\"true\" class=\"wp-block-spacer\"><\/div>\n\n\n\n<div style=\"height:30px\" aria-hidden=\"true\" class=\"wp-block-spacer\"><\/div>\n\n\n\n<hr class=\"wp-block-separator has-alpha-channel-opacity\" id=\"Archiv\">\n\n\n<p><!-- \/wp:post-content --><\/p>\n<p><!-- wp:separator {\"backgroundColor\":\"medium-gray\"} --><\/p>\n<p><!-- \/wp:separator --><\/p>\n<p><!-- wp:heading {\"level\":3} --><\/p>\n<h3 id=\"partner\"><strong>Seminar-Archiv<\/strong><\/h3>\n<p><!-- \/wp:heading --><\/p>\n<p><!-- wp:paragraph --><\/p>\n<p>St\u00f6bern Sie nach Herzenslaune in unserem Archiv und Informieren Sie sich unter anderem zu Themen wie Signage, Signalmanagement, Displays, UC-Produkte, Installation, Projektoren, KLICK&amp;SHOW, Audio\u2026<\/p>\n<p><!-- \/wp:paragraph --><\/p>\n<p><!-- \/wp:list --><\/p>\n<p><!-- wp:spacer {\"height\":\"30px\"} --><\/p>\n<p><!-- \/wp:spacer --><\/p>\n<p><!-- wp:separator {\"backgroundColor\":\"medium-gray\"} --><\/p>\n<p>Bleiben Sie immer auf dem Laufenden\u00a0und fragen Sie noch heute <a href=\"mailto:verkauf%40kindermann.de?subject=Zugang%20zum%20Kindermann%20Seminar-Archiv\">hier Ihren Zugang zum Seminararchiv<\/a> an.<\/p>\n<p><!-- \/wp:paragraph --><\/p>\n<p><!-- wp:buttons {\"layout\":{\"type\":\"flex\",\"justifyContent\":\"center\"}} --><\/p>\n<div class=\"wp-block-buttons\"><!-- wp:button --><\/p>\n<div class=\"wp-block-button\"><a class=\"wp-block-button__link wp-element-button\" href=\"https:\/\/www.kindermann.de\/company\/seminar-archiv\/\" target=\"_blank\" rel=\"noreferrer noopener\">Zum Seminar-Archiv<\/a><\/div>\n<p><!-- \/wp:button --><\/p>\n<\/div>\n<p><!-- \/wp:buttons --><\/p>\n<p><!-- \/wp:acf\/text-group --><\/p>\n<p><!-- wp:paragraph --><\/p>\n<p><!-- \/wp:paragraph --><\/p>\n<p><!-- wp:spacer {\"height\":\"50px\"} --><\/p>\n<div class=\"wp-block-spacer\" style=\"height: 50px;\" aria-hidden=\"true\">\u00a0<\/div>\n<p><!-- \/wp:spacer --><\/p>\n<p><!-- wp:separator --><\/p>\n<hr class=\"wp-block-separator has-alpha-channel-opacity\" ><!-- \/wp:separator --><\/p>\n<p><!-- \/wp:acf\/text-group --><\/p>\n<p><!-- wp:separator {\"backgroundColor\":\"medium-gray\"} --><\/p>\n<p><!-- \/wp:spacer --><\/p>\n<p><!-- wp:heading {\"level\":3} --><\/p>\n<h3 id=\"partner\"><strong>Zum Online-Seminar-Angebot unserer Partner<\/strong><\/h3>\n<p><!-- \/wp:heading --><\/p>\n<p><!-- wp:paragraph --><\/p>\n<p>Mit den\u00a0Online-Seminaren\u00a0unserer Kindermann-Partner haben Sie die M\u00f6glichkeit fundiertes Wissen zu ausgew\u00e4hlten Themen zu erwerben \u2013 und das\u00a0schnell &amp; flexibel!<\/p>\n<ul>\n<li><strong><a href=\"https:\/\/www.bigmarker.com\/communities\/boseGlobalEDU\/conferences\" target=\"_blank\" rel=\"noreferrer noopener\">BOSE-Online-Seminar\u00fcbersicht\u00a0<\/a><\/strong><\/li>\n<\/ul>\n<p><!-- \/wp:paragraph --><\/p>\n<p><!-- wp:list --><\/p>\n<p><!-- \/wp:list-item --><\/p>\n<p><!-- wp:list-item --><\/p>\n<p><!-- \/wp:list-item --><\/p>\n<p><!-- wp:list-item --><\/p>\n<p><!-- \/wp:list-item --><\/p>\n<p><!-- \/wp:list --><\/p>\n<p><!-- wp:spacer {\"height\":\"30px\"} --><\/p>\n<div class=\"wp-block-spacer\" style=\"height: 30px;\" aria-hidden=\"true\">\u00a0<\/div>\n<div aria-hidden=\"true\">\u00a0<\/div>\n<p><!-- \/wp:spacer --><\/p>\n<p><!-- wp:separator {\"backgroundColor\":\"medium-gray\"} --><\/p>\n<p>Bleiben Sie immer auf dem Laufenden\u00a0und registrieren Sie sich f\u00fcr unseren Newsletter.<\/p>\n<p><!-- \/wp:paragraph --><\/p>\n<p><!-- wp:buttons {\"layout\":{\"type\":\"flex\",\"justifyContent\":\"center\"}} --><\/p>\n<div class=\"wp-block-buttons\"><!-- wp:button --><\/p>\n<div class=\"wp-block-button\"><a class=\"wp-block-button__link wp-element-button\" href=\"https:\/\/www.kindermann.de\/company\/news-uebersicht\/newsletter-anmeldung\/\" target=\"_blank\" rel=\"noreferrer noopener\">Newsletter-Anmeldung<\/a><\/div>\n<p><!-- \/wp:button --><\/p>\n<\/div>\n<p><!-- \/wp:buttons --><\/p>\n<p><!-- \/wp:acf\/text-group --><\/p>\n<p><!-- wp:paragraph --><\/p>\n<p><!-- \/wp:paragraph --><\/p>\n<p><!-- wp:spacer {\"height\":\"50px\"} --><\/p>\n<div class=\"wp-block-spacer\" style=\"height: 50px;\" aria-hidden=\"true\">\u00a0<\/div>\n<p><!-- \/wp:spacer --><\/p>","protected":false},"excerpt":{"rendered":"<p>Seminar-Archiv St\u00f6bern Sie nach Herzenslaune in unserem Archiv und Informieren Sie sich unter anderem zu Themen wie Signage, Signalmanagement, Displays, &#8230;<\/p>\n","protected":false},"author":3,"featured_media":0,"parent":2457,"menu_order":4,"comment_status":"closed","ping_status":"closed","template":"","meta":{"_acf_changed":false,"footnotes":""},"class_list":["post-2558","page","type-page","status-publish","format-standard","hentry"],"acf":[],"yoast_head":"<!-- This site is optimized with the Yoast SEO plugin v26.8 - https:\/\/yoast.com\/product\/yoast-seo-wordpress\/ -->\n<title>Online-Seminare - Kindermann GmbH<\/title>\n<meta name=\"description\" content=\"Mit unseren Kindermann Online Seminaren haben Sie die M\u00f6glichkeit fundiertes Wissen zu ausgew\u00e4hlten Themen zu erwerben. Mehr erfahren\" \/>\n<meta name=\"robots\" content=\"index, follow, max-snippet:-1, max-image-preview:large, max-video-preview:-1\" \/>\n<link rel=\"canonical\" href=\"https:\/\/www.kindermann.de\/company\/news-uebersicht\/online-seminare\/\" \/>\n<meta property=\"og:locale\" content=\"de_DE\" \/>\n<meta property=\"og:type\" content=\"article\" \/>\n<meta property=\"og:title\" content=\"Online-Seminare - Kindermann GmbH\" \/>\n<meta property=\"og:description\" content=\"Mit unseren Kindermann Online Seminaren haben Sie die M\u00f6glichkeit fundiertes Wissen zu ausgew\u00e4hlten Themen zu erwerben. Mehr erfahren\" \/>\n<meta property=\"og:url\" content=\"https:\/\/www.kindermann.de\/company\/news-uebersicht\/online-seminare\/\" \/>\n<meta property=\"og:site_name\" content=\"Kindermann GmbH\" \/>\n<meta property=\"article:publisher\" content=\"https:\/\/www.facebook.com\/KindermannGmbH\/\" \/>\n<meta property=\"article:modified_time\" content=\"2025-02-07T09:07:17+00:00\" \/>\n<meta property=\"og:image\" content=\"https:\/\/www.kindermann.de\/company\/wp-content\/uploads\/2024\/09\/maxhub.jpg\" \/>\n<meta name=\"twitter:card\" content=\"summary_large_image\" \/>\n<meta name=\"twitter:label1\" content=\"Gesch\u00e4tzte Lesezeit\" \/>\n\t<meta name=\"twitter:data1\" content=\"4\u00a0Minuten\" \/>\n<script type=\"application\/ld+json\" class=\"yoast-schema-graph\">{\"@context\":\"https:\/\/schema.org\",\"@graph\":[{\"@type\":\"WebPage\",\"@id\":\"https:\/\/www.kindermann.de\/company\/news-uebersicht\/online-seminare\/\",\"url\":\"https:\/\/www.kindermann.de\/company\/news-uebersicht\/online-seminare\/\",\"name\":\"Online-Seminare - Kindermann GmbH\",\"isPartOf\":{\"@id\":\"https:\/\/www.kindermann.de\/company\/#website\"},\"primaryImageOfPage\":{\"@id\":\"https:\/\/www.kindermann.de\/company\/news-uebersicht\/online-seminare\/#primaryimage\"},\"image\":{\"@id\":\"https:\/\/www.kindermann.de\/company\/news-uebersicht\/online-seminare\/#primaryimage\"},\"thumbnailUrl\":\"https:\/\/www.kindermann.de\/company\/wp-content\/uploads\/2024\/09\/maxhub.jpg\",\"datePublished\":\"2022-09-27T15:43:16+00:00\",\"dateModified\":\"2025-02-07T09:07:17+00:00\",\"description\":\"Mit unseren Kindermann Online Seminaren haben Sie die M\u00f6glichkeit fundiertes Wissen zu ausgew\u00e4hlten Themen zu erwerben. Mehr erfahren\",\"breadcrumb\":{\"@id\":\"https:\/\/www.kindermann.de\/company\/news-uebersicht\/online-seminare\/#breadcrumb\"},\"inLanguage\":\"de\",\"potentialAction\":[{\"@type\":\"ReadAction\",\"target\":[\"https:\/\/www.kindermann.de\/company\/news-uebersicht\/online-seminare\/\"]}]},{\"@type\":\"ImageObject\",\"inLanguage\":\"de\",\"@id\":\"https:\/\/www.kindermann.de\/company\/news-uebersicht\/online-seminare\/#primaryimage\",\"url\":\"https:\/\/www.kindermann.de\/company\/wp-content\/uploads\/2024\/09\/maxhub.jpg\",\"contentUrl\":\"https:\/\/www.kindermann.de\/company\/wp-content\/uploads\/2024\/09\/maxhub.jpg\",\"width\":852,\"height\":341},{\"@type\":\"BreadcrumbList\",\"@id\":\"https:\/\/www.kindermann.de\/company\/news-uebersicht\/online-seminare\/#breadcrumb\",\"itemListElement\":[{\"@type\":\"ListItem\",\"position\":1,\"name\":\"Startseite\",\"item\":\"https:\/\/www.kindermann.de\/company\/\"},{\"@type\":\"ListItem\",\"position\":2,\"name\":\"News\",\"item\":\"https:\/\/www.kindermann.de\/company\/?page_id=2457\"},{\"@type\":\"ListItem\",\"position\":3,\"name\":\"Online-Seminare\"}]},{\"@type\":\"WebSite\",\"@id\":\"https:\/\/www.kindermann.de\/company\/#website\",\"url\":\"https:\/\/www.kindermann.de\/company\/\",\"name\":\"Kindermann GmbH\",\"description\":\"\",\"publisher\":{\"@id\":\"https:\/\/www.kindermann.de\/company\/#organization\"},\"potentialAction\":[{\"@type\":\"SearchAction\",\"target\":{\"@type\":\"EntryPoint\",\"urlTemplate\":\"https:\/\/www.kindermann.de\/company\/?s={search_term_string}\"},\"query-input\":{\"@type\":\"PropertyValueSpecification\",\"valueRequired\":true,\"valueName\":\"search_term_string\"}}],\"inLanguage\":\"de\"},{\"@type\":\"Organization\",\"@id\":\"https:\/\/www.kindermann.de\/company\/#organization\",\"name\":\"Kindermann GmbH\",\"url\":\"https:\/\/www.kindermann.de\/company\/\",\"logo\":{\"@type\":\"ImageObject\",\"inLanguage\":\"de\",\"@id\":\"https:\/\/www.kindermann.de\/company\/#\/schema\/logo\/image\/\",\"url\":\"https:\/\/www.kindermann.de\/company\/wp-content\/uploads\/2022\/10\/Kindermann_Logo_300_100.png\",\"contentUrl\":\"https:\/\/www.kindermann.de\/company\/wp-content\/uploads\/2022\/10\/Kindermann_Logo_300_100.png\",\"width\":300,\"height\":100,\"caption\":\"Kindermann GmbH\"},\"image\":{\"@id\":\"https:\/\/www.kindermann.de\/company\/#\/schema\/logo\/image\/\"},\"sameAs\":[\"https:\/\/www.facebook.com\/KindermannGmbH\/\",\"https:\/\/www.xing.com\/pages\/kindermanngmbh\",\"https:\/\/www.linkedin.com\/company\/kindermann-gmbh\"]}]}<\/script>\n<!-- \/ Yoast SEO plugin. -->","yoast_head_json":{"title":"Online-Seminare - Kindermann GmbH","description":"Mit unseren Kindermann Online Seminaren haben Sie die M\u00f6glichkeit fundiertes Wissen zu ausgew\u00e4hlten Themen zu erwerben. Mehr erfahren","robots":{"index":"index","follow":"follow","max-snippet":"max-snippet:-1","max-image-preview":"max-image-preview:large","max-video-preview":"max-video-preview:-1"},"canonical":"https:\/\/www.kindermann.de\/company\/news-uebersicht\/online-seminare\/","og_locale":"de_DE","og_type":"article","og_title":"Online-Seminare - Kindermann GmbH","og_description":"Mit unseren Kindermann Online Seminaren haben Sie die M\u00f6glichkeit fundiertes Wissen zu ausgew\u00e4hlten Themen zu erwerben. Mehr erfahren","og_url":"https:\/\/www.kindermann.de\/company\/news-uebersicht\/online-seminare\/","og_site_name":"Kindermann GmbH","article_publisher":"https:\/\/www.facebook.com\/KindermannGmbH\/","article_modified_time":"2025-02-07T09:07:17+00:00","og_image":[{"url":"https:\/\/www.kindermann.de\/company\/wp-content\/uploads\/2024\/09\/maxhub.jpg","type":"","width":"","height":""}],"twitter_card":"summary_large_image","twitter_misc":{"Gesch\u00e4tzte Lesezeit":"4\u00a0Minuten"},"schema":{"@context":"https:\/\/schema.org","@graph":[{"@type":"WebPage","@id":"https:\/\/www.kindermann.de\/company\/news-uebersicht\/online-seminare\/","url":"https:\/\/www.kindermann.de\/company\/news-uebersicht\/online-seminare\/","name":"Online-Seminare - Kindermann GmbH","isPartOf":{"@id":"https:\/\/www.kindermann.de\/company\/#website"},"primaryImageOfPage":{"@id":"https:\/\/www.kindermann.de\/company\/news-uebersicht\/online-seminare\/#primaryimage"},"image":{"@id":"https:\/\/www.kindermann.de\/company\/news-uebersicht\/online-seminare\/#primaryimage"},"thumbnailUrl":"https:\/\/www.kindermann.de\/company\/wp-content\/uploads\/2024\/09\/maxhub.jpg","datePublished":"2022-09-27T15:43:16+00:00","dateModified":"2025-02-07T09:07:17+00:00","description":"Mit unseren Kindermann Online Seminaren haben Sie die M\u00f6glichkeit fundiertes Wissen zu ausgew\u00e4hlten Themen zu erwerben. Mehr erfahren","breadcrumb":{"@id":"https:\/\/www.kindermann.de\/company\/news-uebersicht\/online-seminare\/#breadcrumb"},"inLanguage":"de","potentialAction":[{"@type":"ReadAction","target":["https:\/\/www.kindermann.de\/company\/news-uebersicht\/online-seminare\/"]}]},{"@type":"ImageObject","inLanguage":"de","@id":"https:\/\/www.kindermann.de\/company\/news-uebersicht\/online-seminare\/#primaryimage","url":"https:\/\/www.kindermann.de\/company\/wp-content\/uploads\/2024\/09\/maxhub.jpg","contentUrl":"https:\/\/www.kindermann.de\/company\/wp-content\/uploads\/2024\/09\/maxhub.jpg","width":852,"height":341},{"@type":"BreadcrumbList","@id":"https:\/\/www.kindermann.de\/company\/news-uebersicht\/online-seminare\/#breadcrumb","itemListElement":[{"@type":"ListItem","position":1,"name":"Startseite","item":"https:\/\/www.kindermann.de\/company\/"},{"@type":"ListItem","position":2,"name":"News","item":"https:\/\/www.kindermann.de\/company\/?page_id=2457"},{"@type":"ListItem","position":3,"name":"Online-Seminare"}]},{"@type":"WebSite","@id":"https:\/\/www.kindermann.de\/company\/#website","url":"https:\/\/www.kindermann.de\/company\/","name":"Kindermann GmbH","description":"","publisher":{"@id":"https:\/\/www.kindermann.de\/company\/#organization"},"potentialAction":[{"@type":"SearchAction","target":{"@type":"EntryPoint","urlTemplate":"https:\/\/www.kindermann.de\/company\/?s={search_term_string}"},"query-input":{"@type":"PropertyValueSpecification","valueRequired":true,"valueName":"search_term_string"}}],"inLanguage":"de"},{"@type":"Organization","@id":"https:\/\/www.kindermann.de\/company\/#organization","name":"Kindermann GmbH","url":"https:\/\/www.kindermann.de\/company\/","logo":{"@type":"ImageObject","inLanguage":"de","@id":"https:\/\/www.kindermann.de\/company\/#\/schema\/logo\/image\/","url":"https:\/\/www.kindermann.de\/company\/wp-content\/uploads\/2022\/10\/Kindermann_Logo_300_100.png","contentUrl":"https:\/\/www.kindermann.de\/company\/wp-content\/uploads\/2022\/10\/Kindermann_Logo_300_100.png","width":300,"height":100,"caption":"Kindermann GmbH"},"image":{"@id":"https:\/\/www.kindermann.de\/company\/#\/schema\/logo\/image\/"},"sameAs":["https:\/\/www.facebook.com\/KindermannGmbH\/","https:\/\/www.xing.com\/pages\/kindermanngmbh","https:\/\/www.linkedin.com\/company\/kindermann-gmbh"]}]}},"_links":{"self":[{"href":"https:\/\/www.kindermann.de\/company\/wp-json\/wp\/v2\/pages\/2558","targetHints":{"allow":["GET"]}}],"collection":[{"href":"https:\/\/www.kindermann.de\/company\/wp-json\/wp\/v2\/pages"}],"about":[{"href":"https:\/\/www.kindermann.de\/company\/wp-json\/wp\/v2\/types\/page"}],"author":[{"embeddable":true,"href":"https:\/\/www.kindermann.de\/company\/wp-json\/wp\/v2\/users\/3"}],"replies":[{"embeddable":true,"href":"https:\/\/www.kindermann.de\/company\/wp-json\/wp\/v2\/comments?post=2558"}],"version-history":[{"count":98,"href":"https:\/\/www.kindermann.de\/company\/wp-json\/wp\/v2\/pages\/2558\/revisions"}],"predecessor-version":[{"id":16551,"href":"https:\/\/www.kindermann.de\/company\/wp-json\/wp\/v2\/pages\/2558\/revisions\/16551"}],"up":[{"embeddable":true,"href":"https:\/\/www.kindermann.de\/company\/wp-json\/wp\/v2\/pages\/2457"}],"wp:attachment":[{"href":"https:\/\/www.kindermann.de\/company\/wp-json\/wp\/v2\/media?parent=2558"}],"curies":[{"name":"wp","href":"https:\/\/api.w.org\/{rel}","templated":true}]}}