{"id":2376,"date":"2022-09-26T14:59:10","date_gmt":"2022-09-26T12:59:10","guid":{"rendered":"https:\/\/www.kindermann.de\/wp\/?page_id=2376"},"modified":"2025-11-11T11:34:27","modified_gmt":"2025-11-11T10:34:27","slug":"zertifizierungen","status":"publish","type":"page","link":"https:\/\/www.kindermann.de\/company\/unternehmen\/zertifizierungen\/","title":{"rendered":"Zertifizierungen"},"content":{"rendered":"<div class=\"sticky_on_header\">\n\t<div class=\"container\">\n\t\t<div class=\"subnav\">\n\t\t\t<h4>\n\t\t\t\t\t\t\t<\/h4>\n\t\t\t<ul class=\"filter_list\">\n\n\t\t\t\t\n\t\t\t\t\n\t\t\t\t\t\t\t\t\t\t\t\t\t\t<li class=\"\"><a href=\"https:\/\/www.kindermann.de\/company\/unternehmen\/standort\/\">Standort<\/a><\/li>\n\t\t\t\t\t\t\t\t\t\t<li class=\"\"><a href=\"https:\/\/www.kindermann.de\/company\/unternehmen\/karriere\/\">Karriere<\/a><\/li>\n\t\t\t\t\t\t\t\t\t\t<li class=\"\"><a href=\"https:\/\/www.kindermann.de\/company\/unternehmen\/ansprechpartner\/\">Ansprechpartner<\/a><\/li>\n\t\t\t\t\t\t\t\t\t\t<li class=\"\"><a href=\"https:\/\/www.kindermann.de\/company\/unternehmen\/fertigungspartner\/\">Fertigungspartner<\/a><\/li>\n\t\t\t\t\t\t\t\t\t\t<li class=\"active\"><a href=\"https:\/\/www.kindermann.de\/company\/unternehmen\/zertifizierungen\/\">Zertifizierungen<\/a><\/li>\n\t\t\t\t\t\t\t\t\t\t\t\t\t\n\t\t\t\t\t\t\t<\/ul>\n\t\t<\/div>\n\t<\/div>\n<\/div>\n\n\n<div class=\"main_slider_block  \">\n\t\t<div class=\"main_teaser main_teaser_default  main_teaser_slider_275764ba9e07f36c871edf2f4b4a41b2\" data-class=\"main_teaser_slider_275764ba9e07f36c871edf2f4b4a41b2\" data-duration=\"8\">\n\t\t\t\t\t<div class=\"main_slide main_slide_static\">\n\t\t\t\t\t\t\t\t<div class=\"main_slide_gallery main_slide_gallery_f482b7b0fe412f471ba26af7c35a5513\" data-class=\"main_slide_gallery_f482b7b0fe412f471ba26af7c35a5513\">\n\t\t\t\t<div class=\"main_slide_gallery_slide\"><img decoding=\"async\" width=\"2500\" height=\"962\" src=\"https:\/\/www.kindermann.de\/company\/wp-content\/uploads\/2022\/09\/DSC06155_1.jpg\" class=\"attachment-full size-full\" alt=\"\" data-desc=\"\" ><\/div>\t\t\t\t<\/div>\n\t\t\t\t<div class=\"main_slide_text_outer main_slide_text_outer_spark_1_l\">\n\t\t\t\t\t<div class=\"main_slide_text main_slide_text_spark_1_l main_slide_text_ main_slide_text_lines_show\">\n\t\t\t\t\t\t<div class=\"main_slide_text_angle_h\"><\/div>\n\t\t\t\t\t\t<div class=\"main_slide_text_angle_v\"><\/div>\n\t\t\t\t\t\t<div class=\"main_slide_text_inner\">\n\t\t\t\t\t\t\t\n\t\t\t\t\t\t\t<p><span style=\"color: #e80029\"><span><b>Zertifizierungen<\/b><\/span><\/span><\/p>\n<h1><strong>Qualit\u00e4ts-<br >\nsicherung durch<br >\n<\/strong>Prozessoptimierung<\/h1>\n\t\t\t\t\t\t\t\t\t\t\t\t\t\t\n\t\t\t\t\t\t\t\t\t\t\t\t\t<\/div>\n\t\t\t\t\t<\/div>\n\t\t\t\t<\/div>\n\t\t\t<\/div>\n\t\t\t<\/div>\n<\/div>\n\n\n<div class=\"text_group text_group_ box_ box_\" id=\"  \">\n\t<div class=\"text_group_content \">\n\t\t\n\n<h3 class=\"wp-block-heading\">Qualit\u00e4tsmanagement-Norm ISO 9001<\/h3>\n\n\n\n<p>Die&nbsp;DEKRA Certification GmbH, bescheinigt hiermit, dass das Unternehmen&nbsp;Kindermann GmbH&nbsp;ein&nbsp;Qualit\u00e4tsmanagementsystem eingef\u00fchrt hat und aufrechterh\u00e4lt.<\/p>\n\n\n\n<div class=\"wp-block-media-text alignwide is-stacked-on-mobile\" style=\"grid-template-columns:15% auto\"><figure class=\"wp-block-media-text__media\"><a href=\"https:\/\/www.kindermann.de\/company\/wp-content\/uploads\/2024\/03\/Zertifikat-RZ-9001_2015.pdf\" target=\"_blank\" rel=\"noreferrer noopener\"><img decoding=\"async\" width=\"724\" height=\"1024\" src=\"https:\/\/www.kindermann.de\/company\/wp-content\/uploads\/2024\/03\/ISO_9001_Dekra.jpg\" alt=\"\" class=\"wp-image-11735 size-full\"><\/a><\/figure><div class=\"wp-block-media-text__content\">\n<p><strong>Zertifizierter Bereich:<\/strong> Entwicklung, Herstellung und Vertrieb von Konferenz- und Medientechnik.<\/p>\n\n\n\n<p>Die ISO 9001 ist die national und international meistverbreitete Norm im Qualit\u00e4tsmanagement, die weltweite Anerkennung erh\u00e4lt<\/p>\n\n\n\n<p><\/p>\n\n\n\n<figure class=\"wp-block-table\"><table><tbody><tr><td><strong>Beschreibung<\/strong><\/td><td><strong>Sprache<\/strong><\/td><td><strong>Dateiformat<\/strong><\/td><td><strong>Downloadlink<\/strong><\/td><\/tr><tr><td>DEKRA Zertifikat ISO 9001:2015<\/td><td><img decoding=\"async\" width=\"20\" height=\"13\" class=\"wp-image-11490\" style=\"width: 20px;\" src=\"https:\/\/www.kindermann.de\/company\/wp-content\/uploads\/2024\/02\/Flag-EN.jpeg\" alt=\"\"> (DE)<br><img decoding=\"async\" width=\"20\" height=\"14\" class=\"wp-image-11489\" style=\"width: 20px;\" src=\"https:\/\/www.kindermann.de\/company\/wp-content\/uploads\/2024\/02\/Flag-GB.jpeg\" alt=\"\"> (EN)<\/td><td>.pdf<\/td><td><a href=\"https:\/\/www.kindermann.de\/company\/wp-content\/uploads\/2024\/03\/Zertifikat-RZ-9001_2015.pdf\" target=\"_blank\" rel=\"noreferrer noopener\">Download<\/a><br><a href=\"https:\/\/www.kindermann.de\/company\/wp-content\/uploads\/2024\/03\/Zertifikat-RZ-9001_2015-englisch.pdf\" target=\"_blank\" rel=\"noreferrer noopener\">Download<\/a><\/td><\/tr><\/tbody><\/table><\/figure>\n<\/div><\/div>\n\n\n\t<\/div>\n<\/div>\n\n\n<div class=\"text_group text_group_ box_ box_\" id=\"  \">\n\t<div class=\"text_group_content \">\n\t\t\n\n<h3 class=\"wp-block-heading\">Umweltmanagement-Norm ISO 14001<\/h3>\n\n\n\n<p>Die&nbsp;DEKRA Certification GmbH, bescheinigt hiermit, dass das Unternehmen&nbsp;Kindermann GmbH&nbsp;ein&nbsp;Umweltmanagementsystem eingef\u00fchrt hat und aufrechterh\u00e4lt.<\/p>\n\n\n\n<div class=\"wp-block-media-text alignwide is-stacked-on-mobile\" style=\"grid-template-columns:15% auto\"><figure class=\"wp-block-media-text__media\"><a href=\"https:\/\/www.kindermann.de\/company\/wp-content\/uploads\/2024\/03\/Zertifikat-ZA-14001_2015.pdf\" target=\"_blank\" rel=\"noreferrer noopener\"><img decoding=\"async\" width=\"724\" height=\"1024\" src=\"https:\/\/www.kindermann.de\/company\/wp-content\/uploads\/2024\/03\/ISO_14001_Dekra.jpg\" alt=\"\" class=\"wp-image-11736 size-full\"><\/a><\/figure><div class=\"wp-block-media-text__content\">\n<p><strong>Zertifizierter Bereich:<\/strong> Entwicklung, Herstellung und Vertrieb von Konferenz- und Medientechnik.<\/p>\n\n\n\n<p>Die ISO 14001 ist eine internationale Umweltmanagementnorm, die weltweit anerkannte Anforderungen an ein Umweltmanagementsystem festlegt.<\/p>\n\n\n\n<p><\/p>\n\n\n\n<figure class=\"wp-block-table\"><table><tbody><tr><td><strong>Beschreibung<\/strong><\/td><td><strong>Sprache<\/strong><\/td><td><strong>Dateiformat<\/strong><\/td><td><strong>Downloadlink<\/strong><\/td><\/tr><tr><td>DEKRA Zertifikat ISO 14001:2015<br><\/td><td><img decoding=\"async\" width=\"20\" height=\"13\" class=\"wp-image-11490\" style=\"width: 20px;\" src=\"https:\/\/www.kindermann.de\/company\/wp-content\/uploads\/2024\/02\/Flag-EN.jpeg\" alt=\"\"> (DE)<br><img decoding=\"async\" width=\"20\" height=\"14\" class=\"wp-image-11489\" style=\"width: 20px;\" src=\"https:\/\/www.kindermann.de\/company\/wp-content\/uploads\/2024\/02\/Flag-GB.jpeg\" alt=\"\"> (EN)<\/td><td>.pdf<\/td><td><a href=\"https:\/\/www.kindermann.de\/company\/wp-content\/uploads\/2024\/03\/Zertifikat-ZA-14001_2015.pdf\" target=\"_blank\" rel=\"noreferrer noopener\">Download<\/a><br><a href=\"https:\/\/www.kindermann.de\/company\/wp-content\/uploads\/2024\/03\/Zertifikat-ZA-14001_2015-englisch.pdf\" target=\"_blank\" rel=\"noreferrer noopener\">Download<\/a><\/td><\/tr><\/tbody><\/table><\/figure>\n<\/div><\/div>\n\n\n\t<\/div>\n<\/div>\n\n\n\n<div style=\"height:60px\" aria-hidden=\"true\" class=\"wp-block-spacer\"><\/div>\n","protected":false},"excerpt":{"rendered":"","protected":false},"author":3,"featured_media":0,"parent":620,"menu_order":51,"comment_status":"closed","ping_status":"closed","template":"","meta":{"_acf_changed":false,"footnotes":""},"class_list":["post-2376","page","type-page","status-publish","format-standard","hentry"],"acf":[],"yoast_head":"<!-- This site is optimized with the Yoast SEO plugin v27.4 - https:\/\/yoast.com\/product\/yoast-seo-wordpress\/ -->\n<title>Zertifizierungen - Kindermann GmbH<\/title>\n<meta name=\"description\" content=\"Qualit\u00e4tssicherung durch Prozessoptimierung: Zertifizierter Bereich - Entwicklung, Herstellung und Vertrieb von Konferenz- und Medientechnik.\" \/>\n<meta name=\"robots\" content=\"index, follow, max-snippet:-1, max-image-preview:large, max-video-preview:-1\" \/>\n<link rel=\"canonical\" href=\"https:\/\/www.kindermann.de\/company\/unternehmen\/zertifizierungen\/\" \/>\n<meta property=\"og:locale\" content=\"de_DE\" \/>\n<meta property=\"og:type\" content=\"article\" \/>\n<meta property=\"og:title\" content=\"Zertifizierungen - Kindermann GmbH\" \/>\n<meta property=\"og:description\" content=\"Qualit\u00e4tssicherung durch Prozessoptimierung: Zertifizierter Bereich - Entwicklung, Herstellung und Vertrieb von Konferenz- und Medientechnik.\" \/>\n<meta property=\"og:url\" content=\"https:\/\/www.kindermann.de\/company\/unternehmen\/zertifizierungen\/\" \/>\n<meta property=\"og:site_name\" content=\"Kindermann GmbH\" \/>\n<meta property=\"article:publisher\" content=\"https:\/\/www.facebook.com\/KindermannGmbH\/\" \/>\n<meta property=\"article:modified_time\" content=\"2025-11-11T10:34:27+00:00\" \/>\n<meta property=\"og:image\" content=\"https:\/\/www.kindermann.de\/company\/wp-content\/uploads\/2024\/03\/ISO_9001_Dekra.jpg\" \/>\n<meta name=\"twitter:card\" content=\"summary_large_image\" \/>\n<meta name=\"twitter:label1\" content=\"Gesch\u00e4tzte Lesezeit\" \/>\n\t<meta name=\"twitter:data1\" content=\"2\u00a0Minuten\" \/>\n<script type=\"application\/ld+json\" class=\"yoast-schema-graph\">{\"@context\":\"https:\\\/\\\/schema.org\",\"@graph\":[{\"@type\":\"WebPage\",\"@id\":\"https:\\\/\\\/www.kindermann.de\\\/company\\\/unternehmen\\\/zertifizierungen\\\/\",\"url\":\"https:\\\/\\\/www.kindermann.de\\\/company\\\/unternehmen\\\/zertifizierungen\\\/\",\"name\":\"Zertifizierungen - Kindermann GmbH\",\"isPartOf\":{\"@id\":\"https:\\\/\\\/www.kindermann.de\\\/company\\\/#website\"},\"primaryImageOfPage\":{\"@id\":\"https:\\\/\\\/www.kindermann.de\\\/company\\\/unternehmen\\\/zertifizierungen\\\/#primaryimage\"},\"image\":{\"@id\":\"https:\\\/\\\/www.kindermann.de\\\/company\\\/unternehmen\\\/zertifizierungen\\\/#primaryimage\"},\"thumbnailUrl\":\"https:\\\/\\\/www.kindermann.de\\\/company\\\/wp-content\\\/uploads\\\/2024\\\/03\\\/ISO_9001_Dekra.jpg\",\"datePublished\":\"2022-09-26T12:59:10+00:00\",\"dateModified\":\"2025-11-11T10:34:27+00:00\",\"description\":\"Qualit\u00e4tssicherung durch Prozessoptimierung: Zertifizierter Bereich - Entwicklung, Herstellung und Vertrieb von Konferenz- und Medientechnik.\",\"breadcrumb\":{\"@id\":\"https:\\\/\\\/www.kindermann.de\\\/company\\\/unternehmen\\\/zertifizierungen\\\/#breadcrumb\"},\"inLanguage\":\"de\",\"potentialAction\":[{\"@type\":\"ReadAction\",\"target\":[\"https:\\\/\\\/www.kindermann.de\\\/company\\\/unternehmen\\\/zertifizierungen\\\/\"]}]},{\"@type\":\"ImageObject\",\"inLanguage\":\"de\",\"@id\":\"https:\\\/\\\/www.kindermann.de\\\/company\\\/unternehmen\\\/zertifizierungen\\\/#primaryimage\",\"url\":\"https:\\\/\\\/www.kindermann.de\\\/company\\\/wp-content\\\/uploads\\\/2024\\\/03\\\/ISO_9001_Dekra.jpg\",\"contentUrl\":\"https:\\\/\\\/www.kindermann.de\\\/company\\\/wp-content\\\/uploads\\\/2024\\\/03\\\/ISO_9001_Dekra.jpg\",\"width\":724,\"height\":1024},{\"@type\":\"BreadcrumbList\",\"@id\":\"https:\\\/\\\/www.kindermann.de\\\/company\\\/unternehmen\\\/zertifizierungen\\\/#breadcrumb\",\"itemListElement\":[{\"@type\":\"ListItem\",\"position\":1,\"name\":\"Startseite\",\"item\":\"https:\\\/\\\/www.kindermann.de\\\/company\\\/\"},{\"@type\":\"ListItem\",\"position\":2,\"name\":\"Unternehmen\",\"item\":\"https:\\\/\\\/www.kindermann.de\\\/company\\\/unternehmen\\\/\"},{\"@type\":\"ListItem\",\"position\":3,\"name\":\"Zertifizierungen\"}]},{\"@type\":\"WebSite\",\"@id\":\"https:\\\/\\\/www.kindermann.de\\\/company\\\/#website\",\"url\":\"https:\\\/\\\/www.kindermann.de\\\/company\\\/\",\"name\":\"Kindermann GmbH\",\"description\":\"\",\"publisher\":{\"@id\":\"https:\\\/\\\/www.kindermann.de\\\/company\\\/#organization\"},\"potentialAction\":[{\"@type\":\"SearchAction\",\"target\":{\"@type\":\"EntryPoint\",\"urlTemplate\":\"https:\\\/\\\/www.kindermann.de\\\/company\\\/?s={search_term_string}\"},\"query-input\":{\"@type\":\"PropertyValueSpecification\",\"valueRequired\":true,\"valueName\":\"search_term_string\"}}],\"inLanguage\":\"de\"},{\"@type\":\"Organization\",\"@id\":\"https:\\\/\\\/www.kindermann.de\\\/company\\\/#organization\",\"name\":\"Kindermann GmbH\",\"url\":\"https:\\\/\\\/www.kindermann.de\\\/company\\\/\",\"logo\":{\"@type\":\"ImageObject\",\"inLanguage\":\"de\",\"@id\":\"https:\\\/\\\/www.kindermann.de\\\/company\\\/#\\\/schema\\\/logo\\\/image\\\/\",\"url\":\"https:\\\/\\\/www.kindermann.de\\\/company\\\/wp-content\\\/uploads\\\/2022\\\/10\\\/Kindermann_Logo_300_100.png\",\"contentUrl\":\"https:\\\/\\\/www.kindermann.de\\\/company\\\/wp-content\\\/uploads\\\/2022\\\/10\\\/Kindermann_Logo_300_100.png\",\"width\":300,\"height\":100,\"caption\":\"Kindermann GmbH\"},\"image\":{\"@id\":\"https:\\\/\\\/www.kindermann.de\\\/company\\\/#\\\/schema\\\/logo\\\/image\\\/\"},\"sameAs\":[\"https:\\\/\\\/www.facebook.com\\\/KindermannGmbH\\\/\",\"https:\\\/\\\/www.xing.com\\\/pages\\\/kindermanngmbh\",\"https:\\\/\\\/www.linkedin.com\\\/company\\\/kindermann-gmbh\"]}]}<\/script>\n<!-- \/ Yoast SEO plugin. -->","yoast_head_json":{"title":"Zertifizierungen - Kindermann GmbH","description":"Qualit\u00e4tssicherung durch Prozessoptimierung: Zertifizierter Bereich - Entwicklung, Herstellung und Vertrieb von Konferenz- und Medientechnik.","robots":{"index":"index","follow":"follow","max-snippet":"max-snippet:-1","max-image-preview":"max-image-preview:large","max-video-preview":"max-video-preview:-1"},"canonical":"https:\/\/www.kindermann.de\/company\/unternehmen\/zertifizierungen\/","og_locale":"de_DE","og_type":"article","og_title":"Zertifizierungen - Kindermann GmbH","og_description":"Qualit\u00e4tssicherung durch Prozessoptimierung: Zertifizierter Bereich - Entwicklung, Herstellung und Vertrieb von Konferenz- und Medientechnik.","og_url":"https:\/\/www.kindermann.de\/company\/unternehmen\/zertifizierungen\/","og_site_name":"Kindermann GmbH","article_publisher":"https:\/\/www.facebook.com\/KindermannGmbH\/","article_modified_time":"2025-11-11T10:34:27+00:00","og_image":[{"url":"https:\/\/www.kindermann.de\/company\/wp-content\/uploads\/2024\/03\/ISO_9001_Dekra.jpg","type":"","width":"","height":""}],"twitter_card":"summary_large_image","twitter_misc":{"Gesch\u00e4tzte Lesezeit":"2\u00a0Minuten"},"schema":{"@context":"https:\/\/schema.org","@graph":[{"@type":"WebPage","@id":"https:\/\/www.kindermann.de\/company\/unternehmen\/zertifizierungen\/","url":"https:\/\/www.kindermann.de\/company\/unternehmen\/zertifizierungen\/","name":"Zertifizierungen - Kindermann GmbH","isPartOf":{"@id":"https:\/\/www.kindermann.de\/company\/#website"},"primaryImageOfPage":{"@id":"https:\/\/www.kindermann.de\/company\/unternehmen\/zertifizierungen\/#primaryimage"},"image":{"@id":"https:\/\/www.kindermann.de\/company\/unternehmen\/zertifizierungen\/#primaryimage"},"thumbnailUrl":"https:\/\/www.kindermann.de\/company\/wp-content\/uploads\/2024\/03\/ISO_9001_Dekra.jpg","datePublished":"2022-09-26T12:59:10+00:00","dateModified":"2025-11-11T10:34:27+00:00","description":"Qualit\u00e4tssicherung durch Prozessoptimierung: Zertifizierter Bereich - Entwicklung, Herstellung und Vertrieb von Konferenz- und Medientechnik.","breadcrumb":{"@id":"https:\/\/www.kindermann.de\/company\/unternehmen\/zertifizierungen\/#breadcrumb"},"inLanguage":"de","potentialAction":[{"@type":"ReadAction","target":["https:\/\/www.kindermann.de\/company\/unternehmen\/zertifizierungen\/"]}]},{"@type":"ImageObject","inLanguage":"de","@id":"https:\/\/www.kindermann.de\/company\/unternehmen\/zertifizierungen\/#primaryimage","url":"https:\/\/www.kindermann.de\/company\/wp-content\/uploads\/2024\/03\/ISO_9001_Dekra.jpg","contentUrl":"https:\/\/www.kindermann.de\/company\/wp-content\/uploads\/2024\/03\/ISO_9001_Dekra.jpg","width":724,"height":1024},{"@type":"BreadcrumbList","@id":"https:\/\/www.kindermann.de\/company\/unternehmen\/zertifizierungen\/#breadcrumb","itemListElement":[{"@type":"ListItem","position":1,"name":"Startseite","item":"https:\/\/www.kindermann.de\/company\/"},{"@type":"ListItem","position":2,"name":"Unternehmen","item":"https:\/\/www.kindermann.de\/company\/unternehmen\/"},{"@type":"ListItem","position":3,"name":"Zertifizierungen"}]},{"@type":"WebSite","@id":"https:\/\/www.kindermann.de\/company\/#website","url":"https:\/\/www.kindermann.de\/company\/","name":"Kindermann GmbH","description":"","publisher":{"@id":"https:\/\/www.kindermann.de\/company\/#organization"},"potentialAction":[{"@type":"SearchAction","target":{"@type":"EntryPoint","urlTemplate":"https:\/\/www.kindermann.de\/company\/?s={search_term_string}"},"query-input":{"@type":"PropertyValueSpecification","valueRequired":true,"valueName":"search_term_string"}}],"inLanguage":"de"},{"@type":"Organization","@id":"https:\/\/www.kindermann.de\/company\/#organization","name":"Kindermann GmbH","url":"https:\/\/www.kindermann.de\/company\/","logo":{"@type":"ImageObject","inLanguage":"de","@id":"https:\/\/www.kindermann.de\/company\/#\/schema\/logo\/image\/","url":"https:\/\/www.kindermann.de\/company\/wp-content\/uploads\/2022\/10\/Kindermann_Logo_300_100.png","contentUrl":"https:\/\/www.kindermann.de\/company\/wp-content\/uploads\/2022\/10\/Kindermann_Logo_300_100.png","width":300,"height":100,"caption":"Kindermann GmbH"},"image":{"@id":"https:\/\/www.kindermann.de\/company\/#\/schema\/logo\/image\/"},"sameAs":["https:\/\/www.facebook.com\/KindermannGmbH\/","https:\/\/www.xing.com\/pages\/kindermanngmbh","https:\/\/www.linkedin.com\/company\/kindermann-gmbh"]}]}},"_links":{"self":[{"href":"https:\/\/www.kindermann.de\/company\/wp-json\/wp\/v2\/pages\/2376","targetHints":{"allow":["GET"]}}],"collection":[{"href":"https:\/\/www.kindermann.de\/company\/wp-json\/wp\/v2\/pages"}],"about":[{"href":"https:\/\/www.kindermann.de\/company\/wp-json\/wp\/v2\/types\/page"}],"author":[{"embeddable":true,"href":"https:\/\/www.kindermann.de\/company\/wp-json\/wp\/v2\/users\/3"}],"replies":[{"embeddable":true,"href":"https:\/\/www.kindermann.de\/company\/wp-json\/wp\/v2\/comments?post=2376"}],"version-history":[{"count":36,"href":"https:\/\/www.kindermann.de\/company\/wp-json\/wp\/v2\/pages\/2376\/revisions"}],"predecessor-version":[{"id":16201,"href":"https:\/\/www.kindermann.de\/company\/wp-json\/wp\/v2\/pages\/2376\/revisions\/16201"}],"up":[{"embeddable":true,"href":"https:\/\/www.kindermann.de\/company\/wp-json\/wp\/v2\/pages\/620"}],"wp:attachment":[{"href":"https:\/\/www.kindermann.de\/company\/wp-json\/wp\/v2\/media?parent=2376"}],"curies":[{"name":"wp","href":"https:\/\/api.w.org\/{rel}","templated":true}]}}