{"id":16150,"date":"2026-04-21T11:01:40","date_gmt":"2026-04-21T09:01:40","guid":{"rendered":"https:\/\/www.kindermann.de\/company\/?page_id=16150"},"modified":"2026-04-21T11:02:29","modified_gmt":"2026-04-21T09:02:29","slug":"klickandshow-client-downloads","status":"publish","type":"page","link":"https:\/\/www.kindermann.de\/company\/klickandshow\/klickandshow-client-downloads\/","title":{"rendered":"Klick&#038;Show Client Downloads"},"content":{"rendered":"<div class=\"text_group text_group_narrow box_ box_\" id=\"  \">\n\t<div class=\"text_group_content \">\n\t\t\n\n<h1 class=\"wp-block-heading\">Klick&amp;Show <br>Client Downloads<\/h1>\n\n\n\n<p><strong>Laden Sie hier die gew\u00fcnschte Klick&amp;Show App (Software-Client) herunter.<\/strong><\/p>\n\n\n\n<p>Zur Verf\u00fcgung stehen 2 verschiedene Client-Typen, passend zum vorhandenen Klick&amp;Show Basisger\u00e4t oder Einsatzzweck:<\/p>\n\n\n\n<ul class=\"wp-block-list\">\n<li>Die <strong>Klick&amp;Show App f\u00fcr Pr\u00e4sentation (BYOD)<\/strong> erm\u00f6glicht das Teilen des Laptop-Bildschirms zur Hauptanzeige und ist f\u00fcr die Klick&amp;Show Produktserien K-40 und K-WM die richtige Wahl.<br><\/li>\n\n\n\n<li>Die <strong>Klick&amp;Show App f\u00fcr Pr\u00e4sentation (BYOD) und Online-Meetings (BYOM) <\/strong>bietet zus\u00e4tzlich zum Teilen des Bildschirms auch die R\u00fcck\u00fcbertragung von Kamera\/Mikrofonsignalen f\u00fcr hybride Meetings mit der Klick&amp;Show K-FX Produktserie. <br><em>Info: Bei software-basierter Nutzung erfordert die Installation des f\u00fcr hybride Meetings zust\u00e4ndigen Teil des BYOM-Treibers Admininistratorrechte. In Kombination mit einem Klick&amp;Show Transmitter ist die Installation auch ohne Adminrechte m\u00f6glich.<\/em><\/li>\n<\/ul>\n\n\n\n<p>Nutzer von Klick&amp;Show, die keine Online-Meetings durchf\u00fchren m\u00f6chten (beispielsweise G\u00e4ste), haben 2 M\u00f6glichkeiten:<br>Entweder den umfassenden Klick&amp;Show Client f\u00fcr BOYD &amp; BYOM laden, aber nach dem Start die Nutzung von Videokonferenzen ablehnen \u2013 oder stattdessen den vereinfachten Client f\u00fcr Pr\u00e4sentationen (BYOD) nutzen. Zum ausschlie\u00dflichen Teilen des Laptop-Bildschirms zur Hauptanzeige (BOYD) sind beide Client-Typen universell einsetzbar mit allen Klick&amp;Show Produktserien.<\/p>\n\n\n\n<div style=\"height:100px\" aria-hidden=\"true\" class=\"wp-block-spacer\"><\/div>\n\n\n\n<h2 class=\"wp-block-heading has-text-align-center\">Klick&amp;Show App f\u00fcr Pr\u00e4sentation (BYOD):<\/h2>\n\n\n\n<div style=\"height:30px\" aria-hidden=\"true\" class=\"wp-block-spacer\"><\/div>\n\n\n\n<div class=\"wp-block-columns is-layout-flex wp-container-core-columns-is-layout-9d6595d7 wp-block-columns-is-layout-flex\">\n<div class=\"wp-block-column is-layout-flow wp-block-column-is-layout-flow\"><div class=\"wp-block-image\">\n<figure class=\"aligncenter size-full is-resized\"><img decoding=\"async\" width=\"512\" height=\"513\" src=\"https:\/\/www.kindermann.de\/company\/wp-content\/uploads\/2026\/02\/windows.png\" alt=\"\" class=\"wp-image-16563\" style=\"aspect-ratio:0.9980853560620098;width:70px;height:auto\"><\/figure>\n<\/div>\n\n\n<p class=\"has-text-align-center\"><strong>Klick&amp;Show <\/strong><br><strong>f\u00fcr Windows<\/strong><\/p>\n\n\n\n<div class=\"wp-block-buttons is-content-justification-center is-layout-flex wp-container-core-buttons-is-layout-16018d1d wp-block-buttons-is-layout-flex\">\n<div class=\"wp-block-button\"><a class=\"wp-block-button__link has-white-color has-text-color has-link-color has-text-align-center wp-element-button\" href=\"https:\/\/www.klickandshow.com\/wp-content\/uploads\/apps\/byod\/Klick&amp;Show-windows.zip\" target=\"_blank\" rel=\"noreferrer noopener\">App Download<\/a><\/div>\n<\/div>\n<\/div>\n\n\n\n<div class=\"wp-block-column is-layout-flow wp-block-column-is-layout-flow\"><div class=\"wp-block-image\">\n<figure class=\"aligncenter size-full is-resized\"><img decoding=\"async\" width=\"512\" height=\"513\" src=\"https:\/\/www.kindermann.de\/company\/wp-content\/uploads\/2026\/02\/windows.png\" alt=\"\" class=\"wp-image-16563\" style=\"aspect-ratio:0.9980853560620098;width:70px;height:auto\"><\/figure>\n<\/div>\n\n\n<p class=\"has-text-align-center\"><strong>Klick&amp;Show <br>f\u00fcr Windows Portable<\/strong><\/p>\n\n\n\n<div class=\"wp-block-buttons is-content-justification-center is-layout-flex wp-container-core-buttons-is-layout-16018d1d wp-block-buttons-is-layout-flex\">\n<div class=\"wp-block-button\"><a class=\"wp-block-button__link has-white-color has-text-color has-link-color has-text-align-center wp-element-button\" href=\"https:\/\/www.klickandshow.com\/wp-content\/uploads\/apps\/byod\/Klick&amp;Show-Portable.zip\" target=\"_blank\" rel=\"noreferrer noopener\">App Download<\/a><\/div>\n<\/div>\n<\/div>\n\n\n\n<div class=\"wp-block-column is-layout-flow wp-block-column-is-layout-flow\"><div class=\"wp-block-image\">\n<figure class=\"aligncenter size-full is-resized\"><img decoding=\"async\" width=\"512\" height=\"513\" src=\"https:\/\/www.kindermann.de\/company\/wp-content\/uploads\/2026\/02\/download.png\" alt=\"\" class=\"wp-image-16561\" style=\"aspect-ratio:0.9980853560620098;width:70px;height:auto\"><\/figure>\n<\/div>\n\n\n<p class=\"has-text-align-center\"><strong>MSI Package <br>f\u00fcr Windows<\/strong><\/p>\n\n\n\n<div class=\"wp-block-buttons is-content-justification-center is-layout-flex wp-container-core-buttons-is-layout-16018d1d wp-block-buttons-is-layout-flex\">\n<div class=\"wp-block-button\"><a class=\"wp-block-button__link has-white-color has-text-color has-link-color has-text-align-center wp-element-button\" href=\"https:\/\/www.klickandshow.com\/wp-content\/uploads\/apps\/byod\/Klick&amp;ShowSharing-1.1.9-setup.msi\" target=\"_blank\" rel=\"noreferrer noopener\">App Download<\/a><\/div>\n<\/div>\n<\/div>\n\n\n\n<div class=\"wp-block-column is-layout-flow wp-block-column-is-layout-flow\"><div class=\"wp-block-image\">\n<figure class=\"aligncenter size-full is-resized\"><img decoding=\"async\" width=\"512\" height=\"513\" src=\"https:\/\/www.kindermann.de\/company\/wp-content\/uploads\/2026\/02\/macos.png\" alt=\"\" class=\"wp-image-16562\" style=\"aspect-ratio:0.9980853560620098;width:70px;height:auto\"><\/figure>\n<\/div>\n\n\n<p class=\"has-text-align-center\"><strong>Klick&amp;Show <br>f\u00fcr macOS<\/strong><\/p>\n\n\n\n<div class=\"wp-block-buttons is-content-justification-center is-layout-flex wp-container-core-buttons-is-layout-16018d1d wp-block-buttons-is-layout-flex\">\n<div class=\"wp-block-button\"><a class=\"wp-block-button__link has-white-color has-text-color has-link-color has-text-align-center wp-element-button\" href=\"https:\/\/www.klickandshow.com\/wp-content\/uploads\/apps\/byod\/Klick&amp;Show-macOS.dmg\" target=\"_blank\" rel=\"noreferrer noopener\">App Download<\/a><\/div>\n<\/div>\n<\/div>\n<\/div>\n\n\n\n<div style=\"height:100px\" aria-hidden=\"true\" class=\"wp-block-spacer\"><\/div>\n\n\n\n<h2 class=\"wp-block-heading has-text-align-center\">Klick&amp;Show App f\u00fcr Pr\u00e4sentation (BYOD) <br>und Online-Meetings (BYOM):<\/h2>\n\n\n\n<div style=\"height:30px\" aria-hidden=\"true\" class=\"wp-block-spacer\"><\/div>\n\n\n\n<div class=\"wp-block-columns is-layout-flex wp-container-core-columns-is-layout-9d6595d7 wp-block-columns-is-layout-flex\">\n<div class=\"wp-block-column is-layout-flow wp-block-column-is-layout-flow\"><div class=\"wp-block-image\">\n<figure class=\"aligncenter size-full is-resized\"><img decoding=\"async\" width=\"512\" height=\"513\" src=\"https:\/\/www.kindermann.de\/company\/wp-content\/uploads\/2026\/02\/windows.png\" alt=\"\" class=\"wp-image-16563\" style=\"aspect-ratio:0.9980853560620098;width:70px;height:auto\"><\/figure>\n<\/div>\n\n\n<p class=\"has-text-align-center\"><strong>Klick&amp;Show <\/strong><br><strong>f\u00fcr Windows<\/strong><\/p>\n\n\n\n<div class=\"wp-block-buttons is-content-justification-center is-layout-flex wp-container-core-buttons-is-layout-16018d1d wp-block-buttons-is-layout-flex\">\n<div class=\"wp-block-button\"><a class=\"wp-block-button__link has-white-color has-text-color has-link-color has-text-align-center wp-element-button\" href=\"https:\/\/www.klickandshow.com\/wp-content\/uploads\/apps\/byom\/Klick&amp;Show-windows.zip\" target=\"_blank\" rel=\"noreferrer noopener\">App Download<\/a><\/div>\n<\/div>\n<\/div>\n\n\n\n<div class=\"wp-block-column is-layout-flow wp-block-column-is-layout-flow\"><div class=\"wp-block-image\">\n<figure class=\"aligncenter size-full is-resized\"><img decoding=\"async\" width=\"512\" height=\"513\" src=\"https:\/\/www.kindermann.de\/company\/wp-content\/uploads\/2026\/02\/windows.png\" alt=\"\" class=\"wp-image-16563\" style=\"aspect-ratio:0.9980853560620098;width:70px;height:auto\"><\/figure>\n<\/div>\n\n\n<p class=\"has-text-align-center\"><strong>Klick&amp;Show <br>f\u00fcr Windows Portable<\/strong><\/p>\n\n\n\n<div class=\"wp-block-buttons is-content-justification-center is-layout-flex wp-container-core-buttons-is-layout-16018d1d wp-block-buttons-is-layout-flex\">\n<div class=\"wp-block-button\"><a class=\"wp-block-button__link has-white-color has-text-color has-link-color has-text-align-center wp-element-button\" href=\"https:\/\/www.klickandshow.com\/wp-content\/uploads\/apps\/byom\/Klick&amp;Show-Portable.zip\" target=\"_blank\" rel=\"noreferrer noopener\">App Download<\/a><\/div>\n<\/div>\n<\/div>\n\n\n\n<div class=\"wp-block-column is-layout-flow wp-block-column-is-layout-flow\"><div class=\"wp-block-image\">\n<figure class=\"aligncenter size-full is-resized\"><img decoding=\"async\" width=\"512\" height=\"513\" src=\"https:\/\/www.kindermann.de\/company\/wp-content\/uploads\/2026\/02\/download.png\" alt=\"\" class=\"wp-image-16561\" style=\"aspect-ratio:0.9980853560620098;width:70px;height:auto\"><\/figure>\n<\/div>\n\n\n<p class=\"has-text-align-center\"><strong>MSI Package <br>f\u00fcr Windows<\/strong><\/p>\n\n\n\n<div class=\"wp-block-buttons is-content-justification-center is-layout-flex wp-container-core-buttons-is-layout-16018d1d wp-block-buttons-is-layout-flex\">\n<div class=\"wp-block-button\"><a class=\"wp-block-button__link has-white-color has-text-color has-link-color has-text-align-center wp-element-button\" href=\"https:\/\/www.klickandshow.com\/wp-content\/uploads\/apps\/byom\/Klick&amp;ShowMeeting-1.1.12-setup.msi\" target=\"_blank\" rel=\"noreferrer noopener\">App Download<\/a><\/div>\n<\/div>\n<\/div>\n\n\n\n<div class=\"wp-block-column is-layout-flow wp-block-column-is-layout-flow\"><div class=\"wp-block-image\">\n<figure class=\"aligncenter size-full is-resized\"><img decoding=\"async\" width=\"512\" height=\"513\" src=\"https:\/\/www.kindermann.de\/company\/wp-content\/uploads\/2026\/02\/macos.png\" alt=\"\" class=\"wp-image-16562\" style=\"aspect-ratio:0.9980853560620098;width:70px;height:auto\"><\/figure>\n<\/div>\n\n\n<p class=\"has-text-align-center\"><strong>Klick&amp;Show <br>f\u00fcr macOS<\/strong><\/p>\n\n\n\n<div class=\"wp-block-buttons is-content-justification-center is-layout-flex wp-container-core-buttons-is-layout-16018d1d wp-block-buttons-is-layout-flex\">\n<div class=\"wp-block-button\"><a class=\"wp-block-button__link has-white-color has-text-color has-link-color has-text-align-center wp-element-button\" href=\"https:\/\/www.klickandshow.com\/wp-content\/uploads\/apps\/byom\/Klick&amp;Show-macOS.dmg\" target=\"_blank\" rel=\"noreferrer noopener\">App Download<\/a><\/div>\n<\/div>\n<\/div>\n<\/div>\n\n\n\n<div style=\"height:102px\" aria-hidden=\"true\" class=\"wp-block-spacer\"><\/div>\n\n\n\n<p class=\"has-text-align-center\"><strong>Alle Downloads zu Klick&amp;Show finden Sie auf der <a href=\"https:\/\/www.kindermann.de\/company\/klickandshow\/klickandshow-downloads\/\" type=\"page\" id=\"16133\">Downloads &amp; Support<\/a> Seite!<\/strong><\/p>\n\n\n\n<div style=\"height:107px\" aria-hidden=\"true\" class=\"wp-block-spacer\"><\/div>\n\n\n\t<\/div>\n<\/div>\n","protected":false},"excerpt":{"rendered":"","protected":false},"author":4,"featured_media":0,"parent":12340,"menu_order":0,"comment_status":"closed","ping_status":"closed","template":"klickandshow.php","meta":{"_acf_changed":false,"footnotes":""},"class_list":["post-16150","page","type-page","status-publish","format-standard","hentry"],"acf":[],"yoast_head":"<!-- This site is optimized with the Yoast SEO plugin v27.4 - https:\/\/yoast.com\/product\/yoast-seo-wordpress\/ -->\n<title>Klick&amp;Show Client Downloads - Kindermann GmbH<\/title>\n<meta name=\"robots\" content=\"index, follow, max-snippet:-1, max-image-preview:large, max-video-preview:-1\" \/>\n<link rel=\"canonical\" href=\"https:\/\/www.kindermann.de\/company\/klickandshow\/klickandshow-client-downloads\/\" \/>\n<meta property=\"og:locale\" content=\"de_DE\" \/>\n<meta property=\"og:type\" content=\"article\" \/>\n<meta property=\"og:title\" content=\"Klick&amp;Show Client Downloads - Kindermann GmbH\" \/>\n<meta property=\"og:url\" content=\"https:\/\/www.kindermann.de\/company\/klickandshow\/klickandshow-client-downloads\/\" \/>\n<meta property=\"og:site_name\" content=\"Kindermann GmbH\" \/>\n<meta property=\"article:publisher\" content=\"https:\/\/www.facebook.com\/KindermannGmbH\/\" \/>\n<meta property=\"article:modified_time\" content=\"2026-04-21T09:02:29+00:00\" \/>\n<meta property=\"og:image\" content=\"https:\/\/www.kindermann.de\/company\/wp-content\/uploads\/2026\/02\/windows.png\" \/>\n\t<meta property=\"og:image:width\" content=\"512\" \/>\n\t<meta property=\"og:image:height\" content=\"513\" \/>\n\t<meta property=\"og:image:type\" content=\"image\/png\" \/>\n<meta name=\"twitter:card\" content=\"summary_large_image\" \/>\n<meta name=\"twitter:label1\" content=\"Gesch\u00e4tzte Lesezeit\" \/>\n\t<meta name=\"twitter:data1\" content=\"3\u00a0Minuten\" \/>\n<script type=\"application\/ld+json\" class=\"yoast-schema-graph\">{\"@context\":\"https:\\\/\\\/schema.org\",\"@graph\":[{\"@type\":\"WebPage\",\"@id\":\"https:\\\/\\\/www.kindermann.de\\\/company\\\/klickandshow\\\/klickandshow-client-downloads\\\/\",\"url\":\"https:\\\/\\\/www.kindermann.de\\\/company\\\/klickandshow\\\/klickandshow-client-downloads\\\/\",\"name\":\"Klick&Show Client Downloads - Kindermann GmbH\",\"isPartOf\":{\"@id\":\"https:\\\/\\\/www.kindermann.de\\\/company\\\/#website\"},\"primaryImageOfPage\":{\"@id\":\"https:\\\/\\\/www.kindermann.de\\\/company\\\/klickandshow\\\/klickandshow-client-downloads\\\/#primaryimage\"},\"image\":{\"@id\":\"https:\\\/\\\/www.kindermann.de\\\/company\\\/klickandshow\\\/klickandshow-client-downloads\\\/#primaryimage\"},\"thumbnailUrl\":\"https:\\\/\\\/www.kindermann.de\\\/company\\\/wp-content\\\/uploads\\\/2026\\\/02\\\/windows.png\",\"datePublished\":\"2026-04-21T09:01:40+00:00\",\"dateModified\":\"2026-04-21T09:02:29+00:00\",\"breadcrumb\":{\"@id\":\"https:\\\/\\\/www.kindermann.de\\\/company\\\/klickandshow\\\/klickandshow-client-downloads\\\/#breadcrumb\"},\"inLanguage\":\"de\",\"potentialAction\":[{\"@type\":\"ReadAction\",\"target\":[\"https:\\\/\\\/www.kindermann.de\\\/company\\\/klickandshow\\\/klickandshow-client-downloads\\\/\"]}]},{\"@type\":\"ImageObject\",\"inLanguage\":\"de\",\"@id\":\"https:\\\/\\\/www.kindermann.de\\\/company\\\/klickandshow\\\/klickandshow-client-downloads\\\/#primaryimage\",\"url\":\"https:\\\/\\\/www.kindermann.de\\\/company\\\/wp-content\\\/uploads\\\/2026\\\/02\\\/windows.png\",\"contentUrl\":\"https:\\\/\\\/www.kindermann.de\\\/company\\\/wp-content\\\/uploads\\\/2026\\\/02\\\/windows.png\",\"width\":512,\"height\":513},{\"@type\":\"BreadcrumbList\",\"@id\":\"https:\\\/\\\/www.kindermann.de\\\/company\\\/klickandshow\\\/klickandshow-client-downloads\\\/#breadcrumb\",\"itemListElement\":[{\"@type\":\"ListItem\",\"position\":1,\"name\":\"Startseite\",\"item\":\"https:\\\/\\\/www.kindermann.de\\\/company\\\/\"},{\"@type\":\"ListItem\",\"position\":2,\"name\":\"Klick&#038;Show Landingpage\",\"item\":\"https:\\\/\\\/www.kindermann.de\\\/company\\\/klickandshow\\\/\"},{\"@type\":\"ListItem\",\"position\":3,\"name\":\"Klick&#038;Show Client Downloads\"}]},{\"@type\":\"WebSite\",\"@id\":\"https:\\\/\\\/www.kindermann.de\\\/company\\\/#website\",\"url\":\"https:\\\/\\\/www.kindermann.de\\\/company\\\/\",\"name\":\"Kindermann GmbH\",\"description\":\"\",\"publisher\":{\"@id\":\"https:\\\/\\\/www.kindermann.de\\\/company\\\/#organization\"},\"potentialAction\":[{\"@type\":\"SearchAction\",\"target\":{\"@type\":\"EntryPoint\",\"urlTemplate\":\"https:\\\/\\\/www.kindermann.de\\\/company\\\/?s={search_term_string}\"},\"query-input\":{\"@type\":\"PropertyValueSpecification\",\"valueRequired\":true,\"valueName\":\"search_term_string\"}}],\"inLanguage\":\"de\"},{\"@type\":\"Organization\",\"@id\":\"https:\\\/\\\/www.kindermann.de\\\/company\\\/#organization\",\"name\":\"Kindermann GmbH\",\"url\":\"https:\\\/\\\/www.kindermann.de\\\/company\\\/\",\"logo\":{\"@type\":\"ImageObject\",\"inLanguage\":\"de\",\"@id\":\"https:\\\/\\\/www.kindermann.de\\\/company\\\/#\\\/schema\\\/logo\\\/image\\\/\",\"url\":\"https:\\\/\\\/www.kindermann.de\\\/company\\\/wp-content\\\/uploads\\\/2022\\\/10\\\/Kindermann_Logo_300_100.png\",\"contentUrl\":\"https:\\\/\\\/www.kindermann.de\\\/company\\\/wp-content\\\/uploads\\\/2022\\\/10\\\/Kindermann_Logo_300_100.png\",\"width\":300,\"height\":100,\"caption\":\"Kindermann GmbH\"},\"image\":{\"@id\":\"https:\\\/\\\/www.kindermann.de\\\/company\\\/#\\\/schema\\\/logo\\\/image\\\/\"},\"sameAs\":[\"https:\\\/\\\/www.facebook.com\\\/KindermannGmbH\\\/\",\"https:\\\/\\\/www.xing.com\\\/pages\\\/kindermanngmbh\",\"https:\\\/\\\/www.linkedin.com\\\/company\\\/kindermann-gmbh\"]}]}<\/script>\n<!-- \/ Yoast SEO plugin. -->","yoast_head_json":{"title":"Klick&Show Client Downloads - Kindermann GmbH","robots":{"index":"index","follow":"follow","max-snippet":"max-snippet:-1","max-image-preview":"max-image-preview:large","max-video-preview":"max-video-preview:-1"},"canonical":"https:\/\/www.kindermann.de\/company\/klickandshow\/klickandshow-client-downloads\/","og_locale":"de_DE","og_type":"article","og_title":"Klick&Show Client Downloads - Kindermann GmbH","og_url":"https:\/\/www.kindermann.de\/company\/klickandshow\/klickandshow-client-downloads\/","og_site_name":"Kindermann GmbH","article_publisher":"https:\/\/www.facebook.com\/KindermannGmbH\/","article_modified_time":"2026-04-21T09:02:29+00:00","og_image":[{"width":512,"height":513,"url":"https:\/\/www.kindermann.de\/company\/wp-content\/uploads\/2026\/02\/windows.png","type":"image\/png"}],"twitter_card":"summary_large_image","twitter_misc":{"Gesch\u00e4tzte Lesezeit":"3\u00a0Minuten"},"schema":{"@context":"https:\/\/schema.org","@graph":[{"@type":"WebPage","@id":"https:\/\/www.kindermann.de\/company\/klickandshow\/klickandshow-client-downloads\/","url":"https:\/\/www.kindermann.de\/company\/klickandshow\/klickandshow-client-downloads\/","name":"Klick&Show Client Downloads - Kindermann GmbH","isPartOf":{"@id":"https:\/\/www.kindermann.de\/company\/#website"},"primaryImageOfPage":{"@id":"https:\/\/www.kindermann.de\/company\/klickandshow\/klickandshow-client-downloads\/#primaryimage"},"image":{"@id":"https:\/\/www.kindermann.de\/company\/klickandshow\/klickandshow-client-downloads\/#primaryimage"},"thumbnailUrl":"https:\/\/www.kindermann.de\/company\/wp-content\/uploads\/2026\/02\/windows.png","datePublished":"2026-04-21T09:01:40+00:00","dateModified":"2026-04-21T09:02:29+00:00","breadcrumb":{"@id":"https:\/\/www.kindermann.de\/company\/klickandshow\/klickandshow-client-downloads\/#breadcrumb"},"inLanguage":"de","potentialAction":[{"@type":"ReadAction","target":["https:\/\/www.kindermann.de\/company\/klickandshow\/klickandshow-client-downloads\/"]}]},{"@type":"ImageObject","inLanguage":"de","@id":"https:\/\/www.kindermann.de\/company\/klickandshow\/klickandshow-client-downloads\/#primaryimage","url":"https:\/\/www.kindermann.de\/company\/wp-content\/uploads\/2026\/02\/windows.png","contentUrl":"https:\/\/www.kindermann.de\/company\/wp-content\/uploads\/2026\/02\/windows.png","width":512,"height":513},{"@type":"BreadcrumbList","@id":"https:\/\/www.kindermann.de\/company\/klickandshow\/klickandshow-client-downloads\/#breadcrumb","itemListElement":[{"@type":"ListItem","position":1,"name":"Startseite","item":"https:\/\/www.kindermann.de\/company\/"},{"@type":"ListItem","position":2,"name":"Klick&#038;Show Landingpage","item":"https:\/\/www.kindermann.de\/company\/klickandshow\/"},{"@type":"ListItem","position":3,"name":"Klick&#038;Show Client Downloads"}]},{"@type":"WebSite","@id":"https:\/\/www.kindermann.de\/company\/#website","url":"https:\/\/www.kindermann.de\/company\/","name":"Kindermann GmbH","description":"","publisher":{"@id":"https:\/\/www.kindermann.de\/company\/#organization"},"potentialAction":[{"@type":"SearchAction","target":{"@type":"EntryPoint","urlTemplate":"https:\/\/www.kindermann.de\/company\/?s={search_term_string}"},"query-input":{"@type":"PropertyValueSpecification","valueRequired":true,"valueName":"search_term_string"}}],"inLanguage":"de"},{"@type":"Organization","@id":"https:\/\/www.kindermann.de\/company\/#organization","name":"Kindermann GmbH","url":"https:\/\/www.kindermann.de\/company\/","logo":{"@type":"ImageObject","inLanguage":"de","@id":"https:\/\/www.kindermann.de\/company\/#\/schema\/logo\/image\/","url":"https:\/\/www.kindermann.de\/company\/wp-content\/uploads\/2022\/10\/Kindermann_Logo_300_100.png","contentUrl":"https:\/\/www.kindermann.de\/company\/wp-content\/uploads\/2022\/10\/Kindermann_Logo_300_100.png","width":300,"height":100,"caption":"Kindermann GmbH"},"image":{"@id":"https:\/\/www.kindermann.de\/company\/#\/schema\/logo\/image\/"},"sameAs":["https:\/\/www.facebook.com\/KindermannGmbH\/","https:\/\/www.xing.com\/pages\/kindermanngmbh","https:\/\/www.linkedin.com\/company\/kindermann-gmbh"]}]}},"_links":{"self":[{"href":"https:\/\/www.kindermann.de\/company\/wp-json\/wp\/v2\/pages\/16150","targetHints":{"allow":["GET"]}}],"collection":[{"href":"https:\/\/www.kindermann.de\/company\/wp-json\/wp\/v2\/pages"}],"about":[{"href":"https:\/\/www.kindermann.de\/company\/wp-json\/wp\/v2\/types\/page"}],"author":[{"embeddable":true,"href":"https:\/\/www.kindermann.de\/company\/wp-json\/wp\/v2\/users\/4"}],"replies":[{"embeddable":true,"href":"https:\/\/www.kindermann.de\/company\/wp-json\/wp\/v2\/comments?post=16150"}],"version-history":[{"count":13,"href":"https:\/\/www.kindermann.de\/company\/wp-json\/wp\/v2\/pages\/16150\/revisions"}],"predecessor-version":[{"id":17548,"href":"https:\/\/www.kindermann.de\/company\/wp-json\/wp\/v2\/pages\/16150\/revisions\/17548"}],"up":[{"embeddable":true,"href":"https:\/\/www.kindermann.de\/company\/wp-json\/wp\/v2\/pages\/12340"}],"wp:attachment":[{"href":"https:\/\/www.kindermann.de\/company\/wp-json\/wp\/v2\/media?parent=16150"}],"curies":[{"name":"wp","href":"https:\/\/api.w.org\/{rel}","templated":true}]}}