{"id":16144,"date":"2026-04-20T15:56:54","date_gmt":"2026-04-20T13:56:54","guid":{"rendered":"https:\/\/www.kindermann.de\/company\/?page_id=16144"},"modified":"2026-04-20T16:35:49","modified_gmt":"2026-04-20T14:35:49","slug":"klickandshow-zubehoer","status":"publish","type":"page","link":"https:\/\/www.kindermann.de\/company\/klickandshow\/klickandshow-zubehoer\/","title":{"rendered":"Klick&amp;Show Zubeh\u00f6r"},"content":{"rendered":"<div class=\"main_slider_block  \">\n\t\t<div class=\"main_teaser main_teaser_default  main_teaser_slider_42b9ee30bd4769484756fdf5013079d8\" data-class=\"main_teaser_slider_42b9ee30bd4769484756fdf5013079d8\" data-duration=\"30\">\n\t\t\t\t\t<div class=\"main_slide main_slide_static\">\n\t\t\t\t\t\t\t\t<div class=\"main_slide_gallery main_slide_gallery_25591d3debf698204fed1a1fb07ec1fc\" data-class=\"main_slide_gallery_25591d3debf698204fed1a1fb07ec1fc\">\n\t\t\t\t<div class=\"main_slide_gallery_slide\"><img decoding=\"async\" width=\"2624\" height=\"1230\" src=\"https:\/\/www.kindermann.de\/company\/wp-content\/uploads\/2026\/02\/7488000361_Zubehoer-Header_v1.jpg\" class=\"attachment-full size-full\" alt=\"\" data-desc=\"\" ><\/div>\t\t\t\t<\/div>\n\t\t\t\t<div class=\"main_slide_text_outer main_slide_text_outer_spark_1_l\">\n\t\t\t\t\t<div class=\"main_slide_text main_slide_text_spark_1_l main_slide_text_white main_slide_text_lines_show\">\n\t\t\t\t\t\t<div class=\"main_slide_text_angle_h\"><\/div>\n\t\t\t\t\t\t<div class=\"main_slide_text_angle_v\"><\/div>\n\t\t\t\t\t\t<div class=\"main_slide_text_inner\">\n\t\t\t\t\t\t\t\n\t\t\t\t\t\t\t<p><span style=\"color: #e80029\"><strong>Klick&amp;Show<\/strong> <\/span><\/p>\n<h1>Zubeh\u00f6r<\/h1>\n<p><strong>Vervollst\u00e4ndigen Sie Ihr Setup.<\/strong><\/p>\n\t\t\t\t\t\t\t\t\t\t\t\t\t\t\n\t\t\t\t\t\t\t\t\t\t\t\t\t<\/div>\n\t\t\t\t\t<\/div>\n\t\t\t\t<\/div>\n\t\t\t<\/div>\n\t\t\t<\/div>\n<\/div>\n\n\n\n<div style=\"height:47px\" aria-hidden=\"true\" class=\"wp-block-spacer\"><\/div>\n\n\n\n<div class=\"wp-block-columns is-layout-flex wp-container-core-columns-is-layout-9d6595d7 wp-block-columns-is-layout-flex\">\n<div class=\"wp-block-column is-layout-flow wp-block-column-is-layout-flow\" style=\"flex-basis:50%\">\n<div style=\"height:77px\" aria-hidden=\"true\" class=\"wp-block-spacer\"><\/div>\n\n\n\n<h3 class=\"wp-block-heading\"><strong>K-FleX BYOM Lizenz-Schl\u00fcssel<\/strong><\/h3>\n\n\n\n<p>Der optionale Klick&amp;Show BYOM Lizenz-Schl\u00fcssel verwandelt K-FleX in ein vollwertiges BYOM Drahtlos-Conferencing-System \u2013 und damit traditionelle Besprechungsr\u00e4ume in Konferenzr\u00e4ume f\u00fcr hybride Meetings zwischen dem B\u00fcro und entfernten Teilnehmern. Damit verbindet K-Flex Laptops drahtlos mit dem Hauptbildschirm und mit vorhandenen USB-Ger\u00e4ten im Raum, wie Video- oder Soundbars, Kameras und Freisprecheinrichtungen, f\u00fcr Online-Meetings (BYOM) \u00fcber die bevorzugte UCC-Plattform, sei es Microsoft Teams, Zoom, Cisco WebEx oder Google Meet und mehr.<\/p>\n\n\n\n<p>Der Klick&amp;Show BYOM License Key erweitert K-FleX mit den folgenden Funktionen:<\/p>\n\n\n\n<ul class=\"wp-block-list\">\n<li>BYOM &#8211; Drahtlose Konferenzen mit brillanter HQ-Kameraaufl\u00f6sung bis zu 1080p@30Hz<\/li>\n\n\n\n<li>Dual-Desktop Funktion f\u00fcr simultanes Streaming von prim\u00e4rem und erweitertem Desktop in BYOM-Meetings<\/li>\n\n\n\n<li>R\u00fcckspiegelung der Hauptanzeige, um lokale Inhalte auch mit entfernten Teilnehmern eines BYOM Calls zu teilen<\/li>\n<\/ul>\n\n\n\n<div style=\"height:40px\" aria-hidden=\"true\" class=\"wp-block-spacer\"><\/div>\n\n\n\n<figure class=\"wp-block-table\"><table class=\"has-fixed-layout\"><tbody><tr><td><strong>Artikelnummer<\/strong><\/td><td><a href=\"https:\/\/www.kindermann.de\/Shortlink\/7488000367\" target=\"_blank\" rel=\"noreferrer noopener\">7488000367<\/a><\/td><\/tr><tr><td><strong>Anmerkung<\/strong><\/td><td>Der BYOM Lizenz-Schl\u00fcssel ist ein einmaliger Kauf (kein Abonnement) und kann flexibel zum Kaufzeitpunkt oder sp\u00e4ter nachger\u00fcstet werden.<\/td><\/tr><tr><td><strong>Kompatible Klick&amp;Show Ger\u00e4te<\/strong><\/td><td>Klick&amp;Show K-FleX<\/td><\/tr><\/tbody><\/table><\/figure>\n\n\n\n<div class=\"wp-block-buttons is-content-justification-left is-layout-flex wp-container-core-buttons-is-layout-fdcfc74e wp-block-buttons-is-layout-flex\">\n<div class=\"wp-block-button\"><a class=\"wp-block-button__link wp-element-button\" href=\"https:\/\/www.kindermann.de\/Shortlink\/7488000363\" target=\"_blank\" rel=\"noreferrer noopener\">zum Produkt<\/a><\/div>\n<\/div>\n<\/div>\n\n\n\n<div class=\"wp-block-column is-layout-flow wp-block-column-is-layout-flow\" style=\"flex-basis:50%\"><div class=\"wp-block-image\">\n<figure class=\"aligncenter size-full is-resized\"><img decoding=\"async\" width=\"1180\" height=\"380\" src=\"https:\/\/www.kindermann.de\/company\/wp-content\/uploads\/2025\/10\/BYOM_License_logo.png\" alt=\"\" class=\"wp-image-16693\" style=\"aspect-ratio:1.2278392382019325;object-fit:contain;width:385px;height:auto\"><\/figure>\n<\/div><\/div>\n<\/div>\n\n\n\n<div style=\"height:78px\" aria-hidden=\"true\" class=\"wp-block-spacer\"><\/div>\n\n\n\n<hr class=\"wp-block-separator has-alpha-channel-opacity\">\n\n\n\n<div class=\"wp-block-columns is-layout-flex wp-container-core-columns-is-layout-9d6595d7 wp-block-columns-is-layout-flex\">\n<div class=\"wp-block-column is-layout-flow wp-block-column-is-layout-flow\" style=\"flex-basis:50%\">\n<div style=\"height:77px\" aria-hidden=\"true\" class=\"wp-block-spacer\"><\/div>\n\n\n\n<h3 class=\"wp-block-heading\"><strong>TRAY-4K<\/strong><\/h3>\n\n\n\n<p>Der Klick&amp;Show TRAY-4K dient zur Aufbewahrung von bis zu 4 Klick&amp;Show Transmittern aller Typen. Sein elegantes Design wurde daf\u00fcr geschaffen sowohl die neuen 4K Transmitter als auch bisherige Full-HD Transmitter aufzunehmen und erlaubt den bequemen Zugriff von 3 Seiten. Ausf\u00fchrung in hochwertigem Kunststoff.<\/p>\n\n\n\n<ul class=\"wp-block-list\">\n<li>Zur Aufbewahrung von 4 Klick&amp;Show Transmittern jedes Typs<\/li>\n\n\n\n<li>Elegantes Design f\u00fcr bequemen Zugriff von 3 Seiten<\/li>\n\n\n\n<li>harmoniert mit modernen und traditionellen Einrichtungen<\/li>\n\n\n\n<li>Hochwertiger Kunststoff mit elastischen Pads<\/li>\n<\/ul>\n\n\n\n<div style=\"height:40px\" aria-hidden=\"true\" class=\"wp-block-spacer\"><\/div>\n\n\n\n<figure class=\"wp-block-table\"><table class=\"has-fixed-layout\"><tbody><tr><td><strong>Artikelnummer<\/strong><\/td><td><a href=\"https:\/\/www.kindermann.de\/Shortlink\/7488000363\" target=\"_blank\" rel=\"noreferrer noopener\">7488000363<\/a><\/td><\/tr><tr><td><strong>Transmitter<\/strong> (im Lieferumfang)<\/td><td>Keine im Lieferumfang, optional erh\u00e4ltlich<\/td><\/tr><tr><td><strong>Kompatible Transmitter<\/strong><\/td><td>HDMI, USB-C, 4K HDMI, 4K USB-C<\/td><\/tr><\/tbody><\/table><\/figure>\n\n\n\n<div class=\"wp-block-buttons is-content-justification-left is-layout-flex wp-container-core-buttons-is-layout-fdcfc74e wp-block-buttons-is-layout-flex\">\n<div class=\"wp-block-button\"><a class=\"wp-block-button__link wp-element-button\" href=\"https:\/\/www.kindermann.de\/Shortlink\/7488000363\" target=\"_blank\" rel=\"noreferrer noopener\">zum Produkt<\/a><\/div>\n<\/div>\n<\/div>\n\n\n\n<div class=\"wp-block-column is-layout-flow wp-block-column-is-layout-flow\" style=\"flex-basis:50%\"><div class=\"wp-block-image\">\n<figure class=\"aligncenter size-full\"><img decoding=\"async\" width=\"1920\" height=\"1920\" src=\"https:\/\/www.kindermann.de\/company\/wp-content\/uploads\/2026\/02\/7488000363_photo_3.jpg\" alt=\"\" class=\"wp-image-16770\" style=\"aspect-ratio:1.2278392382019325;object-fit:contain\"><\/figure>\n<\/div><\/div>\n<\/div>\n\n\n\n<div style=\"height:12px\" aria-hidden=\"true\" class=\"wp-block-spacer\"><\/div>\n\n\n\n<hr class=\"wp-block-separator has-alpha-channel-opacity\">\n\n\n\n<div class=\"wp-block-columns is-layout-flex wp-container-core-columns-is-layout-9d6595d7 wp-block-columns-is-layout-flex\">\n<div class=\"wp-block-column is-layout-flow wp-block-column-is-layout-flow\" style=\"flex-basis:50%\">\n<div style=\"height:77px\" aria-hidden=\"true\" class=\"wp-block-spacer\"><\/div>\n\n\n\n<h3 class=\"wp-block-heading\"><strong>TRAY-mini<\/strong><\/h3>\n\n\n\n<p>Der Klick&amp;Show TRAY-mini erm\u00f6glicht die Aufbewahrung von 2 St\u00fcck der neuen Klick&amp;Show 4K-Transmitter. Durch sein kompaktes Design ist er eine gute Wahl f\u00fcr kleinere Meetingr\u00e4ume und Huddle Spaces. Gefertigt im hochpr\u00e4zisen 3D-Druckverfahren aus wertigem Kunststoff.<\/p>\n\n\n\n<ul class=\"wp-block-list\">\n<li>Zur Aufnahme von 2 Klick&amp;Show 4K-Transmittern<\/li>\n\n\n\n<li>kompaktes Design, harmoniert mit modernen und traditionellen Einrichtungen<\/li>\n\n\n\n<li>3D-Druck aus hochwertigem Kunststoff mit elastischen Pads<\/li>\n<\/ul>\n\n\n\n<div style=\"height:40px\" aria-hidden=\"true\" class=\"wp-block-spacer\"><\/div>\n\n\n\n<figure class=\"wp-block-table\"><table class=\"has-fixed-layout\"><tbody><tr><td><strong>Artikelnummer<\/strong><\/td><td><a href=\"https:\/\/www.kindermann.de\/Shortlink\/7488000367\" target=\"_blank\" rel=\"noreferrer noopener\">7488000367<\/a><\/td><\/tr><tr><td><strong>Transmitter<\/strong> (im Lieferumfang)<\/td><td>Keine im Lieferumfang, optional erh\u00e4ltlich<\/td><\/tr><tr><td><strong>Kompatible Transmitter<\/strong><\/td><td>4K HDMI, 4K USB-C<\/td><\/tr><\/tbody><\/table><\/figure>\n\n\n\n<div class=\"wp-block-buttons is-content-justification-left is-layout-flex wp-container-core-buttons-is-layout-fdcfc74e wp-block-buttons-is-layout-flex\">\n<div class=\"wp-block-button\"><a class=\"wp-block-button__link wp-element-button\" href=\"https:\/\/www.kindermann.de\/Shortlink\/7488000363\" target=\"_blank\" rel=\"noreferrer noopener\">zum Produkt<\/a><\/div>\n<\/div>\n<\/div>\n\n\n\n<div class=\"wp-block-column is-layout-flow wp-block-column-is-layout-flow\" style=\"flex-basis:50%\"><div class=\"wp-block-image\">\n<figure class=\"aligncenter size-full is-resized\"><img decoding=\"async\" width=\"2560\" height=\"2560\" src=\"https:\/\/www.kindermann.de\/company\/wp-content\/uploads\/2025\/10\/7488000367_photo_4.jpg\" alt=\"\" class=\"wp-image-16044\" style=\"aspect-ratio:1.2278392382019325;object-fit:contain;width:521px;height:auto\"><\/figure>\n<\/div><\/div>\n<\/div>\n\n\n\n<div style=\"height:72px\" aria-hidden=\"true\" class=\"wp-block-spacer\"><\/div>\n\n\n\n<hr class=\"wp-block-separator has-alpha-channel-opacity\">\n\n\n\n<div class=\"wp-block-columns is-layout-flex wp-container-core-columns-is-layout-9d6595d7 wp-block-columns-is-layout-flex\">\n<div class=\"wp-block-column is-layout-flow wp-block-column-is-layout-flow\" style=\"flex-basis:50%\">\n<div style=\"height:77px\" aria-hidden=\"true\" class=\"wp-block-spacer\"><\/div>\n\n\n\n<h3 class=\"wp-block-heading\"><strong>K-40 Miracast WiFi Transmitter<\/strong><\/h3>\n\n\n\n<p>USB WiFi Dongle zum Aufbau von Miracast Verbindungen zu Klick&amp;Show K-4x \/ K-WM Drahtlos-Pr\u00e4sentationssystemen.<\/p>\n\n\n\n<ul class=\"wp-block-list\">\n<li>USB WiFi Dongle zum Aufbau von Miracast Verbindungen zu Klick&amp;Show K-4x und K-WM<\/li>\n\n\n\n<li>Nicht erforderlich, wenn die Basis im Wireless-Infrastrukturmodus betrieben wird<\/li>\n\n\n\n<li>Nachr\u00fcst-Stick zum Anschluss an die USB-A Buchse der K-4x \/ K-WM Basis<\/li>\n\n\n\n<li>Unterst\u00fctzt 2.4 &amp; 5 GHz<\/li>\n\n\n\n<li>WiFi 5 Unterst\u00fctzung (802.11ac\/n\/g\/b)<\/li>\n\n\n\n<li>USB-A Stecker<\/li>\n<\/ul>\n\n\n\n<div style=\"height:40px\" aria-hidden=\"true\" class=\"wp-block-spacer\"><\/div>\n\n\n\n<figure class=\"wp-block-table\"><table class=\"has-fixed-layout\"><tbody><tr><td><strong>Artikelnummer<\/strong><\/td><td><a href=\"https:\/\/www.kindermann.de\/Shortlink\/7488000363\" target=\"_blank\" rel=\"noreferrer noopener\">7488000363<\/a><\/td><\/tr><tr><td><strong>Kompatible Klick&amp;Show Ger\u00e4te<\/strong><\/td><td>Klick&amp;Show K-4x und K-WM<\/td><\/tr><\/tbody><\/table><\/figure>\n\n\n\n<div class=\"wp-block-buttons is-content-justification-left is-layout-flex wp-container-core-buttons-is-layout-fdcfc74e wp-block-buttons-is-layout-flex\">\n<div class=\"wp-block-button\"><a class=\"wp-block-button__link wp-element-button\" href=\"https:\/\/www.kindermann.de\/Shortlink\/7488000363\" target=\"_blank\" rel=\"noreferrer noopener\">zum Produkt<\/a><\/div>\n<\/div>\n<\/div>\n\n\n\n<div class=\"wp-block-column is-layout-flow wp-block-column-is-layout-flow\" style=\"flex-basis:50%\"><div class=\"wp-block-image\">\n<figure class=\"aligncenter size-full is-resized\"><img decoding=\"async\" width=\"800\" height=\"800\" src=\"https:\/\/www.kindermann.de\/company\/wp-content\/uploads\/2026\/02\/7488000323_rgb.jpg\" alt=\"\" class=\"wp-image-16863\" style=\"aspect-ratio:1.2278392382019325;object-fit:contain;width:375px;height:auto\"><\/figure>\n<\/div><\/div>\n<\/div>\n\n\n\n<div style=\"height:110px\" aria-hidden=\"true\" class=\"wp-block-spacer\"><\/div>\n\n\n","protected":false},"excerpt":{"rendered":"<p>K-FleX BYOM Lizenz-Schl\u00fcssel Der optionale Klick&amp;Show BYOM Lizenz-Schl\u00fcssel verwandelt K-FleX in ein vollwertiges BYOM Drahtlos-Conferencing-System \u2013 und damit traditionelle Besprechungsr\u00e4ume &#8230;<\/p>\n","protected":false},"author":4,"featured_media":0,"parent":12340,"menu_order":0,"comment_status":"closed","ping_status":"closed","template":"klickandshow.php","meta":{"_acf_changed":false,"footnotes":""},"class_list":["post-16144","page","type-page","status-publish","format-standard","hentry"],"acf":[],"yoast_head":"<!-- This site is optimized with the Yoast SEO plugin v27.4 - https:\/\/yoast.com\/product\/yoast-seo-wordpress\/ -->\n<title>Klick&amp;Show Zubeh\u00f6r - Kindermann GmbH<\/title>\n<meta name=\"robots\" content=\"index, follow, max-snippet:-1, max-image-preview:large, max-video-preview:-1\" \/>\n<link rel=\"canonical\" href=\"https:\/\/www.kindermann.de\/company\/klickandshow\/klickandshow-zubehoer\/\" \/>\n<meta property=\"og:locale\" content=\"de_DE\" \/>\n<meta property=\"og:type\" content=\"article\" \/>\n<meta property=\"og:title\" content=\"Klick&amp;Show Zubeh\u00f6r - Kindermann GmbH\" \/>\n<meta property=\"og:description\" content=\"K-FleX BYOM Lizenz-Schl\u00fcssel Der optionale Klick&amp;Show BYOM Lizenz-Schl\u00fcssel verwandelt K-FleX in ein vollwertiges BYOM Drahtlos-Conferencing-System \u2013 und damit traditionelle Besprechungsr\u00e4ume ...\" \/>\n<meta property=\"og:url\" content=\"https:\/\/www.kindermann.de\/company\/klickandshow\/klickandshow-zubehoer\/\" \/>\n<meta property=\"og:site_name\" content=\"Kindermann GmbH\" \/>\n<meta property=\"article:publisher\" content=\"https:\/\/www.facebook.com\/KindermannGmbH\/\" \/>\n<meta property=\"article:modified_time\" content=\"2026-04-20T14:35:49+00:00\" \/>\n<meta property=\"og:image\" content=\"https:\/\/www.kindermann.de\/company\/wp-content\/uploads\/2025\/10\/BYOM_License_logo.png\" \/>\n<meta name=\"twitter:card\" content=\"summary_large_image\" \/>\n<meta name=\"twitter:label1\" content=\"Gesch\u00e4tzte Lesezeit\" \/>\n\t<meta name=\"twitter:data1\" content=\"3\u00a0Minuten\" \/>\n<script type=\"application\/ld+json\" class=\"yoast-schema-graph\">{\"@context\":\"https:\\\/\\\/schema.org\",\"@graph\":[{\"@type\":\"WebPage\",\"@id\":\"https:\\\/\\\/www.kindermann.de\\\/company\\\/klickandshow\\\/klickandshow-zubehoer\\\/\",\"url\":\"https:\\\/\\\/www.kindermann.de\\\/company\\\/klickandshow\\\/klickandshow-zubehoer\\\/\",\"name\":\"Klick&amp;Show Zubeh\u00f6r - Kindermann GmbH\",\"isPartOf\":{\"@id\":\"https:\\\/\\\/www.kindermann.de\\\/company\\\/#website\"},\"primaryImageOfPage\":{\"@id\":\"https:\\\/\\\/www.kindermann.de\\\/company\\\/klickandshow\\\/klickandshow-zubehoer\\\/#primaryimage\"},\"image\":{\"@id\":\"https:\\\/\\\/www.kindermann.de\\\/company\\\/klickandshow\\\/klickandshow-zubehoer\\\/#primaryimage\"},\"thumbnailUrl\":\"https:\\\/\\\/www.kindermann.de\\\/company\\\/wp-content\\\/uploads\\\/2025\\\/10\\\/BYOM_License_logo.png\",\"datePublished\":\"2026-04-20T13:56:54+00:00\",\"dateModified\":\"2026-04-20T14:35:49+00:00\",\"breadcrumb\":{\"@id\":\"https:\\\/\\\/www.kindermann.de\\\/company\\\/klickandshow\\\/klickandshow-zubehoer\\\/#breadcrumb\"},\"inLanguage\":\"de\",\"potentialAction\":[{\"@type\":\"ReadAction\",\"target\":[\"https:\\\/\\\/www.kindermann.de\\\/company\\\/klickandshow\\\/klickandshow-zubehoer\\\/\"]}]},{\"@type\":\"ImageObject\",\"inLanguage\":\"de\",\"@id\":\"https:\\\/\\\/www.kindermann.de\\\/company\\\/klickandshow\\\/klickandshow-zubehoer\\\/#primaryimage\",\"url\":\"https:\\\/\\\/www.kindermann.de\\\/company\\\/wp-content\\\/uploads\\\/2025\\\/10\\\/BYOM_License_logo.png\",\"contentUrl\":\"https:\\\/\\\/www.kindermann.de\\\/company\\\/wp-content\\\/uploads\\\/2025\\\/10\\\/BYOM_License_logo.png\",\"width\":1180,\"height\":380},{\"@type\":\"BreadcrumbList\",\"@id\":\"https:\\\/\\\/www.kindermann.de\\\/company\\\/klickandshow\\\/klickandshow-zubehoer\\\/#breadcrumb\",\"itemListElement\":[{\"@type\":\"ListItem\",\"position\":1,\"name\":\"Startseite\",\"item\":\"https:\\\/\\\/www.kindermann.de\\\/company\\\/\"},{\"@type\":\"ListItem\",\"position\":2,\"name\":\"Klick&#038;Show Landingpage\",\"item\":\"https:\\\/\\\/www.kindermann.de\\\/company\\\/klickandshow\\\/\"},{\"@type\":\"ListItem\",\"position\":3,\"name\":\"Klick&amp;Show Zubeh\u00f6r\"}]},{\"@type\":\"WebSite\",\"@id\":\"https:\\\/\\\/www.kindermann.de\\\/company\\\/#website\",\"url\":\"https:\\\/\\\/www.kindermann.de\\\/company\\\/\",\"name\":\"Kindermann GmbH\",\"description\":\"\",\"publisher\":{\"@id\":\"https:\\\/\\\/www.kindermann.de\\\/company\\\/#organization\"},\"potentialAction\":[{\"@type\":\"SearchAction\",\"target\":{\"@type\":\"EntryPoint\",\"urlTemplate\":\"https:\\\/\\\/www.kindermann.de\\\/company\\\/?s={search_term_string}\"},\"query-input\":{\"@type\":\"PropertyValueSpecification\",\"valueRequired\":true,\"valueName\":\"search_term_string\"}}],\"inLanguage\":\"de\"},{\"@type\":\"Organization\",\"@id\":\"https:\\\/\\\/www.kindermann.de\\\/company\\\/#organization\",\"name\":\"Kindermann GmbH\",\"url\":\"https:\\\/\\\/www.kindermann.de\\\/company\\\/\",\"logo\":{\"@type\":\"ImageObject\",\"inLanguage\":\"de\",\"@id\":\"https:\\\/\\\/www.kindermann.de\\\/company\\\/#\\\/schema\\\/logo\\\/image\\\/\",\"url\":\"https:\\\/\\\/www.kindermann.de\\\/company\\\/wp-content\\\/uploads\\\/2022\\\/10\\\/Kindermann_Logo_300_100.png\",\"contentUrl\":\"https:\\\/\\\/www.kindermann.de\\\/company\\\/wp-content\\\/uploads\\\/2022\\\/10\\\/Kindermann_Logo_300_100.png\",\"width\":300,\"height\":100,\"caption\":\"Kindermann GmbH\"},\"image\":{\"@id\":\"https:\\\/\\\/www.kindermann.de\\\/company\\\/#\\\/schema\\\/logo\\\/image\\\/\"},\"sameAs\":[\"https:\\\/\\\/www.facebook.com\\\/KindermannGmbH\\\/\",\"https:\\\/\\\/www.xing.com\\\/pages\\\/kindermanngmbh\",\"https:\\\/\\\/www.linkedin.com\\\/company\\\/kindermann-gmbh\"]}]}<\/script>\n<!-- \/ Yoast SEO plugin. -->","yoast_head_json":{"title":"Klick&amp;Show Zubeh\u00f6r - Kindermann GmbH","robots":{"index":"index","follow":"follow","max-snippet":"max-snippet:-1","max-image-preview":"max-image-preview:large","max-video-preview":"max-video-preview:-1"},"canonical":"https:\/\/www.kindermann.de\/company\/klickandshow\/klickandshow-zubehoer\/","og_locale":"de_DE","og_type":"article","og_title":"Klick&amp;Show Zubeh\u00f6r - Kindermann GmbH","og_description":"K-FleX BYOM Lizenz-Schl\u00fcssel Der optionale Klick&amp;Show BYOM Lizenz-Schl\u00fcssel verwandelt K-FleX in ein vollwertiges BYOM Drahtlos-Conferencing-System \u2013 und damit traditionelle Besprechungsr\u00e4ume ...","og_url":"https:\/\/www.kindermann.de\/company\/klickandshow\/klickandshow-zubehoer\/","og_site_name":"Kindermann GmbH","article_publisher":"https:\/\/www.facebook.com\/KindermannGmbH\/","article_modified_time":"2026-04-20T14:35:49+00:00","og_image":[{"url":"https:\/\/www.kindermann.de\/company\/wp-content\/uploads\/2025\/10\/BYOM_License_logo.png","type":"","width":"","height":""}],"twitter_card":"summary_large_image","twitter_misc":{"Gesch\u00e4tzte Lesezeit":"3\u00a0Minuten"},"schema":{"@context":"https:\/\/schema.org","@graph":[{"@type":"WebPage","@id":"https:\/\/www.kindermann.de\/company\/klickandshow\/klickandshow-zubehoer\/","url":"https:\/\/www.kindermann.de\/company\/klickandshow\/klickandshow-zubehoer\/","name":"Klick&amp;Show Zubeh\u00f6r - Kindermann GmbH","isPartOf":{"@id":"https:\/\/www.kindermann.de\/company\/#website"},"primaryImageOfPage":{"@id":"https:\/\/www.kindermann.de\/company\/klickandshow\/klickandshow-zubehoer\/#primaryimage"},"image":{"@id":"https:\/\/www.kindermann.de\/company\/klickandshow\/klickandshow-zubehoer\/#primaryimage"},"thumbnailUrl":"https:\/\/www.kindermann.de\/company\/wp-content\/uploads\/2025\/10\/BYOM_License_logo.png","datePublished":"2026-04-20T13:56:54+00:00","dateModified":"2026-04-20T14:35:49+00:00","breadcrumb":{"@id":"https:\/\/www.kindermann.de\/company\/klickandshow\/klickandshow-zubehoer\/#breadcrumb"},"inLanguage":"de","potentialAction":[{"@type":"ReadAction","target":["https:\/\/www.kindermann.de\/company\/klickandshow\/klickandshow-zubehoer\/"]}]},{"@type":"ImageObject","inLanguage":"de","@id":"https:\/\/www.kindermann.de\/company\/klickandshow\/klickandshow-zubehoer\/#primaryimage","url":"https:\/\/www.kindermann.de\/company\/wp-content\/uploads\/2025\/10\/BYOM_License_logo.png","contentUrl":"https:\/\/www.kindermann.de\/company\/wp-content\/uploads\/2025\/10\/BYOM_License_logo.png","width":1180,"height":380},{"@type":"BreadcrumbList","@id":"https:\/\/www.kindermann.de\/company\/klickandshow\/klickandshow-zubehoer\/#breadcrumb","itemListElement":[{"@type":"ListItem","position":1,"name":"Startseite","item":"https:\/\/www.kindermann.de\/company\/"},{"@type":"ListItem","position":2,"name":"Klick&#038;Show Landingpage","item":"https:\/\/www.kindermann.de\/company\/klickandshow\/"},{"@type":"ListItem","position":3,"name":"Klick&amp;Show Zubeh\u00f6r"}]},{"@type":"WebSite","@id":"https:\/\/www.kindermann.de\/company\/#website","url":"https:\/\/www.kindermann.de\/company\/","name":"Kindermann GmbH","description":"","publisher":{"@id":"https:\/\/www.kindermann.de\/company\/#organization"},"potentialAction":[{"@type":"SearchAction","target":{"@type":"EntryPoint","urlTemplate":"https:\/\/www.kindermann.de\/company\/?s={search_term_string}"},"query-input":{"@type":"PropertyValueSpecification","valueRequired":true,"valueName":"search_term_string"}}],"inLanguage":"de"},{"@type":"Organization","@id":"https:\/\/www.kindermann.de\/company\/#organization","name":"Kindermann GmbH","url":"https:\/\/www.kindermann.de\/company\/","logo":{"@type":"ImageObject","inLanguage":"de","@id":"https:\/\/www.kindermann.de\/company\/#\/schema\/logo\/image\/","url":"https:\/\/www.kindermann.de\/company\/wp-content\/uploads\/2022\/10\/Kindermann_Logo_300_100.png","contentUrl":"https:\/\/www.kindermann.de\/company\/wp-content\/uploads\/2022\/10\/Kindermann_Logo_300_100.png","width":300,"height":100,"caption":"Kindermann GmbH"},"image":{"@id":"https:\/\/www.kindermann.de\/company\/#\/schema\/logo\/image\/"},"sameAs":["https:\/\/www.facebook.com\/KindermannGmbH\/","https:\/\/www.xing.com\/pages\/kindermanngmbh","https:\/\/www.linkedin.com\/company\/kindermann-gmbh"]}]}},"_links":{"self":[{"href":"https:\/\/www.kindermann.de\/company\/wp-json\/wp\/v2\/pages\/16144","targetHints":{"allow":["GET"]}}],"collection":[{"href":"https:\/\/www.kindermann.de\/company\/wp-json\/wp\/v2\/pages"}],"about":[{"href":"https:\/\/www.kindermann.de\/company\/wp-json\/wp\/v2\/types\/page"}],"author":[{"embeddable":true,"href":"https:\/\/www.kindermann.de\/company\/wp-json\/wp\/v2\/users\/4"}],"replies":[{"embeddable":true,"href":"https:\/\/www.kindermann.de\/company\/wp-json\/wp\/v2\/comments?post=16144"}],"version-history":[{"count":18,"href":"https:\/\/www.kindermann.de\/company\/wp-json\/wp\/v2\/pages\/16144\/revisions"}],"predecessor-version":[{"id":16980,"href":"https:\/\/www.kindermann.de\/company\/wp-json\/wp\/v2\/pages\/16144\/revisions\/16980"}],"up":[{"embeddable":true,"href":"https:\/\/www.kindermann.de\/company\/wp-json\/wp\/v2\/pages\/12340"}],"wp:attachment":[{"href":"https:\/\/www.kindermann.de\/company\/wp-json\/wp\/v2\/media?parent=16144"}],"curies":[{"name":"wp","href":"https:\/\/api.w.org\/{rel}","templated":true}]}}