{"id":15144,"date":"2025-07-18T14:21:11","date_gmt":"2025-07-18T12:21:11","guid":{"rendered":"https:\/\/www.kindermann.de\/company\/?page_id=15144"},"modified":"2025-09-11T13:34:57","modified_gmt":"2025-09-11T11:34:57","slug":"printmedien","status":"publish","type":"page","link":"https:\/\/www.kindermann.de\/company\/printmedien\/","title":{"rendered":"Printmedien"},"content":{"rendered":"<div class=\"main_slider_block  \">\n\t\t<div class=\"main_teaser main_teaser_default  main_teaser_slider_ac54f54b67dc9620404ee9655c49d821\" data-class=\"main_teaser_slider_ac54f54b67dc9620404ee9655c49d821\" data-duration=\"8\">\n\t\t\t\t\t<div class=\"main_slide main_slide_static\">\n\t\t\t\t\t\t\t\t<div class=\"main_slide_gallery main_slide_gallery_5cac7fb6becebf8b18d1a9d57e366902\" data-class=\"main_slide_gallery_5cac7fb6becebf8b18d1a9d57e366902\">\n\t\t\t\t<div class=\"main_slide_gallery_slide\"><img decoding=\"async\" width=\"2560\" height=\"986\" src=\"https:\/\/www.kindermann.de\/company\/wp-content\/uploads\/2024\/02\/MAGALOGZeichenflaeche-1.png\" class=\"attachment-full size-full\" alt=\"\" data-desc=\"\" ><\/div>\t\t\t\t<\/div>\n\t\t\t\t<div class=\"main_slide_text_outer main_slide_text_outer_spark_1_l\">\n\t\t\t\t\t<div class=\"main_slide_text main_slide_text_spark_1_l main_slide_text_white main_slide_text_lines_show\">\n\t\t\t\t\t\t<div class=\"main_slide_text_angle_h\"><\/div>\n\t\t\t\t\t\t<div class=\"main_slide_text_angle_v\"><\/div>\n\t\t\t\t\t\t<div class=\"main_slide_text_inner\">\n\t\t\t\t\t\t\t\n\t\t\t\t\t\t\t<p><strong><span style=\"color: #e80029\">Kindermann<\/span><\/strong><\/p>\n<h1>Printmedien<\/h1>\n\t\t\t\t\t\t\t\t\t\t\t\t\t\t\n\t\t\t\t\t\t\t\t\t\t\t\t\t<\/div>\n\t\t\t\t\t<\/div>\n\t\t\t\t<\/div>\n\t\t\t<\/div>\n\t\t\t<\/div>\n<\/div>\n\n\n\n<div style=\"height:60px\" aria-hidden=\"true\" class=\"wp-block-spacer\"><\/div>\n\n\n\n<h2 class=\"wp-block-heading\"><\/h2>\n\n\n<div class=\"text_group text_group_ box_ box_\" id=\"  \">\n\t<div class=\"text_group_content \">\n\t\t\n\n<p class=\"has-medium-font-size\"><strong>Hier finden Sie unsere aktuellen Brosch\u00fcren, Flyer und weitere Printmaterialien rund um Kindermann \u2013 kompakt, informativ und jederzeit verf\u00fcgbar. Laden Sie sich die gew\u00fcnschten Dokumente bequem herunter und erhalten Sie einen umfassenden \u00dcberblick \u00fcber unsere Produkte, L\u00f6sungen und Services.<\/strong><\/p>\n\n\n\t<\/div>\n<\/div>\n\n\n\n<div style=\"height:39px\" aria-hidden=\"true\" class=\"wp-block-spacer\"><\/div>\n\n\n<div class=\"text_group text_group_ box_ box_\" id=\"  \">\n\t<div class=\"text_group_content \">\n\t\t\n\n<figure class=\"wp-block-table\"><table><thead><tr><th class=\"has-text-align-left\" data-align=\"left\">Brosch\u00fcre<\/th><th class=\"has-text-align-left\" data-align=\"left\">Beschreibung<\/th><th>Sprache<\/th><th class=\"has-text-align-left\" data-align=\"left\">Dateiformat<\/th><th class=\"has-text-align-left\" data-align=\"left\">Downloadlink<\/th><\/tr><\/thead><tbody><tr><td class=\"has-text-align-left\" data-align=\"left\"><img decoding=\"async\" width=\"150\" height=\"106\" class=\"wp-image-11467\" style=\"width: 150px;\" src=\"https:\/\/www.kindermann.de\/company\/wp-content\/uploads\/2024\/02\/Kindermann-Bundles_DE.jpg\" alt=\"\"><\/td><td class=\"has-text-align-left\" data-align=\"left\">Kindermann<br>Bundles<\/td><td>deutsch<br>englisch<\/td><td class=\"has-text-align-left\" data-align=\"left\">.pdf<\/td><td class=\"has-text-align-left\" data-align=\"left\"><a href=\"https:\/\/assets.kindermann.de\/_default_upload_bucket\/0101001004-Kindermann-Bundles_DE-2025.pdf\" target=\"_blank\" rel=\"noreferrer noopener\">Download<\/a><br><a href=\"https:\/\/assets.kindermann.de\/_default_upload_bucket\/0101001005-Kindermann-Bundles_EN-2025.pdf\" target=\"_blank\" rel=\"noreferrer noopener\">Download<\/a><\/td><\/tr><tr><td class=\"has-text-align-left\" data-align=\"left\"><img decoding=\"async\" width=\"150\" height=\"106\" class=\"wp-image-11471\" style=\"width: 150px;\" src=\"https:\/\/www.kindermann.de\/company\/wp-content\/uploads\/2024\/02\/Kindermann-CablePorts_DE.jpg\" alt=\"\"><\/td><td class=\"has-text-align-left\" data-align=\"left\">CablePorts <br>Familie<\/td><td>deutsch<br>englisch<\/td><td class=\"has-text-align-left\" data-align=\"left\">.pdf<\/td><td class=\"has-text-align-left\" data-align=\"left\"><a href=\"https:\/\/assets.kindermann.de\/_default_upload_bucket\/Kindermann-CablePorts_DE.pdf\" target=\"_blank\" rel=\"noreferrer noopener\">Download<\/a><br><a href=\"https:\/\/assets.kindermann.de\/_default_upload_bucket\/Kindermann-CablePorts_EN.pdf\" target=\"_blank\" rel=\"noreferrer noopener\">Download<\/a><\/td><\/tr><tr><td class=\"has-text-align-left\" data-align=\"left\"><img decoding=\"async\" width=\"100\" height=\"100\" class=\"wp-image-13055\" style=\"width: 100px;\" src=\"https:\/\/www.kindermann.de\/company\/wp-content\/uploads\/2024\/09\/KS_Square-Magazine-Mockup.png\" alt=\"\"><\/td><td class=\"has-text-align-left\" data-align=\"left\">Klick&amp;Show <br>Familie<\/td><td>deutsch<br>englisch<\/td><td class=\"has-text-align-left\" data-align=\"left\">.pdf<\/td><td class=\"has-text-align-left\" data-align=\"left\"><a href=\"https:\/\/assets.kindermann.de\/_default_upload_bucket\/Klick&amp;Show_2025_DE_Web.pdf\" target=\"_blank\" rel=\"noreferrer noopener\">Download<\/a><br><a href=\"https:\/\/assets.kindermann.de\/_default_upload_bucket\/Klick&amp;Show_2025_EN_Web.pdf\" target=\"_blank\" rel=\"noreferrer noopener\">Download<\/a><\/td><\/tr><tr><td class=\"has-text-align-left\" data-align=\"left\"><img decoding=\"async\" width=\"100\" height=\"100\" class=\"wp-image-14468\" style=\"width: 100px;\" src=\"https:\/\/www.kindermann.de\/company\/wp-content\/uploads\/2025\/04\/TD_Square-Magazine-Mockup.png\" alt=\"\"><\/td><td class=\"has-text-align-left\" data-align=\"left\">TouchDisplays<strong><br><\/strong>Familie<\/td><td>deutsch<br>englisch<br>niederl\u00e4ndisch<\/td><td class=\"has-text-align-left\" data-align=\"left\">.pdf<\/td><td class=\"has-text-align-left\" data-align=\"left\"><a href=\"https:\/\/pimcore-dev.kindermann.de\/_default_upload_bucket\/Kindermann-Touchdisplays-Broschuere_DE_2025.pdf\" target=\"_blank\" rel=\"noreferrer noopener\">Download<\/a><br><a href=\"https:\/\/assets.kindermann.de\/_default_upload_bucket\/Kindermann_TD_Broschuere_EN_WEB.pdf\" target=\"_blank\" rel=\"noreferrer noopener\">Download<\/a><br><a href=\"https:\/\/assets.kindermann.de\/_default_upload_bucket\/Kindermann_TD_Broschuere_NL_WEB.pdf\" target=\"_blank\" rel=\"noreferrer noopener\">Download<\/a><\/td><\/tr><tr><td class=\"has-text-align-left\" data-align=\"left\"><img decoding=\"async\" width=\"150\" height=\"106\" class=\"wp-image-11479\" style=\"width: 150px;\" src=\"https:\/\/www.kindermann.de\/company\/wp-content\/uploads\/2024\/02\/Kindermann-Magalog_DE.jpg\" alt=\"\"><\/td><td class=\"has-text-align-left\" data-align=\"left\">WHY &#8211; Togetherness <br>(2024)<\/td><td>deutsch<br>englisch<\/td><td class=\"has-text-align-left\" data-align=\"left\">.pdf<\/td><td class=\"has-text-align-left\" data-align=\"left\"><a href=\"https:\/\/www.kindermann.de\/company\/wp-content\/uploads\/2024\/02\/Kindermann-Magalog_DE.pdf\" target=\"_blank\" rel=\"noreferrer noopener\">Download<\/a><br><a href=\"https:\/\/www.kindermann.de\/company\/wp-content\/uploads\/2024\/02\/Kindermann-Magalog_EN.pdf\" target=\"_blank\" rel=\"noreferrer noopener\">Download<\/a><\/td><\/tr><\/tbody><\/table><\/figure>\n\n\n\n<div style=\"height:31px\" aria-hidden=\"true\" class=\"wp-block-spacer\"><\/div>\n\n\n\n<figure class=\"wp-block-table\"><table><thead><tr><th class=\"has-text-align-left\" data-align=\"left\">Datenblatt<\/th><th class=\"has-text-align-left\" data-align=\"left\">Beschreibung<\/th><th>Sprache<\/th><th class=\"has-text-align-left\" data-align=\"left\">Dateiformat<\/th><th class=\"has-text-align-left\" data-align=\"left\">Downloadlink<\/th><\/tr><\/thead><tbody><tr><td class=\"has-text-align-left\" data-align=\"left\"><img decoding=\"async\" width=\"150\" height=\"106\" class=\"wp-image-11486\" style=\"width: 150px;\" src=\"https:\/\/www.kindermann.de\/company\/wp-content\/uploads\/2024\/02\/3050000062-063-064-Touchdisplays-TD-11xx2_Datenblatt.jpg\" alt=\"\"><\/td><td class=\"has-text-align-left\" data-align=\"left\">Touchdisplays<br>TD-11xx\u00b2<\/td><td>deutsch<br>englisch<\/td><td class=\"has-text-align-left\" data-align=\"left\">.pdf<\/td><td class=\"has-text-align-left\" data-align=\"left\"><a href=\"https:\/\/assets.kindermann.de\/_default_upload_bucket\/3050000062-063-064_datasheet_de_01.pdf\" target=\"_blank\" rel=\"noreferrer noopener\">Download<\/a><br><a href=\"https:\/\/assets.kindermann.de\/_default_upload_bucket\/3050000062-063-064_datasheet_en_01.pdf\" target=\"_blank\" rel=\"noreferrer noopener\">Download<\/a><\/td><\/tr><tr><td class=\"has-text-align-left\" data-align=\"left\"><img decoding=\"async\" width=\"150\" height=\"106\" class=\"wp-image-11484\" style=\"width: 150px;\" src=\"https:\/\/www.kindermann.de\/company\/wp-content\/uploads\/2024\/02\/3050000030-Touchdisplay-TD-30105-UW_Datenblatt.jpg\" alt=\"\"><\/td><td class=\"has-text-align-left\" data-align=\"left\">Touchdisplay<br>TD-30105<\/td><td>deutsch<br>englisch<\/td><td class=\"has-text-align-left\" data-align=\"left\">.pdf<\/td><td class=\"has-text-align-left\" data-align=\"left\"><a href=\"https:\/\/assets.kindermann.de\/_default_upload_bucket\/3050000030_datasheet_de_1.pdf\" target=\"_blank\" rel=\"noreferrer noopener\">Download<\/a><br><a href=\"https:\/\/assets.kindermann.de\/_default_upload_bucket\/3050000030_datasheet_en_1.pdf\" target=\"_blank\" rel=\"noreferrer noopener\">Download<\/a><\/td><\/tr><tr><td class=\"has-text-align-left\" data-align=\"left\"><img decoding=\"async\" width=\"150\" height=\"106\" class=\"wp-image-11488\" style=\"width: 150px;\" src=\"https:\/\/www.kindermann.de\/company\/wp-content\/uploads\/2024\/02\/4031000501-502-503-DisplayShift2-Classic_Datenblatt.jpg\" alt=\"\"><\/td><td class=\"has-text-align-left\" data-align=\"left\">DisplayShift\u00b2 <br>Classic<\/td><td>deutsch<br>englisch<\/td><td class=\"has-text-align-left\" data-align=\"left\">.pdf<\/td><td class=\"has-text-align-left\" data-align=\"left\"><a href=\"https:\/\/assets.kindermann.de\/_default_upload_bucket\/4031000501-502-503_datasheet_de_1.pdf\" target=\"_blank\" rel=\"noreferrer noopener\">Download<\/a><br><a href=\"https:\/\/assets.kindermann.de\/_default_upload_bucket\/4031000501-502-503_datasheet_en_1.pdf\" target=\"_blank\" rel=\"noreferrer noopener\">Download<\/a><\/td><\/tr><tr><td class=\"has-text-align-left\" data-align=\"left\"><img decoding=\"async\" width=\"150\" height=\"106\" class=\"wp-image-12294\" style=\"width: 150px;\" src=\"https:\/\/www.kindermann.de\/company\/wp-content\/uploads\/2024\/05\/4031000500-DisplayShift2-Classic_Datenblatt-1.jpg\" alt=\"\"><\/td><td class=\"has-text-align-left\" data-align=\"left\">DisplayShift\u00b2 <br>Wings<\/td><td>deutsch<br>englisch<\/td><td class=\"has-text-align-left\" data-align=\"left\">.pdf<\/td><td class=\"has-text-align-left\" data-align=\"left\"><a href=\"https:\/\/assets.kindermann.de\/_default_upload_bucket\/4031000500_datasheet_de_1_2.pdf\" target=\"_blank\" rel=\"noreferrer noopener\">Download<\/a><br><a href=\"https:\/\/assets.kindermann.de\/_default_upload_bucket\/4031000500_datasheet_en_1_1.pdf\" target=\"_blank\" rel=\"noreferrer noopener\">Download<\/a><\/td><\/tr><\/tbody><\/table><\/figure>\n\n\n\n<p class=\"has-medium-font-size\"><strong>Hinweis:<\/strong> Mehr Datenbl\u00e4tter finden Sie in unserem <a href=\"https:\/\/www.kindermann.de\/Shop\/\">Webshop<\/a>. <\/p>\n\n\n\t<\/div>\n<\/div>\n\n\n\n\n\n\n\n<p><\/p>\n","protected":false},"excerpt":{"rendered":"","protected":false},"author":3,"featured_media":0,"parent":0,"menu_order":0,"comment_status":"closed","ping_status":"closed","template":"","meta":{"_acf_changed":false,"footnotes":""},"class_list":["post-15144","page","type-page","status-publish","format-standard","hentry"],"acf":[],"yoast_head":"<!-- This site is optimized with the Yoast SEO plugin v26.8 - https:\/\/yoast.com\/product\/yoast-seo-wordpress\/ -->\n<title>Printmedien - Kindermann GmbH<\/title>\n<meta name=\"description\" content=\"Entdecken Sie aktuelle Brosch\u00fcren, Flyer und Printmaterialien von Kindermann. Jetzt kostenlos herunterladen und umfassend \u00fcber Produkte und L\u00f6sungen informieren.\" \/>\n<meta name=\"robots\" content=\"index, follow, max-snippet:-1, max-image-preview:large, max-video-preview:-1\" \/>\n<link rel=\"canonical\" href=\"https:\/\/www.kindermann.de\/company\/printmedien\/\" \/>\n<meta property=\"og:locale\" content=\"de_DE\" \/>\n<meta property=\"og:type\" content=\"article\" \/>\n<meta property=\"og:title\" content=\"Printmedien - Kindermann GmbH\" \/>\n<meta property=\"og:description\" content=\"Entdecken Sie aktuelle Brosch\u00fcren, Flyer und Printmaterialien von Kindermann. Jetzt kostenlos herunterladen und umfassend \u00fcber Produkte und L\u00f6sungen informieren.\" \/>\n<meta property=\"og:url\" content=\"https:\/\/www.kindermann.de\/company\/printmedien\/\" \/>\n<meta property=\"og:site_name\" content=\"Kindermann GmbH\" \/>\n<meta property=\"article:publisher\" content=\"https:\/\/www.facebook.com\/KindermannGmbH\/\" \/>\n<meta property=\"article:modified_time\" content=\"2025-09-11T11:34:57+00:00\" \/>\n<meta property=\"og:image\" content=\"https:\/\/www.kindermann.de\/company\/wp-content\/uploads\/2024\/02\/Kindermann-Bundles_DE.jpg\" \/>\n<meta name=\"twitter:card\" content=\"summary_large_image\" \/>\n<meta name=\"twitter:label1\" content=\"Gesch\u00e4tzte Lesezeit\" \/>\n\t<meta name=\"twitter:data1\" content=\"9\u00a0Minuten\" \/>\n<script type=\"application\/ld+json\" class=\"yoast-schema-graph\">{\"@context\":\"https:\/\/schema.org\",\"@graph\":[{\"@type\":\"WebPage\",\"@id\":\"https:\/\/www.kindermann.de\/company\/printmedien\/\",\"url\":\"https:\/\/www.kindermann.de\/company\/printmedien\/\",\"name\":\"Printmedien - Kindermann GmbH\",\"isPartOf\":{\"@id\":\"https:\/\/www.kindermann.de\/company\/#website\"},\"primaryImageOfPage\":{\"@id\":\"https:\/\/www.kindermann.de\/company\/printmedien\/#primaryimage\"},\"image\":{\"@id\":\"https:\/\/www.kindermann.de\/company\/printmedien\/#primaryimage\"},\"thumbnailUrl\":\"https:\/\/www.kindermann.de\/company\/wp-content\/uploads\/2024\/02\/Kindermann-Bundles_DE.jpg\",\"datePublished\":\"2025-07-18T12:21:11+00:00\",\"dateModified\":\"2025-09-11T11:34:57+00:00\",\"description\":\"Entdecken Sie aktuelle Brosch\u00fcren, Flyer und Printmaterialien von Kindermann. Jetzt kostenlos herunterladen und umfassend \u00fcber Produkte und L\u00f6sungen informieren.\",\"breadcrumb\":{\"@id\":\"https:\/\/www.kindermann.de\/company\/printmedien\/#breadcrumb\"},\"inLanguage\":\"de\",\"potentialAction\":[{\"@type\":\"ReadAction\",\"target\":[\"https:\/\/www.kindermann.de\/company\/printmedien\/\"]}]},{\"@type\":\"ImageObject\",\"inLanguage\":\"de\",\"@id\":\"https:\/\/www.kindermann.de\/company\/printmedien\/#primaryimage\",\"url\":\"https:\/\/www.kindermann.de\/company\/wp-content\/uploads\/2024\/02\/Kindermann-Bundles_DE.jpg\",\"contentUrl\":\"https:\/\/www.kindermann.de\/company\/wp-content\/uploads\/2024\/02\/Kindermann-Bundles_DE.jpg\",\"width\":991,\"height\":700},{\"@type\":\"BreadcrumbList\",\"@id\":\"https:\/\/www.kindermann.de\/company\/printmedien\/#breadcrumb\",\"itemListElement\":[{\"@type\":\"ListItem\",\"position\":1,\"name\":\"Startseite\",\"item\":\"https:\/\/www.kindermann.de\/company\/\"},{\"@type\":\"ListItem\",\"position\":2,\"name\":\"Printmedien\"}]},{\"@type\":\"WebSite\",\"@id\":\"https:\/\/www.kindermann.de\/company\/#website\",\"url\":\"https:\/\/www.kindermann.de\/company\/\",\"name\":\"Kindermann GmbH\",\"description\":\"\",\"publisher\":{\"@id\":\"https:\/\/www.kindermann.de\/company\/#organization\"},\"potentialAction\":[{\"@type\":\"SearchAction\",\"target\":{\"@type\":\"EntryPoint\",\"urlTemplate\":\"https:\/\/www.kindermann.de\/company\/?s={search_term_string}\"},\"query-input\":{\"@type\":\"PropertyValueSpecification\",\"valueRequired\":true,\"valueName\":\"search_term_string\"}}],\"inLanguage\":\"de\"},{\"@type\":\"Organization\",\"@id\":\"https:\/\/www.kindermann.de\/company\/#organization\",\"name\":\"Kindermann GmbH\",\"url\":\"https:\/\/www.kindermann.de\/company\/\",\"logo\":{\"@type\":\"ImageObject\",\"inLanguage\":\"de\",\"@id\":\"https:\/\/www.kindermann.de\/company\/#\/schema\/logo\/image\/\",\"url\":\"https:\/\/www.kindermann.de\/company\/wp-content\/uploads\/2022\/10\/Kindermann_Logo_300_100.png\",\"contentUrl\":\"https:\/\/www.kindermann.de\/company\/wp-content\/uploads\/2022\/10\/Kindermann_Logo_300_100.png\",\"width\":300,\"height\":100,\"caption\":\"Kindermann GmbH\"},\"image\":{\"@id\":\"https:\/\/www.kindermann.de\/company\/#\/schema\/logo\/image\/\"},\"sameAs\":[\"https:\/\/www.facebook.com\/KindermannGmbH\/\",\"https:\/\/www.xing.com\/pages\/kindermanngmbh\",\"https:\/\/www.linkedin.com\/company\/kindermann-gmbh\"]}]}<\/script>\n<!-- \/ Yoast SEO plugin. -->","yoast_head_json":{"title":"Printmedien - Kindermann GmbH","description":"Entdecken Sie aktuelle Brosch\u00fcren, Flyer und Printmaterialien von Kindermann. Jetzt kostenlos herunterladen und umfassend \u00fcber Produkte und L\u00f6sungen informieren.","robots":{"index":"index","follow":"follow","max-snippet":"max-snippet:-1","max-image-preview":"max-image-preview:large","max-video-preview":"max-video-preview:-1"},"canonical":"https:\/\/www.kindermann.de\/company\/printmedien\/","og_locale":"de_DE","og_type":"article","og_title":"Printmedien - Kindermann GmbH","og_description":"Entdecken Sie aktuelle Brosch\u00fcren, Flyer und Printmaterialien von Kindermann. Jetzt kostenlos herunterladen und umfassend \u00fcber Produkte und L\u00f6sungen informieren.","og_url":"https:\/\/www.kindermann.de\/company\/printmedien\/","og_site_name":"Kindermann GmbH","article_publisher":"https:\/\/www.facebook.com\/KindermannGmbH\/","article_modified_time":"2025-09-11T11:34:57+00:00","og_image":[{"url":"https:\/\/www.kindermann.de\/company\/wp-content\/uploads\/2024\/02\/Kindermann-Bundles_DE.jpg","type":"","width":"","height":""}],"twitter_card":"summary_large_image","twitter_misc":{"Gesch\u00e4tzte Lesezeit":"9\u00a0Minuten"},"schema":{"@context":"https:\/\/schema.org","@graph":[{"@type":"WebPage","@id":"https:\/\/www.kindermann.de\/company\/printmedien\/","url":"https:\/\/www.kindermann.de\/company\/printmedien\/","name":"Printmedien - Kindermann GmbH","isPartOf":{"@id":"https:\/\/www.kindermann.de\/company\/#website"},"primaryImageOfPage":{"@id":"https:\/\/www.kindermann.de\/company\/printmedien\/#primaryimage"},"image":{"@id":"https:\/\/www.kindermann.de\/company\/printmedien\/#primaryimage"},"thumbnailUrl":"https:\/\/www.kindermann.de\/company\/wp-content\/uploads\/2024\/02\/Kindermann-Bundles_DE.jpg","datePublished":"2025-07-18T12:21:11+00:00","dateModified":"2025-09-11T11:34:57+00:00","description":"Entdecken Sie aktuelle Brosch\u00fcren, Flyer und Printmaterialien von Kindermann. Jetzt kostenlos herunterladen und umfassend \u00fcber Produkte und L\u00f6sungen informieren.","breadcrumb":{"@id":"https:\/\/www.kindermann.de\/company\/printmedien\/#breadcrumb"},"inLanguage":"de","potentialAction":[{"@type":"ReadAction","target":["https:\/\/www.kindermann.de\/company\/printmedien\/"]}]},{"@type":"ImageObject","inLanguage":"de","@id":"https:\/\/www.kindermann.de\/company\/printmedien\/#primaryimage","url":"https:\/\/www.kindermann.de\/company\/wp-content\/uploads\/2024\/02\/Kindermann-Bundles_DE.jpg","contentUrl":"https:\/\/www.kindermann.de\/company\/wp-content\/uploads\/2024\/02\/Kindermann-Bundles_DE.jpg","width":991,"height":700},{"@type":"BreadcrumbList","@id":"https:\/\/www.kindermann.de\/company\/printmedien\/#breadcrumb","itemListElement":[{"@type":"ListItem","position":1,"name":"Startseite","item":"https:\/\/www.kindermann.de\/company\/"},{"@type":"ListItem","position":2,"name":"Printmedien"}]},{"@type":"WebSite","@id":"https:\/\/www.kindermann.de\/company\/#website","url":"https:\/\/www.kindermann.de\/company\/","name":"Kindermann GmbH","description":"","publisher":{"@id":"https:\/\/www.kindermann.de\/company\/#organization"},"potentialAction":[{"@type":"SearchAction","target":{"@type":"EntryPoint","urlTemplate":"https:\/\/www.kindermann.de\/company\/?s={search_term_string}"},"query-input":{"@type":"PropertyValueSpecification","valueRequired":true,"valueName":"search_term_string"}}],"inLanguage":"de"},{"@type":"Organization","@id":"https:\/\/www.kindermann.de\/company\/#organization","name":"Kindermann GmbH","url":"https:\/\/www.kindermann.de\/company\/","logo":{"@type":"ImageObject","inLanguage":"de","@id":"https:\/\/www.kindermann.de\/company\/#\/schema\/logo\/image\/","url":"https:\/\/www.kindermann.de\/company\/wp-content\/uploads\/2022\/10\/Kindermann_Logo_300_100.png","contentUrl":"https:\/\/www.kindermann.de\/company\/wp-content\/uploads\/2022\/10\/Kindermann_Logo_300_100.png","width":300,"height":100,"caption":"Kindermann GmbH"},"image":{"@id":"https:\/\/www.kindermann.de\/company\/#\/schema\/logo\/image\/"},"sameAs":["https:\/\/www.facebook.com\/KindermannGmbH\/","https:\/\/www.xing.com\/pages\/kindermanngmbh","https:\/\/www.linkedin.com\/company\/kindermann-gmbh"]}]}},"_links":{"self":[{"href":"https:\/\/www.kindermann.de\/company\/wp-json\/wp\/v2\/pages\/15144","targetHints":{"allow":["GET"]}}],"collection":[{"href":"https:\/\/www.kindermann.de\/company\/wp-json\/wp\/v2\/pages"}],"about":[{"href":"https:\/\/www.kindermann.de\/company\/wp-json\/wp\/v2\/types\/page"}],"author":[{"embeddable":true,"href":"https:\/\/www.kindermann.de\/company\/wp-json\/wp\/v2\/users\/3"}],"replies":[{"embeddable":true,"href":"https:\/\/www.kindermann.de\/company\/wp-json\/wp\/v2\/comments?post=15144"}],"version-history":[{"count":5,"href":"https:\/\/www.kindermann.de\/company\/wp-json\/wp\/v2\/pages\/15144\/revisions"}],"predecessor-version":[{"id":15726,"href":"https:\/\/www.kindermann.de\/company\/wp-json\/wp\/v2\/pages\/15144\/revisions\/15726"}],"wp:attachment":[{"href":"https:\/\/www.kindermann.de\/company\/wp-json\/wp\/v2\/media?parent=15144"}],"curies":[{"name":"wp","href":"https:\/\/api.w.org\/{rel}","templated":true}]}}