{"id":14881,"date":"2025-06-24T09:46:39","date_gmt":"2025-06-24T07:46:39","guid":{"rendered":"https:\/\/www.kindermann.de\/company\/?page_id=14881"},"modified":"2025-06-24T09:46:40","modified_gmt":"2025-06-24T07:46:40","slug":"erklaerung-zur-barrierefreiheit","status":"publish","type":"page","link":"https:\/\/www.kindermann.de\/company\/erklaerung-zur-barrierefreiheit\/","title":{"rendered":"Erkl\u00e4rung zur Barrierefreiheit"},"content":{"rendered":"<div class=\"text_group text_group_ box_ box_\" id=\"  \">\n\t<div class=\"text_group_content \">\n\t\t\n\n<h1 class=\"wp-block-heading\">Erkl\u00e4rung zur Barrierefreiheit<\/h1>\n\n\n\n<p><\/p>\n\n\n\n<p>Die Kindermann GmbH ist bem\u00fcht, sein Online-Angebot, allen Nutzern, insbesondere auch Menschen mit Beeintr\u00e4chtigungen, in \u00dcbereinstimmung mit dem Barrierefreiheitsst\u00e4rkungsgesetz (BFSG) zug\u00e4nglich zu machen.<\/p>\n\n\n\n<h3 class=\"wp-block-heading\"><strong><strong>Geltungsbereich dieser Erkl\u00e4rung<\/strong><\/strong><\/h3>\n\n\n\n<p>Diese Erkl\u00e4rung zur Barrierefreiheit gilt f\u00fcr die Website\u00a0<a href=\"https:\/\/eu-central-1.protection.sophos.com\/?d=kindermann.de&amp;u=d3d3LmtpbmRlcm1hbm4uZGU=&amp;i=NjI4ZTA0ODYxNjcyNDcxMWU3YTIxMjlj&amp;t=NHB6WXhjN2VmWjRpdGUxbUcxSU5YT1NvT09kSmF5azU4WHc3T3UzYXl3bz0=&amp;h=0fde3a4ab3d3479da57512eefb0c3a14&amp;s=AVNPUEhUT0NFTkNSWVBUSVaIi0sH_fNzN4bmARLWh_Yypgs4F-hxmeN84SPUD5SxiA\">www.kindermann.de.<\/a><br><\/p>\n\n\n\n<h3 class=\"wp-block-heading\"><strong><strong><strong><strong>Stand der Vereinbarkeit mit den Anforderungen<\/strong><\/strong><\/strong><\/strong><\/h3>\n\n\n\n<p>Die Anforderungen der Web Content Accessibility Guidelines (WCAG) 2.1 auf Konformit\u00e4tsstufe AA werden derzeit nicht erf\u00fcllt. Die Website ist daher nicht barrierefrei im Sinne der geltenden gesetzlichen Anforderungen.<\/p>\n\n\n\n<p>Insbesondere bestehen Barrieren in folgenden Bereichen:<\/p>\n\n\n\n<p>\u2022 Fehlende Alternativtexte bei Bildern<br>\u2022 Videos ohne Untertitel<br>\u2022 Unzureichende Kontraste<br>\u2022 Eingeschr\u00e4nkte Tastaturbedienbarkeit<br>\u2022 nicht barrierefreie PDF-Dokumente<\/p>\n\n\n\n<p>Dies trifft vor allem f\u00fcr historische Inhalte zu, die vor dem Inkrafttreten des Barrierefreiheitsst\u00e4rkungsgesetztes erstellt wurden. Wir sind jedoch bem\u00fcht die Barrierefreiheit der Website schrittweise zu verbessern.<\/p>\n\n\n\n<h3 class=\"wp-block-heading\"><strong><strong>Barrieren melden<\/strong><\/strong><\/h3>\n\n\n\n<p>Falls Sie auf unserer Website auf Barrieren sto\u00dfen, z\u00f6gern Sie nicht, uns zu kontaktieren. Wir freuen uns auf Ihr Feedback und bem\u00fchen uns, die gemeldeten Barrieren im Rahmen der technischen und wirtschaftlichen M\u00f6glichkeiten schnellstm\u00f6glich zu beheben.&nbsp;<\/p>\n\n\n\n<p>Kontakt:<br>Kindermann GmbH<br><a href=\"mailto:marketing@kindermann.de\">marketing@kindermann.de<\/a><br>+49 9303 9840 &#8211; 0\u00a0<\/p>\n\n\n\n<h3 class=\"wp-block-heading\"><strong><strong><strong>Durchsetzungsverfahren<\/strong><\/strong><\/strong><\/h3>\n\n\n\n<p>Falls Ihre Kontaktaufnahme mit uns nicht zufriedenstellend beantwortet wurde, k\u00f6nnen Sie sich an die Durchsetzungsstelle gem\u00e4\u00df \u00a7 16 BGG wenden:<\/p>\n\n\n\n<p>Schlichtungsstelle BGG<br>bei dem Beauftragten der Bundesregierung f\u00fcr die Belange von Menschen mit Behinderungen<br>Mauerstra\u00dfe 53 \/ 10117 Berlin<br>E-Mail:\u00a0<a href=\"mailto:info@schlichtungsstelle-bgg.de\">info@schlichtungsstelle-bgg.de<\/a><br>Webseite:\u00a0<a href=\"https:\/\/eu-central-1.protection.sophos.com\/?d=schlichtungsstelle-bgg.de&amp;u=aHR0cDovL3d3dy5zY2hsaWNodHVuZ3NzdGVsbGUtYmdnLmRlLw==&amp;i=NjI4ZTA0ODYxNjcyNDcxMWU3YTIxMjlj&amp;t=MEZLdm9EQWdBSHh1Y3h4UzVsYk1tOXM2dGhicTNPRHRSTkpPWXloYlJLRT0=&amp;h=0fde3a4ab3d3479da57512eefb0c3a14&amp;s=AVNPUEhUT0NFTkNSWVBUSVaIi0sH_fNzN4bmARLWh_Yypgs4F-hxmeN84SPUD5SxiA\">www.schlichtungsstelle-bgg.de<\/a><\/p>\n\n\n\n<h3 class=\"wp-block-heading\"><strong><strong><strong><strong>Datum der Erstellung dieser Erkl\u00e4rung zur Barrierefreiheit<\/strong><\/strong><\/strong><\/strong><\/h3>\n\n\n\n<p>Diese Erkl\u00e4rung wurde am\u00a023.06.2025\u00a0erstellt.\u00a0<\/p>\n\n\n\t<\/div>\n<\/div>\n\n\n\n<p><\/p>\n","protected":false},"excerpt":{"rendered":"","protected":false},"author":2,"featured_media":0,"parent":0,"menu_order":0,"comment_status":"closed","ping_status":"closed","template":"","meta":{"_acf_changed":false,"footnotes":""},"class_list":["post-14881","page","type-page","status-publish","format-standard","hentry"],"acf":[],"yoast_head":"<!-- This site is optimized with the Yoast SEO plugin v26.8 - https:\/\/yoast.com\/product\/yoast-seo-wordpress\/ -->\n<title>Erkl\u00e4rung zur Barrierefreiheit - Kindermann GmbH<\/title>\n<meta name=\"robots\" content=\"index, follow, max-snippet:-1, max-image-preview:large, max-video-preview:-1\" \/>\n<link rel=\"canonical\" href=\"https:\/\/www.kindermann.de\/company\/erklaerung-zur-barrierefreiheit\/\" \/>\n<meta property=\"og:locale\" content=\"de_DE\" \/>\n<meta property=\"og:type\" content=\"article\" \/>\n<meta property=\"og:title\" content=\"Erkl\u00e4rung zur Barrierefreiheit - Kindermann GmbH\" \/>\n<meta property=\"og:url\" content=\"https:\/\/www.kindermann.de\/company\/erklaerung-zur-barrierefreiheit\/\" \/>\n<meta property=\"og:site_name\" content=\"Kindermann GmbH\" \/>\n<meta property=\"article:publisher\" content=\"https:\/\/www.facebook.com\/KindermannGmbH\/\" \/>\n<meta property=\"article:modified_time\" content=\"2025-06-24T07:46:40+00:00\" \/>\n<meta name=\"twitter:card\" content=\"summary_large_image\" \/>\n<meta name=\"twitter:label1\" content=\"Gesch\u00e4tzte Lesezeit\" \/>\n\t<meta name=\"twitter:data1\" content=\"2\u00a0Minuten\" \/>\n<script type=\"application\/ld+json\" class=\"yoast-schema-graph\">{\"@context\":\"https:\/\/schema.org\",\"@graph\":[{\"@type\":\"WebPage\",\"@id\":\"https:\/\/www.kindermann.de\/company\/erklaerung-zur-barrierefreiheit\/\",\"url\":\"https:\/\/www.kindermann.de\/company\/erklaerung-zur-barrierefreiheit\/\",\"name\":\"Erkl\u00e4rung zur Barrierefreiheit - Kindermann GmbH\",\"isPartOf\":{\"@id\":\"https:\/\/www.kindermann.de\/company\/#website\"},\"datePublished\":\"2025-06-24T07:46:39+00:00\",\"dateModified\":\"2025-06-24T07:46:40+00:00\",\"breadcrumb\":{\"@id\":\"https:\/\/www.kindermann.de\/company\/erklaerung-zur-barrierefreiheit\/#breadcrumb\"},\"inLanguage\":\"de\",\"potentialAction\":[{\"@type\":\"ReadAction\",\"target\":[\"https:\/\/www.kindermann.de\/company\/erklaerung-zur-barrierefreiheit\/\"]}]},{\"@type\":\"BreadcrumbList\",\"@id\":\"https:\/\/www.kindermann.de\/company\/erklaerung-zur-barrierefreiheit\/#breadcrumb\",\"itemListElement\":[{\"@type\":\"ListItem\",\"position\":1,\"name\":\"Startseite\",\"item\":\"https:\/\/www.kindermann.de\/company\/\"},{\"@type\":\"ListItem\",\"position\":2,\"name\":\"Erkl\u00e4rung zur Barrierefreiheit\"}]},{\"@type\":\"WebSite\",\"@id\":\"https:\/\/www.kindermann.de\/company\/#website\",\"url\":\"https:\/\/www.kindermann.de\/company\/\",\"name\":\"Kindermann GmbH\",\"description\":\"\",\"publisher\":{\"@id\":\"https:\/\/www.kindermann.de\/company\/#organization\"},\"potentialAction\":[{\"@type\":\"SearchAction\",\"target\":{\"@type\":\"EntryPoint\",\"urlTemplate\":\"https:\/\/www.kindermann.de\/company\/?s={search_term_string}\"},\"query-input\":{\"@type\":\"PropertyValueSpecification\",\"valueRequired\":true,\"valueName\":\"search_term_string\"}}],\"inLanguage\":\"de\"},{\"@type\":\"Organization\",\"@id\":\"https:\/\/www.kindermann.de\/company\/#organization\",\"name\":\"Kindermann GmbH\",\"url\":\"https:\/\/www.kindermann.de\/company\/\",\"logo\":{\"@type\":\"ImageObject\",\"inLanguage\":\"de\",\"@id\":\"https:\/\/www.kindermann.de\/company\/#\/schema\/logo\/image\/\",\"url\":\"https:\/\/www.kindermann.de\/company\/wp-content\/uploads\/2022\/10\/Kindermann_Logo_300_100.png\",\"contentUrl\":\"https:\/\/www.kindermann.de\/company\/wp-content\/uploads\/2022\/10\/Kindermann_Logo_300_100.png\",\"width\":300,\"height\":100,\"caption\":\"Kindermann GmbH\"},\"image\":{\"@id\":\"https:\/\/www.kindermann.de\/company\/#\/schema\/logo\/image\/\"},\"sameAs\":[\"https:\/\/www.facebook.com\/KindermannGmbH\/\",\"https:\/\/www.xing.com\/pages\/kindermanngmbh\",\"https:\/\/www.linkedin.com\/company\/kindermann-gmbh\"]}]}<\/script>\n<!-- \/ Yoast SEO plugin. -->","yoast_head_json":{"title":"Erkl\u00e4rung zur Barrierefreiheit - Kindermann GmbH","robots":{"index":"index","follow":"follow","max-snippet":"max-snippet:-1","max-image-preview":"max-image-preview:large","max-video-preview":"max-video-preview:-1"},"canonical":"https:\/\/www.kindermann.de\/company\/erklaerung-zur-barrierefreiheit\/","og_locale":"de_DE","og_type":"article","og_title":"Erkl\u00e4rung zur Barrierefreiheit - Kindermann GmbH","og_url":"https:\/\/www.kindermann.de\/company\/erklaerung-zur-barrierefreiheit\/","og_site_name":"Kindermann GmbH","article_publisher":"https:\/\/www.facebook.com\/KindermannGmbH\/","article_modified_time":"2025-06-24T07:46:40+00:00","twitter_card":"summary_large_image","twitter_misc":{"Gesch\u00e4tzte Lesezeit":"2\u00a0Minuten"},"schema":{"@context":"https:\/\/schema.org","@graph":[{"@type":"WebPage","@id":"https:\/\/www.kindermann.de\/company\/erklaerung-zur-barrierefreiheit\/","url":"https:\/\/www.kindermann.de\/company\/erklaerung-zur-barrierefreiheit\/","name":"Erkl\u00e4rung zur Barrierefreiheit - Kindermann GmbH","isPartOf":{"@id":"https:\/\/www.kindermann.de\/company\/#website"},"datePublished":"2025-06-24T07:46:39+00:00","dateModified":"2025-06-24T07:46:40+00:00","breadcrumb":{"@id":"https:\/\/www.kindermann.de\/company\/erklaerung-zur-barrierefreiheit\/#breadcrumb"},"inLanguage":"de","potentialAction":[{"@type":"ReadAction","target":["https:\/\/www.kindermann.de\/company\/erklaerung-zur-barrierefreiheit\/"]}]},{"@type":"BreadcrumbList","@id":"https:\/\/www.kindermann.de\/company\/erklaerung-zur-barrierefreiheit\/#breadcrumb","itemListElement":[{"@type":"ListItem","position":1,"name":"Startseite","item":"https:\/\/www.kindermann.de\/company\/"},{"@type":"ListItem","position":2,"name":"Erkl\u00e4rung zur Barrierefreiheit"}]},{"@type":"WebSite","@id":"https:\/\/www.kindermann.de\/company\/#website","url":"https:\/\/www.kindermann.de\/company\/","name":"Kindermann GmbH","description":"","publisher":{"@id":"https:\/\/www.kindermann.de\/company\/#organization"},"potentialAction":[{"@type":"SearchAction","target":{"@type":"EntryPoint","urlTemplate":"https:\/\/www.kindermann.de\/company\/?s={search_term_string}"},"query-input":{"@type":"PropertyValueSpecification","valueRequired":true,"valueName":"search_term_string"}}],"inLanguage":"de"},{"@type":"Organization","@id":"https:\/\/www.kindermann.de\/company\/#organization","name":"Kindermann GmbH","url":"https:\/\/www.kindermann.de\/company\/","logo":{"@type":"ImageObject","inLanguage":"de","@id":"https:\/\/www.kindermann.de\/company\/#\/schema\/logo\/image\/","url":"https:\/\/www.kindermann.de\/company\/wp-content\/uploads\/2022\/10\/Kindermann_Logo_300_100.png","contentUrl":"https:\/\/www.kindermann.de\/company\/wp-content\/uploads\/2022\/10\/Kindermann_Logo_300_100.png","width":300,"height":100,"caption":"Kindermann GmbH"},"image":{"@id":"https:\/\/www.kindermann.de\/company\/#\/schema\/logo\/image\/"},"sameAs":["https:\/\/www.facebook.com\/KindermannGmbH\/","https:\/\/www.xing.com\/pages\/kindermanngmbh","https:\/\/www.linkedin.com\/company\/kindermann-gmbh"]}]}},"_links":{"self":[{"href":"https:\/\/www.kindermann.de\/company\/wp-json\/wp\/v2\/pages\/14881","targetHints":{"allow":["GET"]}}],"collection":[{"href":"https:\/\/www.kindermann.de\/company\/wp-json\/wp\/v2\/pages"}],"about":[{"href":"https:\/\/www.kindermann.de\/company\/wp-json\/wp\/v2\/types\/page"}],"author":[{"embeddable":true,"href":"https:\/\/www.kindermann.de\/company\/wp-json\/wp\/v2\/users\/2"}],"replies":[{"embeddable":true,"href":"https:\/\/www.kindermann.de\/company\/wp-json\/wp\/v2\/comments?post=14881"}],"version-history":[{"count":1,"href":"https:\/\/www.kindermann.de\/company\/wp-json\/wp\/v2\/pages\/14881\/revisions"}],"predecessor-version":[{"id":14883,"href":"https:\/\/www.kindermann.de\/company\/wp-json\/wp\/v2\/pages\/14881\/revisions\/14883"}],"wp:attachment":[{"href":"https:\/\/www.kindermann.de\/company\/wp-json\/wp\/v2\/media?parent=14881"}],"curies":[{"name":"wp","href":"https:\/\/api.w.org\/{rel}","templated":true}]}}