{"id":14580,"date":"2025-05-20T15:15:26","date_gmt":"2025-05-20T13:15:26","guid":{"rendered":"https:\/\/www.kindermann.de\/company\/?page_id=14580"},"modified":"2025-06-24T16:30:12","modified_gmt":"2025-06-24T14:30:12","slug":"haftungsverzicht-teilnahmebedingungen","status":"publish","type":"page","link":"https:\/\/www.kindermann.de\/company\/haftungsverzicht-teilnahmebedingungen\/","title":{"rendered":"Haftungsverzicht &amp; Teilnahmebedingungen"},"content":{"rendered":"<div class=\"text_group text_group_ box_ box_\" id=\"  \">\n\t<div class=\"text_group_content \">\n\t\t\n\n<h1 class=\"wp-block-heading\"><strong>Haftungsausschluss f\u00fcr die Teilnahme am Kart-Event<\/strong><\/h1>\n\n\n\n<p>Bitte beachten Sie, dass die Teilnahme am Kart-Event der Kindermann GmbH auf eigene Gefahr erfolgt. Jeder Teilnehmer erkennt mit seiner Teilnahme an, dass die Kindermann GmbH sowie deren gesetzliche Vertreter und Erf\u00fcllungsgehilfen f\u00fcr Sch\u00e4den \u2013 gleich welcher Art \u2013 nicht haften, soweit nicht Vorsatz oder grobe Fahrl\u00e4ssigkeit vorliegen.<\/p>\n\n\n\n<p>Dies gilt insbesondere f\u00fcr Unf\u00e4lle, Verletzungen oder sonstige Sch\u00e4den, die im Zusammenhang mit der Teilnahme am Kartfahren entstehen k\u00f6nnen. Jeder Teilnehmer ist verpflichtet, den Anweisungen des Veranstalters sowie des Streckenpersonals uneingeschr\u00e4nkt Folge zu leisten.<\/p>\n\n\n\n<p>Die Teilnehmer erkl\u00e4ren weiterhin, dass sie \u00fcber eine ausreichende gesundheitliche Verfassung verf\u00fcgen und sich der Risiken des Kartfahrens bewusst sind.<\/p>\n\n\n\n<p>Mit der Teilnahme best\u00e4tigt der Teilnehmer, diesen Haftungsausschluss gelesen und akzeptiert zu haben.<\/p>\n\n\n\t<\/div>\n<\/div>\n","protected":false},"excerpt":{"rendered":"","protected":false},"author":3,"featured_media":0,"parent":0,"menu_order":0,"comment_status":"closed","ping_status":"closed","template":"","meta":{"_acf_changed":false,"footnotes":""},"class_list":["post-14580","page","type-page","status-publish","format-standard","hentry"],"acf":[],"yoast_head":"<!-- This site is optimized with the Yoast SEO plugin v26.8 - https:\/\/yoast.com\/product\/yoast-seo-wordpress\/ -->\n<title>Haftungsverzicht &amp; Teilnahmebedingungen - Kindermann GmbH<\/title>\n<meta name=\"robots\" content=\"index, follow, max-snippet:-1, max-image-preview:large, max-video-preview:-1\" \/>\n<link rel=\"canonical\" href=\"https:\/\/www.kindermann.de\/company\/haftungsverzicht-teilnahmebedingungen\/\" \/>\n<meta property=\"og:locale\" content=\"de_DE\" \/>\n<meta property=\"og:type\" content=\"article\" \/>\n<meta property=\"og:title\" content=\"Haftungsverzicht &amp; Teilnahmebedingungen - Kindermann GmbH\" \/>\n<meta property=\"og:url\" content=\"https:\/\/www.kindermann.de\/company\/haftungsverzicht-teilnahmebedingungen\/\" \/>\n<meta property=\"og:site_name\" content=\"Kindermann GmbH\" \/>\n<meta property=\"article:publisher\" content=\"https:\/\/www.facebook.com\/KindermannGmbH\/\" \/>\n<meta property=\"article:modified_time\" content=\"2025-06-24T14:30:12+00:00\" \/>\n<meta name=\"twitter:card\" content=\"summary_large_image\" \/>\n<meta name=\"twitter:label1\" content=\"Gesch\u00e4tzte Lesezeit\" \/>\n\t<meta name=\"twitter:data1\" content=\"1\u00a0Minute\" \/>\n<script type=\"application\/ld+json\" class=\"yoast-schema-graph\">{\"@context\":\"https:\/\/schema.org\",\"@graph\":[{\"@type\":\"WebPage\",\"@id\":\"https:\/\/www.kindermann.de\/company\/haftungsverzicht-teilnahmebedingungen\/\",\"url\":\"https:\/\/www.kindermann.de\/company\/haftungsverzicht-teilnahmebedingungen\/\",\"name\":\"Haftungsverzicht &amp; Teilnahmebedingungen - Kindermann GmbH\",\"isPartOf\":{\"@id\":\"https:\/\/www.kindermann.de\/company\/#website\"},\"datePublished\":\"2025-05-20T13:15:26+00:00\",\"dateModified\":\"2025-06-24T14:30:12+00:00\",\"breadcrumb\":{\"@id\":\"https:\/\/www.kindermann.de\/company\/haftungsverzicht-teilnahmebedingungen\/#breadcrumb\"},\"inLanguage\":\"de\",\"potentialAction\":[{\"@type\":\"ReadAction\",\"target\":[\"https:\/\/www.kindermann.de\/company\/haftungsverzicht-teilnahmebedingungen\/\"]}]},{\"@type\":\"BreadcrumbList\",\"@id\":\"https:\/\/www.kindermann.de\/company\/haftungsverzicht-teilnahmebedingungen\/#breadcrumb\",\"itemListElement\":[{\"@type\":\"ListItem\",\"position\":1,\"name\":\"Startseite\",\"item\":\"https:\/\/www.kindermann.de\/company\/\"},{\"@type\":\"ListItem\",\"position\":2,\"name\":\"Haftungsverzicht &amp; Teilnahmebedingungen\"}]},{\"@type\":\"WebSite\",\"@id\":\"https:\/\/www.kindermann.de\/company\/#website\",\"url\":\"https:\/\/www.kindermann.de\/company\/\",\"name\":\"Kindermann GmbH\",\"description\":\"\",\"publisher\":{\"@id\":\"https:\/\/www.kindermann.de\/company\/#organization\"},\"potentialAction\":[{\"@type\":\"SearchAction\",\"target\":{\"@type\":\"EntryPoint\",\"urlTemplate\":\"https:\/\/www.kindermann.de\/company\/?s={search_term_string}\"},\"query-input\":{\"@type\":\"PropertyValueSpecification\",\"valueRequired\":true,\"valueName\":\"search_term_string\"}}],\"inLanguage\":\"de\"},{\"@type\":\"Organization\",\"@id\":\"https:\/\/www.kindermann.de\/company\/#organization\",\"name\":\"Kindermann GmbH\",\"url\":\"https:\/\/www.kindermann.de\/company\/\",\"logo\":{\"@type\":\"ImageObject\",\"inLanguage\":\"de\",\"@id\":\"https:\/\/www.kindermann.de\/company\/#\/schema\/logo\/image\/\",\"url\":\"https:\/\/www.kindermann.de\/company\/wp-content\/uploads\/2022\/10\/Kindermann_Logo_300_100.png\",\"contentUrl\":\"https:\/\/www.kindermann.de\/company\/wp-content\/uploads\/2022\/10\/Kindermann_Logo_300_100.png\",\"width\":300,\"height\":100,\"caption\":\"Kindermann GmbH\"},\"image\":{\"@id\":\"https:\/\/www.kindermann.de\/company\/#\/schema\/logo\/image\/\"},\"sameAs\":[\"https:\/\/www.facebook.com\/KindermannGmbH\/\",\"https:\/\/www.xing.com\/pages\/kindermanngmbh\",\"https:\/\/www.linkedin.com\/company\/kindermann-gmbh\"]}]}<\/script>\n<!-- \/ Yoast SEO plugin. -->","yoast_head_json":{"title":"Haftungsverzicht &amp; Teilnahmebedingungen - Kindermann GmbH","robots":{"index":"index","follow":"follow","max-snippet":"max-snippet:-1","max-image-preview":"max-image-preview:large","max-video-preview":"max-video-preview:-1"},"canonical":"https:\/\/www.kindermann.de\/company\/haftungsverzicht-teilnahmebedingungen\/","og_locale":"de_DE","og_type":"article","og_title":"Haftungsverzicht &amp; Teilnahmebedingungen - Kindermann GmbH","og_url":"https:\/\/www.kindermann.de\/company\/haftungsverzicht-teilnahmebedingungen\/","og_site_name":"Kindermann GmbH","article_publisher":"https:\/\/www.facebook.com\/KindermannGmbH\/","article_modified_time":"2025-06-24T14:30:12+00:00","twitter_card":"summary_large_image","twitter_misc":{"Gesch\u00e4tzte Lesezeit":"1\u00a0Minute"},"schema":{"@context":"https:\/\/schema.org","@graph":[{"@type":"WebPage","@id":"https:\/\/www.kindermann.de\/company\/haftungsverzicht-teilnahmebedingungen\/","url":"https:\/\/www.kindermann.de\/company\/haftungsverzicht-teilnahmebedingungen\/","name":"Haftungsverzicht &amp; Teilnahmebedingungen - Kindermann GmbH","isPartOf":{"@id":"https:\/\/www.kindermann.de\/company\/#website"},"datePublished":"2025-05-20T13:15:26+00:00","dateModified":"2025-06-24T14:30:12+00:00","breadcrumb":{"@id":"https:\/\/www.kindermann.de\/company\/haftungsverzicht-teilnahmebedingungen\/#breadcrumb"},"inLanguage":"de","potentialAction":[{"@type":"ReadAction","target":["https:\/\/www.kindermann.de\/company\/haftungsverzicht-teilnahmebedingungen\/"]}]},{"@type":"BreadcrumbList","@id":"https:\/\/www.kindermann.de\/company\/haftungsverzicht-teilnahmebedingungen\/#breadcrumb","itemListElement":[{"@type":"ListItem","position":1,"name":"Startseite","item":"https:\/\/www.kindermann.de\/company\/"},{"@type":"ListItem","position":2,"name":"Haftungsverzicht &amp; Teilnahmebedingungen"}]},{"@type":"WebSite","@id":"https:\/\/www.kindermann.de\/company\/#website","url":"https:\/\/www.kindermann.de\/company\/","name":"Kindermann GmbH","description":"","publisher":{"@id":"https:\/\/www.kindermann.de\/company\/#organization"},"potentialAction":[{"@type":"SearchAction","target":{"@type":"EntryPoint","urlTemplate":"https:\/\/www.kindermann.de\/company\/?s={search_term_string}"},"query-input":{"@type":"PropertyValueSpecification","valueRequired":true,"valueName":"search_term_string"}}],"inLanguage":"de"},{"@type":"Organization","@id":"https:\/\/www.kindermann.de\/company\/#organization","name":"Kindermann GmbH","url":"https:\/\/www.kindermann.de\/company\/","logo":{"@type":"ImageObject","inLanguage":"de","@id":"https:\/\/www.kindermann.de\/company\/#\/schema\/logo\/image\/","url":"https:\/\/www.kindermann.de\/company\/wp-content\/uploads\/2022\/10\/Kindermann_Logo_300_100.png","contentUrl":"https:\/\/www.kindermann.de\/company\/wp-content\/uploads\/2022\/10\/Kindermann_Logo_300_100.png","width":300,"height":100,"caption":"Kindermann GmbH"},"image":{"@id":"https:\/\/www.kindermann.de\/company\/#\/schema\/logo\/image\/"},"sameAs":["https:\/\/www.facebook.com\/KindermannGmbH\/","https:\/\/www.xing.com\/pages\/kindermanngmbh","https:\/\/www.linkedin.com\/company\/kindermann-gmbh"]}]}},"_links":{"self":[{"href":"https:\/\/www.kindermann.de\/company\/wp-json\/wp\/v2\/pages\/14580","targetHints":{"allow":["GET"]}}],"collection":[{"href":"https:\/\/www.kindermann.de\/company\/wp-json\/wp\/v2\/pages"}],"about":[{"href":"https:\/\/www.kindermann.de\/company\/wp-json\/wp\/v2\/types\/page"}],"author":[{"embeddable":true,"href":"https:\/\/www.kindermann.de\/company\/wp-json\/wp\/v2\/users\/3"}],"replies":[{"embeddable":true,"href":"https:\/\/www.kindermann.de\/company\/wp-json\/wp\/v2\/comments?post=14580"}],"version-history":[{"count":3,"href":"https:\/\/www.kindermann.de\/company\/wp-json\/wp\/v2\/pages\/14580\/revisions"}],"predecessor-version":[{"id":14908,"href":"https:\/\/www.kindermann.de\/company\/wp-json\/wp\/v2\/pages\/14580\/revisions\/14908"}],"wp:attachment":[{"href":"https:\/\/www.kindermann.de\/company\/wp-json\/wp\/v2\/media?parent=14580"}],"curies":[{"name":"wp","href":"https:\/\/api.w.org\/{rel}","templated":true}]}}