{"id":1306,"date":"2022-09-14T11:20:49","date_gmt":"2022-09-14T09:20:49","guid":{"rendered":"https:\/\/www.kindermann.de\/wp\/?page_id=1306"},"modified":"2024-04-10T15:24:05","modified_gmt":"2024-04-10T13:24:05","slug":"transportschaden","status":"publish","type":"page","link":"https:\/\/www.kindermann.de\/company\/service-support\/transportschaden\/","title":{"rendered":"Transportschaden"},"content":{"rendered":"<div class=\"sticky_on_header\">\n\t<div class=\"container\">\n\t\t<div class=\"subnav\">\n\t\t\t<h4>\n\t\t\t\tService &amp; Support\t\t\t<\/h4>\n\t\t\t<ul class=\"filter_list\">\n\n\t\t\t\t\n\t\t\t\t\n\t\t\t\t\t\t\t\t\t\t\t\t\t\t<li class=\"\"><a href=\"https:\/\/www.kindermann.de\/company\/service-support\/garantie\/\">Supportanfrage<\/a><\/li>\n\t\t\t\t\t\t\t\t\t\t<li class=\"\"><a href=\"https:\/\/www.kindermann.de\/company\/service-support\/warenruecknahme\/\">Warenr\u00fccknahme<\/a><\/li>\n\t\t\t\t\t\t\t\t\t\t<li class=\"active\"><a href=\"https:\/\/www.kindermann.de\/company\/service-support\/transportschaden\/\">Transportschaden<\/a><\/li>\n\t\t\t\t\t\t\t\t\t\t\t\t\t\n\t\t\t\t\t\t\t<\/ul>\n\t\t<\/div>\n\t<\/div>\n<\/div>\n\n\n<div class=\"text_group text_group_ box_ box_\" id=\"  \">\n\t<div class=\"text_group_content \">\n\t\t\n\n<h1 class=\"wp-block-heading\">Transportschaden<\/h1>\n\n\n\n<p class=\"has-text-align-left has-primary-color has-text-color\"><strong>Wichtige Information, bitte unbedingt beachten!<\/strong><\/p>\n\n\n\n<p>Um Entsch\u00e4digungs-Anspr\u00fcche bei Transportversicherungen anmelden zu k\u00f6nnen, m\u00fcssen Beauftragte der anliefernden Transportunternehmen rechtzeitig \u00fcber einen Schaden informiert werden.&nbsp;<\/p>\n\n\n\n<ul class=\"wp-block-list\">\n<li><strong>\u00c4u\u00dferlich erkennbare<\/strong>&nbsp;Besch\u00e4digungen oder Verluste m\u00fcssen&nbsp;<strong>vor Abnahme<\/strong>&nbsp;der Sendung durch den Spediteur auf den Begleitpapieren bescheinigt werden.<\/li>\n\n\n\n<li><strong>Verdeckte Sch\u00e4den<\/strong>, die erst beim Auspacken sichtbar werden, m\u00fcssen uns sofort schriftlich gemeldet werden.<\/li>\n<\/ul>\n\n\n\n<p><strong>Folgende Frist ist unbedingt einzuhalten:<br><\/strong>Paketdienste, DHL und Spediteure&nbsp;<strong>innerhalb von 7 Tagen nach Empfang der Sendung!<\/strong>&nbsp;<\/p>\n\n\n\n<ol class=\"wp-block-list\">\n<li><strong>Lassen Sie die Ware und Verpackung in jedem Falle unver\u00e4ndert, benutzen Sie die Ware noch nicht.<\/strong><\/li>\n\n\n\n<li><strong>Dokumentieren Sie den Schaden mit einer Digitalkamera.<\/strong><\/li>\n\n\n\n<li><strong>Melden Sie den Schaden (an den auf dem Lieferschein vermerkten Ansprechpartner).<\/strong><\/li>\n<\/ol>\n\n\n\n<p>Kindermann ben\u00f6tigt Original-Begleitpapiere der Sendung mit Schadensbest\u00e4tigung.<\/p>\n\n\n\n<p>Ohne diese Unterlagen und nach \u00dcberschreitung obiger Frist ist eine Regulierung des Schadens&nbsp;<strong>nicht<\/strong>&nbsp;m\u00f6glich!<\/p>\n\n\n\n<div style=\"height:100px\" aria-hidden=\"true\" class=\"wp-block-spacer\"><\/div>\n\n\n\t<\/div>\n<\/div>\n","protected":false},"excerpt":{"rendered":"","protected":false},"author":2,"featured_media":0,"parent":1247,"menu_order":48,"comment_status":"closed","ping_status":"closed","template":"","meta":{"_acf_changed":false,"footnotes":""},"class_list":["post-1306","page","type-page","status-publish","format-standard","hentry"],"acf":[],"yoast_head":"<!-- This site is optimized with the Yoast SEO plugin v26.8 - https:\/\/yoast.com\/product\/yoast-seo-wordpress\/ -->\n<title>Transportschaden - Kindermann GmbH<\/title>\n<meta name=\"description\" content=\"Bei Ihrer Lieferung liegt ein Schaden vor? Melden Sie uns Ihren Transportschaden an den auf dem Lieferschein vermerkten Ansprechpartner.\" \/>\n<meta name=\"robots\" content=\"index, follow, max-snippet:-1, max-image-preview:large, max-video-preview:-1\" \/>\n<link rel=\"canonical\" href=\"https:\/\/www.kindermann.de\/company\/service-support\/transportschaden\/\" \/>\n<meta property=\"og:locale\" content=\"de_DE\" \/>\n<meta property=\"og:type\" content=\"article\" \/>\n<meta property=\"og:title\" content=\"Transportschaden - Kindermann GmbH\" \/>\n<meta property=\"og:description\" content=\"Bei Ihrer Lieferung liegt ein Schaden vor? Melden Sie uns Ihren Transportschaden an den auf dem Lieferschein vermerkten Ansprechpartner.\" \/>\n<meta property=\"og:url\" content=\"https:\/\/www.kindermann.de\/company\/service-support\/transportschaden\/\" \/>\n<meta property=\"og:site_name\" content=\"Kindermann GmbH\" \/>\n<meta property=\"article:publisher\" content=\"https:\/\/www.facebook.com\/KindermannGmbH\/\" \/>\n<meta property=\"article:modified_time\" content=\"2024-04-10T13:24:05+00:00\" \/>\n<meta name=\"twitter:card\" content=\"summary_large_image\" \/>\n<meta name=\"twitter:label1\" content=\"Gesch\u00e4tzte Lesezeit\" \/>\n\t<meta name=\"twitter:data1\" content=\"1\u00a0Minute\" \/>\n<script type=\"application\/ld+json\" class=\"yoast-schema-graph\">{\"@context\":\"https:\/\/schema.org\",\"@graph\":[{\"@type\":\"WebPage\",\"@id\":\"https:\/\/www.kindermann.de\/company\/service-support\/transportschaden\/\",\"url\":\"https:\/\/www.kindermann.de\/company\/service-support\/transportschaden\/\",\"name\":\"Transportschaden - Kindermann GmbH\",\"isPartOf\":{\"@id\":\"https:\/\/www.kindermann.de\/company\/#website\"},\"datePublished\":\"2022-09-14T09:20:49+00:00\",\"dateModified\":\"2024-04-10T13:24:05+00:00\",\"description\":\"Bei Ihrer Lieferung liegt ein Schaden vor? Melden Sie uns Ihren Transportschaden an den auf dem Lieferschein vermerkten Ansprechpartner.\",\"breadcrumb\":{\"@id\":\"https:\/\/www.kindermann.de\/company\/service-support\/transportschaden\/#breadcrumb\"},\"inLanguage\":\"de\",\"potentialAction\":[{\"@type\":\"ReadAction\",\"target\":[\"https:\/\/www.kindermann.de\/company\/service-support\/transportschaden\/\"]}]},{\"@type\":\"BreadcrumbList\",\"@id\":\"https:\/\/www.kindermann.de\/company\/service-support\/transportschaden\/#breadcrumb\",\"itemListElement\":[{\"@type\":\"ListItem\",\"position\":1,\"name\":\"Startseite\",\"item\":\"https:\/\/www.kindermann.de\/company\/\"},{\"@type\":\"ListItem\",\"position\":2,\"name\":\"Service &#038; Support\",\"item\":\"https:\/\/www.kindermann.de\/company\/service-support\/\"},{\"@type\":\"ListItem\",\"position\":3,\"name\":\"Transportschaden\"}]},{\"@type\":\"WebSite\",\"@id\":\"https:\/\/www.kindermann.de\/company\/#website\",\"url\":\"https:\/\/www.kindermann.de\/company\/\",\"name\":\"Kindermann GmbH\",\"description\":\"\",\"publisher\":{\"@id\":\"https:\/\/www.kindermann.de\/company\/#organization\"},\"potentialAction\":[{\"@type\":\"SearchAction\",\"target\":{\"@type\":\"EntryPoint\",\"urlTemplate\":\"https:\/\/www.kindermann.de\/company\/?s={search_term_string}\"},\"query-input\":{\"@type\":\"PropertyValueSpecification\",\"valueRequired\":true,\"valueName\":\"search_term_string\"}}],\"inLanguage\":\"de\"},{\"@type\":\"Organization\",\"@id\":\"https:\/\/www.kindermann.de\/company\/#organization\",\"name\":\"Kindermann GmbH\",\"url\":\"https:\/\/www.kindermann.de\/company\/\",\"logo\":{\"@type\":\"ImageObject\",\"inLanguage\":\"de\",\"@id\":\"https:\/\/www.kindermann.de\/company\/#\/schema\/logo\/image\/\",\"url\":\"https:\/\/www.kindermann.de\/company\/wp-content\/uploads\/2022\/10\/Kindermann_Logo_300_100.png\",\"contentUrl\":\"https:\/\/www.kindermann.de\/company\/wp-content\/uploads\/2022\/10\/Kindermann_Logo_300_100.png\",\"width\":300,\"height\":100,\"caption\":\"Kindermann GmbH\"},\"image\":{\"@id\":\"https:\/\/www.kindermann.de\/company\/#\/schema\/logo\/image\/\"},\"sameAs\":[\"https:\/\/www.facebook.com\/KindermannGmbH\/\",\"https:\/\/www.xing.com\/pages\/kindermanngmbh\",\"https:\/\/www.linkedin.com\/company\/kindermann-gmbh\"]}]}<\/script>\n<!-- \/ Yoast SEO plugin. -->","yoast_head_json":{"title":"Transportschaden - Kindermann GmbH","description":"Bei Ihrer Lieferung liegt ein Schaden vor? Melden Sie uns Ihren Transportschaden an den auf dem Lieferschein vermerkten Ansprechpartner.","robots":{"index":"index","follow":"follow","max-snippet":"max-snippet:-1","max-image-preview":"max-image-preview:large","max-video-preview":"max-video-preview:-1"},"canonical":"https:\/\/www.kindermann.de\/company\/service-support\/transportschaden\/","og_locale":"de_DE","og_type":"article","og_title":"Transportschaden - Kindermann GmbH","og_description":"Bei Ihrer Lieferung liegt ein Schaden vor? Melden Sie uns Ihren Transportschaden an den auf dem Lieferschein vermerkten Ansprechpartner.","og_url":"https:\/\/www.kindermann.de\/company\/service-support\/transportschaden\/","og_site_name":"Kindermann GmbH","article_publisher":"https:\/\/www.facebook.com\/KindermannGmbH\/","article_modified_time":"2024-04-10T13:24:05+00:00","twitter_card":"summary_large_image","twitter_misc":{"Gesch\u00e4tzte Lesezeit":"1\u00a0Minute"},"schema":{"@context":"https:\/\/schema.org","@graph":[{"@type":"WebPage","@id":"https:\/\/www.kindermann.de\/company\/service-support\/transportschaden\/","url":"https:\/\/www.kindermann.de\/company\/service-support\/transportschaden\/","name":"Transportschaden - Kindermann GmbH","isPartOf":{"@id":"https:\/\/www.kindermann.de\/company\/#website"},"datePublished":"2022-09-14T09:20:49+00:00","dateModified":"2024-04-10T13:24:05+00:00","description":"Bei Ihrer Lieferung liegt ein Schaden vor? Melden Sie uns Ihren Transportschaden an den auf dem Lieferschein vermerkten Ansprechpartner.","breadcrumb":{"@id":"https:\/\/www.kindermann.de\/company\/service-support\/transportschaden\/#breadcrumb"},"inLanguage":"de","potentialAction":[{"@type":"ReadAction","target":["https:\/\/www.kindermann.de\/company\/service-support\/transportschaden\/"]}]},{"@type":"BreadcrumbList","@id":"https:\/\/www.kindermann.de\/company\/service-support\/transportschaden\/#breadcrumb","itemListElement":[{"@type":"ListItem","position":1,"name":"Startseite","item":"https:\/\/www.kindermann.de\/company\/"},{"@type":"ListItem","position":2,"name":"Service &#038; Support","item":"https:\/\/www.kindermann.de\/company\/service-support\/"},{"@type":"ListItem","position":3,"name":"Transportschaden"}]},{"@type":"WebSite","@id":"https:\/\/www.kindermann.de\/company\/#website","url":"https:\/\/www.kindermann.de\/company\/","name":"Kindermann GmbH","description":"","publisher":{"@id":"https:\/\/www.kindermann.de\/company\/#organization"},"potentialAction":[{"@type":"SearchAction","target":{"@type":"EntryPoint","urlTemplate":"https:\/\/www.kindermann.de\/company\/?s={search_term_string}"},"query-input":{"@type":"PropertyValueSpecification","valueRequired":true,"valueName":"search_term_string"}}],"inLanguage":"de"},{"@type":"Organization","@id":"https:\/\/www.kindermann.de\/company\/#organization","name":"Kindermann GmbH","url":"https:\/\/www.kindermann.de\/company\/","logo":{"@type":"ImageObject","inLanguage":"de","@id":"https:\/\/www.kindermann.de\/company\/#\/schema\/logo\/image\/","url":"https:\/\/www.kindermann.de\/company\/wp-content\/uploads\/2022\/10\/Kindermann_Logo_300_100.png","contentUrl":"https:\/\/www.kindermann.de\/company\/wp-content\/uploads\/2022\/10\/Kindermann_Logo_300_100.png","width":300,"height":100,"caption":"Kindermann GmbH"},"image":{"@id":"https:\/\/www.kindermann.de\/company\/#\/schema\/logo\/image\/"},"sameAs":["https:\/\/www.facebook.com\/KindermannGmbH\/","https:\/\/www.xing.com\/pages\/kindermanngmbh","https:\/\/www.linkedin.com\/company\/kindermann-gmbh"]}]}},"_links":{"self":[{"href":"https:\/\/www.kindermann.de\/company\/wp-json\/wp\/v2\/pages\/1306","targetHints":{"allow":["GET"]}}],"collection":[{"href":"https:\/\/www.kindermann.de\/company\/wp-json\/wp\/v2\/pages"}],"about":[{"href":"https:\/\/www.kindermann.de\/company\/wp-json\/wp\/v2\/types\/page"}],"author":[{"embeddable":true,"href":"https:\/\/www.kindermann.de\/company\/wp-json\/wp\/v2\/users\/2"}],"replies":[{"embeddable":true,"href":"https:\/\/www.kindermann.de\/company\/wp-json\/wp\/v2\/comments?post=1306"}],"version-history":[{"count":9,"href":"https:\/\/www.kindermann.de\/company\/wp-json\/wp\/v2\/pages\/1306\/revisions"}],"predecessor-version":[{"id":12142,"href":"https:\/\/www.kindermann.de\/company\/wp-json\/wp\/v2\/pages\/1306\/revisions\/12142"}],"up":[{"embeddable":true,"href":"https:\/\/www.kindermann.de\/company\/wp-json\/wp\/v2\/pages\/1247"}],"wp:attachment":[{"href":"https:\/\/www.kindermann.de\/company\/wp-json\/wp\/v2\/media?parent=1306"}],"curies":[{"name":"wp","href":"https:\/\/api.w.org\/{rel}","templated":true}]}}