{"id":12429,"date":"2026-04-20T15:58:33","date_gmt":"2026-04-20T13:58:33","guid":{"rendered":"https:\/\/www.kindermann.de\/company\/?page_id=12429"},"modified":"2026-04-20T16:34:52","modified_gmt":"2026-04-20T14:34:52","slug":"klickandshow-management-tool","status":"publish","type":"page","link":"https:\/\/www.kindermann.de\/company\/klickandshow\/klickandshow-management-tool\/","title":{"rendered":"Klick&#038;Show Management Tool"},"content":{"rendered":"<div class=\"main_slider_block  \">\n\t\t<div class=\"main_teaser main_teaser_default  main_teaser_slider_60ea8e0e0b1b2fdc17454fbec1b2a807\" data-class=\"main_teaser_slider_60ea8e0e0b1b2fdc17454fbec1b2a807\" data-duration=\"30\">\n\t\t\t\t\t<div class=\"main_slide main_slide_static\">\n\t\t\t\t\t\t\t\t<div class=\"main_slide_gallery main_slide_gallery_c9d2c405d2a7d9f3c6a0e4a85d16ae54\" data-class=\"main_slide_gallery_c9d2c405d2a7d9f3c6a0e4a85d16ae54\">\n\t\t\t\t<div class=\"main_slide_gallery_slide\"><img decoding=\"async\" width=\"2624\" height=\"1230\" src=\"https:\/\/www.kindermann.de\/company\/wp-content\/uploads\/2026\/02\/74880003xx_ManageTool_Header_v1.jpg\" class=\"attachment-full size-full\" alt=\"\" data-desc=\"\" ><\/div>\t\t\t\t<\/div>\n\t\t\t\t<div class=\"main_slide_text_outer main_slide_text_outer_spark_1_l\">\n\t\t\t\t\t<div class=\"main_slide_text main_slide_text_spark_1_l main_slide_text_white main_slide_text_lines_show\">\n\t\t\t\t\t\t<div class=\"main_slide_text_angle_h\"><\/div>\n\t\t\t\t\t\t<div class=\"main_slide_text_angle_v\"><\/div>\n\t\t\t\t\t\t<div class=\"main_slide_text_inner\">\n\t\t\t\t\t\t\t\n\t\t\t\t\t\t\t<p><span style=\"color: #e80029\"><strong>Klick&amp;Show<\/strong><\/span><\/p>\n<h1>ManageTool<\/h1>\n<p>Klick&amp;Show bequem im Netzwerk konfigurieren.<\/p>\n\t\t\t\t\t\t\t\t\t\t\t\t\t\t\n\t\t\t\t\t\t\t\t\t\t\t\t\t<\/div>\n\t\t\t\t\t<\/div>\n\t\t\t\t<\/div>\n\t\t\t<\/div>\n\t\t\t<\/div>\n<\/div>\n\n\n<div class=\"sticky_on_header\">\n\t<div class=\"container\">\n\t\t<div class=\"subnav\">\n\t\t\t<h4>\n\t\t\t\tFeatures:\t\t\t<\/h4>\n\t\t\t<ul class=\"filter_list\">\n\n\t\t\t\t\t\t\t\t\t\t\t\t\t\t<li><a href=\"#system\" target=\"\">Systemvoraussetzungen<\/a><\/li>\n\t\t\t\t\t\t\t\t\t\t<li><a href=\"#funktionen\" target=\"\">Funktions\u00fcbersicht<\/a><\/li>\n\t\t\t\t\t\t\t\t\t\t<li><a href=\"#registrierung\" target=\"\">Registrierung zum Download<\/a><\/li>\n\t\t\t\t\t\t\t\t\t\n\t\t\t\t\n\t\t\t\t\t\t\t\t\n\t\t\t\t\t\t\t<\/ul>\n\t\t<\/div>\n\t<\/div>\n<\/div>\n\n\n\n<div style=\"height:129px\" aria-hidden=\"true\" id=\"system\" class=\"wp-block-spacer\"><\/div>\n\n\n\n<div class=\"wp-block-media-text has-media-on-the-right is-stacked-on-mobile\"><div class=\"wp-block-media-text__content\">\n<h3 class=\"wp-block-heading\">Das Klick&amp;Show ManageTool ist das perfekte Werkzeug f\u00fcr die Administration von Klick&amp;Show Systemen in einem Netzwerk.<\/h3>\n\n\n\n<p>Es unterst\u00fctzt Administratoren und Facility Manager bei der Verwaltung, Konfiguration und Datensicherung von Klick&amp;Show.<\/p>\n\n\n\n<div style=\"height:48px\" aria-hidden=\"true\" class=\"wp-block-spacer\"><\/div>\n\n\n\n<p><strong>Systemvoraussetzungen:<\/strong><\/p>\n\n\n\n<ul class=\"wp-block-list\">\n<li><strong>Windows 10\/11<\/strong> mit lokalen Adminrechten<\/li>\n\n\n\n<li><strong>Klick&amp;Show K-FX Plus: <\/strong>Firmware Version K5202 oder neuer<\/li>\n\n\n\n<li><strong>Klick&amp;Show K-FleX: <\/strong>Firmware Version K4204 oder neuer<\/li>\n\n\n\n<li><strong>Klick&amp;Show K-FX:<\/strong> Firmware Version K3085 oder neuer<\/li>\n\n\n\n<li><strong>Klick&amp;Show K-40: <\/strong>Firmware Version K1048 oder neuer<\/li>\n\n\n\n<li><strong>Klick&amp;Show K-WM:<\/strong> Firmware Version K1046 oder neuer<\/li>\n\n\n\n<li><strong>Klick&amp;Show K-10S:<\/strong> Firmware Version K1089 oder neuer<\/li>\n<\/ul>\n<\/div><figure class=\"wp-block-media-text__media\"><img decoding=\"async\" width=\"1024\" height=\"612\" src=\"https:\/\/www.kindermann.de\/company\/wp-content\/uploads\/2024\/05\/Mockup-1024x612.jpg\" alt=\"\" class=\"wp-image-17032 size-full\"><\/figure><\/div>\n\n\n\n<div style=\"height:93px\" aria-hidden=\"true\" id=\"funktionen\" class=\"wp-block-spacer\"><\/div>\n\n\n\n<h3 class=\"wp-block-heading\">Diese Funktionen erleichtern Ihnen das Management:<\/h3>\n\n\n\n<div style=\"height:25px\" aria-hidden=\"true\" class=\"wp-block-spacer\"><\/div>\n\n\n\n<div class=\"wp-block-columns is-layout-flex wp-container-core-columns-is-layout-9d6595d7 wp-block-columns-is-layout-flex\">\n<div class=\"wp-block-column is-layout-flow wp-block-column-is-layout-flow\">\n<figure class=\"wp-block-image size-full\"><img decoding=\"async\" width=\"823\" height=\"586\" src=\"https:\/\/www.kindermann.de\/company\/wp-content\/uploads\/2026\/02\/ManageTool_search_add.png\" alt=\"\" class=\"wp-image-16732\"><\/figure>\n\n\n\n<p><strong>Einfache Integration aller Systeme im Netzwerk:<br><\/strong>Eine komfortable Suchfunktion erleichtert die Erfassung der Ger\u00e4te im Netzwerk.<\/p>\n\n\n\n<div style=\"height:25px\" aria-hidden=\"true\" class=\"wp-block-spacer\"><\/div>\n\n\n\n<p><strong>Zentrales koppeln (Pairing) von Transmittern:<br><\/strong>Das ManageTool erlaubt es Klick&amp;Show Transmitter zu pairen, ohne dabei physisch vor Ort an der Basis sein zu m\u00fcssen. Das vereinfacht zum Beispiel den Roll-Out neuer Transmitter. Gleichzeitig wird auch die Firmware der Transmitter aktualisiert.<\/p>\n<\/div>\n\n\n\n<div class=\"wp-block-column is-layout-flow wp-block-column-is-layout-flow\">\n<figure class=\"wp-block-image size-full\"><img decoding=\"async\" width=\"823\" height=\"586\" src=\"https:\/\/www.kindermann.de\/company\/wp-content\/uploads\/2026\/02\/ManageTool_user.png\" alt=\"\" class=\"wp-image-16733\"><\/figure>\n\n\n\n<p><strong>User Management:<br><\/strong>Legen Sie beliebig viele Benutzer mit unter\u00ad\u00ad\u00adschiedli\u00adchen Berechtigungen an<\/p>\n\n\n\n<div style=\"height:25px\" aria-hidden=\"true\" class=\"wp-block-spacer\"><\/div>\n\n\n\n<p><strong>Logische Verwaltung:<br><\/strong>Das ManageTool passt sich ihrer Unternehmensstruktur an. Die Ger\u00e4te k\u00f6nnen organisatorischen Einheiten zugeordnet werden, zum Beispiel Standorten, Netzwerkbereichen, etc..<\/p>\n<\/div>\n\n\n\n<div class=\"wp-block-column is-layout-flow wp-block-column-is-layout-flow\">\n<figure class=\"wp-block-image size-full\"><img decoding=\"async\" width=\"823\" height=\"586\" src=\"https:\/\/www.kindermann.de\/company\/wp-content\/uploads\/2026\/02\/ManageTool_batch.png\" alt=\"\" class=\"wp-image-16734\"><\/figure>\n\n\n\n<p><strong>Batch-Verarbeitung:<br><\/strong>Einzelne oder alle Ger\u00e4te k\u00f6nnen \u00fcber die Batch Funktion angepasst werden:<\/p>\n\n\n\n<ul class=\"wp-block-list\">\n<li>Firmware Updates<\/li>\n\n\n\n<li>Ausspielen von einheitlichen Konfigurationen<\/li>\n\n\n\n<li>Neustart<\/li>\n\n\n\n<li>Ger\u00e4te auf Werkseinstellung zur\u00fccksetzen<\/li>\n\n\n\n<li>Admin Passwort des Ger\u00e4ts \u00e4ndern<\/li>\n\n\n\n<li>Sicherheitseinstellung anpassen<\/li>\n<\/ul>\n<\/div>\n<\/div>\n\n\n\n<div style=\"height:93px\" aria-hidden=\"true\" id=\"registrierung\" class=\"wp-block-spacer\"><\/div>\n\n\n\n<h3 class=\"wp-block-heading\">Das Beste daran \u2013 das ManageTool steht allen Besitzern von Klick&amp;Show kostenlos zur Verf\u00fcgung.<\/h3>\n\n\n\n<p>Hier registrieren und kostenlos herunterladen!<\/p>\n\n\n\n<div style=\"height:42px\" aria-hidden=\"true\" class=\"wp-block-spacer\"><\/div>\n\n\n<div class=\"text_group text_group_wide box_ box_\" id=\"  \">\n\t<div class=\"text_group_content \">\n\t\t\n\n<figure class=\"wp-block-table alignwide\"><table><thead><tr><th class=\"has-text-align-left\" data-align=\"left\">Online-Formular<\/th><th class=\"has-text-align-left\" data-align=\"left\">Beschreibung<\/th><th class=\"has-text-align-left\" data-align=\"left\">Sprache<\/th><th class=\"has-text-align-left\" data-align=\"left\">Link<\/th><\/tr><\/thead><tbody><tr><td class=\"has-text-align-left\" data-align=\"left\"><img decoding=\"async\" width=\"100\" height=\"104\" class=\"wp-image-16827\" style=\"width: 100px;\" src=\"https:\/\/www.kindermann.de\/company\/wp-content\/uploads\/2026\/02\/Registrierungsformular-DE.jpg\" alt=\"\"><\/td><td class=\"has-text-align-left\" data-align=\"left\">Registrierungsformular<\/td><td class=\"has-text-align-left\" data-align=\"left\">Deutsch<\/td><td class=\"has-text-align-left\" data-align=\"left\"><a href=\"https:\/\/landing.mailerlite.com\/webforms\/landing\/o9d2o9\" target=\"_blank\" rel=\"noreferrer noopener\">Zur Registrierung<\/a><\/td><\/tr><tr><td class=\"has-text-align-left\" data-align=\"left\"><img decoding=\"async\" width=\"100\" height=\"104\" class=\"wp-image-16836\" style=\"width: 100px;\" src=\"https:\/\/www.kindermann.de\/company\/wp-content\/uploads\/2026\/02\/Registrierungsformular-EN.jpg\" alt=\"\"><\/td><td class=\"has-text-align-left\" data-align=\"left\">Registration form<\/td><td class=\"has-text-align-left\" data-align=\"left\">English<\/td><td class=\"has-text-align-left\" data-align=\"left\"><a href=\"https:\/\/landing.mailerlite.com\/webforms\/landing\/n6s3n3\" target=\"_blank\" rel=\"noreferrer noopener\">To register<\/a><\/td><\/tr><tr><td class=\"has-text-align-left\" data-align=\"left\"><img decoding=\"async\" width=\"100\" height=\"104\" class=\"wp-image-16835\" style=\"width: 100px;\" src=\"https:\/\/www.kindermann.de\/company\/wp-content\/uploads\/2026\/02\/Registrierungsformular-SP.jpg\" alt=\"\"><\/td><td class=\"has-text-align-left\" data-align=\"left\">Formulario de registro<\/td><td class=\"has-text-align-left\" data-align=\"left\">Espa\u00f1ol<\/td><td class=\"has-text-align-left\" data-align=\"left\"><a href=\"https:\/\/landing.mailerlite.com\/webforms\/landing\/w3k4s5\" target=\"_blank\" rel=\"noreferrer noopener\">Para registrarse<\/a><\/td><\/tr><tr><td class=\"has-text-align-left\" data-align=\"left\"><img decoding=\"async\" width=\"100\" height=\"104\" class=\"wp-image-16834\" style=\"width: 100px;\" src=\"https:\/\/www.kindermann.de\/company\/wp-content\/uploads\/2026\/02\/Registrierungsformular-FR.jpg\" alt=\"\"><\/td><td class=\"has-text-align-left\" data-align=\"left\">Formulaire d&#8217;inscription<\/td><td class=\"has-text-align-left\" data-align=\"left\">Fran\u00e7ais<\/td><td class=\"has-text-align-left\" data-align=\"left\"><a href=\"https:\/\/landing.mailerlite.com\/webforms\/landing\/c4w2m2\" target=\"_blank\" rel=\"noreferrer noopener\">Pour s&#8217;inscrire<\/a><\/td><\/tr><tr><td class=\"has-text-align-left\" data-align=\"left\"><img decoding=\"async\" width=\"100\" height=\"104\" class=\"wp-image-16833\" style=\"width: 100px;\" src=\"https:\/\/www.kindermann.de\/company\/wp-content\/uploads\/2026\/02\/Registrierungsformular-IT.jpg\" alt=\"\"><\/td><td class=\"has-text-align-left\" data-align=\"left\">Modulo di registrazione<\/td><td class=\"has-text-align-left\" data-align=\"left\">Italiano<\/td><td class=\"has-text-align-left\" data-align=\"left\"><a href=\"https:\/\/landing.mailerlite.com\/webforms\/landing\/i6t5f3\" target=\"_blank\" rel=\"noreferrer noopener\">Per registrarsi<\/a><\/td><\/tr><\/tbody><\/table><\/figure>\n\n\n\n<div style=\"height:31px\" aria-hidden=\"true\" class=\"wp-block-spacer\"><\/div>\n\n\n\t<\/div>\n<\/div>\n\n\n\n<div style=\"height:100px\" aria-hidden=\"true\" class=\"wp-block-spacer\"><\/div>\n\n\n\n<p><\/p>\n","protected":false},"excerpt":{"rendered":"<p>Diese Funktionen erleichtern Ihnen das Management: Einfache Integration aller Systeme im Netzwerk:Eine komfortable Suchfunktion erleichtert die Erfassung der Ger\u00e4te im &#8230;<\/p>\n","protected":false},"author":4,"featured_media":0,"parent":12340,"menu_order":0,"comment_status":"closed","ping_status":"closed","template":"klickandshow.php","meta":{"_acf_changed":false,"footnotes":""},"class_list":["post-12429","page","type-page","status-publish","format-standard","hentry"],"acf":[],"yoast_head":"<!-- This site is optimized with the Yoast SEO plugin v27.4 - https:\/\/yoast.com\/product\/yoast-seo-wordpress\/ -->\n<title>Klick&amp;Show Management Tool - Kindermann GmbH<\/title>\n<meta name=\"robots\" content=\"index, follow, max-snippet:-1, max-image-preview:large, max-video-preview:-1\" \/>\n<link rel=\"canonical\" href=\"https:\/\/www.kindermann.de\/company\/klickandshow\/klickandshow-management-tool\/\" \/>\n<meta property=\"og:locale\" content=\"de_DE\" \/>\n<meta property=\"og:type\" content=\"article\" \/>\n<meta property=\"og:title\" content=\"Klick&amp;Show Management Tool - Kindermann GmbH\" \/>\n<meta property=\"og:description\" content=\"Diese Funktionen erleichtern Ihnen das Management: Einfache Integration aller Systeme im Netzwerk:Eine komfortable Suchfunktion erleichtert die Erfassung der Ger\u00e4te im ...\" \/>\n<meta property=\"og:url\" content=\"https:\/\/www.kindermann.de\/company\/klickandshow\/klickandshow-management-tool\/\" \/>\n<meta property=\"og:site_name\" content=\"Kindermann GmbH\" \/>\n<meta property=\"article:publisher\" content=\"https:\/\/www.facebook.com\/KindermannGmbH\/\" \/>\n<meta property=\"article:modified_time\" content=\"2026-04-20T14:34:52+00:00\" \/>\n<meta property=\"og:image\" content=\"https:\/\/www.kindermann.de\/company\/wp-content\/uploads\/2024\/05\/Mockup-1024x612.jpg\" \/>\n<meta name=\"twitter:card\" content=\"summary_large_image\" \/>\n<meta name=\"twitter:label1\" content=\"Gesch\u00e4tzte Lesezeit\" \/>\n\t<meta name=\"twitter:data1\" content=\"4\u00a0Minuten\" \/>\n<script type=\"application\/ld+json\" class=\"yoast-schema-graph\">{\"@context\":\"https:\\\/\\\/schema.org\",\"@graph\":[{\"@type\":\"WebPage\",\"@id\":\"https:\\\/\\\/www.kindermann.de\\\/company\\\/klickandshow\\\/klickandshow-management-tool\\\/\",\"url\":\"https:\\\/\\\/www.kindermann.de\\\/company\\\/klickandshow\\\/klickandshow-management-tool\\\/\",\"name\":\"Klick&Show Management Tool - Kindermann GmbH\",\"isPartOf\":{\"@id\":\"https:\\\/\\\/www.kindermann.de\\\/company\\\/#website\"},\"primaryImageOfPage\":{\"@id\":\"https:\\\/\\\/www.kindermann.de\\\/company\\\/klickandshow\\\/klickandshow-management-tool\\\/#primaryimage\"},\"image\":{\"@id\":\"https:\\\/\\\/www.kindermann.de\\\/company\\\/klickandshow\\\/klickandshow-management-tool\\\/#primaryimage\"},\"thumbnailUrl\":\"https:\\\/\\\/www.kindermann.de\\\/company\\\/wp-content\\\/uploads\\\/2024\\\/05\\\/Mockup-1024x612.jpg\",\"datePublished\":\"2026-04-20T13:58:33+00:00\",\"dateModified\":\"2026-04-20T14:34:52+00:00\",\"breadcrumb\":{\"@id\":\"https:\\\/\\\/www.kindermann.de\\\/company\\\/klickandshow\\\/klickandshow-management-tool\\\/#breadcrumb\"},\"inLanguage\":\"de\",\"potentialAction\":[{\"@type\":\"ReadAction\",\"target\":[\"https:\\\/\\\/www.kindermann.de\\\/company\\\/klickandshow\\\/klickandshow-management-tool\\\/\"]}]},{\"@type\":\"ImageObject\",\"inLanguage\":\"de\",\"@id\":\"https:\\\/\\\/www.kindermann.de\\\/company\\\/klickandshow\\\/klickandshow-management-tool\\\/#primaryimage\",\"url\":\"https:\\\/\\\/www.kindermann.de\\\/company\\\/wp-content\\\/uploads\\\/2024\\\/05\\\/Mockup.jpg\",\"contentUrl\":\"https:\\\/\\\/www.kindermann.de\\\/company\\\/wp-content\\\/uploads\\\/2024\\\/05\\\/Mockup.jpg\",\"width\":1339,\"height\":800},{\"@type\":\"BreadcrumbList\",\"@id\":\"https:\\\/\\\/www.kindermann.de\\\/company\\\/klickandshow\\\/klickandshow-management-tool\\\/#breadcrumb\",\"itemListElement\":[{\"@type\":\"ListItem\",\"position\":1,\"name\":\"Startseite\",\"item\":\"https:\\\/\\\/www.kindermann.de\\\/company\\\/\"},{\"@type\":\"ListItem\",\"position\":2,\"name\":\"Klick&#038;Show Landingpage\",\"item\":\"https:\\\/\\\/www.kindermann.de\\\/company\\\/klickandshow\\\/\"},{\"@type\":\"ListItem\",\"position\":3,\"name\":\"Klick&#038;Show Management Tool\"}]},{\"@type\":\"WebSite\",\"@id\":\"https:\\\/\\\/www.kindermann.de\\\/company\\\/#website\",\"url\":\"https:\\\/\\\/www.kindermann.de\\\/company\\\/\",\"name\":\"Kindermann GmbH\",\"description\":\"\",\"publisher\":{\"@id\":\"https:\\\/\\\/www.kindermann.de\\\/company\\\/#organization\"},\"potentialAction\":[{\"@type\":\"SearchAction\",\"target\":{\"@type\":\"EntryPoint\",\"urlTemplate\":\"https:\\\/\\\/www.kindermann.de\\\/company\\\/?s={search_term_string}\"},\"query-input\":{\"@type\":\"PropertyValueSpecification\",\"valueRequired\":true,\"valueName\":\"search_term_string\"}}],\"inLanguage\":\"de\"},{\"@type\":\"Organization\",\"@id\":\"https:\\\/\\\/www.kindermann.de\\\/company\\\/#organization\",\"name\":\"Kindermann GmbH\",\"url\":\"https:\\\/\\\/www.kindermann.de\\\/company\\\/\",\"logo\":{\"@type\":\"ImageObject\",\"inLanguage\":\"de\",\"@id\":\"https:\\\/\\\/www.kindermann.de\\\/company\\\/#\\\/schema\\\/logo\\\/image\\\/\",\"url\":\"https:\\\/\\\/www.kindermann.de\\\/company\\\/wp-content\\\/uploads\\\/2022\\\/10\\\/Kindermann_Logo_300_100.png\",\"contentUrl\":\"https:\\\/\\\/www.kindermann.de\\\/company\\\/wp-content\\\/uploads\\\/2022\\\/10\\\/Kindermann_Logo_300_100.png\",\"width\":300,\"height\":100,\"caption\":\"Kindermann GmbH\"},\"image\":{\"@id\":\"https:\\\/\\\/www.kindermann.de\\\/company\\\/#\\\/schema\\\/logo\\\/image\\\/\"},\"sameAs\":[\"https:\\\/\\\/www.facebook.com\\\/KindermannGmbH\\\/\",\"https:\\\/\\\/www.xing.com\\\/pages\\\/kindermanngmbh\",\"https:\\\/\\\/www.linkedin.com\\\/company\\\/kindermann-gmbh\"]}]}<\/script>\n<!-- \/ Yoast SEO plugin. -->","yoast_head_json":{"title":"Klick&Show Management Tool - Kindermann GmbH","robots":{"index":"index","follow":"follow","max-snippet":"max-snippet:-1","max-image-preview":"max-image-preview:large","max-video-preview":"max-video-preview:-1"},"canonical":"https:\/\/www.kindermann.de\/company\/klickandshow\/klickandshow-management-tool\/","og_locale":"de_DE","og_type":"article","og_title":"Klick&Show Management Tool - Kindermann GmbH","og_description":"Diese Funktionen erleichtern Ihnen das Management: Einfache Integration aller Systeme im Netzwerk:Eine komfortable Suchfunktion erleichtert die Erfassung der Ger\u00e4te im ...","og_url":"https:\/\/www.kindermann.de\/company\/klickandshow\/klickandshow-management-tool\/","og_site_name":"Kindermann GmbH","article_publisher":"https:\/\/www.facebook.com\/KindermannGmbH\/","article_modified_time":"2026-04-20T14:34:52+00:00","og_image":[{"url":"https:\/\/www.kindermann.de\/company\/wp-content\/uploads\/2024\/05\/Mockup-1024x612.jpg","type":"","width":"","height":""}],"twitter_card":"summary_large_image","twitter_misc":{"Gesch\u00e4tzte Lesezeit":"4\u00a0Minuten"},"schema":{"@context":"https:\/\/schema.org","@graph":[{"@type":"WebPage","@id":"https:\/\/www.kindermann.de\/company\/klickandshow\/klickandshow-management-tool\/","url":"https:\/\/www.kindermann.de\/company\/klickandshow\/klickandshow-management-tool\/","name":"Klick&Show Management Tool - Kindermann GmbH","isPartOf":{"@id":"https:\/\/www.kindermann.de\/company\/#website"},"primaryImageOfPage":{"@id":"https:\/\/www.kindermann.de\/company\/klickandshow\/klickandshow-management-tool\/#primaryimage"},"image":{"@id":"https:\/\/www.kindermann.de\/company\/klickandshow\/klickandshow-management-tool\/#primaryimage"},"thumbnailUrl":"https:\/\/www.kindermann.de\/company\/wp-content\/uploads\/2024\/05\/Mockup-1024x612.jpg","datePublished":"2026-04-20T13:58:33+00:00","dateModified":"2026-04-20T14:34:52+00:00","breadcrumb":{"@id":"https:\/\/www.kindermann.de\/company\/klickandshow\/klickandshow-management-tool\/#breadcrumb"},"inLanguage":"de","potentialAction":[{"@type":"ReadAction","target":["https:\/\/www.kindermann.de\/company\/klickandshow\/klickandshow-management-tool\/"]}]},{"@type":"ImageObject","inLanguage":"de","@id":"https:\/\/www.kindermann.de\/company\/klickandshow\/klickandshow-management-tool\/#primaryimage","url":"https:\/\/www.kindermann.de\/company\/wp-content\/uploads\/2024\/05\/Mockup.jpg","contentUrl":"https:\/\/www.kindermann.de\/company\/wp-content\/uploads\/2024\/05\/Mockup.jpg","width":1339,"height":800},{"@type":"BreadcrumbList","@id":"https:\/\/www.kindermann.de\/company\/klickandshow\/klickandshow-management-tool\/#breadcrumb","itemListElement":[{"@type":"ListItem","position":1,"name":"Startseite","item":"https:\/\/www.kindermann.de\/company\/"},{"@type":"ListItem","position":2,"name":"Klick&#038;Show Landingpage","item":"https:\/\/www.kindermann.de\/company\/klickandshow\/"},{"@type":"ListItem","position":3,"name":"Klick&#038;Show Management Tool"}]},{"@type":"WebSite","@id":"https:\/\/www.kindermann.de\/company\/#website","url":"https:\/\/www.kindermann.de\/company\/","name":"Kindermann GmbH","description":"","publisher":{"@id":"https:\/\/www.kindermann.de\/company\/#organization"},"potentialAction":[{"@type":"SearchAction","target":{"@type":"EntryPoint","urlTemplate":"https:\/\/www.kindermann.de\/company\/?s={search_term_string}"},"query-input":{"@type":"PropertyValueSpecification","valueRequired":true,"valueName":"search_term_string"}}],"inLanguage":"de"},{"@type":"Organization","@id":"https:\/\/www.kindermann.de\/company\/#organization","name":"Kindermann GmbH","url":"https:\/\/www.kindermann.de\/company\/","logo":{"@type":"ImageObject","inLanguage":"de","@id":"https:\/\/www.kindermann.de\/company\/#\/schema\/logo\/image\/","url":"https:\/\/www.kindermann.de\/company\/wp-content\/uploads\/2022\/10\/Kindermann_Logo_300_100.png","contentUrl":"https:\/\/www.kindermann.de\/company\/wp-content\/uploads\/2022\/10\/Kindermann_Logo_300_100.png","width":300,"height":100,"caption":"Kindermann GmbH"},"image":{"@id":"https:\/\/www.kindermann.de\/company\/#\/schema\/logo\/image\/"},"sameAs":["https:\/\/www.facebook.com\/KindermannGmbH\/","https:\/\/www.xing.com\/pages\/kindermanngmbh","https:\/\/www.linkedin.com\/company\/kindermann-gmbh"]}]}},"_links":{"self":[{"href":"https:\/\/www.kindermann.de\/company\/wp-json\/wp\/v2\/pages\/12429","targetHints":{"allow":["GET"]}}],"collection":[{"href":"https:\/\/www.kindermann.de\/company\/wp-json\/wp\/v2\/pages"}],"about":[{"href":"https:\/\/www.kindermann.de\/company\/wp-json\/wp\/v2\/types\/page"}],"author":[{"embeddable":true,"href":"https:\/\/www.kindermann.de\/company\/wp-json\/wp\/v2\/users\/4"}],"replies":[{"embeddable":true,"href":"https:\/\/www.kindermann.de\/company\/wp-json\/wp\/v2\/comments?post=12429"}],"version-history":[{"count":26,"href":"https:\/\/www.kindermann.de\/company\/wp-json\/wp\/v2\/pages\/12429\/revisions"}],"predecessor-version":[{"id":17050,"href":"https:\/\/www.kindermann.de\/company\/wp-json\/wp\/v2\/pages\/12429\/revisions\/17050"}],"up":[{"embeddable":true,"href":"https:\/\/www.kindermann.de\/company\/wp-json\/wp\/v2\/pages\/12340"}],"wp:attachment":[{"href":"https:\/\/www.kindermann.de\/company\/wp-json\/wp\/v2\/media?parent=12429"}],"curies":[{"name":"wp","href":"https:\/\/api.w.org\/{rel}","templated":true}]}}