{"id":12427,"date":"2026-04-20T15:57:47","date_gmt":"2026-04-20T13:57:47","guid":{"rendered":"https:\/\/www.kindermann.de\/company\/?page_id=12427"},"modified":"2026-04-20T15:57:47","modified_gmt":"2026-04-20T13:57:47","slug":"klickandshow-demo","status":"publish","type":"page","link":"https:\/\/www.kindermann.de\/company\/klickandshow\/klickandshow-demo\/","title":{"rendered":"Klick&#038;Show Demo"},"content":{"rendered":"<div class=\"text_group text_group_narrow box_ box_\" id=\"  \">\n\t<div class=\"text_group_content \">\n\t\t\n\n<h1 class=\"wp-block-heading\">Klick&amp;Show <br>Jetzt Online-Demo buchen!<\/h1>\n\n\n\n<p>Gerne beantworten wir Ihre Fragen zu unserer BYOD-L\u00f6sung. Dar\u00fcber hinaus k\u00f6nnen Sie eine <strong>individuelle Pr\u00e4sentation <\/strong>buchen.<\/p>\n\n\n\n<p>Das geht ganz einfach \u2013 bitte f\u00fcllen Sie das Kontaktformular aus und teilen Sie uns Ihren Wunschtermin mit. <\/p>\n\n\n\n<p>Wir setzen uns dann umgehend mit Ihnen in Verbindung.<\/p>\n\n\n<div class=\"wpforms-container wpforms-container-full wpforms-block wpforms-block-797c5af0-495b-4918-bcdf-b492c9972a18\" id=\"wpforms-17084\"><form id=\"wpforms-form-17084\" class=\"wpforms-validate wpforms-form wpforms-ajax-form\" data-formid=\"17084\" method=\"post\" enctype=\"multipart\/form-data\" action=\"\/company\/wp-json\/company\/v2\/pages\/12427\" data-token=\"c5abeb771e25828871c9f541d0c938ca\" data-token-time=\"1777061990\"><noscript class=\"wpforms-error-noscript\">Bitte aktiviere JavaScript in deinem Browser, um dieses Formular fertigzustellen.<\/noscript><div class=\"wpforms-field-container\"><div id=\"wpforms-17084-field_51-container\" class=\"wpforms-field wpforms-field-divider\" data-field-id=\"51\"><\/div><div id=\"wpforms-17084-field_1-container\" class=\"wpforms-field wpforms-field-text\" data-field-id=\"1\"><label class=\"wpforms-field-label\" for=\"wpforms-17084-field_1\">Institution<\/label><input type=\"text\" id=\"wpforms-17084-field_1\" class=\"wpforms-field-large\" name=\"wpforms[fields][1]\" ><\/div><div id=\"wpforms-17084-field_43-container\" class=\"wpforms-field wpforms-field-name\" data-field-id=\"43\"><label class=\"wpforms-field-label\">Name <span class=\"wpforms-required-label\">*<\/span><\/label><div class=\"wpforms-field-row wpforms-field-large\"><div class=\"wpforms-field-row-block wpforms-first wpforms-one-half\"><input type=\"text\" id=\"wpforms-17084-field_43\" class=\"wpforms-field-name-first wpforms-field-required\" name=\"wpforms[fields][43][first]\" required><label for=\"wpforms-17084-field_43\" class=\"wpforms-field-sublabel after\">Vorname<\/label><\/div><div class=\"wpforms-field-row-block wpforms-one-half\"><input type=\"text\" id=\"wpforms-17084-field_43-last\" class=\"wpforms-field-name-last wpforms-field-required\" name=\"wpforms[fields][43][last]\" required><label for=\"wpforms-17084-field_43-last\" class=\"wpforms-field-sublabel after\">Nachname<\/label><\/div><\/div><\/div><div id=\"wpforms-17084-field_45-container\" class=\"wpforms-field wpforms-field-text\" data-field-id=\"45\"><label class=\"wpforms-field-label\" for=\"wpforms-17084-field_45\">Stra\u00dfe <span class=\"wpforms-required-label\">*<\/span><\/label><input type=\"text\" id=\"wpforms-17084-field_45\" class=\"wpforms-field-large wpforms-field-required\" name=\"wpforms[fields][45]\" required><\/div><div id=\"wpforms-17084-field_52-container\" class=\"wpforms-field wpforms-field-text wpforms-one-half wpforms-first\" data-field-id=\"52\"><label class=\"wpforms-field-label\" for=\"wpforms-17084-field_52\">Postleitzahl <span class=\"wpforms-required-label\">*<\/span><\/label><input type=\"text\" id=\"wpforms-17084-field_52\" class=\"wpforms-field-large wpforms-field-required\" name=\"wpforms[fields][52]\" required><\/div><div id=\"wpforms-17084-field_46-container\" class=\"wpforms-field wpforms-field-text wpforms-one-half\" data-field-id=\"46\"><label class=\"wpforms-field-label\" for=\"wpforms-17084-field_46\">Ort <span class=\"wpforms-required-label\">*<\/span><\/label><input type=\"text\" id=\"wpforms-17084-field_46\" class=\"wpforms-field-large wpforms-field-required\" name=\"wpforms[fields][46]\" required><\/div><div id=\"wpforms-17084-field_44-container\" class=\"wpforms-field wpforms-field-text\" data-field-id=\"44\"><label class=\"wpforms-field-label\" for=\"wpforms-17084-field_44\">E-Mail <span class=\"wpforms-required-label\">*<\/span><\/label><input type=\"text\" id=\"wpforms-17084-field_44\" class=\"wpforms-field-large wpforms-field-required\" name=\"wpforms[fields][44]\" required><\/div><div id=\"wpforms-17084-field_47-container\" class=\"wpforms-field wpforms-field-text wpforms-first wpforms-one-half\" data-field-id=\"47\"><label class=\"wpforms-field-label\" for=\"wpforms-17084-field_47\">Land <span class=\"wpforms-required-label\">*<\/span><\/label><input type=\"text\" id=\"wpforms-17084-field_47\" class=\"wpforms-field-large wpforms-field-required\" name=\"wpforms[fields][47]\" required><\/div><div id=\"wpforms-17084-field_48-container\" class=\"wpforms-field wpforms-field-text wpforms-one-half\" data-field-id=\"48\"><label class=\"wpforms-field-label\" for=\"wpforms-17084-field_48\">Telefon<\/label><input type=\"text\" id=\"wpforms-17084-field_48\" class=\"wpforms-field-large\" name=\"wpforms[fields][48]\" ><\/div><div id=\"wpforms-17084-field_49-container\" class=\"wpforms-field wpforms-field-textarea\" data-field-id=\"49\"><label class=\"wpforms-field-label\" for=\"wpforms-17084-field_49\">Anmerkung zur gew\u00fcnschten Pr\u00e4sentation<\/label><textarea id=\"wpforms-17084-field_49\" class=\"wpforms-field-medium\" name=\"wpforms[fields][49]\" ><\/textarea><\/div><div id=\"wpforms-17084-field_53-container\" class=\"wpforms-field wpforms-field-divider\" data-field-id=\"53\"><\/div><div id=\"wpforms-17084-field_12-container\" class=\"wpforms-field wpforms-field-divider\" data-field-id=\"12\"><h3 id=\"wpforms-17084-field_12\">Bitte tragen Sie hier einen Wunschtermin f\u00fcr Ihre individuelle Pr\u00e4sentation ein.<\/h3><\/div><div id=\"wpforms-17084-field_39-container\" class=\"wpforms-field wpforms-field-date-time wpforms-one-half wpforms-first\" data-field-id=\"39\"><label class=\"wpforms-field-label\" for=\"wpforms-17084-field_39\">Datum: <span class=\"wpforms-required-label\">*<\/span><\/label><div class=\"wpforms-datepicker-wrap\"><input type=\"text\" id=\"wpforms-17084-field_39\" class=\"wpforms-field-date-time-date wpforms-datepicker wpforms-field-required wpforms-field-large\" data-date-format=\"d.m.Y\" data-disable-past-dates=\"1\" data-disable-todays-date=\"0\" data-input=\"true\" name=\"wpforms[fields][39][date]\" placeholder=\"xx.xx.xxxx\" required><a title=\"Datum leeren\" data-clear role=\"button\" tabindex=\"0\" class=\"wpforms-datepicker-clear\" aria-label=\"Datum leeren\" style=\"display:none;\"><\/a><\/div><div class=\"wpforms-field-description\">Pr\u00e4sentationen sind nur Werktags m\u00f6glich.<\/div><\/div><div id=\"wpforms-17084-field_40-container\" class=\"wpforms-field wpforms-field-date-time wpforms-one-half\" data-field-id=\"40\"><label class=\"wpforms-field-label\" for=\"wpforms-17084-field_40-time\">Uhrzeit: <span class=\"wpforms-required-label\">*<\/span><\/label><input type=\"text\" id=\"wpforms-17084-field_40-time\" class=\"wpforms-field-date-time-time wpforms-timepicker wpforms-field-required wpforms-field-large\" data-time-format=\"H:i\" data-step=\"30\" data-rule-time24h=\"true\" data-min-time=\"09:00\" data-max-time=\"16:00\" data-rule-time-limit=\"true\" name=\"wpforms[fields][40][time]\" placeholder=\"00:00\" required><div class=\"wpforms-field-description\">Bitte tragen Sie eine Uhrzeit zwischen 9 und 16 Uhr ein.<\/div><\/div><div id=\"wpforms-17084-field_41-container\" class=\"wpforms-field wpforms-field-select wpforms-one-half wpforms-first wpforms-field-select-style-classic\" data-field-id=\"41\"><label class=\"wpforms-field-label\" for=\"wpforms-17084-field_41\">Online-\/ Vor-Ort-Pr\u00e4sentation: <span class=\"wpforms-required-label\">*<\/span><\/label><select id=\"wpforms-17084-field_41\" class=\"wpforms-field-large wpforms-field-required\" name=\"wpforms[fields][41]\" required=\"required\"><option value=\"\" class=\"placeholder\" disabled  selected='selected'>&#8212; Auswahl treffen &#8212;<\/option><option value=\"Online-Pr\u00e4sentation\"  class=\"choice-1 depth-1\"  >Online-Pr\u00e4sentation<\/option><option value=\"Vor-Ort-Pr\u00e4sentation (offline)\"  class=\"choice-2 depth-1\"  >Vor-Ort-Pr\u00e4sentation (offline)<\/option><\/select><div class=\"wpforms-field-description\">Bitte w\u00e4hlen Sie eine Art der Pr\u00e4sentation aus.<\/div><\/div><div id=\"wpforms-17084-field_42-container\" class=\"wpforms-field wpforms-field-select wpforms-one-half wpforms-field-select-style-classic\" data-field-id=\"42\"><label class=\"wpforms-field-label\" for=\"wpforms-17084-field_42\">Anwendung <span class=\"wpforms-required-label\">*<\/span><\/label><select id=\"wpforms-17084-field_42\" class=\"wpforms-field-large wpforms-field-required\" name=\"wpforms[fields][42]\" required=\"required\"><option value=\"\" class=\"placeholder\" disabled  selected='selected'>&#8212; Auswahl treffen &#8212;<\/option><option value=\"Microsoft Teams\"  class=\"choice-1 depth-1\"  >Microsoft Teams<\/option><option value=\"Zoom\"  class=\"choice-2 depth-1\"  >Zoom<\/option><\/select><div class=\"wpforms-field-description\">Bitte w\u00e4hlen Sie ein Software-Programm f\u00fcr die Online-Demonstration aus.<\/div><\/div><div id=\"wpforms-17084-field_54-container\" class=\"wpforms-field wpforms-field-divider\" data-field-id=\"54\"><\/div><div id=\"wpforms-17084-field_15-container\" class=\"wpforms-field wpforms-field-gdpr-checkbox\" data-field-id=\"15\"><label class=\"wpforms-field-label\">DSGVO-Einverst\u00e4ndnis <span class=\"wpforms-required-label\">*<\/span><\/label><ul id=\"wpforms-17084-field_15\" class=\"wpforms-field-required\"><li class=\"choice-1\"><input type=\"checkbox\" id=\"wpforms-17084-field_15_1\" name=\"wpforms[fields][15][]\" value=\"Ich stimme der hiermit verbundenen Datenweitergabe ausdr\u00fccklich zu und habe die &lt;a href=&quot;https:\/\/www.kindermann.de\/company\/datenschutz\/&quot; target=&quot;blank&quot;&gt;Datenschutzerkl\u00e4rung&lt;\/a&gt; zur Kenntnis genommen. &lt;br&gt;Meine Einwilligung kann ich jederzeit per Mail an &lt;a href=&quot;mailto:info@kindermann.de&quot;&gt;info@kindermann.de&lt;\/a&gt; widerrufen.\" required ><label class=\"wpforms-field-label-inline\" for=\"wpforms-17084-field_15_1\">Ich stimme der hiermit verbundenen Datenweitergabe ausdr\u00fccklich zu und habe die <a href=\"https:\/\/www.kindermann.de\/company\/datenschutz\/\" target=\"blank\">Datenschutzerkl\u00e4rung<\/a> zur Kenntnis genommen. <br>Meine Einwilligung kann ich jederzeit per Mail an <a href=\"mailto:info@kindermann.de\">info@kindermann.de<\/a> widerrufen.<\/label><\/li><\/ul><\/div><div id=\"wpforms-17084-field_55-container\" class=\"wpforms-field wpforms-field-divider\" data-field-id=\"55\"><div class=\"wpforms-field-description\">* Pflichtfelder<\/div><\/div><\/div><!-- .wpforms-field-container --><div class=\"wpforms-recaptcha-container wpforms-is-hcaptcha\" ><div class=\"h-captcha\" data-sitekey=\"ee430cde-505e-4836-afaf-53460f13a475\"><\/div><input type=\"text\" name=\"g-recaptcha-hidden\" class=\"wpforms-recaptcha-hidden\" style=\"position:absolute!important;clip:rect(0,0,0,0)!important;height:1px!important;width:1px!important;border:0!important;overflow:hidden!important;padding:0!important;margin:0!important;\" data-rule-hcaptcha=\"1\"><\/div><div class=\"wpforms-submit-container\" ><input type=\"hidden\" name=\"wpforms[id]\" value=\"17084\"><input type=\"hidden\" name=\"page_title\" value=\"\"><input type=\"hidden\" name=\"page_url\" value=\"https:\/\/www.kindermann.de\/company\/wp-json\/company\/v2\/pages\/12427\"><input type=\"hidden\" name=\"url_referer\" value=\"\"><button type=\"submit\" name=\"wpforms[submit]\" id=\"wpforms-submit-17084\" class=\"wpforms-submit\" data-alt-text=\"Wird gesendet\u00a0\u2026\" data-submit-text=\"Jetzt Klick&amp;Show Demo anfragen!\" aria-live=\"assertive\" value=\"wpforms-submit\">Jetzt Klick&amp;Show Demo anfragen!<\/button><img decoding=\"async\" src=\"https:\/\/www.kindermann.de\/company\/wp-content\/plugins\/wpforms\/assets\/images\/submit-spin.svg\" class=\"wpforms-submit-spinner\" style=\"display: none;\" width=\"26\" height=\"26\" alt=\"Wird geladen\"><\/div><\/form><\/div>  <!-- .wpforms-container -->\n\n<div class=\"text_group text_group_ box_ box_\" id=\"  \">\n\t<div class=\"text_group_content \">\n\t\t\n\t<\/div>\n<\/div>\n\n\n<div class=\"text_group text_group_narrow box_ box_\" id=\"  \">\n\t<div class=\"text_group_content \">\n\t\t\n\t<\/div>\n<\/div>\n\n\n\t<\/div>\n<\/div>\n","protected":false},"excerpt":{"rendered":"","protected":false},"author":4,"featured_media":0,"parent":12340,"menu_order":0,"comment_status":"closed","ping_status":"closed","template":"klickandshow.php","meta":{"_acf_changed":false,"footnotes":""},"class_list":["post-12427","page","type-page","status-publish","format-standard","hentry"],"acf":[],"yoast_head":"<!-- This site is optimized with the Yoast SEO plugin v27.4 - https:\/\/yoast.com\/product\/yoast-seo-wordpress\/ -->\n<title>Klick&amp;Show Demo - Kindermann GmbH<\/title>\n<meta name=\"robots\" content=\"index, follow, max-snippet:-1, max-image-preview:large, max-video-preview:-1\" \/>\n<link rel=\"canonical\" href=\"https:\/\/www.kindermann.de\/company\/klickandshow\/klickandshow-demo\/\" \/>\n<meta property=\"og:locale\" content=\"de_DE\" \/>\n<meta property=\"og:type\" content=\"article\" \/>\n<meta property=\"og:title\" content=\"Klick&amp;Show Demo - Kindermann GmbH\" \/>\n<meta property=\"og:url\" content=\"https:\/\/www.kindermann.de\/company\/klickandshow\/klickandshow-demo\/\" \/>\n<meta property=\"og:site_name\" content=\"Kindermann GmbH\" \/>\n<meta property=\"article:publisher\" content=\"https:\/\/www.facebook.com\/KindermannGmbH\/\" \/>\n<meta name=\"twitter:card\" content=\"summary_large_image\" \/>\n<meta name=\"twitter:label1\" content=\"Gesch\u00e4tzte Lesezeit\" \/>\n\t<meta name=\"twitter:data1\" content=\"1\u00a0Minute\" \/>\n<script type=\"application\/ld+json\" class=\"yoast-schema-graph\">{\"@context\":\"https:\\\/\\\/schema.org\",\"@graph\":[{\"@type\":\"WebPage\",\"@id\":\"https:\\\/\\\/www.kindermann.de\\\/company\\\/klickandshow\\\/klickandshow-demo\\\/\",\"url\":\"https:\\\/\\\/www.kindermann.de\\\/company\\\/klickandshow\\\/klickandshow-demo\\\/\",\"name\":\"Klick&Show Demo - Kindermann GmbH\",\"isPartOf\":{\"@id\":\"https:\\\/\\\/www.kindermann.de\\\/company\\\/#website\"},\"datePublished\":\"2026-04-20T13:57:47+00:00\",\"breadcrumb\":{\"@id\":\"https:\\\/\\\/www.kindermann.de\\\/company\\\/klickandshow\\\/klickandshow-demo\\\/#breadcrumb\"},\"inLanguage\":\"de\",\"potentialAction\":[{\"@type\":\"ReadAction\",\"target\":[\"https:\\\/\\\/www.kindermann.de\\\/company\\\/klickandshow\\\/klickandshow-demo\\\/\"]}]},{\"@type\":\"BreadcrumbList\",\"@id\":\"https:\\\/\\\/www.kindermann.de\\\/company\\\/klickandshow\\\/klickandshow-demo\\\/#breadcrumb\",\"itemListElement\":[{\"@type\":\"ListItem\",\"position\":1,\"name\":\"Startseite\",\"item\":\"https:\\\/\\\/www.kindermann.de\\\/company\\\/\"},{\"@type\":\"ListItem\",\"position\":2,\"name\":\"Klick&#038;Show Landingpage\",\"item\":\"https:\\\/\\\/www.kindermann.de\\\/company\\\/klickandshow\\\/\"},{\"@type\":\"ListItem\",\"position\":3,\"name\":\"Klick&#038;Show Demo\"}]},{\"@type\":\"WebSite\",\"@id\":\"https:\\\/\\\/www.kindermann.de\\\/company\\\/#website\",\"url\":\"https:\\\/\\\/www.kindermann.de\\\/company\\\/\",\"name\":\"Kindermann GmbH\",\"description\":\"\",\"publisher\":{\"@id\":\"https:\\\/\\\/www.kindermann.de\\\/company\\\/#organization\"},\"potentialAction\":[{\"@type\":\"SearchAction\",\"target\":{\"@type\":\"EntryPoint\",\"urlTemplate\":\"https:\\\/\\\/www.kindermann.de\\\/company\\\/?s={search_term_string}\"},\"query-input\":{\"@type\":\"PropertyValueSpecification\",\"valueRequired\":true,\"valueName\":\"search_term_string\"}}],\"inLanguage\":\"de\"},{\"@type\":\"Organization\",\"@id\":\"https:\\\/\\\/www.kindermann.de\\\/company\\\/#organization\",\"name\":\"Kindermann GmbH\",\"url\":\"https:\\\/\\\/www.kindermann.de\\\/company\\\/\",\"logo\":{\"@type\":\"ImageObject\",\"inLanguage\":\"de\",\"@id\":\"https:\\\/\\\/www.kindermann.de\\\/company\\\/#\\\/schema\\\/logo\\\/image\\\/\",\"url\":\"https:\\\/\\\/www.kindermann.de\\\/company\\\/wp-content\\\/uploads\\\/2022\\\/10\\\/Kindermann_Logo_300_100.png\",\"contentUrl\":\"https:\\\/\\\/www.kindermann.de\\\/company\\\/wp-content\\\/uploads\\\/2022\\\/10\\\/Kindermann_Logo_300_100.png\",\"width\":300,\"height\":100,\"caption\":\"Kindermann GmbH\"},\"image\":{\"@id\":\"https:\\\/\\\/www.kindermann.de\\\/company\\\/#\\\/schema\\\/logo\\\/image\\\/\"},\"sameAs\":[\"https:\\\/\\\/www.facebook.com\\\/KindermannGmbH\\\/\",\"https:\\\/\\\/www.xing.com\\\/pages\\\/kindermanngmbh\",\"https:\\\/\\\/www.linkedin.com\\\/company\\\/kindermann-gmbh\"]}]}<\/script>\n<!-- \/ Yoast SEO plugin. -->","yoast_head_json":{"title":"Klick&Show Demo - Kindermann GmbH","robots":{"index":"index","follow":"follow","max-snippet":"max-snippet:-1","max-image-preview":"max-image-preview:large","max-video-preview":"max-video-preview:-1"},"canonical":"https:\/\/www.kindermann.de\/company\/klickandshow\/klickandshow-demo\/","og_locale":"de_DE","og_type":"article","og_title":"Klick&Show Demo - Kindermann GmbH","og_url":"https:\/\/www.kindermann.de\/company\/klickandshow\/klickandshow-demo\/","og_site_name":"Kindermann GmbH","article_publisher":"https:\/\/www.facebook.com\/KindermannGmbH\/","twitter_card":"summary_large_image","twitter_misc":{"Gesch\u00e4tzte Lesezeit":"1\u00a0Minute"},"schema":{"@context":"https:\/\/schema.org","@graph":[{"@type":"WebPage","@id":"https:\/\/www.kindermann.de\/company\/klickandshow\/klickandshow-demo\/","url":"https:\/\/www.kindermann.de\/company\/klickandshow\/klickandshow-demo\/","name":"Klick&Show Demo - Kindermann GmbH","isPartOf":{"@id":"https:\/\/www.kindermann.de\/company\/#website"},"datePublished":"2026-04-20T13:57:47+00:00","breadcrumb":{"@id":"https:\/\/www.kindermann.de\/company\/klickandshow\/klickandshow-demo\/#breadcrumb"},"inLanguage":"de","potentialAction":[{"@type":"ReadAction","target":["https:\/\/www.kindermann.de\/company\/klickandshow\/klickandshow-demo\/"]}]},{"@type":"BreadcrumbList","@id":"https:\/\/www.kindermann.de\/company\/klickandshow\/klickandshow-demo\/#breadcrumb","itemListElement":[{"@type":"ListItem","position":1,"name":"Startseite","item":"https:\/\/www.kindermann.de\/company\/"},{"@type":"ListItem","position":2,"name":"Klick&#038;Show Landingpage","item":"https:\/\/www.kindermann.de\/company\/klickandshow\/"},{"@type":"ListItem","position":3,"name":"Klick&#038;Show Demo"}]},{"@type":"WebSite","@id":"https:\/\/www.kindermann.de\/company\/#website","url":"https:\/\/www.kindermann.de\/company\/","name":"Kindermann GmbH","description":"","publisher":{"@id":"https:\/\/www.kindermann.de\/company\/#organization"},"potentialAction":[{"@type":"SearchAction","target":{"@type":"EntryPoint","urlTemplate":"https:\/\/www.kindermann.de\/company\/?s={search_term_string}"},"query-input":{"@type":"PropertyValueSpecification","valueRequired":true,"valueName":"search_term_string"}}],"inLanguage":"de"},{"@type":"Organization","@id":"https:\/\/www.kindermann.de\/company\/#organization","name":"Kindermann GmbH","url":"https:\/\/www.kindermann.de\/company\/","logo":{"@type":"ImageObject","inLanguage":"de","@id":"https:\/\/www.kindermann.de\/company\/#\/schema\/logo\/image\/","url":"https:\/\/www.kindermann.de\/company\/wp-content\/uploads\/2022\/10\/Kindermann_Logo_300_100.png","contentUrl":"https:\/\/www.kindermann.de\/company\/wp-content\/uploads\/2022\/10\/Kindermann_Logo_300_100.png","width":300,"height":100,"caption":"Kindermann GmbH"},"image":{"@id":"https:\/\/www.kindermann.de\/company\/#\/schema\/logo\/image\/"},"sameAs":["https:\/\/www.facebook.com\/KindermannGmbH\/","https:\/\/www.xing.com\/pages\/kindermanngmbh","https:\/\/www.linkedin.com\/company\/kindermann-gmbh"]}]}},"_links":{"self":[{"href":"https:\/\/www.kindermann.de\/company\/wp-json\/wp\/v2\/pages\/12427","targetHints":{"allow":["GET"]}}],"collection":[{"href":"https:\/\/www.kindermann.de\/company\/wp-json\/wp\/v2\/pages"}],"about":[{"href":"https:\/\/www.kindermann.de\/company\/wp-json\/wp\/v2\/types\/page"}],"author":[{"embeddable":true,"href":"https:\/\/www.kindermann.de\/company\/wp-json\/wp\/v2\/users\/4"}],"replies":[{"embeddable":true,"href":"https:\/\/www.kindermann.de\/company\/wp-json\/wp\/v2\/comments?post=12427"}],"version-history":[{"count":7,"href":"https:\/\/www.kindermann.de\/company\/wp-json\/wp\/v2\/pages\/12427\/revisions"}],"predecessor-version":[{"id":17225,"href":"https:\/\/www.kindermann.de\/company\/wp-json\/wp\/v2\/pages\/12427\/revisions\/17225"}],"up":[{"embeddable":true,"href":"https:\/\/www.kindermann.de\/company\/wp-json\/wp\/v2\/pages\/12340"}],"wp:attachment":[{"href":"https:\/\/www.kindermann.de\/company\/wp-json\/wp\/v2\/media?parent=12427"}],"curies":[{"name":"wp","href":"https:\/\/api.w.org\/{rel}","templated":true}]}}