{"id":12422,"date":"2026-04-20T15:58:21","date_gmt":"2026-04-20T13:58:21","guid":{"rendered":"https:\/\/www.kindermann.de\/company\/?page_id=12422"},"modified":"2026-04-20T15:58:22","modified_gmt":"2026-04-20T13:58:22","slug":"klickandshow-medien","status":"publish","type":"page","link":"https:\/\/www.kindermann.de\/company\/klickandshow\/klickandshow-medien\/","title":{"rendered":"Klick&#038;Show Medien"},"content":{"rendered":"<div class=\"main_slider_block  \">\n\t\t<div class=\"main_teaser main_teaser_default  main_teaser_slider_f42005953848b305d73ddf390b5b1bba\" data-class=\"main_teaser_slider_f42005953848b305d73ddf390b5b1bba\" data-duration=\"30\">\n\t\t\t\t\t<div class=\"main_slide main_slide_static\">\n\t\t\t\t\t\t\t\t<div class=\"main_slide_gallery main_slide_gallery_c7eba0fdb38d55b4fda021788d102fe1\" data-class=\"main_slide_gallery_c7eba0fdb38d55b4fda021788d102fe1\">\n\t\t\t\t<div class=\"main_slide_gallery_slide\"><img decoding=\"async\" width=\"2624\" height=\"1230\" src=\"https:\/\/www.kindermann.de\/company\/wp-content\/uploads\/2026\/02\/7488000361_Medien-Header_v1.jpg\" class=\"attachment-full size-full\" alt=\"\" data-desc=\"\" ><\/div>\t\t\t\t<\/div>\n\t\t\t\t<div class=\"main_slide_text_outer main_slide_text_outer_spark_1_l\">\n\t\t\t\t\t<div class=\"main_slide_text main_slide_text_spark_1_l main_slide_text_white main_slide_text_lines_hide\">\n\t\t\t\t\t\t<div class=\"main_slide_text_angle_h\"><\/div>\n\t\t\t\t\t\t<div class=\"main_slide_text_angle_v\"><\/div>\n\t\t\t\t\t\t<div class=\"main_slide_text_inner\">\n\t\t\t\t\t\t\t\n\t\t\t\t\t\t\t<p style=\"text-align: left\"><span style=\"color: #e80029\"><strong>Klick&amp;Show<\/strong><\/span><\/p>\n<h1 style=\"text-align: left\">Medien<\/h1>\n<p style=\"text-align: left\"><b>\u00a0<\/b><\/p>\n\t\t\t\t\t\t\t\t\t\t\t\t\t\t\n\t\t\t\t\t\t\t\t\t\t\t\t\t<\/div>\n\t\t\t\t\t<\/div>\n\t\t\t\t<\/div>\n\t\t\t<\/div>\n\t\t\t<\/div>\n<\/div>\n\n\n<div class=\"sticky_on_header\">\n\t<div class=\"container\">\n\t\t<div class=\"subnav\">\n\t\t\t<h4>\n\t\t\t\tEntdecken:\t\t\t<\/h4>\n\t\t\t<ul class=\"filter_list\">\n\n\t\t\t\t\t\t\t\t\t\t\t\t\t\t<li><a href=\"#presse\" target=\"\">Pressestimme<\/a><\/li>\n\t\t\t\t\t\t\t\t\t\t<li><a href=\"#broschuere\" target=\"\">Brosch\u00fcre<\/a><\/li>\n\t\t\t\t\t\t\t\t\t\t<li><a href=\"#videos\" target=\"\">Videos<\/a><\/li>\n\t\t\t\t\t\t\t\t\t\n\t\t\t\t\n\t\t\t\t\t\t\t\t\n\t\t\t\t\t\t\t<\/ul>\n\t\t<\/div>\n\t<\/div>\n<\/div>\n\n\n\n<div style=\"height:100px\" aria-hidden=\"true\" id=\"presse\" class=\"wp-block-spacer\"><\/div>\n\n\n\n<div class=\"wp-block-columns is-layout-flex wp-container-core-columns-is-layout-9d6595d7 wp-block-columns-is-layout-flex\">\n<div class=\"wp-block-column is-layout-flow wp-block-column-is-layout-flow\">\n<h2 class=\"wp-block-heading\">&#8220;Ein System, das einfach funktioniert!&#8221;<\/h2>\n\n\n\n<p class=\"has-medium-font-size\"><strong>Das renommierte Fachmagazin Inavate hat unser neues Kindermann Klick&amp;Show K-FX Plus unter die Lupe genommen \u2013 und das Urteil k\u00f6nnte nicht besser ausfallen!<\/strong><\/p>\n\n\n\n<p>In ihrem Testvideo zeigt Reece Webb, wie einfach und leistungs\u00adstark unser Dual-Funktion drahtlos Conferencing &amp; Collaboration System ist.<\/p>\n\n\n\n<p>Schon beim Unboxing wird deutlich: Das K-FX Plus konzentriert sich auf das Wesentliche. Kein unn\u00f6tiger Schnickschnack \u2013 einfach anschlie\u00dfen und loslegen!<\/p>\n\n\n\n<p>Mit den zwei mitgelieferten 4K-Transmittern (HDMI &amp; USB-C) bietet es maximale Anschlussvielfalt und ist mit jedem Ger\u00e4t kompatibel.<\/p>\n\n\n\n<p>Laut Inavate wird es f\u00fcr andere Hersteller schwer, eine \u00e4hnliche Kombination aus Einfachheit und Funktionalit\u00e4t zu bieten. Besonders das nahtlose Teilen von Inhalten, die einfache Bedienung und die starke Performance machen das K-FX Plus zum neuen Ma\u00dfstab f\u00fcr flexible Pr\u00e4sentations- und Meetingl\u00f6sungen.<\/p>\n<\/div>\n\n\n\n<div class=\"wp-block-column is-vertically-aligned-top is-layout-flow wp-block-column-is-layout-flow\">\n<iframe width=\"840\" height=\"475\" src=\"https:\/\/www.youtube.com\/embed\/eG_UzWGThms?si=5X3v2Dlk6iCLfb--\" title=\"YouTube video player\" frameborder=\"0\" allow=\"accelerometer; autoplay; clipboard-write; encrypted-media; gyroscope; picture-in-picture; web-share\" referrerpolicy=\"strict-origin-when-cross-origin\" allowfullscreen><\/iframe>\n\n\n<\/div>\n<\/div>\n\n\n\n<div style=\"height:80px\" aria-hidden=\"true\" class=\"wp-block-spacer\"><\/div>\n\n\n\n<hr class=\"wp-block-separator has-alpha-channel-opacity\">\n\n\n\n<div style=\"height:80px\" aria-hidden=\"true\" id=\"broschuere\" class=\"wp-block-spacer\"><\/div>\n\n\n\n<div class=\"wp-block-group alignfull\"><div class=\"wp-block-group__inner-container is-layout-constrained wp-block-group-is-layout-constrained\">\n<div class=\"wp-block-media-text is-stacked-on-mobile has-white-background-color has-background\" style=\"grid-template-columns:21% auto\"><figure class=\"wp-block-media-text__media\"><img decoding=\"async\" width=\"844\" height=\"848\" src=\"https:\/\/www.kindermann.de\/company\/wp-content\/uploads\/2026\/02\/image.jpeg\" alt=\"\" class=\"wp-image-16644 size-full\"><\/figure><div class=\"wp-block-media-text__content\">\n<h2 class=\"wp-block-heading\">Klick&amp;Show \u2013 It\u00b4s all about the show!<\/h2>\n\n\n\n<p class=\"has-medium-font-size\"><strong>Drahtlos-Pr\u00e4sentationssystem f\u00fcr kleine bis mittlere Besprechungsr\u00e4ume, Klassenzimmer und Huddle-Spaces.<\/strong><\/p>\n\n\n\n<p>Mit dem Kindermann Klick&amp;Show Pr\u00e4sentations\u00adsystem k\u00f6nnen Anwender auf besonders einfache Weise die Inhalte ihres Laptops oder Mobilger\u00e4tes drahtlos pr\u00e4sentieren \u2013 ganz ohne Konfiguration, ohne Kabel und ohne Wartezeiten.<\/p>\n\n\n\n<div style=\"height:73px\" aria-hidden=\"true\" class=\"wp-block-spacer\"><\/div>\n\n\n\n<div class=\"wp-block-buttons is-layout-flex wp-block-buttons-is-layout-flex\">\n<div class=\"wp-block-button\"><a class=\"wp-block-button__link wp-element-button\" href=\"https:\/\/assets.kindermann.de\/_default_upload_bucket\/Klick%26Show_2025_DE_Web.pdf\" target=\"_blank\" rel=\"noreferrer noopener\">Klick&amp;Show Prospekt in Deutsch<\/a><\/div>\n\n\n\n<div class=\"wp-block-button\"><a class=\"wp-block-button__link wp-element-button\" href=\"https:\/\/assets.kindermann.de\/_default_upload_bucket\/Klick%26Show_2025_EN_Web.pdf\" target=\"_blank\" rel=\"noreferrer noopener\">Klick&amp;Show Prospekt in Englisch<\/a><\/div>\n<\/div>\n<\/div><\/div>\n<\/div><\/div>\n\n\n\n<div style=\"height:80px\" aria-hidden=\"true\" class=\"wp-block-spacer\"><\/div>\n\n\n\n<hr class=\"wp-block-separator has-alpha-channel-opacity\">\n\n\n\n<div style=\"height:80px\" aria-hidden=\"true\" id=\"videos\" class=\"wp-block-spacer\"><\/div>\n\n\n\n<h2 class=\"wp-block-heading\">Produktvideos<\/h2>\n\n\n\n<p class=\"has-medium-font-size\"><strong>Seminar-Aufzeichnung zur detaillierten Einf\u00fchrung in die Klick&amp;Show Produktfamilie!<\/strong><\/p>\n\n\n\n<div class=\"wp-block-columns is-layout-flex wp-container-core-columns-is-layout-9d6595d7 wp-block-columns-is-layout-flex\">\n<div class=\"wp-block-column is-layout-flow wp-block-column-is-layout-flow\">\n<iframe title=\"vimeo-player\" src=\"https:\/\/player.vimeo.com\/video\/1120785900?h=76cfccb1e4\" width=\"840\" height=\"475\" frameborder=\"0\" referrerpolicy=\"strict-origin-when-cross-origin\" allow=\"autoplay; fullscreen; picture-in-picture; clipboard-write; encrypted-media; web-share\"   allowfullscreen><\/iframe>\n<\/div>\n\n\n\n<div class=\"wp-block-column is-layout-flow wp-block-column-is-layout-flow\">\n<iframe title=\"vimeo-player\" src=\"https:\/\/player.vimeo.com\/video\/1121497106?h=dd952d7a3d\" width=\"840\" height=\"475\" frameborder=\"0\" referrerpolicy=\"strict-origin-when-cross-origin\" allow=\"autoplay; fullscreen; picture-in-picture; clipboard-write; encrypted-media; web-share\"   allowfullscreen><\/iframe>\n<\/div>\n<\/div>\n\n\n\n<div style=\"height:100px\" aria-hidden=\"true\" class=\"wp-block-spacer\"><\/div>\n","protected":false},"excerpt":{"rendered":"<p>&#8220;Ein System, das einfach funktioniert!&#8221; Das renommierte Fachmagazin Inavate hat unser neues Kindermann Klick&amp;Show K-FX Plus unter die Lupe genommen &#8230;<\/p>\n","protected":false},"author":4,"featured_media":0,"parent":12340,"menu_order":0,"comment_status":"closed","ping_status":"closed","template":"klickandshow.php","meta":{"_acf_changed":false,"footnotes":""},"class_list":["post-12422","page","type-page","status-publish","format-standard","hentry"],"acf":[],"yoast_head":"<!-- This site is optimized with the Yoast SEO plugin v27.4 - https:\/\/yoast.com\/product\/yoast-seo-wordpress\/ -->\n<title>Klick&amp;Show Medien - Kindermann GmbH<\/title>\n<meta name=\"robots\" content=\"index, follow, max-snippet:-1, max-image-preview:large, max-video-preview:-1\" \/>\n<link rel=\"canonical\" href=\"https:\/\/www.kindermann.de\/company\/klickandshow\/klickandshow-medien\/\" \/>\n<meta property=\"og:locale\" content=\"de_DE\" \/>\n<meta property=\"og:type\" content=\"article\" \/>\n<meta property=\"og:title\" content=\"Klick&amp;Show Medien - Kindermann GmbH\" \/>\n<meta property=\"og:description\" content=\"&#8220;Ein System, das einfach funktioniert!&#8221; Das renommierte Fachmagazin Inavate hat unser neues Kindermann Klick&amp;Show K-FX Plus unter die Lupe genommen ...\" \/>\n<meta property=\"og:url\" content=\"https:\/\/www.kindermann.de\/company\/klickandshow\/klickandshow-medien\/\" \/>\n<meta property=\"og:site_name\" content=\"Kindermann GmbH\" \/>\n<meta property=\"article:publisher\" content=\"https:\/\/www.facebook.com\/KindermannGmbH\/\" \/>\n<meta property=\"article:modified_time\" content=\"2026-04-20T13:58:22+00:00\" \/>\n<meta property=\"og:image\" content=\"https:\/\/www.kindermann.de\/company\/wp-content\/uploads\/2026\/02\/image.jpeg\" \/>\n<meta name=\"twitter:card\" content=\"summary_large_image\" \/>\n<script type=\"application\/ld+json\" class=\"yoast-schema-graph\">{\"@context\":\"https:\\\/\\\/schema.org\",\"@graph\":[{\"@type\":\"WebPage\",\"@id\":\"https:\\\/\\\/www.kindermann.de\\\/company\\\/klickandshow\\\/klickandshow-medien\\\/\",\"url\":\"https:\\\/\\\/www.kindermann.de\\\/company\\\/klickandshow\\\/klickandshow-medien\\\/\",\"name\":\"Klick&Show Medien - Kindermann GmbH\",\"isPartOf\":{\"@id\":\"https:\\\/\\\/www.kindermann.de\\\/company\\\/#website\"},\"primaryImageOfPage\":{\"@id\":\"https:\\\/\\\/www.kindermann.de\\\/company\\\/klickandshow\\\/klickandshow-medien\\\/#primaryimage\"},\"image\":{\"@id\":\"https:\\\/\\\/www.kindermann.de\\\/company\\\/klickandshow\\\/klickandshow-medien\\\/#primaryimage\"},\"thumbnailUrl\":\"https:\\\/\\\/www.kindermann.de\\\/company\\\/wp-content\\\/uploads\\\/2026\\\/02\\\/image.jpeg\",\"datePublished\":\"2026-04-20T13:58:21+00:00\",\"dateModified\":\"2026-04-20T13:58:22+00:00\",\"breadcrumb\":{\"@id\":\"https:\\\/\\\/www.kindermann.de\\\/company\\\/klickandshow\\\/klickandshow-medien\\\/#breadcrumb\"},\"inLanguage\":\"de\",\"potentialAction\":[{\"@type\":\"ReadAction\",\"target\":[\"https:\\\/\\\/www.kindermann.de\\\/company\\\/klickandshow\\\/klickandshow-medien\\\/\"]}]},{\"@type\":\"ImageObject\",\"inLanguage\":\"de\",\"@id\":\"https:\\\/\\\/www.kindermann.de\\\/company\\\/klickandshow\\\/klickandshow-medien\\\/#primaryimage\",\"url\":\"https:\\\/\\\/www.kindermann.de\\\/company\\\/wp-content\\\/uploads\\\/2026\\\/02\\\/image.jpeg\",\"contentUrl\":\"https:\\\/\\\/www.kindermann.de\\\/company\\\/wp-content\\\/uploads\\\/2026\\\/02\\\/image.jpeg\",\"width\":844,\"height\":848},{\"@type\":\"BreadcrumbList\",\"@id\":\"https:\\\/\\\/www.kindermann.de\\\/company\\\/klickandshow\\\/klickandshow-medien\\\/#breadcrumb\",\"itemListElement\":[{\"@type\":\"ListItem\",\"position\":1,\"name\":\"Startseite\",\"item\":\"https:\\\/\\\/www.kindermann.de\\\/company\\\/\"},{\"@type\":\"ListItem\",\"position\":2,\"name\":\"Klick&#038;Show Landingpage\",\"item\":\"https:\\\/\\\/www.kindermann.de\\\/company\\\/klickandshow\\\/\"},{\"@type\":\"ListItem\",\"position\":3,\"name\":\"Klick&#038;Show Medien\"}]},{\"@type\":\"WebSite\",\"@id\":\"https:\\\/\\\/www.kindermann.de\\\/company\\\/#website\",\"url\":\"https:\\\/\\\/www.kindermann.de\\\/company\\\/\",\"name\":\"Kindermann GmbH\",\"description\":\"\",\"publisher\":{\"@id\":\"https:\\\/\\\/www.kindermann.de\\\/company\\\/#organization\"},\"potentialAction\":[{\"@type\":\"SearchAction\",\"target\":{\"@type\":\"EntryPoint\",\"urlTemplate\":\"https:\\\/\\\/www.kindermann.de\\\/company\\\/?s={search_term_string}\"},\"query-input\":{\"@type\":\"PropertyValueSpecification\",\"valueRequired\":true,\"valueName\":\"search_term_string\"}}],\"inLanguage\":\"de\"},{\"@type\":\"Organization\",\"@id\":\"https:\\\/\\\/www.kindermann.de\\\/company\\\/#organization\",\"name\":\"Kindermann GmbH\",\"url\":\"https:\\\/\\\/www.kindermann.de\\\/company\\\/\",\"logo\":{\"@type\":\"ImageObject\",\"inLanguage\":\"de\",\"@id\":\"https:\\\/\\\/www.kindermann.de\\\/company\\\/#\\\/schema\\\/logo\\\/image\\\/\",\"url\":\"https:\\\/\\\/www.kindermann.de\\\/company\\\/wp-content\\\/uploads\\\/2022\\\/10\\\/Kindermann_Logo_300_100.png\",\"contentUrl\":\"https:\\\/\\\/www.kindermann.de\\\/company\\\/wp-content\\\/uploads\\\/2022\\\/10\\\/Kindermann_Logo_300_100.png\",\"width\":300,\"height\":100,\"caption\":\"Kindermann GmbH\"},\"image\":{\"@id\":\"https:\\\/\\\/www.kindermann.de\\\/company\\\/#\\\/schema\\\/logo\\\/image\\\/\"},\"sameAs\":[\"https:\\\/\\\/www.facebook.com\\\/KindermannGmbH\\\/\",\"https:\\\/\\\/www.xing.com\\\/pages\\\/kindermanngmbh\",\"https:\\\/\\\/www.linkedin.com\\\/company\\\/kindermann-gmbh\"]}]}<\/script>\n<!-- \/ Yoast SEO plugin. -->","yoast_head_json":{"title":"Klick&Show Medien - Kindermann GmbH","robots":{"index":"index","follow":"follow","max-snippet":"max-snippet:-1","max-image-preview":"max-image-preview:large","max-video-preview":"max-video-preview:-1"},"canonical":"https:\/\/www.kindermann.de\/company\/klickandshow\/klickandshow-medien\/","og_locale":"de_DE","og_type":"article","og_title":"Klick&Show Medien - Kindermann GmbH","og_description":"&#8220;Ein System, das einfach funktioniert!&#8221; Das renommierte Fachmagazin Inavate hat unser neues Kindermann Klick&amp;Show K-FX Plus unter die Lupe genommen ...","og_url":"https:\/\/www.kindermann.de\/company\/klickandshow\/klickandshow-medien\/","og_site_name":"Kindermann GmbH","article_publisher":"https:\/\/www.facebook.com\/KindermannGmbH\/","article_modified_time":"2026-04-20T13:58:22+00:00","og_image":[{"url":"https:\/\/www.kindermann.de\/company\/wp-content\/uploads\/2026\/02\/image.jpeg","type":"","width":"","height":""}],"twitter_card":"summary_large_image","schema":{"@context":"https:\/\/schema.org","@graph":[{"@type":"WebPage","@id":"https:\/\/www.kindermann.de\/company\/klickandshow\/klickandshow-medien\/","url":"https:\/\/www.kindermann.de\/company\/klickandshow\/klickandshow-medien\/","name":"Klick&Show Medien - Kindermann GmbH","isPartOf":{"@id":"https:\/\/www.kindermann.de\/company\/#website"},"primaryImageOfPage":{"@id":"https:\/\/www.kindermann.de\/company\/klickandshow\/klickandshow-medien\/#primaryimage"},"image":{"@id":"https:\/\/www.kindermann.de\/company\/klickandshow\/klickandshow-medien\/#primaryimage"},"thumbnailUrl":"https:\/\/www.kindermann.de\/company\/wp-content\/uploads\/2026\/02\/image.jpeg","datePublished":"2026-04-20T13:58:21+00:00","dateModified":"2026-04-20T13:58:22+00:00","breadcrumb":{"@id":"https:\/\/www.kindermann.de\/company\/klickandshow\/klickandshow-medien\/#breadcrumb"},"inLanguage":"de","potentialAction":[{"@type":"ReadAction","target":["https:\/\/www.kindermann.de\/company\/klickandshow\/klickandshow-medien\/"]}]},{"@type":"ImageObject","inLanguage":"de","@id":"https:\/\/www.kindermann.de\/company\/klickandshow\/klickandshow-medien\/#primaryimage","url":"https:\/\/www.kindermann.de\/company\/wp-content\/uploads\/2026\/02\/image.jpeg","contentUrl":"https:\/\/www.kindermann.de\/company\/wp-content\/uploads\/2026\/02\/image.jpeg","width":844,"height":848},{"@type":"BreadcrumbList","@id":"https:\/\/www.kindermann.de\/company\/klickandshow\/klickandshow-medien\/#breadcrumb","itemListElement":[{"@type":"ListItem","position":1,"name":"Startseite","item":"https:\/\/www.kindermann.de\/company\/"},{"@type":"ListItem","position":2,"name":"Klick&#038;Show Landingpage","item":"https:\/\/www.kindermann.de\/company\/klickandshow\/"},{"@type":"ListItem","position":3,"name":"Klick&#038;Show Medien"}]},{"@type":"WebSite","@id":"https:\/\/www.kindermann.de\/company\/#website","url":"https:\/\/www.kindermann.de\/company\/","name":"Kindermann GmbH","description":"","publisher":{"@id":"https:\/\/www.kindermann.de\/company\/#organization"},"potentialAction":[{"@type":"SearchAction","target":{"@type":"EntryPoint","urlTemplate":"https:\/\/www.kindermann.de\/company\/?s={search_term_string}"},"query-input":{"@type":"PropertyValueSpecification","valueRequired":true,"valueName":"search_term_string"}}],"inLanguage":"de"},{"@type":"Organization","@id":"https:\/\/www.kindermann.de\/company\/#organization","name":"Kindermann GmbH","url":"https:\/\/www.kindermann.de\/company\/","logo":{"@type":"ImageObject","inLanguage":"de","@id":"https:\/\/www.kindermann.de\/company\/#\/schema\/logo\/image\/","url":"https:\/\/www.kindermann.de\/company\/wp-content\/uploads\/2022\/10\/Kindermann_Logo_300_100.png","contentUrl":"https:\/\/www.kindermann.de\/company\/wp-content\/uploads\/2022\/10\/Kindermann_Logo_300_100.png","width":300,"height":100,"caption":"Kindermann GmbH"},"image":{"@id":"https:\/\/www.kindermann.de\/company\/#\/schema\/logo\/image\/"},"sameAs":["https:\/\/www.facebook.com\/KindermannGmbH\/","https:\/\/www.xing.com\/pages\/kindermanngmbh","https:\/\/www.linkedin.com\/company\/kindermann-gmbh"]}]}},"_links":{"self":[{"href":"https:\/\/www.kindermann.de\/company\/wp-json\/wp\/v2\/pages\/12422","targetHints":{"allow":["GET"]}}],"collection":[{"href":"https:\/\/www.kindermann.de\/company\/wp-json\/wp\/v2\/pages"}],"about":[{"href":"https:\/\/www.kindermann.de\/company\/wp-json\/wp\/v2\/types\/page"}],"author":[{"embeddable":true,"href":"https:\/\/www.kindermann.de\/company\/wp-json\/wp\/v2\/users\/4"}],"replies":[{"embeddable":true,"href":"https:\/\/www.kindermann.de\/company\/wp-json\/wp\/v2\/comments?post=12422"}],"version-history":[{"count":25,"href":"https:\/\/www.kindermann.de\/company\/wp-json\/wp\/v2\/pages\/12422\/revisions"}],"predecessor-version":[{"id":16982,"href":"https:\/\/www.kindermann.de\/company\/wp-json\/wp\/v2\/pages\/12422\/revisions\/16982"}],"up":[{"embeddable":true,"href":"https:\/\/www.kindermann.de\/company\/wp-json\/wp\/v2\/pages\/12340"}],"wp:attachment":[{"href":"https:\/\/www.kindermann.de\/company\/wp-json\/wp\/v2\/media?parent=12422"}],"curies":[{"name":"wp","href":"https:\/\/api.w.org\/{rel}","templated":true}]}}