{"id":12419,"date":"2026-04-20T15:54:59","date_gmt":"2026-04-20T13:54:59","guid":{"rendered":"https:\/\/www.kindermann.de\/company\/?page_id=12419"},"modified":"2026-04-20T15:55:06","modified_gmt":"2026-04-20T13:55:06","slug":"klickandshow-use-cases","status":"publish","type":"page","link":"https:\/\/www.kindermann.de\/company\/klickandshow\/klickandshow-use-cases\/","title":{"rendered":"Klick&#038;Show Use Cases"},"content":{"rendered":"<div class=\"main_slider_block  \">\n\t\t<div class=\"main_teaser main_teaser_default  main_teaser_slider_e4ca32a6cf70ab38487f0270f4cd89d4\" data-class=\"main_teaser_slider_e4ca32a6cf70ab38487f0270f4cd89d4\" data-duration=\"30\">\n\t\t\t\t\t<div class=\"main_slide main_slide_static\">\n\t\t\t\t\t\t\t\t<div class=\"main_slide_gallery main_slide_gallery_2b95a022dcb1259966cf09bdbade4a5c\" data-class=\"main_slide_gallery_2b95a022dcb1259966cf09bdbade4a5c\">\n\t\t\t\t<div class=\"main_slide_gallery_slide\"><img decoding=\"async\" width=\"2624\" height=\"1230\" src=\"https:\/\/www.kindermann.de\/company\/wp-content\/uploads\/2026\/02\/74880003xx_Use-Cases_Header.jpg\" class=\"attachment-full size-full\" alt=\"\" data-desc=\"\" ><\/div>\t\t\t\t<\/div>\n\t\t\t\t<div class=\"main_slide_text_outer main_slide_text_outer_spark_1_l\">\n\t\t\t\t\t<div class=\"main_slide_text main_slide_text_spark_1_l main_slide_text_white main_slide_text_lines_hide\">\n\t\t\t\t\t\t<div class=\"main_slide_text_angle_h\"><\/div>\n\t\t\t\t\t\t<div class=\"main_slide_text_angle_v\"><\/div>\n\t\t\t\t\t\t<div class=\"main_slide_text_inner\">\n\t\t\t\t\t\t\t\n\t\t\t\t\t\t\t<p style=\"text-align: left\"><span style=\"color: #e80029\"><strong>Klick&amp;Show<\/strong><\/span><\/p>\n<h1 style=\"text-align: left\">Use Cases<\/h1>\n<p style=\"text-align: left\"><strong>F\u00fcr jede Anforderung die passende L\u00f6sung.<\/strong><\/p>\n\t\t\t\t\t\t\t\t\t\t\t\t\t\t\n\t\t\t\t\t\t\t\t\t\t\t\t\t<\/div>\n\t\t\t\t\t<\/div>\n\t\t\t\t<\/div>\n\t\t\t<\/div>\n\t\t\t<\/div>\n<\/div>\n\n\n<div class=\"sticky_on_header\">\n\t<div class=\"container\">\n\t\t<div class=\"subnav\">\n\t\t\t<h4>\n\t\t\t\tTypische Einsatzszenarien:\t\t\t<\/h4>\n\t\t\t<ul class=\"filter_list\">\n\n\t\t\t\t\t\t\t\t\t\t\t\t\t\t<li><a href=\"#byom\" target=\"\">BYOM &#8211; Videokonferenz im Meetingraum<\/a><\/li>\n\t\t\t\t\t\t\t\t\t\t<li><a href=\"#byod\" target=\"\">BYOD &#8211; klassisch pr\u00e4sentieren<\/a><\/li>\n\t\t\t\t\t\t\t\t\t\t<li><a href=\"#business\" target=\"\">Hochschulen und Gro\u00dfunternehmen<\/a><\/li>\n\t\t\t\t\t\t\t\t\t\t<li><a href=\"#edu\" target=\"\">Unterricht-\/ Educationbereich<\/a><\/li>\n\t\t\t\t\t\t\t\t\t\n\t\t\t\t\n\t\t\t\t\t\t\t\t\n\t\t\t\t\t\t\t<\/ul>\n\t\t<\/div>\n\t<\/div>\n<\/div>\n\n\n\n<div style=\"height:100px\" aria-hidden=\"true\" class=\"wp-block-spacer\"><\/div>\n\n\n\n<h3 class=\"wp-block-heading\">Ob Meetingraum, H\u00f6rsaal oder Klassenzimmer \u2013 <br>Klick&amp;Show bietet f\u00fcr jede Anforderung die passende L\u00f6sung. <\/h3>\n\n\n\n<div style=\"height:29px\" aria-hidden=\"true\" class=\"wp-block-spacer\"><\/div>\n\n\n\n<div class=\"wp-block-columns is-layout-flex wp-container-core-columns-is-layout-9d6595d7 wp-block-columns-is-layout-flex\">\n<div class=\"wp-block-column is-layout-flow wp-block-column-is-layout-flow\">\n<p>Die Art, wie wir pr\u00e4sentieren, lernen und zusammenarbeiten, hat sich grundlegend ver\u00e4ndert. Hybride Teams, spontane Videokonferenzen, mobile Endger\u00e4te und flexible Raumkonzepte pr\u00e4gen heute den Arbeits- und Bildungsalltag. Gefragt sind L\u00f6sungen, die ohne Kabelsalat, ohne komplizierte Konfiguration und ohne technische H\u00fcrden funktionieren \u2013 einfach starten und loslegen.<\/p>\n<\/div>\n\n\n\n<div class=\"wp-block-column is-layout-flow wp-block-column-is-layout-flow\">\n<p>Klick&amp;Show von Kindermann erm\u00f6glicht kabellose Pr\u00e4sentationen und BYOM-Szenarien (Bring Your Own Meeting) in Meetingr\u00e4umen und Huddle Spaces, unterst\u00fctzt klassische BYOD-Anwendungen (Bring Your Own Device) f\u00fcr Mitarbeiter und G\u00e4ste und bietet zugleich skalierbare Konzepte f\u00fcr Hochschulen, Gro\u00dfunternehmen und den modernen Unterricht. Ob Notebook, Tablet oder Smartphone \u2013 Inhalte lassen sich schnell, zuverl\u00e4ssig und plattformunabh\u00e4ngig auf die gro\u00dfe Anzeige bringen.<\/p>\n<\/div>\n<\/div>\n\n\n\n<p>So entstehen flexible R\u00e4ume f\u00fcr effiziente Meetings, interaktive Zusammenarbeit und zeitgem\u00e4\u00dfe Wissensvermittlung \u2013 mit zentraler Verwaltung, einfacher Bedienung und maximaler Freiheit bei der Ger\u00e4tewahl.<\/p>\n\n\n\n<div style=\"height:100px\" aria-hidden=\"true\" class=\"wp-block-spacer\"><\/div>\n\n\n\n<div class=\"wp-block-group alignfull\"><div class=\"wp-block-group__inner-container is-layout-constrained wp-block-group-is-layout-constrained\">\n<div class=\"wp-block-media-text alignwide is-stacked-on-mobile has-white-background-color has-background\" id=\"byom\"><figure class=\"wp-block-media-text__media\"><img decoding=\"async\" width=\"1024\" height=\"683\" src=\"https:\/\/www.kindermann.de\/company\/wp-content\/uploads\/2026\/02\/KuS-BYOM.jpg\" alt=\"\" class=\"wp-image-16854 size-full\"><\/figure><div class=\"wp-block-media-text__content\">\n<h3 class=\"wp-block-heading\">BYOM &#8211; Videokonferenz im Meetingraum<\/h3>\n\n\n\n<p><strong>Die Art der Teamarbeit und wie wir uns mit Kollegen austauschen hat sich ver\u00e4ndert.<\/strong><\/p>\n\n\n\n<p>Bring Your Own Meeting (BYOM) ist die logische Konsequenz der sich ver\u00e4ndernden Arbeitsweise. Hybride Teams sind heute an der Tagesordnung und f\u00fcr spontane Videokonferenzen sind neue Konzepte gefragt. Jeder Meetingraum oder Huddle Space sollte auf einfachste Weise daf\u00fcr genutzt werden k\u00f6nnen.<\/p>\n\n\n\n<p>Und hier kommt Klick&amp;Show K-FX Plus ins Spiel, damit lassen sich Videosoundbars, Kameras und Speakerphones ganz einfach kabellos mit dem Notebook nutzen.<\/p>\n\n\n\n<p><strong>Unsere Empfehlung:<\/strong><\/p>\n\n\n\n<div class=\"wp-block-buttons is-layout-flex wp-block-buttons-is-layout-flex\">\n<div class=\"wp-block-button\"><a class=\"wp-block-button__link wp-element-button\" href=\"https:\/\/www.kindermann.de\/company\/product\/klickandshow-k-fx-plus\/\">Klick&amp;Show K-FX Plus<\/a><\/div>\n\n\n\n<div class=\"wp-block-button\"><a class=\"wp-block-button__link wp-element-button\" href=\"https:\/\/www.kindermann.de\/company\/product\/klickandshow-k-flex\/\">Klick&amp;Show K-FleX<\/a><\/div>\n<\/div>\n<\/div><\/div>\n\n\n\n<div style=\"height:100px\" aria-hidden=\"true\" class=\"wp-block-spacer\"><\/div>\n\n\n\n<div class=\"wp-block-media-text alignwide has-media-on-the-right is-stacked-on-mobile has-white-background-color has-background\" id=\"byod\"><div class=\"wp-block-media-text__content\">\n<h3 class=\"wp-block-heading\">BYOD &#8211; klassisch pr\u00e4sentieren<\/h3>\n\n\n\n<p><strong>Mobilit\u00e4t f\u00e4ngt da an, wo der Kabelsalat ein Ende hat.<\/strong><\/p>\n\n\n\n<p>Schluss mit fehlenden Kabeln, falschen Schnittstellen und Verz\u00f6gerungen bei Meetings. Klick&amp;Show bietet Mitarbeitern und G\u00e4sten die Freiheit, ganz gleich mit welchem Ger\u00e4t sie arbeiten, Inhalte kabellos zu pr\u00e4sentieren.<\/p>\n\n\n\n<p>Und das auf einfachste Art und Weise, ohne komplizierte Konfiguration, Software-Installation oder Wartezeiten.<\/p>\n\n\n\n<p>Einfach die App starten oder den Transmitter anstecken und pr\u00e4sentieren.<\/p>\n\n\n\n<p><strong>Unsere Empfehlung:<\/strong><\/p>\n\n\n\n<div class=\"wp-block-buttons is-layout-flex wp-block-buttons-is-layout-flex\">\n<div class=\"wp-block-button\"><a class=\"wp-block-button__link wp-element-button\" href=\"https:\/\/www.kindermann.de\/company\/product\/klickandshow-k-flex\/\">Klick&amp;Show K-FleX<\/a><\/div>\n\n\n\n<div class=\"wp-block-button\"><a class=\"wp-block-button__link wp-element-button\" href=\"https:\/\/www.kindermann.de\/company\/product\/klickandshow-k-40\/\">Klick&amp;Show K-40<\/a><\/div>\n<\/div>\n<\/div><figure class=\"wp-block-media-text__media\"><img decoding=\"async\" width=\"1024\" height=\"683\" src=\"https:\/\/www.kindermann.de\/company\/wp-content\/uploads\/2026\/02\/KuS-BYOD.jpg\" alt=\"\" class=\"wp-image-16853 size-full\"><\/figure><\/div>\n\n\n\n<div style=\"height:100px\" aria-hidden=\"true\" class=\"wp-block-spacer\"><\/div>\n\n\n\n<div class=\"wp-block-media-text alignwide is-stacked-on-mobile has-white-background-color has-background\" id=\"business\"><figure class=\"wp-block-media-text__media\"><img decoding=\"async\" width=\"1024\" height=\"683\" src=\"https:\/\/www.kindermann.de\/company\/wp-content\/uploads\/2026\/02\/KuS-EDU.jpg\" alt=\"\" class=\"wp-image-16856 size-full\"><\/figure><div class=\"wp-block-media-text__content\">\n<h3 class=\"wp-block-heading\">Hochschulen und Gro\u00dfunternehmen<\/h3>\n\n\n\n<p><strong>Viele R\u00e4ume, gleichbleibende Nutzer, einfache Administration.<\/strong><\/p>\n\n\n\n<p>Drahtlose Pr\u00e4sentation in vielen R\u00e4umen wie Klassenzimmern, H\u00f6rs\u00e4len oder Konferenzr\u00e4umen mit gleichbleibenden Nutzern muss einfach und preisg\u00fcnstig sein. Hier ist Klick&amp;Show K-FX Plus die ideale L\u00f6sung, die beides vereint. Dabei spielt es keine Rolle, ob ein Schulungsraum mit Notebooks oder Tablets ausgestattet ist oder die Teilnehmer ihre eigenen Devices nutzen.<\/p>\n\n\n\n<p>Das <strong>ManageTool<\/strong> unterst\u00fctzt die zentrale Verwaltung und entlastet die Administration.<\/p>\n\n\n\n<p><strong>Unsere Empfehlung:<\/strong><\/p>\n\n\n\n<div class=\"wp-block-buttons is-layout-flex wp-block-buttons-is-layout-flex\">\n<div class=\"wp-block-button\"><a class=\"wp-block-button__link wp-element-button\" href=\"https:\/\/www.kindermann.de\/company\/product\/klickandshow-k-fx-plus\/\">Klick&amp;Show K-FX Plus<\/a><\/div>\n\n\n\n<div class=\"wp-block-button\"><a class=\"wp-block-button__link wp-element-button\" href=\"https:\/\/www.kindermann.de\/company\/product\/klickandshow-k-flex\/\">Klick&amp;Show K-FleX<\/a><\/div>\n\n\n\n<div class=\"wp-block-button\"><a class=\"wp-block-button__link has-white-color has-text-color has-link-color wp-element-button\" href=\"https:\/\/www.kindermann.de\/company\/klickandshow-management-tool\/\">Klick&amp;Show ManageTool<\/a><\/div>\n<\/div>\n<\/div><\/div>\n\n\n\n<div style=\"height:100px\" aria-hidden=\"true\" class=\"wp-block-spacer\"><\/div>\n\n\n\n<div class=\"wp-block-media-text alignwide has-media-on-the-right is-stacked-on-mobile has-white-background-color has-background\" id=\"edu\"><div class=\"wp-block-media-text__content\">\n<h3 class=\"wp-block-heading\">Unterricht-\/ Educationbereich<\/h3>\n\n\n\n<p><strong>Der klassische Frontalunterricht geh\u00f6rt der Vergangenheit an.<\/strong><\/p>\n\n\n\n<p>Moderne Didaktik ist der Auffassung, dass Inhalte erst dann richtig begreifbar werden, wenn alle Beteiligten einbezogen werden und interaktiv zusammenarbeiten.<\/p>\n\n\n\n<p>Lehrkr\u00e4fte und Sch\u00fcler k\u00f6nnen dank Klick&amp;Show, unabh\u00e4ngig vom Endger\u00e4t (Laptop, Tablet oder Smartphone) und Betriebssystem, ihre Inhalte kabellos auf die gro\u00dfe Anzeige bringen und bearbeiten.<\/p>\n\n\n\n<p>Das Ergebnis: Die erh\u00f6hte Aufmerksamkeit schafft einen gr\u00f6\u00dferen Lern- und Lehrerfolg und letztendlich mehr Spa\u00df im Unterricht.<\/p>\n\n\n\n<p><strong>Unsere Empfehlung:<\/strong><\/p>\n\n\n\n<div class=\"wp-block-buttons is-layout-flex wp-block-buttons-is-layout-flex\">\n<div class=\"wp-block-button\"><a class=\"wp-block-button__link wp-element-button\" href=\"https:\/\/www.kindermann.de\/company\/product\/klickandshow-k-40\/\">Klick&amp;Show K-40<\/a><\/div>\n<\/div>\n<\/div><figure class=\"wp-block-media-text__media\"><img decoding=\"async\" width=\"1024\" height=\"683\" src=\"https:\/\/www.kindermann.de\/company\/wp-content\/uploads\/2026\/02\/KuS-EDU-2.jpg\" alt=\"\" class=\"wp-image-16855 size-full\"><\/figure><\/div>\n<\/div><\/div>\n","protected":false},"excerpt":{"rendered":"<p>Ob Meetingraum, H\u00f6rsaal oder Klassenzimmer \u2013 Klick&amp;Show bietet f\u00fcr jede Anforderung die passende L\u00f6sung. Die Art, wie wir pr\u00e4sentieren, lernen &#8230;<\/p>\n","protected":false},"author":4,"featured_media":0,"parent":12340,"menu_order":0,"comment_status":"closed","ping_status":"closed","template":"klickandshow.php","meta":{"_acf_changed":false,"footnotes":""},"class_list":["post-12419","page","type-page","status-publish","format-standard","hentry"],"acf":[],"yoast_head":"<!-- This site is optimized with the Yoast SEO plugin v27.4 - https:\/\/yoast.com\/product\/yoast-seo-wordpress\/ -->\n<title>Klick&amp;Show Use Cases - Kindermann GmbH<\/title>\n<meta name=\"robots\" content=\"index, follow, max-snippet:-1, max-image-preview:large, max-video-preview:-1\" \/>\n<link rel=\"canonical\" href=\"https:\/\/www.kindermann.de\/company\/klickandshow\/klickandshow-use-cases\/\" \/>\n<meta property=\"og:locale\" content=\"de_DE\" \/>\n<meta property=\"og:type\" content=\"article\" \/>\n<meta property=\"og:title\" content=\"Klick&amp;Show Use Cases - Kindermann GmbH\" \/>\n<meta property=\"og:description\" content=\"Ob Meetingraum, H\u00f6rsaal oder Klassenzimmer \u2013 Klick&amp;Show bietet f\u00fcr jede Anforderung die passende L\u00f6sung. Die Art, wie wir pr\u00e4sentieren, lernen ...\" \/>\n<meta property=\"og:url\" content=\"https:\/\/www.kindermann.de\/company\/klickandshow\/klickandshow-use-cases\/\" \/>\n<meta property=\"og:site_name\" content=\"Kindermann GmbH\" \/>\n<meta property=\"article:publisher\" content=\"https:\/\/www.facebook.com\/KindermannGmbH\/\" \/>\n<meta property=\"article:modified_time\" content=\"2026-04-20T13:55:06+00:00\" \/>\n<meta property=\"og:image\" content=\"https:\/\/www.kindermann.de\/company\/wp-content\/uploads\/2026\/02\/KuS-BYOM.jpg\" \/>\n<meta name=\"twitter:card\" content=\"summary_large_image\" \/>\n<meta name=\"twitter:label1\" content=\"Gesch\u00e4tzte Lesezeit\" \/>\n\t<meta name=\"twitter:data1\" content=\"4\u00a0Minuten\" \/>\n<script type=\"application\/ld+json\" class=\"yoast-schema-graph\">{\"@context\":\"https:\\\/\\\/schema.org\",\"@graph\":[{\"@type\":\"WebPage\",\"@id\":\"https:\\\/\\\/www.kindermann.de\\\/company\\\/klickandshow\\\/klickandshow-use-cases\\\/\",\"url\":\"https:\\\/\\\/www.kindermann.de\\\/company\\\/klickandshow\\\/klickandshow-use-cases\\\/\",\"name\":\"Klick&Show Use Cases - Kindermann GmbH\",\"isPartOf\":{\"@id\":\"https:\\\/\\\/www.kindermann.de\\\/company\\\/#website\"},\"primaryImageOfPage\":{\"@id\":\"https:\\\/\\\/www.kindermann.de\\\/company\\\/klickandshow\\\/klickandshow-use-cases\\\/#primaryimage\"},\"image\":{\"@id\":\"https:\\\/\\\/www.kindermann.de\\\/company\\\/klickandshow\\\/klickandshow-use-cases\\\/#primaryimage\"},\"thumbnailUrl\":\"https:\\\/\\\/www.kindermann.de\\\/company\\\/wp-content\\\/uploads\\\/2026\\\/02\\\/KuS-BYOM.jpg\",\"datePublished\":\"2026-04-20T13:54:59+00:00\",\"dateModified\":\"2026-04-20T13:55:06+00:00\",\"breadcrumb\":{\"@id\":\"https:\\\/\\\/www.kindermann.de\\\/company\\\/klickandshow\\\/klickandshow-use-cases\\\/#breadcrumb\"},\"inLanguage\":\"de\",\"potentialAction\":[{\"@type\":\"ReadAction\",\"target\":[\"https:\\\/\\\/www.kindermann.de\\\/company\\\/klickandshow\\\/klickandshow-use-cases\\\/\"]}]},{\"@type\":\"ImageObject\",\"inLanguage\":\"de\",\"@id\":\"https:\\\/\\\/www.kindermann.de\\\/company\\\/klickandshow\\\/klickandshow-use-cases\\\/#primaryimage\",\"url\":\"https:\\\/\\\/www.kindermann.de\\\/company\\\/wp-content\\\/uploads\\\/2026\\\/02\\\/KuS-BYOM.jpg\",\"contentUrl\":\"https:\\\/\\\/www.kindermann.de\\\/company\\\/wp-content\\\/uploads\\\/2026\\\/02\\\/KuS-BYOM.jpg\",\"width\":1024,\"height\":683},{\"@type\":\"BreadcrumbList\",\"@id\":\"https:\\\/\\\/www.kindermann.de\\\/company\\\/klickandshow\\\/klickandshow-use-cases\\\/#breadcrumb\",\"itemListElement\":[{\"@type\":\"ListItem\",\"position\":1,\"name\":\"Startseite\",\"item\":\"https:\\\/\\\/www.kindermann.de\\\/company\\\/\"},{\"@type\":\"ListItem\",\"position\":2,\"name\":\"Klick&#038;Show Landingpage\",\"item\":\"https:\\\/\\\/www.kindermann.de\\\/company\\\/klickandshow\\\/\"},{\"@type\":\"ListItem\",\"position\":3,\"name\":\"Klick&#038;Show Use Cases\"}]},{\"@type\":\"WebSite\",\"@id\":\"https:\\\/\\\/www.kindermann.de\\\/company\\\/#website\",\"url\":\"https:\\\/\\\/www.kindermann.de\\\/company\\\/\",\"name\":\"Kindermann GmbH\",\"description\":\"\",\"publisher\":{\"@id\":\"https:\\\/\\\/www.kindermann.de\\\/company\\\/#organization\"},\"potentialAction\":[{\"@type\":\"SearchAction\",\"target\":{\"@type\":\"EntryPoint\",\"urlTemplate\":\"https:\\\/\\\/www.kindermann.de\\\/company\\\/?s={search_term_string}\"},\"query-input\":{\"@type\":\"PropertyValueSpecification\",\"valueRequired\":true,\"valueName\":\"search_term_string\"}}],\"inLanguage\":\"de\"},{\"@type\":\"Organization\",\"@id\":\"https:\\\/\\\/www.kindermann.de\\\/company\\\/#organization\",\"name\":\"Kindermann GmbH\",\"url\":\"https:\\\/\\\/www.kindermann.de\\\/company\\\/\",\"logo\":{\"@type\":\"ImageObject\",\"inLanguage\":\"de\",\"@id\":\"https:\\\/\\\/www.kindermann.de\\\/company\\\/#\\\/schema\\\/logo\\\/image\\\/\",\"url\":\"https:\\\/\\\/www.kindermann.de\\\/company\\\/wp-content\\\/uploads\\\/2022\\\/10\\\/Kindermann_Logo_300_100.png\",\"contentUrl\":\"https:\\\/\\\/www.kindermann.de\\\/company\\\/wp-content\\\/uploads\\\/2022\\\/10\\\/Kindermann_Logo_300_100.png\",\"width\":300,\"height\":100,\"caption\":\"Kindermann GmbH\"},\"image\":{\"@id\":\"https:\\\/\\\/www.kindermann.de\\\/company\\\/#\\\/schema\\\/logo\\\/image\\\/\"},\"sameAs\":[\"https:\\\/\\\/www.facebook.com\\\/KindermannGmbH\\\/\",\"https:\\\/\\\/www.xing.com\\\/pages\\\/kindermanngmbh\",\"https:\\\/\\\/www.linkedin.com\\\/company\\\/kindermann-gmbh\"]}]}<\/script>\n<!-- \/ Yoast SEO plugin. -->","yoast_head_json":{"title":"Klick&Show Use Cases - Kindermann GmbH","robots":{"index":"index","follow":"follow","max-snippet":"max-snippet:-1","max-image-preview":"max-image-preview:large","max-video-preview":"max-video-preview:-1"},"canonical":"https:\/\/www.kindermann.de\/company\/klickandshow\/klickandshow-use-cases\/","og_locale":"de_DE","og_type":"article","og_title":"Klick&Show Use Cases - Kindermann GmbH","og_description":"Ob Meetingraum, H\u00f6rsaal oder Klassenzimmer \u2013 Klick&amp;Show bietet f\u00fcr jede Anforderung die passende L\u00f6sung. Die Art, wie wir pr\u00e4sentieren, lernen ...","og_url":"https:\/\/www.kindermann.de\/company\/klickandshow\/klickandshow-use-cases\/","og_site_name":"Kindermann GmbH","article_publisher":"https:\/\/www.facebook.com\/KindermannGmbH\/","article_modified_time":"2026-04-20T13:55:06+00:00","og_image":[{"url":"https:\/\/www.kindermann.de\/company\/wp-content\/uploads\/2026\/02\/KuS-BYOM.jpg","type":"","width":"","height":""}],"twitter_card":"summary_large_image","twitter_misc":{"Gesch\u00e4tzte Lesezeit":"4\u00a0Minuten"},"schema":{"@context":"https:\/\/schema.org","@graph":[{"@type":"WebPage","@id":"https:\/\/www.kindermann.de\/company\/klickandshow\/klickandshow-use-cases\/","url":"https:\/\/www.kindermann.de\/company\/klickandshow\/klickandshow-use-cases\/","name":"Klick&Show Use Cases - Kindermann GmbH","isPartOf":{"@id":"https:\/\/www.kindermann.de\/company\/#website"},"primaryImageOfPage":{"@id":"https:\/\/www.kindermann.de\/company\/klickandshow\/klickandshow-use-cases\/#primaryimage"},"image":{"@id":"https:\/\/www.kindermann.de\/company\/klickandshow\/klickandshow-use-cases\/#primaryimage"},"thumbnailUrl":"https:\/\/www.kindermann.de\/company\/wp-content\/uploads\/2026\/02\/KuS-BYOM.jpg","datePublished":"2026-04-20T13:54:59+00:00","dateModified":"2026-04-20T13:55:06+00:00","breadcrumb":{"@id":"https:\/\/www.kindermann.de\/company\/klickandshow\/klickandshow-use-cases\/#breadcrumb"},"inLanguage":"de","potentialAction":[{"@type":"ReadAction","target":["https:\/\/www.kindermann.de\/company\/klickandshow\/klickandshow-use-cases\/"]}]},{"@type":"ImageObject","inLanguage":"de","@id":"https:\/\/www.kindermann.de\/company\/klickandshow\/klickandshow-use-cases\/#primaryimage","url":"https:\/\/www.kindermann.de\/company\/wp-content\/uploads\/2026\/02\/KuS-BYOM.jpg","contentUrl":"https:\/\/www.kindermann.de\/company\/wp-content\/uploads\/2026\/02\/KuS-BYOM.jpg","width":1024,"height":683},{"@type":"BreadcrumbList","@id":"https:\/\/www.kindermann.de\/company\/klickandshow\/klickandshow-use-cases\/#breadcrumb","itemListElement":[{"@type":"ListItem","position":1,"name":"Startseite","item":"https:\/\/www.kindermann.de\/company\/"},{"@type":"ListItem","position":2,"name":"Klick&#038;Show Landingpage","item":"https:\/\/www.kindermann.de\/company\/klickandshow\/"},{"@type":"ListItem","position":3,"name":"Klick&#038;Show Use Cases"}]},{"@type":"WebSite","@id":"https:\/\/www.kindermann.de\/company\/#website","url":"https:\/\/www.kindermann.de\/company\/","name":"Kindermann GmbH","description":"","publisher":{"@id":"https:\/\/www.kindermann.de\/company\/#organization"},"potentialAction":[{"@type":"SearchAction","target":{"@type":"EntryPoint","urlTemplate":"https:\/\/www.kindermann.de\/company\/?s={search_term_string}"},"query-input":{"@type":"PropertyValueSpecification","valueRequired":true,"valueName":"search_term_string"}}],"inLanguage":"de"},{"@type":"Organization","@id":"https:\/\/www.kindermann.de\/company\/#organization","name":"Kindermann GmbH","url":"https:\/\/www.kindermann.de\/company\/","logo":{"@type":"ImageObject","inLanguage":"de","@id":"https:\/\/www.kindermann.de\/company\/#\/schema\/logo\/image\/","url":"https:\/\/www.kindermann.de\/company\/wp-content\/uploads\/2022\/10\/Kindermann_Logo_300_100.png","contentUrl":"https:\/\/www.kindermann.de\/company\/wp-content\/uploads\/2022\/10\/Kindermann_Logo_300_100.png","width":300,"height":100,"caption":"Kindermann GmbH"},"image":{"@id":"https:\/\/www.kindermann.de\/company\/#\/schema\/logo\/image\/"},"sameAs":["https:\/\/www.facebook.com\/KindermannGmbH\/","https:\/\/www.xing.com\/pages\/kindermanngmbh","https:\/\/www.linkedin.com\/company\/kindermann-gmbh"]}]}},"_links":{"self":[{"href":"https:\/\/www.kindermann.de\/company\/wp-json\/wp\/v2\/pages\/12419","targetHints":{"allow":["GET"]}}],"collection":[{"href":"https:\/\/www.kindermann.de\/company\/wp-json\/wp\/v2\/pages"}],"about":[{"href":"https:\/\/www.kindermann.de\/company\/wp-json\/wp\/v2\/types\/page"}],"author":[{"embeddable":true,"href":"https:\/\/www.kindermann.de\/company\/wp-json\/wp\/v2\/users\/4"}],"replies":[{"embeddable":true,"href":"https:\/\/www.kindermann.de\/company\/wp-json\/wp\/v2\/comments?post=12419"}],"version-history":[{"count":33,"href":"https:\/\/www.kindermann.de\/company\/wp-json\/wp\/v2\/pages\/12419\/revisions"}],"predecessor-version":[{"id":17535,"href":"https:\/\/www.kindermann.de\/company\/wp-json\/wp\/v2\/pages\/12419\/revisions\/17535"}],"up":[{"embeddable":true,"href":"https:\/\/www.kindermann.de\/company\/wp-json\/wp\/v2\/pages\/12340"}],"wp:attachment":[{"href":"https:\/\/www.kindermann.de\/company\/wp-json\/wp\/v2\/media?parent=12419"}],"curies":[{"name":"wp","href":"https:\/\/api.w.org\/{rel}","templated":true}]}}