{"id":10878,"date":"2024-01-16T11:18:26","date_gmt":"2024-01-16T10:18:26","guid":{"rendered":"https:\/\/www.kindermann.de\/company\/?page_id=10878"},"modified":"2024-01-16T11:18:27","modified_gmt":"2024-01-16T10:18:27","slug":"ise-2023","status":"publish","type":"page","link":"https:\/\/www.kindermann.de\/company\/ise-2023\/","title":{"rendered":"ISE 2023"},"content":{"rendered":"<div class=\"main_slider_block  \">\n\t\t<div class=\"main_teaser main_teaser_default  main_teaser_slider_03c288d62280c69678360f5fbc759820\" data-class=\"main_teaser_slider_03c288d62280c69678360f5fbc759820\" data-duration=\"8\">\n\t\t\t\t\t<div class=\"main_slide main_slide_static\">\n\t\t\t\t\t\t\t\t<div class=\"main_slide_gallery main_slide_gallery_50a60c75ed8d8e260bdd0f6ee4aa0247\" data-class=\"main_slide_gallery_50a60c75ed8d8e260bdd0f6ee4aa0247\">\n\t\t\t\t<div class=\"main_slide_gallery_slide\"><img decoding=\"async\" width=\"2400\" height=\"923\" src=\"https:\/\/www.kindermann.de\/company\/wp-content\/uploads\/2023\/02\/ISE_2023_1.jpg\" class=\"attachment-full size-full\" alt=\"\" data-desc=\"\" ><\/div>\t\t\t\t<\/div>\n\t\t\t\t<div class=\"main_slide_text_outer main_slide_text_outer_spark_1_l\">\n\t\t\t\t\t<div class=\"main_slide_text main_slide_text_spark_1_l main_slide_text_ main_slide_text_lines_show\">\n\t\t\t\t\t\t<div class=\"main_slide_text_angle_h\"><\/div>\n\t\t\t\t\t\t<div class=\"main_slide_text_angle_v\"><\/div>\n\t\t\t\t\t\t<div class=\"main_slide_text_inner\">\n\t\t\t\t\t\t\t\n\t\t\t\t\t\t\t<p style=\"text-align: left\"><span style=\"color: #e80029\"><strong>We proudly present<\/strong><\/span><\/p>\n<h1 style=\"text-align: left\"><strong>ISE \u2013 2023<\/strong><\/h1>\n<p style=\"text-align: left\"><strong>Nach mehrj\u00e4hriger Pause gab es dieses Jahr so einiges neues zu bestaunen!\u00a0Hier eine kleine Auswahl mit echten Highlights:<\/strong><\/p>\n\t\t\t\t\t\t\t\t\t\t\t\t\t\t\n\t\t\t\t\t\t\t\t\t\t\t\t\t<\/div>\n\t\t\t\t\t<\/div>\n\t\t\t\t<\/div>\n\t\t\t<\/div>\n\t\t\t<\/div>\n<\/div>\n\n\n<div class=\"sticky_on_header\">\n\t<div class=\"container\">\n\t\t<div class=\"subnav\">\n\t\t\t<h4>\n\t\t\t\t\t\t\t\tHighlights\t\t\t\t\t\t\t<\/h4>\n\t\t\t<ul class=\"filter_list\">\n\n\t\t\t\t\t\t\t\t\t\t\t\t\t\t<li><a href=\"https:\/\/www.kindermann.de\/company\/highlights-kindermann\/ise-highlights\/\" target=\"\">ISE Highlights<\/a><\/li>\n\t\t\t\t\t\t\t\t\t\t<li><a href=\"https:\/\/www.kindermann.de\/company\/distributions-highlights\/ise-2022\/\" target=\"\">ISE 2022<\/a><\/li>\n\t\t\t\t\t\t\t\t\t\n\t\t\t\t\n\t\t\t\t\t\t\t\t\n\t\t\t\t\t\t\t<\/ul>\n\t\t<\/div>\n\t<\/div>\n<\/div>\n\n\n\n<div style=\"height:100px\" aria-hidden=\"true\" class=\"wp-block-spacer\"><\/div>\n\n\n\n<div class=\"wp-block-columns is-layout-flex wp-container-core-columns-is-layout-9d6595d7 wp-block-columns-is-layout-flex\" id=\"easescreen\">\n<div class=\"wp-block-column is-vertically-aligned-center is-layout-flow wp-block-column-is-layout-flow\" style=\"flex-basis:40%\" id=\"Kindermann\">\n<h2 class=\"wp-block-heading\" id=\"kindermann\">Kindermann \u2013 ISE Reloaded&nbsp;<\/h2>\n\n\n\n<p>Auf der ISE 2023 haben wir die Gelegenheit genutzt, unseren neuen Claim \u201eproudly presents\u201c mit Leben zu f\u00fcllen. <\/p>\n\n\n\n<p>Neben erfolgreich etablierten L\u00f6sungen haben wir auch viele neue Produkte unserer Eigenmarke pr\u00e4sentiert.<\/p>\n\n\n\n<p><\/p>\n<\/div>\n\n\n\n<div class=\"wp-block-column is-layout-flow wp-block-column-is-layout-flow\" style=\"flex-basis:100px\">\n<div style=\"height:10px\" aria-hidden=\"true\" class=\"wp-block-spacer\"><\/div>\n<\/div>\n\n\n\n<div class=\"wp-block-column is-layout-flow wp-block-column-is-layout-flow\"><div class=\"video_teaser video_teaser_inline video_teaser_controls_ box_ box_  \">\n\t\t<div class=\"video_wrapper\">\n\t\t<div class=\"video_teaser_text image_teaser_text\">\n\t\t\t\t\t<\/div>\n\t\t\t\t\t\t\t<span class=\"video_play_button\"><span><\/span><\/span>\n\t\t\t\t<video preload=\"auto\" class=\"video_teaser_video\" playsinline    poster=\"\" src=\"https:\/\/www.kindermann.de\/company\/wp-content\/uploads\/2023\/02\/16-9_Messeclip-Barcelona-Kindermann_cut.mp4\"><\/video>\n\t<\/div>\n<\/div>\n<!-- video-js vjs-default-skin -->\n<\/div>\n<\/div>\n\n\n\n<div style=\"height:75px\" aria-hidden=\"true\" class=\"wp-block-spacer\"><\/div>\n\n\n\n<div class=\"wp-block-columns is-layout-flex wp-container-core-columns-is-layout-9d6595d7 wp-block-columns-is-layout-flex\">\n<div class=\"wp-block-column is-layout-flow wp-block-column-is-layout-flow\">\n<h4 class=\"wp-block-heading\">KLICK&amp;SHOW <br><strong>Proudly presented by Jens Zechmeister <\/strong><\/h4>\n\n\n\n<div class=\"wp-block-getwid-video-popup has-image has-animation-zoom-in\"><a class=\"wp-block-getwid-video-popup__link\" href=\"https:\/\/youtu.be\/oKSiyP_Z8Nw\"><div class=\"wp-block-getwid-video-popup__wrapper\" style=\"min-height:300px\"><img decoding=\"async\" width=\"1800\" height=\"1013\" src=\"https:\/\/www.kindermann.de\/company\/wp-content\/uploads\/2023\/02\/KS_RAVE_WEB.jpg\" alt=\"\" class=\"wp-block-getwid-video-popup__image wp-block-getwid-video-popup__source wp-image-5551\"><div class=\"wp-block-getwid-video-popup__button is-style-default has-animation-pulse is-size-small\" style=\"border-color:#e80029\"><div class=\"wp-block-getwid-video-popup__icon has-background has-primary-background-color\" style=\"border-color:#e80029\"><i class=\"fas fa-play\" aria-hidden=\"true\"><\/i><\/div><\/div><\/div><\/a><div class=\"wp-block-getwid-video-popup__caption\"><\/div><\/div>\n\n\n\n<div style=\"height:20px\" aria-hidden=\"true\" class=\"wp-block-spacer\"><\/div>\n\n\n\n<p><strong><strong>Twice as clever<\/strong><\/strong><br>Auf der ISE haben wir auch unser neues, kostenloses Firmware-Update f\u00fcr unsere KLICK&amp;SHOW Modelle KF-X und K-40 vorgestellt. Damit lassen sich erstmals zwei KLICK&amp;SHOW Basiseinheiten miteinander verkn\u00fcpfen. So kann die Anzeige von verschiedenen Inhalten auf zwei Displays erfolgen, ideal f\u00fcr hybride Meetings. <\/p>\n\n\n\n<p><a href=\"https:\/\/www.kindermann.de\/company\/press\/klickshow-mit-neuen-funktionen\/\" target=\"_blank\" rel=\"noreferrer noopener\"><strong>Mehr Informationen<\/strong><\/a><\/p>\n<\/div>\n\n\n\n<div class=\"wp-block-column is-layout-flow wp-block-column-is-layout-flow\">\n<h4 class=\"wp-block-heading\">New 105-Inch Touchdisplay TD-30105<strong> <\/strong><br><strong>Proudly presented by Boris Gromodka<\/strong><\/h4>\n\n\n\n<div class=\"wp-block-getwid-video-popup has-image has-animation-zoom-in\"><a class=\"wp-block-getwid-video-popup__link\" href=\"https:\/\/youtu.be\/4B7mKScezas\"><div class=\"wp-block-getwid-video-popup__wrapper\" style=\"min-height:300px\"><img decoding=\"async\" width=\"1800\" height=\"1012\" src=\"https:\/\/www.kindermann.de\/company\/wp-content\/uploads\/2023\/02\/TD30_RAVE.jpg\" alt=\"\" class=\"wp-block-getwid-video-popup__image wp-block-getwid-video-popup__source wp-image-5552\"><div class=\"wp-block-getwid-video-popup__button is-style-default has-animation-pulse is-size-small\" style=\"border-color:#e80029\"><div class=\"wp-block-getwid-video-popup__icon has-background has-primary-background-color\" style=\"border-color:#e80029\"><i class=\"fas fa-play\" aria-hidden=\"true\"><\/i><\/div><\/div><\/div><\/a><div class=\"wp-block-getwid-video-popup__caption\"><\/div><\/div>\n\n\n\n<div style=\"height:20px\" aria-hidden=\"true\" class=\"wp-block-spacer\"><\/div>\n\n\n\n<p><strong>TD-30105-UW \u2013 Das neue Ultrawide-Touchdisplay<br><\/strong>Mit unserem neuen Kindermann Ultrawide-Touchdisplay TD-30105-UW pr\u00e4sentieren wir die ideale L\u00f6sung f\u00fcr New Work Umgebungen. Neben dem au\u00dfergew\u00f6hnlichen Seitenverh\u00e4ltnis von 21:9 in 5K-Aufl\u00f6sung \u00fcberzeugt es mit einer zukunftssicheren Hardwareausstattung.<\/p>\n\n\n\n<p><a href=\"https:\/\/www.kindermann.de\/company\/td-30105-uw-ultrawide-touchdisplay\/\" target=\"_blank\" rel=\"noreferrer noopener\"><strong>Mehr Informationen<\/strong><\/a><\/p>\n<\/div>\n\n\n\n<div class=\"wp-block-column is-layout-flow wp-block-column-is-layout-flow\">\n<h4 class=\"wp-block-heading\">The all new Huddle\u2076\u2075 <br><strong>Proudly presented by Romano Cunsolo<\/strong><\/h4>\n\n\n\n<div class=\"wp-block-getwid-video-popup has-image has-animation-zoom-in\"><a class=\"wp-block-getwid-video-popup__link\" href=\"https:\/\/youtu.be\/6Q7YdTfr4ZM\"><div class=\"wp-block-getwid-video-popup__wrapper\" style=\"min-height:300px\"><img decoding=\"async\" width=\"1800\" height=\"1014\" src=\"https:\/\/www.kindermann.de\/company\/wp-content\/uploads\/2023\/02\/HUDDLE_RAVE.jpg\" alt=\"\" class=\"wp-block-getwid-video-popup__image wp-block-getwid-video-popup__source wp-image-5550\"><div class=\"wp-block-getwid-video-popup__button is-style-default has-animation-pulse is-size-small\" style=\"border-color:#e80029\"><div class=\"wp-block-getwid-video-popup__icon has-background has-primary-background-color\" style=\"border-color:#e80029\"><i class=\"fas fa-play\" aria-hidden=\"true\"><\/i><\/div><\/div><\/div><\/a><div class=\"wp-block-getwid-video-popup__caption\"><\/div><\/div>\n\n\n\n<div style=\"height:20px\" aria-hidden=\"true\" class=\"wp-block-spacer\"><\/div>\n\n\n\n<p><strong><strong>Huddle\u2076\u2075<\/strong> \u2013 All-in-One<br><\/strong>Mobil und drahtlos. Unsere Arbeitswelt hat sich ver\u00e4ndert und wir arbeiten heute in hybriden Teams. <br>Spontane Online-Meetings geh\u00f6ren dabei zum Alltag. Wie w\u00e4re es mit einer Komplettl\u00f6sung, die flexibel im gesamten Unternehmen genutzt werden kann?<\/p>\n\n\n\n<p><strong><a href=\"https:\/\/www.kindermann.de\/company\/highlights-kindermann\/huddle-65\/\" target=\"_blank\" rel=\"noreferrer noopener\">Mehr Informationen<\/a><\/strong><\/p>\n<\/div>\n<\/div>\n\n\n\n<div style=\"height:60px\" aria-hidden=\"true\" class=\"wp-block-spacer\"><\/div>\n\n\n\t<div class=\"grid_gallery grid_gallery_9  mylightbox_group grid_gallery_left  \">\n\t\t\t\t\t<div class=\"grid_gallery_item grid_gallery_item_1\">\n\t\t\t\t<img decoding=\"async\" width=\"1900\" height=\"2533\" src=\"https:\/\/www.kindermann.de\/company\/wp-content\/uploads\/2023\/02\/IMG_8336.jpg\" class=\"open_mylightbox grid_gallery_img\" alt=\"\" data-desc=\"\" >\t\t\t<\/div>\n\t\t\t\t\t<div class=\"grid_gallery_item grid_gallery_item_2\">\n\t\t\t\t<img decoding=\"async\" width=\"1900\" height=\"1068\" src=\"https:\/\/www.kindermann.de\/company\/wp-content\/uploads\/2023\/02\/IMG_8351.jpg\" class=\"open_mylightbox grid_gallery_img\" alt=\"\" data-desc=\"\" >\t\t\t<\/div>\n\t\t\t\t\t<div class=\"grid_gallery_item grid_gallery_item_3\">\n\t\t\t\t<img decoding=\"async\" width=\"1900\" height=\"2533\" src=\"https:\/\/www.kindermann.de\/company\/wp-content\/uploads\/2023\/02\/IMG_8295.jpg\" class=\"open_mylightbox grid_gallery_img\" alt=\"\" data-desc=\"\" >\t\t\t<\/div>\n\t\t\t\t\t<div class=\"grid_gallery_item grid_gallery_item_4\">\n\t\t\t\t<img decoding=\"async\" width=\"2400\" height=\"1350\" src=\"https:\/\/www.kindermann.de\/company\/wp-content\/uploads\/2023\/02\/IMG_8371.jpg\" class=\"open_mylightbox grid_gallery_img\" alt=\"\" data-desc=\"\" >\t\t\t<\/div>\n\t\t\t\t\t<div class=\"grid_gallery_item grid_gallery_item_5\">\n\t\t\t\t<img decoding=\"async\" width=\"1900\" height=\"2533\" src=\"https:\/\/www.kindermann.de\/company\/wp-content\/uploads\/2023\/02\/IMG_8304.jpg\" class=\"open_mylightbox grid_gallery_img\" alt=\"\" data-desc=\"\" >\t\t\t<\/div>\n\t\t\t\t\t<div class=\"grid_gallery_item grid_gallery_item_6\">\n\t\t\t\t<img decoding=\"async\" width=\"1200\" height=\"1601\" src=\"https:\/\/www.kindermann.de\/company\/wp-content\/uploads\/2023\/02\/IMG_8399.jpg\" class=\"open_mylightbox grid_gallery_img\" alt=\"\" data-desc=\"\" >\t\t\t<\/div>\n\t\t\t\t\t<div class=\"grid_gallery_item grid_gallery_item_1\">\n\t\t\t\t<img decoding=\"async\" width=\"1900\" height=\"2533\" src=\"https:\/\/www.kindermann.de\/company\/wp-content\/uploads\/2023\/02\/IMG_8413.jpg\" class=\"open_mylightbox grid_gallery_img\" alt=\"\" data-desc=\"\" >\t\t\t<\/div>\n\t\t\t\t\t<div class=\"grid_gallery_item grid_gallery_item_2\">\n\t\t\t\t<img decoding=\"async\" width=\"1900\" height=\"2534\" src=\"https:\/\/www.kindermann.de\/company\/wp-content\/uploads\/2023\/02\/IMG_8357.jpg\" class=\"open_mylightbox grid_gallery_img\" alt=\"\" data-desc=\"\" >\t\t\t<\/div>\n\t\t\t\t\t<div class=\"grid_gallery_item grid_gallery_item_3\">\n\t\t\t\t<img decoding=\"async\" width=\"1900\" height=\"1425\" src=\"https:\/\/www.kindermann.de\/company\/wp-content\/uploads\/2023\/02\/IMG_8318.jpg\" class=\"open_mylightbox grid_gallery_img\" alt=\"\" data-desc=\"\" >\t\t\t<\/div>\n\t\t\t\t\t<\/div>\n\n\n\n<div style=\"height:60px\" aria-hidden=\"true\" class=\"wp-block-spacer\"><\/div>\n\n\n\n<div class=\"option_teaser option_teaser_left box_style_1 box_spark_4 option_teaser_has_no_options  \">\n\t<div class=\"container\">\n\t\t<div class=\"option_teaser_content\">\n\t\t\t<div class=\"option_teaser_text option_teaser_text_main\">\n\t\t\t\t\t\t\t<\/div>\n\n\t\t\t<div class=\"option_teaser_options\">\n\t\t\t\t\t\t\t\t<div class=\"option_teaser_option option_teaser_option_fullscreen\">\n\t\t\t\t\t\t\t\t\t\t<div class=\"option_teaser_img\">\n\t\t\t\t\t\t<img decoding=\"async\" width=\"2560\" height=\"1440\" src=\"https:\/\/www.kindermann.de\/company\/wp-content\/uploads\/2023\/02\/IMG_8331-scaled.jpg\" class=\"attachment-full size-full\" alt=\"\" data-desc=\"\" >\t\t\t\t\t<\/div>\n\t\t\t\t\t\t\t\t\t\t<a class=\"open_details\" data-index=\"1\">Details <span class=\"arrow arrow-down\"><\/span><\/a>\n\t\t\t\t<\/div>\n\t\t\t\t\t\t\t<\/div>\n\n\t\t\t<ul class=\"option_teaser_tabs\">\n\t\t\t\t\t\t\t\t<li>\n\t\t\t\t\t<a data-index=\"1\">\n\t\t\t\t\t\t\t\t\t\t\t\t\t\t\t\t\t\t\t\t\t\t\t<\/a>\n\t\t\t\t<\/li>\n\t\t\t\t\t\t\t<\/ul>\n\t\t<\/div>\n\t<\/div>\n\t<div class=\"option_teaser_details\">\n\t\t\t\t\n\t<\/div>\n<\/div>\n\n\n\n<p><\/p>\n\n\n\n<div style=\"height:100px\" aria-hidden=\"true\" class=\"wp-block-spacer\"><\/div>\n\n\n\n<div style=\"height:40px\" aria-hidden=\"true\" class=\"wp-block-spacer\"><\/div>\n\n\n\n<div style=\"height:100px\" aria-hidden=\"true\" class=\"wp-block-spacer\"><\/div>\n\n\n\n<div class=\"contact box_spark_1 box_style_4\">\n\t<div class=\"container\">\n\t\t<div class=\"contact_content\">\n\t\t\t\t\t\t<div class=\"contact_text\">\n\t\t\t\t<div class=\"h2\"><strong>Sie haben Fragen zu den Produkten?<\/strong><\/div>\n\n\t\t\t\t<h3>Vertrieb<\/h3>\n\t\t\t\t<!-- wp:paragraph -->\n<p id=\"block-d3a79c12-a350-47f5-a61a-6de4fb408b39\">Tel.: +49 (0) 93 03 \/ 9840 \u2013 100<br><a href=\"mailto:verkauf@kindermann.de\">vertrieb@kindermann.de<\/a><\/p>\n<!-- \/wp:paragraph -->\t\t\t<\/div>\n\t\t<\/div>\n\t\t\t<\/div>\n<\/div>\n","protected":false},"excerpt":{"rendered":"<p>Kindermann \u2013 ISE Reloaded&nbsp; Auf der ISE 2023 haben wir die Gelegenheit genutzt, unseren neuen Claim \u201eproudly presents\u201c mit Leben &#8230;<\/p>\n","protected":false},"author":3,"featured_media":3890,"parent":0,"menu_order":0,"comment_status":"closed","ping_status":"closed","template":"","meta":{"_acf_changed":false,"footnotes":""},"class_list":["post-10878","page","type-page","status-publish","format-standard","has-post-thumbnail","hentry"],"acf":[],"yoast_head":"<!-- This site is optimized with the Yoast SEO plugin v27.6 - https:\/\/yoast.com\/product\/yoast-seo-wordpress\/ -->\n<title>ISE 2023 - Kindermann GmbH<\/title>\n<meta name=\"description\" content=\"Nach mehrj\u00e4hriger Pause gab es dieses Jahr so einiges neues zu bestaunen! Hier eine kleine Auswahl mit echten Highlights: Mehr erfahren\" \/>\n<meta name=\"robots\" content=\"index, follow, max-snippet:-1, max-image-preview:large, max-video-preview:-1\" \/>\n<link rel=\"canonical\" href=\"https:\/\/www.kindermann.de\/company\/ise-2023\/\" \/>\n<meta property=\"og:locale\" content=\"de_DE\" \/>\n<meta property=\"og:type\" content=\"article\" \/>\n<meta property=\"og:title\" content=\"ISE 2023 - Kindermann GmbH\" \/>\n<meta property=\"og:description\" content=\"Nach mehrj\u00e4hriger Pause gab es dieses Jahr so einiges neues zu bestaunen! Hier eine kleine Auswahl mit echten Highlights: Mehr erfahren\" \/>\n<meta property=\"og:url\" content=\"https:\/\/www.kindermann.de\/company\/ise-2023\/\" \/>\n<meta property=\"og:site_name\" content=\"Kindermann GmbH\" \/>\n<meta property=\"article:publisher\" content=\"https:\/\/www.facebook.com\/KindermannGmbH\/\" \/>\n<meta property=\"article:modified_time\" content=\"2024-01-16T10:18:27+00:00\" \/>\n<meta property=\"og:image\" content=\"https:\/\/www.kindermann.de\/company\/wp-content\/uploads\/2022\/09\/1-scaled-1.jpg\" \/>\n\t<meta property=\"og:image:width\" content=\"2560\" \/>\n\t<meta property=\"og:image:height\" content=\"985\" \/>\n\t<meta property=\"og:image:type\" content=\"image\/jpeg\" \/>\n<meta name=\"twitter:card\" content=\"summary_large_image\" \/>\n<meta name=\"twitter:label1\" content=\"Gesch\u00e4tzte Lesezeit\" \/>\n\t<meta name=\"twitter:data1\" content=\"2\u00a0Minuten\" \/>\n<script type=\"application\/ld+json\" class=\"yoast-schema-graph\">{\"@context\":\"https:\\\/\\\/schema.org\",\"@graph\":[{\"@type\":\"WebPage\",\"@id\":\"https:\\\/\\\/www.kindermann.de\\\/company\\\/ise-2023\\\/\",\"url\":\"https:\\\/\\\/www.kindermann.de\\\/company\\\/ise-2023\\\/\",\"name\":\"ISE 2023 - Kindermann GmbH\",\"isPartOf\":{\"@id\":\"https:\\\/\\\/www.kindermann.de\\\/company\\\/#website\"},\"primaryImageOfPage\":{\"@id\":\"https:\\\/\\\/www.kindermann.de\\\/company\\\/ise-2023\\\/#primaryimage\"},\"image\":{\"@id\":\"https:\\\/\\\/www.kindermann.de\\\/company\\\/ise-2023\\\/#primaryimage\"},\"thumbnailUrl\":\"https:\\\/\\\/www.kindermann.de\\\/company\\\/wp-content\\\/uploads\\\/2022\\\/09\\\/1-scaled-1.jpg\",\"datePublished\":\"2024-01-16T10:18:26+00:00\",\"dateModified\":\"2024-01-16T10:18:27+00:00\",\"description\":\"Nach mehrj\u00e4hriger Pause gab es dieses Jahr so einiges neues zu bestaunen! Hier eine kleine Auswahl mit echten Highlights: Mehr erfahren\",\"breadcrumb\":{\"@id\":\"https:\\\/\\\/www.kindermann.de\\\/company\\\/ise-2023\\\/#breadcrumb\"},\"inLanguage\":\"de\",\"potentialAction\":[{\"@type\":\"ReadAction\",\"target\":[\"https:\\\/\\\/www.kindermann.de\\\/company\\\/ise-2023\\\/\"]}]},{\"@type\":\"ImageObject\",\"inLanguage\":\"de\",\"@id\":\"https:\\\/\\\/www.kindermann.de\\\/company\\\/ise-2023\\\/#primaryimage\",\"url\":\"https:\\\/\\\/www.kindermann.de\\\/company\\\/wp-content\\\/uploads\\\/2022\\\/09\\\/1-scaled-1.jpg\",\"contentUrl\":\"https:\\\/\\\/www.kindermann.de\\\/company\\\/wp-content\\\/uploads\\\/2022\\\/09\\\/1-scaled-1.jpg\",\"width\":2560,\"height\":985},{\"@type\":\"BreadcrumbList\",\"@id\":\"https:\\\/\\\/www.kindermann.de\\\/company\\\/ise-2023\\\/#breadcrumb\",\"itemListElement\":[{\"@type\":\"ListItem\",\"position\":1,\"name\":\"Startseite\",\"item\":\"https:\\\/\\\/www.kindermann.de\\\/company\\\/\"},{\"@type\":\"ListItem\",\"position\":2,\"name\":\"ISE 2023\"}]},{\"@type\":\"WebSite\",\"@id\":\"https:\\\/\\\/www.kindermann.de\\\/company\\\/#website\",\"url\":\"https:\\\/\\\/www.kindermann.de\\\/company\\\/\",\"name\":\"Kindermann GmbH\",\"description\":\"\",\"publisher\":{\"@id\":\"https:\\\/\\\/www.kindermann.de\\\/company\\\/#organization\"},\"potentialAction\":[{\"@type\":\"SearchAction\",\"target\":{\"@type\":\"EntryPoint\",\"urlTemplate\":\"https:\\\/\\\/www.kindermann.de\\\/company\\\/?s={search_term_string}\"},\"query-input\":{\"@type\":\"PropertyValueSpecification\",\"valueRequired\":true,\"valueName\":\"search_term_string\"}}],\"inLanguage\":\"de\"},{\"@type\":\"Organization\",\"@id\":\"https:\\\/\\\/www.kindermann.de\\\/company\\\/#organization\",\"name\":\"Kindermann GmbH\",\"url\":\"https:\\\/\\\/www.kindermann.de\\\/company\\\/\",\"logo\":{\"@type\":\"ImageObject\",\"inLanguage\":\"de\",\"@id\":\"https:\\\/\\\/www.kindermann.de\\\/company\\\/#\\\/schema\\\/logo\\\/image\\\/\",\"url\":\"https:\\\/\\\/www.kindermann.de\\\/company\\\/wp-content\\\/uploads\\\/2022\\\/10\\\/Kindermann_Logo_300_100.png\",\"contentUrl\":\"https:\\\/\\\/www.kindermann.de\\\/company\\\/wp-content\\\/uploads\\\/2022\\\/10\\\/Kindermann_Logo_300_100.png\",\"width\":300,\"height\":100,\"caption\":\"Kindermann GmbH\"},\"image\":{\"@id\":\"https:\\\/\\\/www.kindermann.de\\\/company\\\/#\\\/schema\\\/logo\\\/image\\\/\"},\"sameAs\":[\"https:\\\/\\\/www.facebook.com\\\/KindermannGmbH\\\/\",\"https:\\\/\\\/www.xing.com\\\/pages\\\/kindermanngmbh\",\"https:\\\/\\\/www.linkedin.com\\\/company\\\/kindermann-gmbh\"]}]}<\/script>\n<!-- \/ Yoast SEO plugin. -->","yoast_head_json":{"title":"ISE 2023 - Kindermann GmbH","description":"Nach mehrj\u00e4hriger Pause gab es dieses Jahr so einiges neues zu bestaunen! Hier eine kleine Auswahl mit echten Highlights: Mehr erfahren","robots":{"index":"index","follow":"follow","max-snippet":"max-snippet:-1","max-image-preview":"max-image-preview:large","max-video-preview":"max-video-preview:-1"},"canonical":"https:\/\/www.kindermann.de\/company\/ise-2023\/","og_locale":"de_DE","og_type":"article","og_title":"ISE 2023 - Kindermann GmbH","og_description":"Nach mehrj\u00e4hriger Pause gab es dieses Jahr so einiges neues zu bestaunen! Hier eine kleine Auswahl mit echten Highlights: Mehr erfahren","og_url":"https:\/\/www.kindermann.de\/company\/ise-2023\/","og_site_name":"Kindermann GmbH","article_publisher":"https:\/\/www.facebook.com\/KindermannGmbH\/","article_modified_time":"2024-01-16T10:18:27+00:00","og_image":[{"width":2560,"height":985,"url":"https:\/\/www.kindermann.de\/company\/wp-content\/uploads\/2022\/09\/1-scaled-1.jpg","type":"image\/jpeg"}],"twitter_card":"summary_large_image","twitter_misc":{"Gesch\u00e4tzte Lesezeit":"2\u00a0Minuten"},"schema":{"@context":"https:\/\/schema.org","@graph":[{"@type":"WebPage","@id":"https:\/\/www.kindermann.de\/company\/ise-2023\/","url":"https:\/\/www.kindermann.de\/company\/ise-2023\/","name":"ISE 2023 - Kindermann GmbH","isPartOf":{"@id":"https:\/\/www.kindermann.de\/company\/#website"},"primaryImageOfPage":{"@id":"https:\/\/www.kindermann.de\/company\/ise-2023\/#primaryimage"},"image":{"@id":"https:\/\/www.kindermann.de\/company\/ise-2023\/#primaryimage"},"thumbnailUrl":"https:\/\/www.kindermann.de\/company\/wp-content\/uploads\/2022\/09\/1-scaled-1.jpg","datePublished":"2024-01-16T10:18:26+00:00","dateModified":"2024-01-16T10:18:27+00:00","description":"Nach mehrj\u00e4hriger Pause gab es dieses Jahr so einiges neues zu bestaunen! Hier eine kleine Auswahl mit echten Highlights: Mehr erfahren","breadcrumb":{"@id":"https:\/\/www.kindermann.de\/company\/ise-2023\/#breadcrumb"},"inLanguage":"de","potentialAction":[{"@type":"ReadAction","target":["https:\/\/www.kindermann.de\/company\/ise-2023\/"]}]},{"@type":"ImageObject","inLanguage":"de","@id":"https:\/\/www.kindermann.de\/company\/ise-2023\/#primaryimage","url":"https:\/\/www.kindermann.de\/company\/wp-content\/uploads\/2022\/09\/1-scaled-1.jpg","contentUrl":"https:\/\/www.kindermann.de\/company\/wp-content\/uploads\/2022\/09\/1-scaled-1.jpg","width":2560,"height":985},{"@type":"BreadcrumbList","@id":"https:\/\/www.kindermann.de\/company\/ise-2023\/#breadcrumb","itemListElement":[{"@type":"ListItem","position":1,"name":"Startseite","item":"https:\/\/www.kindermann.de\/company\/"},{"@type":"ListItem","position":2,"name":"ISE 2023"}]},{"@type":"WebSite","@id":"https:\/\/www.kindermann.de\/company\/#website","url":"https:\/\/www.kindermann.de\/company\/","name":"Kindermann GmbH","description":"","publisher":{"@id":"https:\/\/www.kindermann.de\/company\/#organization"},"potentialAction":[{"@type":"SearchAction","target":{"@type":"EntryPoint","urlTemplate":"https:\/\/www.kindermann.de\/company\/?s={search_term_string}"},"query-input":{"@type":"PropertyValueSpecification","valueRequired":true,"valueName":"search_term_string"}}],"inLanguage":"de"},{"@type":"Organization","@id":"https:\/\/www.kindermann.de\/company\/#organization","name":"Kindermann GmbH","url":"https:\/\/www.kindermann.de\/company\/","logo":{"@type":"ImageObject","inLanguage":"de","@id":"https:\/\/www.kindermann.de\/company\/#\/schema\/logo\/image\/","url":"https:\/\/www.kindermann.de\/company\/wp-content\/uploads\/2022\/10\/Kindermann_Logo_300_100.png","contentUrl":"https:\/\/www.kindermann.de\/company\/wp-content\/uploads\/2022\/10\/Kindermann_Logo_300_100.png","width":300,"height":100,"caption":"Kindermann GmbH"},"image":{"@id":"https:\/\/www.kindermann.de\/company\/#\/schema\/logo\/image\/"},"sameAs":["https:\/\/www.facebook.com\/KindermannGmbH\/","https:\/\/www.xing.com\/pages\/kindermanngmbh","https:\/\/www.linkedin.com\/company\/kindermann-gmbh"]}]}},"_links":{"self":[{"href":"https:\/\/www.kindermann.de\/company\/wp-json\/wp\/v2\/pages\/10878","targetHints":{"allow":["GET"]}}],"collection":[{"href":"https:\/\/www.kindermann.de\/company\/wp-json\/wp\/v2\/pages"}],"about":[{"href":"https:\/\/www.kindermann.de\/company\/wp-json\/wp\/v2\/types\/page"}],"author":[{"embeddable":true,"href":"https:\/\/www.kindermann.de\/company\/wp-json\/wp\/v2\/users\/3"}],"replies":[{"embeddable":true,"href":"https:\/\/www.kindermann.de\/company\/wp-json\/wp\/v2\/comments?post=10878"}],"version-history":[{"count":4,"href":"https:\/\/www.kindermann.de\/company\/wp-json\/wp\/v2\/pages\/10878\/revisions"}],"predecessor-version":[{"id":12130,"href":"https:\/\/www.kindermann.de\/company\/wp-json\/wp\/v2\/pages\/10878\/revisions\/12130"}],"wp:featuredmedia":[{"embeddable":true,"href":"https:\/\/www.kindermann.de\/company\/wp-json\/wp\/v2\/media\/3890"}],"wp:attachment":[{"href":"https:\/\/www.kindermann.de\/company\/wp-json\/wp\/v2\/media?parent=10878"}],"curies":[{"name":"wp","href":"https:\/\/api.w.org\/{rel}","templated":true}]}}