{"id":10197,"date":"2023-11-14T11:11:05","date_gmt":"2023-11-14T10:11:05","guid":{"rendered":"https:\/\/www.kindermann.de\/company\/?page_id=10197"},"modified":"2024-07-25T16:16:36","modified_gmt":"2024-07-25T14:16:36","slug":"whiteboard-app","status":"publish","type":"page","link":"https:\/\/www.kindermann.de\/company\/license-matters\/whiteboard-app\/","title":{"rendered":"Whiteboard App"},"content":{"rendered":"\n<p><\/p>\n\n\n<div class=\"text_group text_group_ box_ box_\" id=\"  \">\n\t<div class=\"text_group_content \">\n\t\t\n\n<h1 class=\"wp-block-heading\">Kindermann Whiteboard App&nbsp;<\/h1>\n\n\n\n<p>This product contains software components released under an Open Source license. A list of third party open source components used below.<\/p>\n\n\n\n<h3 class=\"wp-block-heading\"><strong>Warranty Disclaimer, Limitation of Liability:&nbsp;<\/strong><\/h3>\n\n\n\n<p>EACH SEPARATE OPEN SOURCE SOFTWARE COMPONENT AND EACH DOCUMENTATION REFERRING THERE TO IS PROVIDED AS IS, WITHOUT EXPLICIT OR IMPLICIT GUARANTEE FOR, INTER ALIA, THE GENERAL USABILITY OR THE SUITABILITY FOR A SPECIFIC PURPOSE. UNLESS DECLARED PERSONALLY AND IN WRITING IN AN INDIVIDUAL CASE, NEITHER THE COPYRIGHT HOLDER NOR ANOTHER CONTRIBUTOR IS LIABLE FOR DIRECT, INDIRECT, SPECIAL, FINE-RELATED OR SUBSEQUENT DAMAGES, EVEN IF YOU WERE NOT INFORMED CONCERNING THE POSSIBILITY OF SUBSEQUENT DAMAGES, IRRESPECTIVE OF THE CAUSE AND INDEPENDENT OF ANY THEORY OF LIABILITY, NO MATTTER WHETHER CONTRACTUAL, STRICT, TORT&nbsp;<\/p>\n\n\n\n<p>(INCLUDING NEGLIGIENCE OR OTHER) LIABILITY THAT RESULT IN ANY WAY FROM THE USE OF THIS OPEN SOURCE SOFTWARE. FURTHER DETAILS MAY BE FOUND IN THE RESPECTIVE OPEN SOURCE LICENSE.&nbsp;<\/p>\n\n\n\n<p>In the development of the Software, the following Open Source Software components have been used:&nbsp;<\/p>\n\n\n\n<div style=\"height:40px\" aria-hidden=\"true\" class=\"wp-block-spacer\"><\/div>\n\n\n\n<h3 class=\"wp-block-heading\"><strong>Credits:<\/strong><\/h3>\n\n\n\n<figure class=\"wp-block-table\"><table><thead><tr><th class=\"has-text-align-left\" data-align=\"left\">Tool<\/th><th class=\"has-text-align-left\" data-align=\"left\">Tool Link<\/th><th class=\"has-text-align-left\" data-align=\"left\">License Link<\/th><\/tr><\/thead><tbody><tr><td class=\"has-text-align-left\" data-align=\"left\">Android Studio<\/td><td class=\"has-text-align-left\" data-align=\"left\"><a href=\"https:\/\/developer.android.com\/studio\" target=\"_blank\" rel=\"noreferrer noopener\">homepage<\/a><\/td><td class=\"has-text-align-left\" data-align=\"left\"><a href=\"https:\/\/developer.android.com\/license\" target=\"_blank\" rel=\"noreferrer noopener\">view license<\/a><\/td><\/tr><tr><td class=\"has-text-align-left\" data-align=\"left\">Ambilwarna<\/td><td class=\"has-text-align-left\" data-align=\"left\"><a href=\"https:\/\/github.com\/yukuku\/ambilwarna\" target=\"_blank\" rel=\"noreferrer noopener\">homepage<\/a><\/td><td class=\"has-text-align-left\" data-align=\"left\"><a href=\"https:\/\/github.com\/yukuku\/ambilwarna\/blob\/master\/LICENSE\" target=\"_blank\" rel=\"noreferrer noopener\">view license<\/a><\/td><\/tr><tr><td class=\"has-text-align-left\" data-align=\"left\">Glide<\/td><td class=\"has-text-align-left\" data-align=\"left\"><a href=\"https:\/\/github.com\/bumptech\/glide\" target=\"_blank\" rel=\"noreferrer noopener\">homepa<\/a><a href=\"https:\/\/github.com\/bumptech\/glide\">ge<\/a><\/td><td class=\"has-text-align-left\" data-align=\"left\"><a href=\"https:\/\/github.com\/bumptech\/glide\/blob\/master\/LICENSE\" target=\"_blank\" rel=\"noreferrer noopener\">view license<\/a><\/td><\/tr><tr><td class=\"has-text-align-left\" data-align=\"left\">RxJava<\/td><td class=\"has-text-align-left\" data-align=\"left\"><a href=\"https:\/\/github.com\/ReactiveX\/RxJava\" target=\"_blank\" rel=\"noreferrer noopener\">homepage<\/a><\/td><td class=\"has-text-align-left\" data-align=\"left\"><a href=\"https:\/\/github.com\/ReactiveX\/RxJava\/blob\/3.x\/LICENSE\" target=\"_blank\" rel=\"noreferrer noopener\">view license<\/a><\/td><\/tr><tr><td class=\"has-text-align-left\" data-align=\"left\">File-Picker<\/td><td class=\"has-text-align-left\" data-align=\"left\"><a href=\"https:\/\/github.com\/RMartinPer\/File-Picker\" target=\"_blank\" rel=\"noreferrer noopener\">homepage<\/a><\/td><td class=\"has-text-align-left\" data-align=\"left\"><a href=\"https:\/\/github.com\/RMartinPer\/File-Picker\/blob\/master\/LICENSE\" target=\"_blank\" rel=\"noreferrer noopener\">view license<\/a><\/td><\/tr><tr><td class=\"has-text-align-left\" data-align=\"left\">EasyPermissions<\/td><td class=\"has-text-align-left\" data-align=\"left\"><a href=\"https:\/\/github.com\/mukeshsolanki\/easypermissions-android\" target=\"_blank\" rel=\"noreferrer noopener\">homepage<\/a><\/td><td class=\"has-text-align-left\" data-align=\"left\"><a href=\"https:\/\/github.com\/mukeshsolanki\/easypermissions-android\/blob\/master\/LICENSE\" target=\"_blank\" rel=\"noreferrer noopener\">view license<\/a><\/td><\/tr><tr><td class=\"has-text-align-left\" data-align=\"left\">Retrofit<\/td><td class=\"has-text-align-left\" data-align=\"left\"><a href=\"https:\/\/github.com\/square\/retrofit\" target=\"_blank\" rel=\"noreferrer noopener\">homepage<\/a><\/td><td class=\"has-text-align-left\" data-align=\"left\"><a href=\"https:\/\/github.com\/square\/retrofit\/blob\/master\/LICENSE.txt\" target=\"_blank\" rel=\"noreferrer noopener\">view license<\/a><\/td><\/tr><tr><td class=\"has-text-align-left\" data-align=\"left\">FastJson<\/td><td class=\"has-text-align-left\" data-align=\"left\"><a href=\"https:\/\/github.com\/alibaba\/fastjson\" target=\"_blank\" rel=\"noreferrer noopener\">homepage<\/a><\/td><td class=\"has-text-align-left\" data-align=\"left\"><a href=\"https:\/\/github.com\/alibaba\/fastjson\/blob\/master\/license.txt\" target=\"_blank\" rel=\"noreferrer noopener\">view license<\/a><\/td><\/tr><tr><td class=\"has-text-align-left\" data-align=\"left\">NanoHTTPD<\/td><td class=\"has-text-align-left\" data-align=\"left\"><a href=\"https:\/\/github.com\/NanoHttpd\/nanohttpd\" target=\"_blank\" rel=\"noreferrer noopener\">homepage<\/a><\/td><td class=\"has-text-align-left\" data-align=\"left\"><a href=\"https:\/\/github.com\/NanoHttpd\/nanohttpd\/blob\/master\/LICENSE.md\" target=\"_blank\" rel=\"noreferrer noopener\">view license<\/a><\/td><\/tr><tr><td class=\"has-text-align-left\" data-align=\"left\">QRGen<\/td><td class=\"has-text-align-left\" data-align=\"left\"><a href=\"https:\/\/github.com\/kenglxn\/QRGen\" target=\"_blank\" rel=\"noreferrer noopener\">homepage<\/a><\/td><td class=\"has-text-align-left\" data-align=\"left\"><a href=\"https:\/\/www.apache.org\/licenses\/LICENSE-2.0.html\" target=\"_blank\" rel=\"noreferrer noopener\">view license<\/a><\/td><\/tr><tr><td class=\"has-text-align-left\" data-align=\"left\">PageIndicatorView<\/td><td class=\"has-text-align-left\" data-align=\"left\"><a href=\"https:\/\/github.com\/romandanylyk\/PageIndicatorView\" target=\"_blank\" rel=\"noreferrer noopener\">homepage<\/a><\/td><td class=\"has-text-align-left\" data-align=\"left\"><a href=\"https:\/\/github.com\/romandanylyk\/PageIndicatorView#license\" target=\"_blank\" rel=\"noreferrer noopener\">view license<\/a><\/td><\/tr><tr><td class=\"has-text-align-left\" data-align=\"left\">AndroidAutoSize<\/td><td class=\"has-text-align-left\" data-align=\"left\"><a href=\"https:\/\/github.com\/JessYanCoding\/AndroidAutoSize\" target=\"_blank\" rel=\"noreferrer noopener\">homepage<\/a><\/td><td class=\"has-text-align-left\" data-align=\"left\"><a href=\"https:\/\/github.com\/JessYanCoding\/AndroidAutoSize\/blob\/master\/LICENSE\" target=\"_blank\" rel=\"noreferrer noopener\">view license<\/a><\/td><\/tr><tr><td class=\"has-text-align-left\" data-align=\"left\">AppUpdateChecker<\/td><td class=\"has-text-align-left\" data-align=\"left\"><a href=\"https:\/\/github.com\/mitmel\/AppUpdateChecker\" target=\"_blank\" rel=\"noreferrer noopener\">homepage<\/a><\/td><td class=\"has-text-align-left\" data-align=\"left\"><a href=\"https:\/\/github.com\/mitmel\/AppUpdateChecker\/blob\/master\/LICENSE_LGPL_V2\" target=\"_blank\" rel=\"noreferrer noopener\">view license<\/a><\/td><\/tr><tr><td class=\"has-text-align-left\" data-align=\"left\">ApacheCommonsNet<\/td><td class=\"has-text-align-left\" data-align=\"left\"><a href=\"https:\/\/commons.apache.org\/proper\/commons-net\/\" target=\"_blank\" rel=\"noreferrer noopener\">homepage<\/a><\/td><td class=\"has-text-align-left\" data-align=\"left\"><a href=\"https:\/\/www.apache.org\/licenses\/LICENSE-2.0.html\" target=\"_blank\" rel=\"noreferrer noopener\">view license<\/a><\/td><\/tr><\/tbody><\/table><\/figure>\n\n\n\n<div style=\"height:40px\" aria-hidden=\"true\" class=\"wp-block-spacer\"><\/div>\n\n\n\n<p><em>Status: Kindermann Whiteboard App V3.35<\/em><\/p>\n\n\n\t<\/div>\n<\/div>\n","protected":false},"excerpt":{"rendered":"","protected":false},"author":3,"featured_media":0,"parent":10185,"menu_order":3,"comment_status":"closed","ping_status":"closed","template":"","meta":{"_acf_changed":false,"footnotes":""},"class_list":["post-10197","page","type-page","status-publish","format-standard","hentry"],"acf":[],"yoast_head":"<!-- This site is optimized with the Yoast SEO plugin v26.8 - https:\/\/yoast.com\/product\/yoast-seo-wordpress\/ -->\n<title>Whiteboard App - Kindermann GmbH<\/title>\n<meta name=\"description\" content=\"Ausf\u00fchrliche Informationen zum Thema Datenschutz entnehmen Sie unserer unter diesem Text aufgef\u00fchrten Datenschutzerkl\u00e4rung.\" \/>\n<meta name=\"robots\" content=\"index, follow, max-snippet:-1, max-image-preview:large, max-video-preview:-1\" \/>\n<link rel=\"canonical\" href=\"https:\/\/www.kindermann.de\/company\/license-matters\/whiteboard-app\/\" \/>\n<meta property=\"og:locale\" content=\"de_DE\" \/>\n<meta property=\"og:type\" content=\"article\" \/>\n<meta property=\"og:title\" content=\"Whiteboard App - Kindermann GmbH\" \/>\n<meta property=\"og:description\" content=\"Ausf\u00fchrliche Informationen zum Thema Datenschutz entnehmen Sie unserer unter diesem Text aufgef\u00fchrten Datenschutzerkl\u00e4rung.\" \/>\n<meta property=\"og:url\" content=\"https:\/\/www.kindermann.de\/company\/license-matters\/whiteboard-app\/\" \/>\n<meta property=\"og:site_name\" content=\"Kindermann GmbH\" \/>\n<meta property=\"article:publisher\" content=\"https:\/\/www.facebook.com\/KindermannGmbH\/\" \/>\n<meta property=\"article:modified_time\" content=\"2024-07-25T14:16:36+00:00\" \/>\n<meta name=\"twitter:card\" content=\"summary_large_image\" \/>\n<meta name=\"twitter:label1\" content=\"Gesch\u00e4tzte Lesezeit\" \/>\n\t<meta name=\"twitter:data1\" content=\"2\u00a0Minuten\" \/>\n<script type=\"application\/ld+json\" class=\"yoast-schema-graph\">{\"@context\":\"https:\/\/schema.org\",\"@graph\":[{\"@type\":\"WebPage\",\"@id\":\"https:\/\/www.kindermann.de\/company\/license-matters\/whiteboard-app\/\",\"url\":\"https:\/\/www.kindermann.de\/company\/license-matters\/whiteboard-app\/\",\"name\":\"Whiteboard App - Kindermann GmbH\",\"isPartOf\":{\"@id\":\"https:\/\/www.kindermann.de\/company\/#website\"},\"datePublished\":\"2023-11-14T10:11:05+00:00\",\"dateModified\":\"2024-07-25T14:16:36+00:00\",\"description\":\"Ausf\u00fchrliche Informationen zum Thema Datenschutz entnehmen Sie unserer unter diesem Text aufgef\u00fchrten Datenschutzerkl\u00e4rung.\",\"breadcrumb\":{\"@id\":\"https:\/\/www.kindermann.de\/company\/license-matters\/whiteboard-app\/#breadcrumb\"},\"inLanguage\":\"de\",\"potentialAction\":[{\"@type\":\"ReadAction\",\"target\":[\"https:\/\/www.kindermann.de\/company\/license-matters\/whiteboard-app\/\"]}]},{\"@type\":\"BreadcrumbList\",\"@id\":\"https:\/\/www.kindermann.de\/company\/license-matters\/whiteboard-app\/#breadcrumb\",\"itemListElement\":[{\"@type\":\"ListItem\",\"position\":1,\"name\":\"Startseite\",\"item\":\"https:\/\/www.kindermann.de\/company\/\"},{\"@type\":\"ListItem\",\"position\":2,\"name\":\"Lizenzen\",\"item\":\"https:\/\/www.kindermann.de\/company\/license-matters\/\"},{\"@type\":\"ListItem\",\"position\":3,\"name\":\"Whiteboard App\"}]},{\"@type\":\"WebSite\",\"@id\":\"https:\/\/www.kindermann.de\/company\/#website\",\"url\":\"https:\/\/www.kindermann.de\/company\/\",\"name\":\"Kindermann GmbH\",\"description\":\"\",\"publisher\":{\"@id\":\"https:\/\/www.kindermann.de\/company\/#organization\"},\"potentialAction\":[{\"@type\":\"SearchAction\",\"target\":{\"@type\":\"EntryPoint\",\"urlTemplate\":\"https:\/\/www.kindermann.de\/company\/?s={search_term_string}\"},\"query-input\":{\"@type\":\"PropertyValueSpecification\",\"valueRequired\":true,\"valueName\":\"search_term_string\"}}],\"inLanguage\":\"de\"},{\"@type\":\"Organization\",\"@id\":\"https:\/\/www.kindermann.de\/company\/#organization\",\"name\":\"Kindermann GmbH\",\"url\":\"https:\/\/www.kindermann.de\/company\/\",\"logo\":{\"@type\":\"ImageObject\",\"inLanguage\":\"de\",\"@id\":\"https:\/\/www.kindermann.de\/company\/#\/schema\/logo\/image\/\",\"url\":\"https:\/\/www.kindermann.de\/company\/wp-content\/uploads\/2022\/10\/Kindermann_Logo_300_100.png\",\"contentUrl\":\"https:\/\/www.kindermann.de\/company\/wp-content\/uploads\/2022\/10\/Kindermann_Logo_300_100.png\",\"width\":300,\"height\":100,\"caption\":\"Kindermann GmbH\"},\"image\":{\"@id\":\"https:\/\/www.kindermann.de\/company\/#\/schema\/logo\/image\/\"},\"sameAs\":[\"https:\/\/www.facebook.com\/KindermannGmbH\/\",\"https:\/\/www.xing.com\/pages\/kindermanngmbh\",\"https:\/\/www.linkedin.com\/company\/kindermann-gmbh\"]}]}<\/script>\n<!-- \/ Yoast SEO plugin. -->","yoast_head_json":{"title":"Whiteboard App - Kindermann GmbH","description":"Ausf\u00fchrliche Informationen zum Thema Datenschutz entnehmen Sie unserer unter diesem Text aufgef\u00fchrten Datenschutzerkl\u00e4rung.","robots":{"index":"index","follow":"follow","max-snippet":"max-snippet:-1","max-image-preview":"max-image-preview:large","max-video-preview":"max-video-preview:-1"},"canonical":"https:\/\/www.kindermann.de\/company\/license-matters\/whiteboard-app\/","og_locale":"de_DE","og_type":"article","og_title":"Whiteboard App - Kindermann GmbH","og_description":"Ausf\u00fchrliche Informationen zum Thema Datenschutz entnehmen Sie unserer unter diesem Text aufgef\u00fchrten Datenschutzerkl\u00e4rung.","og_url":"https:\/\/www.kindermann.de\/company\/license-matters\/whiteboard-app\/","og_site_name":"Kindermann GmbH","article_publisher":"https:\/\/www.facebook.com\/KindermannGmbH\/","article_modified_time":"2024-07-25T14:16:36+00:00","twitter_card":"summary_large_image","twitter_misc":{"Gesch\u00e4tzte Lesezeit":"2\u00a0Minuten"},"schema":{"@context":"https:\/\/schema.org","@graph":[{"@type":"WebPage","@id":"https:\/\/www.kindermann.de\/company\/license-matters\/whiteboard-app\/","url":"https:\/\/www.kindermann.de\/company\/license-matters\/whiteboard-app\/","name":"Whiteboard App - Kindermann GmbH","isPartOf":{"@id":"https:\/\/www.kindermann.de\/company\/#website"},"datePublished":"2023-11-14T10:11:05+00:00","dateModified":"2024-07-25T14:16:36+00:00","description":"Ausf\u00fchrliche Informationen zum Thema Datenschutz entnehmen Sie unserer unter diesem Text aufgef\u00fchrten Datenschutzerkl\u00e4rung.","breadcrumb":{"@id":"https:\/\/www.kindermann.de\/company\/license-matters\/whiteboard-app\/#breadcrumb"},"inLanguage":"de","potentialAction":[{"@type":"ReadAction","target":["https:\/\/www.kindermann.de\/company\/license-matters\/whiteboard-app\/"]}]},{"@type":"BreadcrumbList","@id":"https:\/\/www.kindermann.de\/company\/license-matters\/whiteboard-app\/#breadcrumb","itemListElement":[{"@type":"ListItem","position":1,"name":"Startseite","item":"https:\/\/www.kindermann.de\/company\/"},{"@type":"ListItem","position":2,"name":"Lizenzen","item":"https:\/\/www.kindermann.de\/company\/license-matters\/"},{"@type":"ListItem","position":3,"name":"Whiteboard App"}]},{"@type":"WebSite","@id":"https:\/\/www.kindermann.de\/company\/#website","url":"https:\/\/www.kindermann.de\/company\/","name":"Kindermann GmbH","description":"","publisher":{"@id":"https:\/\/www.kindermann.de\/company\/#organization"},"potentialAction":[{"@type":"SearchAction","target":{"@type":"EntryPoint","urlTemplate":"https:\/\/www.kindermann.de\/company\/?s={search_term_string}"},"query-input":{"@type":"PropertyValueSpecification","valueRequired":true,"valueName":"search_term_string"}}],"inLanguage":"de"},{"@type":"Organization","@id":"https:\/\/www.kindermann.de\/company\/#organization","name":"Kindermann GmbH","url":"https:\/\/www.kindermann.de\/company\/","logo":{"@type":"ImageObject","inLanguage":"de","@id":"https:\/\/www.kindermann.de\/company\/#\/schema\/logo\/image\/","url":"https:\/\/www.kindermann.de\/company\/wp-content\/uploads\/2022\/10\/Kindermann_Logo_300_100.png","contentUrl":"https:\/\/www.kindermann.de\/company\/wp-content\/uploads\/2022\/10\/Kindermann_Logo_300_100.png","width":300,"height":100,"caption":"Kindermann GmbH"},"image":{"@id":"https:\/\/www.kindermann.de\/company\/#\/schema\/logo\/image\/"},"sameAs":["https:\/\/www.facebook.com\/KindermannGmbH\/","https:\/\/www.xing.com\/pages\/kindermanngmbh","https:\/\/www.linkedin.com\/company\/kindermann-gmbh"]}]}},"_links":{"self":[{"href":"https:\/\/www.kindermann.de\/company\/wp-json\/wp\/v2\/pages\/10197","targetHints":{"allow":["GET"]}}],"collection":[{"href":"https:\/\/www.kindermann.de\/company\/wp-json\/wp\/v2\/pages"}],"about":[{"href":"https:\/\/www.kindermann.de\/company\/wp-json\/wp\/v2\/types\/page"}],"author":[{"embeddable":true,"href":"https:\/\/www.kindermann.de\/company\/wp-json\/wp\/v2\/users\/3"}],"replies":[{"embeddable":true,"href":"https:\/\/www.kindermann.de\/company\/wp-json\/wp\/v2\/comments?post=10197"}],"version-history":[{"count":9,"href":"https:\/\/www.kindermann.de\/company\/wp-json\/wp\/v2\/pages\/10197\/revisions"}],"predecessor-version":[{"id":12936,"href":"https:\/\/www.kindermann.de\/company\/wp-json\/wp\/v2\/pages\/10197\/revisions\/12936"}],"up":[{"embeddable":true,"href":"https:\/\/www.kindermann.de\/company\/wp-json\/wp\/v2\/pages\/10185"}],"wp:attachment":[{"href":"https:\/\/www.kindermann.de\/company\/wp-json\/wp\/v2\/media?parent=10197"}],"curies":[{"name":"wp","href":"https:\/\/api.w.org\/{rel}","templated":true}]}}